{"id":10062,"date":"2019-08-08T18:25:11","date_gmt":"2019-08-08T22:25:11","guid":{"rendered":"http:\/\/reladyne-2023:8888\/empresa\/"},"modified":"2025-12-30T14:07:06","modified_gmt":"2025-12-30T18:07:06","slug":"company","status":"publish","type":"page","link":"https:\/\/reladyne.com\/es\/company\/","title":{"rendered":"Empresa"},"content":{"rendered":"<div class=\"wpb-content-wrapper\"><p>[vc_row full_width=\u00bbstretch_row\u00bb][vc_column][vc_column_text el_id=\u00bbgettoknow\u00bb]<\/p>\n<h1 style=\"text-align: center;\"><span style=\"color: #004d98;\"><strong>Conozca RelaDyne<\/strong><\/span><\/h1>\n<p style=\"text-align: center;\">RelaDyne es l\u00edder nacional en lubricantes para automoci\u00f3n, industria y comercio, as\u00ed como en servicios de fiabilidad. Pero no nos detenemos ah\u00ed. Descubra de lo que somos capaces y c\u00f3mo nuestro equipo de asociados experimentados y certificados puede ayudar a su empresa.<\/p>\n<p>[\/vc_column_text][vc_video link=\u00bbhttps:\/\/vimeo.com\/589922810&#8243; align=\u00bbcenter\u00bb][vc_btn title=\u00bbVea nuestra cronolog\u00eda de adquisiciones\u00bb color=\u00bborange\u00bb align=\u00bbcenter\u00bb link=\u00bburl:https%3A%2F%2Freladyne.com%2Fes%2Freladyne-acquisitions%2Fhistoria%2F|\u00bb el_class=\u00bbrelaDyneBTN\u00bb][\/vc_column][\/vc_row][vc_row css=\u00bb.vc_custom_1583264981581{padding-top: 30px !important;padding-bottom: 30px !important;}\u00bb][vc_column][vc_column_text]<\/p>\n<h2 style=\"text-align: center;\">La misi\u00f3n de RelaDyne:<\/h2>\n<p style=\"text-align: center;\">RelaDyne es una organizaci\u00f3n centrada en el cliente y que da prioridad a la seguridad, dedicada a proporcionar soluciones, asociaciones y valor. RelaDyne emplea a asociados motivados y con talento, impulsados por una cultura basada en el rendimiento. Somos l\u00edderes del sector en tecnolog\u00eda, fiabilidad y servicio.  <\/p>\n<p>[\/vc_column_text][\/vc_column][\/vc_row][vc_row full_width=\u00bbstretch_row\u00bb gap=\u00bb35&#8243; css=\u00bb.vc_custom_1583267691698{padding-top: 25px !important;padding-bottom: 35px !important;background-color: #f7f7f7 !important;}\u00bb][vc_column width=\u00bb1\/3&#8243;][vc_single_image image=\u00bb8059&#8243; img_size=\u00bb600&#215;300&#8243; alignment=\u00bbcenter\u00bb][vc_custom_heading text=\u00bbLiderazgo\u00bb font_container=\u00bbtag:h3|font_size:32|text_align:left\u00bb google_fonts=\u00bbfont_family:Source%20Sans%20Pro%3A200%2C200italic%2C300%2C300italic%2Cregular%2Citalic%2C600%2C600italic%2C700%2C700italic%2C900%2C900italic|font_style:400%20regular%3A400%3Anormal\u00bb link=\u00bburl:http%3A%2F%2F216.70.80.112%2Fcompany%2Fleadership%2F|title:Liderazgo|\u00bb][vc_column_text]RelaDyne se esfuerza por ser l\u00edder en el mercado. Adem\u00e1s de nuestra s\u00f3lida oferta de productos y servicios, invertimos mucho en nuevas tecnolog\u00edas e innovaciones para mantenernos a la cabeza del sector.[\/vc_column_text][vc_btn title=\u00bbM\u00e1s informaci\u00f3n\u00bb color=\u00bborange\u00bb css=\u00bb\u00bb link=\u00bbtitle:Liderazgo|\u00bb el_class=\u00bbrelaDyneBTN\u00bb][\/vc_column][vc_column width=\u00bb1\/3&#8243;][vc_single_image image=\u00bb9231&#8243; img_size=\u00bb600&#215;300&#8243; alignment=\u00bbcenter\u00bb][vc_custom_heading text=\u00bbSeguridad en movimiento\u00bb font_container=\u00bbtag:h3|font_size:32|text_align:left\u00bb google_fonts=\u00bbfont_family:Source%20Sans%20Pro%3A200%2C200italic%2C300%2C300italic%2Cregular%2Citalic%2C600%2C600italic%2C700%2C700italic%2C900%2C900italic|font_style:400%20regular%3A400%3Anormal\u00bb][vc_column_text]RelaDyne se dedica a la seguridad en todos los aspectos de nuestro negocio. Cumplimos este compromiso de proteger a las personas y los bienes proporcionando y manteniendo un entorno de trabajo seguro y saludable para nuestros empleados y clientes.[\/vc_column_text][vc_btn title=\u00bbM\u00e1s informaci\u00f3n\u00bb color=\u00bborange\u00bb link=\u00bburl:https%3A%2F%2Freladyne.com%2Fes%2Fcompany%2Fsafety-in-motion%2F|title:M%C3%A1s%20informaci%C3%B3n|\u00bb el_class=\u00bbrelaDyneBTN\u00bb][\/vc_column][vc_column width=\u00bb1\/3&#8243;][vc_single_image image=\u00bb8058&#8243; img_size=\u00bb600&#215;300&#8243; alignment=\u00bbcenter\u00bb][vc_custom_heading text=\u00bbEmpleo\u00bb font_container=\u00bbtag:h3|font_size:32|text_align:left\u00bb google_fonts=\u00bbfont_family:Source%20Sans%20Pro%3A200%2C200italic%2C300%2C300italic%2Cregular%2Citalic%2C600%2C600italic%2C700%2C700italic%2C900%2C900italic|font_style:400%20regular%3A400%3Anormal\u00bb][vc_column_text]Nuestro crecimiento ofrece abundantes oportunidades para que nuestros asociados desarrollen y fomenten sus trayectorias e intereses profesionales.[\/vc_column_text][vc_btn title=\u00bbM\u00e1s informaci\u00f3n\u00bb color=\u00bborange\u00bb link=\u00bburl:https%3A%2F%2Freladyne.com%2Fes%2F%3Fpage_id%3D10085|title:Empleo|\u00bb el_class=\u00bbrelaDyneBTN\u00bb][\/vc_column][\/vc_row][vc_row css=\u00bb.vc_custom_1583267512229{padding-top: 35px !important;padding-bottom: 45px !important;}\u00bb][vc_column width=\u00bb1\/12&#8243; css=\u00bb.vc_custom_1567785127638{padding-right: 25px !important;}\u00bb][\/vc_column][vc_column width=\u00bb5\/6&#8243;][vc_column_text css=\u00bb\u00bb]<\/p>\n<h2>RelaDyne es el mayor distribuidor de lubricantes del pa\u00eds y l\u00edder del mercado en combustible, l\u00edquido de escape di\u00e9sel (DEF), servicios de respuesta a emergencias y servicios de fiabilidad industrial.<\/h2>\n<p>RelaDyne combina muchos a\u00f1os de experiencia de nuestros valiosos asociados para servir a m\u00e1s de 10.000 clientes en los sectores de automoci\u00f3n, comercial e industrial. Nos esforzamos por ofrecer valor, un servicio fiable y soluciones eficaces como socio de confianza de nuestros clientes.<\/p>\n<p>Nuestra actividad principal, centrada en la excelencia de la lubricaci\u00f3n, se lleva a cabo ofreciendo productos y servicios inigualables con los que mejoramos la fiabilidad y eficiencia de los equipos de nuestros clientes para aumentar la rentabilidad de su negocio. Gracias a la comprensi\u00f3n de las necesidades espec\u00edficas de cada cliente, nuestro equipo de asociados se convierte en una valiosa extensi\u00f3n de sus operaciones.<\/p>\n<p>El \u00e9xito y la reputaci\u00f3n de fiabilidad de RelaDyne se basan en tres pilares fundamentales de fortaleza y diferenciaci\u00f3n:<\/p>\n<ul>\n<li>Conocimientos, recursos y experiencia sin parang\u00f3n en el sector de los lubricantes, preparados para aumentar o subcontratar sus necesidades de lubricaci\u00f3n y fiabilidad de equipos.<\/li>\n<li>\u00abEl mejor servicio de ventas, distribuci\u00f3n y atenci\u00f3n al cliente de su categor\u00eda, combinado con una oferta de productos l\u00edder en el sector.<\/li>\n<li>Ingenio empresarial para resolver los problemas de fiabilidad de los equipos de los clientes mediante el dise\u00f1o innovador de soluciones rentables independientes del producto.<\/li>\n<\/ul>\n<p>[\/vc_column_text][\/vc_column][vc_column width=\u00bb1\/12&#8243;][\/vc_column][\/vc_row][vc_row full_width=\u00bbstretch_row\u00bb parallax=\u00bbcontent-moving-fade\u00bb css=\u00bb.vc_custom_1583271426426{padding-top: 35px !important;padding-bottom: 45px !important;background-color: #ed9e36 !important;}\u00bb][vc_column][vc_column_text css_animation=\u00bbfadeIn\u00bb]<\/p>\n<h1 style=\"text-align: center;\"><span style=\"color: #ffffff;\"><strong>Visi\u00f3n:<\/strong><\/span><\/h1>\n<h3 style=\"text-align: center;\"><span style=\"color: #ffffff;\">Ser una empresa l\u00edder en el sector que ofrece tecnolog\u00eda y soluciones innovadoras a una base de clientes diversificada a trav\u00e9s de un equipo de asociados capacitados.<\/span><\/h3>\n<p>[\/vc_column_text][\/vc_column][\/vc_row][vc_row][vc_column width=\u00bb1\/12&#8243; css=\u00bb.vc_custom_1567785127638{padding-right: 25px !important;}\u00bb][\/vc_column][vc_column width=\u00bb5\/6&#8243;][vc_column_text css=\u00bb\u00bb]<\/p>\n<h2><strong>Nuestra corta pero larga historia<\/strong><\/h2>\n<p>En 2008, cuatro empresas l\u00edderes del sector de la distribuci\u00f3n de lubricantes y servicios relacionados colaboraron para crear una estrategia que transformar\u00eda la forma de satisfacer e incluso superar las necesidades de los clientes de los sectores de la automoci\u00f3n, comercial e industrial, que antes no estaban cubiertas. Utilizando su experiencia colectiva en el sector, crearon una nueva propuesta de valor integral para el cliente con el fin de mejorar el rendimiento de los activos de las m\u00e1quinas, camiones y veh\u00edculos de los clientes.<\/p>\n<p>El 4 de noviembre de 2010 estas cuatro empresas, a saber: Mid-Town Petroleum, Inc. (Bridgeview, Illinois); Oil Distributing Company (Cincinnati, Ohio); The Hurt Company, Inc. (Houston, Texas), y Pumpelly Oil Company (Sulphur, Luisiana) unieron sus fuerzas para formar RelaDyne.<\/p>\n<p>Desde entonces, RelaDyne ha seguido ampliando activamente su huella en Estados Unidos con la adquisici\u00f3n de m\u00e1s de 45 empresas independientes de lubricantes y carburantes a escala nacional e internacional.<\/p>\n<p>La huella de RelaDyne se ha expandido estrat\u00e9gicamente por todo Estados Unidos, donde nuestras adquisiciones se han unido a RelaDyne para construir continuamente relaciones a largo plazo y mutuamente rentables con los clientes, escuchando sus necesidades y proporcionando soluciones para que sus operaciones empresariales sean m\u00e1s fiables, productivas y rentables.[\/vc_column_text][\/vc_column][vc_column width=\u00bb1\/12&#8243;][\/vc_column][\/vc_row][vc_row][vc_column][vc_btn title=\u00bbVea nuestra cronolog\u00eda de adquisiciones\u00bb color=\u00bborange\u00bb align=\u00bbcenter\u00bb link=\u00bburl:https%3A%2F%2Freladyne.com%2Fes%2Freladyne-acquisitions%2Fhistoria%2F|title:Calendario%20de%20adquisiciones|\u00bb el_class=\u00bbrelaDyneBTN\u00bb][\/vc_column][\/vc_row]<\/p>\n<\/div>","protected":false},"excerpt":{"rendered":"<p>[vc_row full_width=\u00bbstretch_row\u00bb][vc_column][vc_column_text el_id=\u00bbgettoknow\u00bb] Conozca RelaDyne RelaDyne es l\u00edder nacional en lubricantes para automoci\u00f3n, industria y comercio, as\u00ed como en servicios de fiabilidad. Pero no nos [&hellip;]<\/p>\n","protected":false},"author":1,"featured_media":0,"parent":0,"menu_order":4,"comment_status":"closed","ping_status":"closed","template":"page_modular.php","meta":{"_acf_changed":false,"content-type":"","inline_featured_image":false,"footnotes":""},"folder":[],"class_list":["post-10062","page","type-page","status-publish","hentry","entry"],"acf":[],"yoast_head":"<!-- This site is optimized with the Yoast SEO Premium plugin v26.6 (Yoast SEO v26.6) - https:\/\/yoast.com\/wordpress\/plugins\/seo\/ -->\n<title>Empresa : RelaDyne<\/title>\n<meta name=\"description\" content=\"RelaDyne es l\u00edder nacional en lubricantes para automoci\u00f3n, industria y comercio, as\u00ed como en servicios de fiabilidad.\" \/>\n<meta name=\"robots\" content=\"index, follow, max-snippet:-1, max-image-preview:large, max-video-preview:-1\" \/>\n<link rel=\"canonical\" href=\"https:\/\/reladyne.com\/es\/company\/\" \/>\n<meta property=\"og:locale\" content=\"es_ES\" \/>\n<meta property=\"og:type\" content=\"article\" \/>\n<meta property=\"og:title\" content=\"Empresa\" \/>\n<meta property=\"og:description\" content=\"RelaDyne es l\u00edder nacional en lubricantes para automoci\u00f3n, industria y comercio, as\u00ed como en servicios de fiabilidad.\" \/>\n<meta property=\"og:url\" content=\"https:\/\/reladyne.com\/es\/company\/\" \/>\n<meta property=\"og:site_name\" content=\"RelaDyne\" \/>\n<meta property=\"article:publisher\" content=\"https:\/\/www.facebook.com\/RelaDyne\/\" \/>\n<meta property=\"article:modified_time\" content=\"2025-12-30T18:07:06+00:00\" \/>\n<meta name=\"twitter:card\" content=\"summary_large_image\" \/>\n<meta name=\"twitter:site\" content=\"@RelaDyne\" \/>\n<meta name=\"twitter:label1\" content=\"Tiempo de lectura\" \/>\n\t<meta name=\"twitter:data1\" content=\"6 minutos\" \/>\n<script type=\"application\/ld+json\" class=\"yoast-schema-graph\">{\"@context\":\"https:\/\/schema.org\",\"@graph\":[{\"@type\":\"WebPage\",\"@id\":\"https:\/\/reladyne.com\/es\/company\/\",\"url\":\"https:\/\/reladyne.com\/es\/company\/\",\"name\":\"Empresa : RelaDyne\",\"isPartOf\":{\"@id\":\"https:\/\/reladyne.com\/es\/#website\"},\"datePublished\":\"2019-08-08T22:25:11+00:00\",\"dateModified\":\"2025-12-30T18:07:06+00:00\",\"description\":\"RelaDyne es l\u00edder nacional en lubricantes para automoci\u00f3n, industria y comercio, as\u00ed como en servicios de fiabilidad.\",\"breadcrumb\":{\"@id\":\"https:\/\/reladyne.com\/es\/company\/#breadcrumb\"},\"inLanguage\":\"es\",\"potentialAction\":[{\"@type\":\"ReadAction\",\"target\":[\"https:\/\/reladyne.com\/es\/company\/\"]}]},{\"@type\":\"BreadcrumbList\",\"@id\":\"https:\/\/reladyne.com\/es\/company\/#breadcrumb\",\"itemListElement\":[{\"@type\":\"ListItem\",\"position\":1,\"name\":\"Home\",\"item\":\"https:\/\/reladyne.com\/es\/\"},{\"@type\":\"ListItem\",\"position\":2,\"name\":\"Empresa\"}]},{\"@type\":\"WebSite\",\"@id\":\"https:\/\/reladyne.com\/es\/#website\",\"url\":\"https:\/\/reladyne.com\/es\/\",\"name\":\"RelaDyne\",\"description\":\"RelaDyne | Bulk Oil, Fuel &amp; Lubricants Distributor\",\"publisher\":{\"@id\":\"https:\/\/reladyne.com\/es\/#organization\"},\"potentialAction\":[{\"@type\":\"SearchAction\",\"target\":{\"@type\":\"EntryPoint\",\"urlTemplate\":\"https:\/\/reladyne.com\/es\/?s={search_term_string}\"},\"query-input\":{\"@type\":\"PropertyValueSpecification\",\"valueRequired\":true,\"valueName\":\"search_term_string\"}}],\"inLanguage\":\"es\"},{\"@type\":\"Organization\",\"@id\":\"https:\/\/reladyne.com\/es\/#organization\",\"name\":\"RelaDyne\",\"url\":\"https:\/\/reladyne.com\/es\/\",\"logo\":{\"@type\":\"ImageObject\",\"inLanguage\":\"es\",\"@id\":\"https:\/\/reladyne.com\/es\/#\/schema\/logo\/image\/\",\"url\":\"https:\/\/reladyne.com\/wp-content\/uploads\/2020\/07\/RelaDyne-square-logo.jpg\",\"contentUrl\":\"https:\/\/reladyne.com\/wp-content\/uploads\/2020\/07\/RelaDyne-square-logo.jpg\",\"width\":1500,\"height\":1500,\"caption\":\"RelaDyne\"},\"image\":{\"@id\":\"https:\/\/reladyne.com\/es\/#\/schema\/logo\/image\/\"},\"sameAs\":[\"https:\/\/www.facebook.com\/RelaDyne\/\",\"https:\/\/x.com\/RelaDyne\"]}]}<\/script>\n<!-- \/ Yoast SEO Premium plugin. -->","yoast_head_json":{"title":"Empresa : RelaDyne","description":"RelaDyne es l\u00edder nacional en lubricantes para automoci\u00f3n, industria y comercio, as\u00ed como en servicios de fiabilidad.","robots":{"index":"index","follow":"follow","max-snippet":"max-snippet:-1","max-image-preview":"max-image-preview:large","max-video-preview":"max-video-preview:-1"},"canonical":"https:\/\/reladyne.com\/es\/company\/","og_locale":"es_ES","og_type":"article","og_title":"Empresa","og_description":"RelaDyne es l\u00edder nacional en lubricantes para automoci\u00f3n, industria y comercio, as\u00ed como en servicios de fiabilidad.","og_url":"https:\/\/reladyne.com\/es\/company\/","og_site_name":"RelaDyne","article_publisher":"https:\/\/www.facebook.com\/RelaDyne\/","article_modified_time":"2025-12-30T18:07:06+00:00","twitter_card":"summary_large_image","twitter_site":"@RelaDyne","twitter_misc":{"Tiempo de lectura":"6 minutos"},"schema":{"@context":"https:\/\/schema.org","@graph":[{"@type":"WebPage","@id":"https:\/\/reladyne.com\/es\/company\/","url":"https:\/\/reladyne.com\/es\/company\/","name":"Empresa : RelaDyne","isPartOf":{"@id":"https:\/\/reladyne.com\/es\/#website"},"datePublished":"2019-08-08T22:25:11+00:00","dateModified":"2025-12-30T18:07:06+00:00","description":"RelaDyne es l\u00edder nacional en lubricantes para automoci\u00f3n, industria y comercio, as\u00ed como en servicios de fiabilidad.","breadcrumb":{"@id":"https:\/\/reladyne.com\/es\/company\/#breadcrumb"},"inLanguage":"es","potentialAction":[{"@type":"ReadAction","target":["https:\/\/reladyne.com\/es\/company\/"]}]},{"@type":"BreadcrumbList","@id":"https:\/\/reladyne.com\/es\/company\/#breadcrumb","itemListElement":[{"@type":"ListItem","position":1,"name":"Home","item":"https:\/\/reladyne.com\/es\/"},{"@type":"ListItem","position":2,"name":"Empresa"}]},{"@type":"WebSite","@id":"https:\/\/reladyne.com\/es\/#website","url":"https:\/\/reladyne.com\/es\/","name":"RelaDyne","description":"RelaDyne | Bulk Oil, Fuel &amp; Lubricants Distributor","publisher":{"@id":"https:\/\/reladyne.com\/es\/#organization"},"potentialAction":[{"@type":"SearchAction","target":{"@type":"EntryPoint","urlTemplate":"https:\/\/reladyne.com\/es\/?s={search_term_string}"},"query-input":{"@type":"PropertyValueSpecification","valueRequired":true,"valueName":"search_term_string"}}],"inLanguage":"es"},{"@type":"Organization","@id":"https:\/\/reladyne.com\/es\/#organization","name":"RelaDyne","url":"https:\/\/reladyne.com\/es\/","logo":{"@type":"ImageObject","inLanguage":"es","@id":"https:\/\/reladyne.com\/es\/#\/schema\/logo\/image\/","url":"https:\/\/reladyne.com\/wp-content\/uploads\/2020\/07\/RelaDyne-square-logo.jpg","contentUrl":"https:\/\/reladyne.com\/wp-content\/uploads\/2020\/07\/RelaDyne-square-logo.jpg","width":1500,"height":1500,"caption":"RelaDyne"},"image":{"@id":"https:\/\/reladyne.com\/es\/#\/schema\/logo\/image\/"},"sameAs":["https:\/\/www.facebook.com\/RelaDyne\/","https:\/\/x.com\/RelaDyne"]}]}},"_links":{"self":[{"href":"https:\/\/reladyne.com\/es\/wp-json\/wp\/v2\/pages\/10062","targetHints":{"allow":["GET"]}}],"collection":[{"href":"https:\/\/reladyne.com\/es\/wp-json\/wp\/v2\/pages"}],"about":[{"href":"https:\/\/reladyne.com\/es\/wp-json\/wp\/v2\/types\/page"}],"author":[{"embeddable":true,"href":"https:\/\/reladyne.com\/es\/wp-json\/wp\/v2\/users\/1"}],"replies":[{"embeddable":true,"href":"https:\/\/reladyne.com\/es\/wp-json\/wp\/v2\/comments?post=10062"}],"version-history":[{"count":50,"href":"https:\/\/reladyne.com\/es\/wp-json\/wp\/v2\/pages\/10062\/revisions"}],"predecessor-version":[{"id":15783,"href":"https:\/\/reladyne.com\/es\/wp-json\/wp\/v2\/pages\/10062\/revisions\/15783"}],"wp:attachment":[{"href":"https:\/\/reladyne.com\/es\/wp-json\/wp\/v2\/media?parent=10062"}],"wp:term":[{"taxonomy":"folder","embeddable":true,"href":"https:\/\/reladyne.com\/es\/wp-json\/wp\/v2\/folder?post=10062"}],"curies":[{"name":"wp","href":"https:\/\/api.w.org\/{rel}","templated":true}]}}