{"id":10069,"date":"2022-11-11T13:52:07","date_gmt":"2022-11-11T17:52:07","guid":{"rendered":"https:\/\/dev3.helmetstudio.com\/accesibilidad\/"},"modified":"2024-10-25T16:28:12","modified_gmt":"2024-10-25T20:28:12","slug":"accessibility","status":"publish","type":"page","link":"https:\/\/reladyne.com\/es\/accessibility\/","title":{"rendered":"Accesibilidad"},"content":{"rendered":"<div class=\"wpb-content-wrapper\"><p>[vc_row][vc_column][vc_column_text]<\/p>\n<h4>Como parte de nuestra misi\u00f3n de proporcionar la mejor experiencia web a nuestros usuarios, RelaDyne est\u00e1 implementando mejoras funcionales en este sitio. Para ayudar a nuestros esfuerzos, estamos incorporando las mejores pr\u00e1cticas y recomendaciones definidas por las Pautas de Accesibilidad al Contenido en la Web (WCAG) 2.1 (nivel AA).<\/h4>\n<p>Crear y mantener un sitio web acogedor, accesible y atractivo para todos los usuarios es coherente con los valores de RelaDyne de responsabilidad social y medioambiental.[\/vc_column_text][\/vc_column][\/vc_row][vc_row][vc_column][vc_custom_heading text=\u00bbTrabajamos para mejorar constantemente la accesibilidad de nuestro sitio web. Estos esfuerzos incluyen:\u00bb font_container=\u00bbtag:h2|text_align:left|color:%23145dab\u00bb use_theme_fonts=\u00bbyes\u00bb][vc_column_text]<\/p>\n<ul>\n<li>Garantizar que nuestro sitio funcione eficazmente con los navegadores m\u00e1s populares, como Google Chrome, Internet Explorer, Safari y Firefox.<\/li>\n<li>Nos esforzamos por seguir mejorando la capacidad de respuesta y el dise\u00f1o de nuestro sitio web para mejorar la accesibilidad en todos los dispositivos: ordenadores de sobremesa, tabletas y tel\u00e9fonos inteligentes.<\/li>\n<li>Trabajar para proporcionar atributos de texto para im\u00e1genes y transcripciones de p\u00e1ginas que funcionen con plataformas de tecnolog\u00eda de asistencia.<\/li>\n<li>Nuestro objetivo es organizar las p\u00e1ginas de nuestro sitio web para facilitar la navegaci\u00f3n y los desplazamientos por \u00e9l.<\/li>\n<\/ul>\n<p>[\/vc_column_text][\/vc_column][\/vc_row][vc_row][vc_column][vc_separator color=\u00bbwhite\u00bb][\/vc_column][\/vc_row][vc_row][vc_column][vc_column_text]<\/p>\n<h2 style=\"text-align: center;\"><span style=\"color: #145dab;\">Si tiene alguna pregunta sobre la accesibilidad de nuestro sitio web, <a href=\"https:\/\/reladyne.com\/es\/contact\/#contactForm\">p\u00f3ngase en contacto con nosotros<\/a>.<\/span><\/h2>\n<p>[\/vc_column_text][\/vc_column][\/vc_row]<\/p>\n<\/div>","protected":false},"excerpt":{"rendered":"<p>[vc_row][vc_column][vc_column_text] Como parte de nuestra misi\u00f3n de proporcionar la mejor experiencia web a nuestros usuarios, RelaDyne est\u00e1 implementando mejoras funcionales en este sitio. Para ayudar [&hellip;]<\/p>\n","protected":false},"author":5,"featured_media":0,"parent":0,"menu_order":0,"comment_status":"closed","ping_status":"closed","template":"","meta":{"_acf_changed":false,"content-type":"","inline_featured_image":false,"footnotes":""},"folder":[],"class_list":["post-10069","page","type-page","status-publish","hentry","entry"],"acf":[],"yoast_head":"<!-- This site is optimized with the Yoast SEO Premium plugin v26.6 (Yoast SEO v26.6) - https:\/\/yoast.com\/wordpress\/plugins\/seo\/ -->\n<title>Accesibilidad : RelaDyne<\/title>\n<meta name=\"description\" content=\"RelaDyne se compromete a hacer de nuestro sitio web una experiencia acogedora, accesible y atractiva para todos los usuarios.\" \/>\n<meta name=\"robots\" content=\"index, follow, max-snippet:-1, max-image-preview:large, max-video-preview:-1\" \/>\n<link rel=\"canonical\" href=\"https:\/\/reladyne.com\/es\/accessibility\/\" \/>\n<meta property=\"og:locale\" content=\"es_ES\" \/>\n<meta property=\"og:type\" content=\"article\" \/>\n<meta property=\"og:title\" content=\"Accesibilidad\" \/>\n<meta property=\"og:description\" content=\"RelaDyne se compromete a hacer de nuestro sitio web una experiencia acogedora, accesible y atractiva para todos los usuarios.\" \/>\n<meta property=\"og:url\" content=\"https:\/\/reladyne.com\/es\/accessibility\/\" \/>\n<meta property=\"og:site_name\" content=\"RelaDyne\" \/>\n<meta property=\"article:publisher\" content=\"https:\/\/www.facebook.com\/RelaDyne\/\" \/>\n<meta property=\"article:modified_time\" content=\"2024-10-25T20:28:12+00:00\" \/>\n<meta name=\"twitter:card\" content=\"summary_large_image\" \/>\n<meta name=\"twitter:site\" content=\"@RelaDyne\" \/>\n<meta name=\"twitter:label1\" content=\"Tiempo de lectura\" \/>\n\t<meta name=\"twitter:data1\" content=\"1 minuto\" \/>\n<script type=\"application\/ld+json\" class=\"yoast-schema-graph\">{\"@context\":\"https:\/\/schema.org\",\"@graph\":[{\"@type\":\"WebPage\",\"@id\":\"https:\/\/reladyne.com\/es\/accessibility\/\",\"url\":\"https:\/\/reladyne.com\/es\/accessibility\/\",\"name\":\"Accesibilidad : RelaDyne\",\"isPartOf\":{\"@id\":\"https:\/\/reladyne.com\/es\/#website\"},\"datePublished\":\"2022-11-11T17:52:07+00:00\",\"dateModified\":\"2024-10-25T20:28:12+00:00\",\"description\":\"RelaDyne se compromete a hacer de nuestro sitio web una experiencia acogedora, accesible y atractiva para todos los usuarios.\",\"breadcrumb\":{\"@id\":\"https:\/\/reladyne.com\/es\/accessibility\/#breadcrumb\"},\"inLanguage\":\"es\",\"potentialAction\":[{\"@type\":\"ReadAction\",\"target\":[\"https:\/\/reladyne.com\/es\/accessibility\/\"]}]},{\"@type\":\"BreadcrumbList\",\"@id\":\"https:\/\/reladyne.com\/es\/accessibility\/#breadcrumb\",\"itemListElement\":[{\"@type\":\"ListItem\",\"position\":1,\"name\":\"Home\",\"item\":\"https:\/\/reladyne.com\/es\/\"},{\"@type\":\"ListItem\",\"position\":2,\"name\":\"Accesibilidad\"}]},{\"@type\":\"WebSite\",\"@id\":\"https:\/\/reladyne.com\/es\/#website\",\"url\":\"https:\/\/reladyne.com\/es\/\",\"name\":\"RelaDyne\",\"description\":\"RelaDyne | Bulk Oil, Fuel &amp; Lubricants Distributor\",\"publisher\":{\"@id\":\"https:\/\/reladyne.com\/es\/#organization\"},\"potentialAction\":[{\"@type\":\"SearchAction\",\"target\":{\"@type\":\"EntryPoint\",\"urlTemplate\":\"https:\/\/reladyne.com\/es\/?s={search_term_string}\"},\"query-input\":{\"@type\":\"PropertyValueSpecification\",\"valueRequired\":true,\"valueName\":\"search_term_string\"}}],\"inLanguage\":\"es\"},{\"@type\":\"Organization\",\"@id\":\"https:\/\/reladyne.com\/es\/#organization\",\"name\":\"RelaDyne\",\"url\":\"https:\/\/reladyne.com\/es\/\",\"logo\":{\"@type\":\"ImageObject\",\"inLanguage\":\"es\",\"@id\":\"https:\/\/reladyne.com\/es\/#\/schema\/logo\/image\/\",\"url\":\"https:\/\/reladyne.com\/wp-content\/uploads\/2020\/07\/RelaDyne-square-logo.jpg\",\"contentUrl\":\"https:\/\/reladyne.com\/wp-content\/uploads\/2020\/07\/RelaDyne-square-logo.jpg\",\"width\":1500,\"height\":1500,\"caption\":\"RelaDyne\"},\"image\":{\"@id\":\"https:\/\/reladyne.com\/es\/#\/schema\/logo\/image\/\"},\"sameAs\":[\"https:\/\/www.facebook.com\/RelaDyne\/\",\"https:\/\/x.com\/RelaDyne\"]}]}<\/script>\n<!-- \/ Yoast SEO Premium plugin. -->","yoast_head_json":{"title":"Accesibilidad : RelaDyne","description":"RelaDyne se compromete a hacer de nuestro sitio web una experiencia acogedora, accesible y atractiva para todos los usuarios.","robots":{"index":"index","follow":"follow","max-snippet":"max-snippet:-1","max-image-preview":"max-image-preview:large","max-video-preview":"max-video-preview:-1"},"canonical":"https:\/\/reladyne.com\/es\/accessibility\/","og_locale":"es_ES","og_type":"article","og_title":"Accesibilidad","og_description":"RelaDyne se compromete a hacer de nuestro sitio web una experiencia acogedora, accesible y atractiva para todos los usuarios.","og_url":"https:\/\/reladyne.com\/es\/accessibility\/","og_site_name":"RelaDyne","article_publisher":"https:\/\/www.facebook.com\/RelaDyne\/","article_modified_time":"2024-10-25T20:28:12+00:00","twitter_card":"summary_large_image","twitter_site":"@RelaDyne","twitter_misc":{"Tiempo de lectura":"1 minuto"},"schema":{"@context":"https:\/\/schema.org","@graph":[{"@type":"WebPage","@id":"https:\/\/reladyne.com\/es\/accessibility\/","url":"https:\/\/reladyne.com\/es\/accessibility\/","name":"Accesibilidad : RelaDyne","isPartOf":{"@id":"https:\/\/reladyne.com\/es\/#website"},"datePublished":"2022-11-11T17:52:07+00:00","dateModified":"2024-10-25T20:28:12+00:00","description":"RelaDyne se compromete a hacer de nuestro sitio web una experiencia acogedora, accesible y atractiva para todos los usuarios.","breadcrumb":{"@id":"https:\/\/reladyne.com\/es\/accessibility\/#breadcrumb"},"inLanguage":"es","potentialAction":[{"@type":"ReadAction","target":["https:\/\/reladyne.com\/es\/accessibility\/"]}]},{"@type":"BreadcrumbList","@id":"https:\/\/reladyne.com\/es\/accessibility\/#breadcrumb","itemListElement":[{"@type":"ListItem","position":1,"name":"Home","item":"https:\/\/reladyne.com\/es\/"},{"@type":"ListItem","position":2,"name":"Accesibilidad"}]},{"@type":"WebSite","@id":"https:\/\/reladyne.com\/es\/#website","url":"https:\/\/reladyne.com\/es\/","name":"RelaDyne","description":"RelaDyne | Bulk Oil, Fuel &amp; Lubricants Distributor","publisher":{"@id":"https:\/\/reladyne.com\/es\/#organization"},"potentialAction":[{"@type":"SearchAction","target":{"@type":"EntryPoint","urlTemplate":"https:\/\/reladyne.com\/es\/?s={search_term_string}"},"query-input":{"@type":"PropertyValueSpecification","valueRequired":true,"valueName":"search_term_string"}}],"inLanguage":"es"},{"@type":"Organization","@id":"https:\/\/reladyne.com\/es\/#organization","name":"RelaDyne","url":"https:\/\/reladyne.com\/es\/","logo":{"@type":"ImageObject","inLanguage":"es","@id":"https:\/\/reladyne.com\/es\/#\/schema\/logo\/image\/","url":"https:\/\/reladyne.com\/wp-content\/uploads\/2020\/07\/RelaDyne-square-logo.jpg","contentUrl":"https:\/\/reladyne.com\/wp-content\/uploads\/2020\/07\/RelaDyne-square-logo.jpg","width":1500,"height":1500,"caption":"RelaDyne"},"image":{"@id":"https:\/\/reladyne.com\/es\/#\/schema\/logo\/image\/"},"sameAs":["https:\/\/www.facebook.com\/RelaDyne\/","https:\/\/x.com\/RelaDyne"]}]}},"_links":{"self":[{"href":"https:\/\/reladyne.com\/es\/wp-json\/wp\/v2\/pages\/10069","targetHints":{"allow":["GET"]}}],"collection":[{"href":"https:\/\/reladyne.com\/es\/wp-json\/wp\/v2\/pages"}],"about":[{"href":"https:\/\/reladyne.com\/es\/wp-json\/wp\/v2\/types\/page"}],"author":[{"embeddable":true,"href":"https:\/\/reladyne.com\/es\/wp-json\/wp\/v2\/users\/5"}],"replies":[{"embeddable":true,"href":"https:\/\/reladyne.com\/es\/wp-json\/wp\/v2\/comments?post=10069"}],"version-history":[{"count":18,"href":"https:\/\/reladyne.com\/es\/wp-json\/wp\/v2\/pages\/10069\/revisions"}],"predecessor-version":[{"id":14262,"href":"https:\/\/reladyne.com\/es\/wp-json\/wp\/v2\/pages\/10069\/revisions\/14262"}],"wp:attachment":[{"href":"https:\/\/reladyne.com\/es\/wp-json\/wp\/v2\/media?parent=10069"}],"wp:term":[{"taxonomy":"folder","embeddable":true,"href":"https:\/\/reladyne.com\/es\/wp-json\/wp\/v2\/folder?post=10069"}],"curies":[{"name":"wp","href":"https:\/\/api.w.org\/{rel}","templated":true}]}}