{"id":10075,"date":"2019-08-08T18:53:28","date_gmt":"2019-08-08T22:53:28","guid":{"rendered":"https:\/\/dev3.helmetstudio.com\/empresa\/seguridad-en-movimiento\/"},"modified":"2025-02-24T19:44:17","modified_gmt":"2025-02-24T23:44:17","slug":"safety-in-motion","status":"publish","type":"page","link":"https:\/\/reladyne.com\/es\/company\/safety-in-motion\/","title":{"rendered":"Seguridad en movimiento"},"content":{"rendered":"<div class=\"wpb-content-wrapper\"><p>[vc_row][vc_column width=\u00bb1\/4&#8243;][vc_single_image image=\u00bb9044&#8243; img_size=\u00bbfull\u00bb][\/vc_column][vc_column width=\u00bb3\/4&#8243;][vc_column_text]<\/p>\n<h4>RelaDyne se dedica a la seguridad en todos los aspectos de nuestro negocio. En cumplimiento de este compromiso de proteger tanto a las personas como a la propiedad, la direcci\u00f3n proporcionar\u00e1 y mantendr\u00e1 un entorno de trabajo seguro y saludable, de acuerdo con las normas del sector y en cumplimiento de los requisitos legislativos, y se esforzar\u00e1 por eliminar cualquier riesgo previsible que pueda provocar da\u00f1os a la propiedad, accidentes o lesiones\/enfermedades personales.<\/h4>\n<p>[\/vc_column_text][\/vc_column][\/vc_row][vc_row full_width=\u00bbstretch_row\u00bb css=\u00bb.vc_custom_1583271546655{margin-top: 15px !important;margin-bottom: 20px !important;}\u00bb][vc_column][vc_cta h2=\u00bb\u00bb txt_align=\u00bbcenter\u00bb css_animation=\u00bbfadeIn\u00bb css=\u00bb.vc_custom_1581958369808{background-color: #81d742 !important;}\u00bb]<\/p>\n<h1 style=\"text-align: center;\"><strong>Parar, Mirar, Pensar, Planificar, Actuar<\/strong><\/h1>\n<h3 style=\"text-align: center;\"><strong>La seguridad ante todo<\/strong><\/h3>\n<p>[\/vc_cta][\/vc_column][\/vc_row][vc_row][vc_column][vc_custom_heading text=\u00bbValores de seguridad fundamentales de RelaDyne\u00bb font_container=\u00bbtag:h1|text_align:center\u00bb use_theme_fonts=\u00bbyes\u00bb css=\u00bb.vc_custom_1583271569159{padding-bottom: 20px !important;}\u00bb][vc_row_inner][vc_column_inner width=\u00bb1\/4&#8243; offset=\u00bbvc_col-xs-6&#8243;][vc_single_image image=\u00bb9058&#8243; alignment=\u00bbcenter\u00bb][vc_column_text]<\/p>\n<h5 style=\"text-align: center;\">Conducir con seguridad<\/h5>\n<p style=\"text-align: center;\">Debe conducir los veh\u00edculos de forma segura y responsable en todo momento y utilizar el equipo de seguridad proporcionado.<\/p>\n<p>[\/vc_column_text][\/vc_column_inner][vc_column_inner width=\u00bb1\/4&#8243;][vc_single_image image=\u00bb9064&#8243; alignment=\u00bbcenter\u00bb][vc_column_text]<\/p>\n<h5 style=\"text-align: center;\">EPI<\/h5>\n<p style=\"text-align: center;\">Debe llevarse en todo momento cuando se realice la tarea requerida o en la zona designada.<\/p>\n<p>[\/vc_column_text][\/vc_column_inner][vc_column_inner width=\u00bb1\/4&#8243; offset=\u00bbvc_col-xs-6&#8243;][vc_single_image image=\u00bb9062&#8243; alignment=\u00bbcenter\u00bb][vc_column_text]<\/p>\n<h5 style=\"text-align: center;\">Bloqueo\/Etiquetado<\/h5>\n<p style=\"text-align: center;\">Debe estar formado y autorizado para realizar LOTO. Ning\u00fan Empleado podr\u00e1 utilizar o manipular equipos que hayan sido bloqueados y\/o etiquetados.<\/p>\n<p>[\/vc_column_text][\/vc_column_inner][vc_column_inner width=\u00bb1\/4&#8243; offset=\u00bbvc_col-xs-6&#8243;][vc_single_image image=\u00bb9059&#8243; alignment=\u00bbcenter\u00bb][vc_column_text]<\/p>\n<h5 style=\"text-align: center;\">Electricidad<\/h5>\n<p style=\"text-align: center;\">No instale, repare ni manipule nunca equipos el\u00e9ctricos a menos que est\u00e9 cualificado para ello. Se requieren interruptores de circuito por fallo a tierra al utilizar herramientas el\u00e9ctricas y alargadores.<\/p>\n<p>[\/vc_column_text][\/vc_column_inner][\/vc_row_inner][vc_row_inner][vc_column_inner width=\u00bb1\/4&#8243; offset=\u00bbvc_col-xs-6&#8243;][vc_single_image image=\u00bb9061&#8243; alignment=\u00bbcenter\u00bb][vc_column_text]<\/p>\n<h5 style=\"text-align: center;\">Alturas<\/h5>\n<p style=\"text-align: center;\">Utilice protecci\u00f3n contra ca\u00eddas y\/o dispositivos de prevenci\u00f3n de ca\u00eddas cuando trabaje desde alturas seg\u00fan los requisitos locales, estatales y nacionales.<\/p>\n<p>[\/vc_column_text][\/vc_column_inner][vc_column_inner width=\u00bb1\/4&#8243;][vc_single_image image=\u00bb9063&#8243; alignment=\u00bbcenter\u00bb][vc_column_text]<\/p>\n<h5 style=\"text-align: center;\">Veh\u00edculos industriales motorizados<\/h5>\n<p style=\"text-align: center;\">Los Operadores PIV deben estar formados, certificados y cumplir\u00e1n todas las normas de tr\u00e1fico.<\/p>\n<p>[\/vc_column_text][\/vc_column_inner][vc_column_inner width=\u00bb1\/4&#8243; offset=\u00bbvc_col-xs-6&#8243;][vc_single_image image=\u00bb9057&#8243; alignment=\u00bbcenter\u00bb][vc_column_text]<\/p>\n<h5 style=\"text-align: center;\">Espacio confinado<\/h5>\n<p style=\"text-align: center;\">Identifique los espacios confinados y siga las instrucciones de entrada escritas, S\u00f3lo el personal formado y autorizado puede entrar en un espacio confinado que requiera permiso.<\/p>\n<p>[\/vc_column_text][\/vc_column_inner][vc_column_inner width=\u00bb1\/4&#8243; offset=\u00bbvc_col-xs-6&#8243;][vc_single_image image=\u00bb9060&#8243; alignment=\u00bbcenter\u00bb][vc_column_text]<\/p>\n<h5 style=\"text-align: center;\">Prevenci\u00f3n de incendios<\/h5>\n<p style=\"text-align: center;\">Siga los procedimientos adecuados para manipular l\u00edquidos inflamables y combustibles. S\u00f3lo las personas formadas pueden realizar trabajos en caliente en las zonas designadas o con un permiso.<\/p>\n<p>[\/vc_column_text][\/vc_column_inner][\/vc_row_inner][\/vc_column][\/vc_row]<\/p>\n<\/div>","protected":false},"excerpt":{"rendered":"<p>[vc_row][vc_column width=\u00bb1\/4&#8243;][vc_single_image image=\u00bb9044&#8243; img_size=\u00bbfull\u00bb][\/vc_column][vc_column width=\u00bb3\/4&#8243;][vc_column_text] RelaDyne se dedica a la seguridad en todos los aspectos de nuestro negocio. En cumplimiento de este compromiso de proteger [&hellip;]<\/p>\n","protected":false},"author":1,"featured_media":0,"parent":10062,"menu_order":4,"comment_status":"closed","ping_status":"closed","template":"page_modular.php","meta":{"_acf_changed":false,"content-type":"","inline_featured_image":false,"footnotes":""},"folder":[],"class_list":["post-10075","page","type-page","status-publish","hentry","entry"],"acf":[],"yoast_head":"<!-- This site is optimized with the Yoast SEO Premium plugin v26.6 (Yoast SEO v26.6) - https:\/\/yoast.com\/wordpress\/plugins\/seo\/ -->\n<title>Seguridad en movimiento : RelaDyne<\/title>\n<meta name=\"description\" content=\"RelaDyne se dedica a la seguridad en todos los aspectos de nuestro negocio. Parar, Mirar, Pensar, Planificar, Actuar: la mentalidad de la seguridad ante todo.\" \/>\n<meta name=\"robots\" content=\"index, follow, max-snippet:-1, max-image-preview:large, max-video-preview:-1\" \/>\n<link rel=\"canonical\" href=\"https:\/\/reladyne.com\/es\/company\/safety-in-motion\/\" \/>\n<meta property=\"og:locale\" content=\"es_ES\" \/>\n<meta property=\"og:type\" content=\"article\" \/>\n<meta property=\"og:title\" content=\"Seguridad en movimiento\" \/>\n<meta property=\"og:description\" content=\"RelaDyne se dedica a la seguridad en todos los aspectos de nuestro negocio. Parar, Mirar, Pensar, Planificar, Actuar: la mentalidad de la seguridad ante todo.\" \/>\n<meta property=\"og:url\" content=\"https:\/\/reladyne.com\/es\/company\/safety-in-motion\/\" \/>\n<meta property=\"og:site_name\" content=\"RelaDyne\" \/>\n<meta property=\"article:publisher\" content=\"https:\/\/www.facebook.com\/RelaDyne\/\" \/>\n<meta property=\"article:modified_time\" content=\"2025-02-24T23:44:17+00:00\" \/>\n<meta name=\"twitter:card\" content=\"summary_large_image\" \/>\n<meta name=\"twitter:site\" content=\"@RelaDyne\" \/>\n<meta name=\"twitter:label1\" content=\"Tiempo de lectura\" \/>\n\t<meta name=\"twitter:data1\" content=\"3 minutos\" \/>\n<script type=\"application\/ld+json\" class=\"yoast-schema-graph\">{\"@context\":\"https:\/\/schema.org\",\"@graph\":[{\"@type\":\"WebPage\",\"@id\":\"https:\/\/reladyne.com\/es\/company\/safety-in-motion\/\",\"url\":\"https:\/\/reladyne.com\/es\/company\/safety-in-motion\/\",\"name\":\"Seguridad en movimiento : RelaDyne\",\"isPartOf\":{\"@id\":\"https:\/\/reladyne.com\/es\/#website\"},\"datePublished\":\"2019-08-08T22:53:28+00:00\",\"dateModified\":\"2025-02-24T23:44:17+00:00\",\"description\":\"RelaDyne se dedica a la seguridad en todos los aspectos de nuestro negocio. Parar, Mirar, Pensar, Planificar, Actuar: la mentalidad de la seguridad ante todo.\",\"breadcrumb\":{\"@id\":\"https:\/\/reladyne.com\/es\/company\/safety-in-motion\/#breadcrumb\"},\"inLanguage\":\"es\",\"potentialAction\":[{\"@type\":\"ReadAction\",\"target\":[\"https:\/\/reladyne.com\/es\/company\/safety-in-motion\/\"]}]},{\"@type\":\"BreadcrumbList\",\"@id\":\"https:\/\/reladyne.com\/es\/company\/safety-in-motion\/#breadcrumb\",\"itemListElement\":[{\"@type\":\"ListItem\",\"position\":1,\"name\":\"Home\",\"item\":\"https:\/\/reladyne.com\/es\/\"},{\"@type\":\"ListItem\",\"position\":2,\"name\":\"Empresa\",\"item\":\"https:\/\/reladyne.com\/es\/company\/\"},{\"@type\":\"ListItem\",\"position\":3,\"name\":\"Seguridad en movimiento\"}]},{\"@type\":\"WebSite\",\"@id\":\"https:\/\/reladyne.com\/es\/#website\",\"url\":\"https:\/\/reladyne.com\/es\/\",\"name\":\"RelaDyne\",\"description\":\"RelaDyne | Bulk Oil, Fuel &amp; Lubricants Distributor\",\"publisher\":{\"@id\":\"https:\/\/reladyne.com\/es\/#organization\"},\"potentialAction\":[{\"@type\":\"SearchAction\",\"target\":{\"@type\":\"EntryPoint\",\"urlTemplate\":\"https:\/\/reladyne.com\/es\/?s={search_term_string}\"},\"query-input\":{\"@type\":\"PropertyValueSpecification\",\"valueRequired\":true,\"valueName\":\"search_term_string\"}}],\"inLanguage\":\"es\"},{\"@type\":\"Organization\",\"@id\":\"https:\/\/reladyne.com\/es\/#organization\",\"name\":\"RelaDyne\",\"url\":\"https:\/\/reladyne.com\/es\/\",\"logo\":{\"@type\":\"ImageObject\",\"inLanguage\":\"es\",\"@id\":\"https:\/\/reladyne.com\/es\/#\/schema\/logo\/image\/\",\"url\":\"https:\/\/reladyne.com\/wp-content\/uploads\/2020\/07\/RelaDyne-square-logo.jpg\",\"contentUrl\":\"https:\/\/reladyne.com\/wp-content\/uploads\/2020\/07\/RelaDyne-square-logo.jpg\",\"width\":1500,\"height\":1500,\"caption\":\"RelaDyne\"},\"image\":{\"@id\":\"https:\/\/reladyne.com\/es\/#\/schema\/logo\/image\/\"},\"sameAs\":[\"https:\/\/www.facebook.com\/RelaDyne\/\",\"https:\/\/x.com\/RelaDyne\"]}]}<\/script>\n<!-- \/ Yoast SEO Premium plugin. -->","yoast_head_json":{"title":"Seguridad en movimiento : RelaDyne","description":"RelaDyne se dedica a la seguridad en todos los aspectos de nuestro negocio. Parar, Mirar, Pensar, Planificar, Actuar: la mentalidad de la seguridad ante todo.","robots":{"index":"index","follow":"follow","max-snippet":"max-snippet:-1","max-image-preview":"max-image-preview:large","max-video-preview":"max-video-preview:-1"},"canonical":"https:\/\/reladyne.com\/es\/company\/safety-in-motion\/","og_locale":"es_ES","og_type":"article","og_title":"Seguridad en movimiento","og_description":"RelaDyne se dedica a la seguridad en todos los aspectos de nuestro negocio. Parar, Mirar, Pensar, Planificar, Actuar: la mentalidad de la seguridad ante todo.","og_url":"https:\/\/reladyne.com\/es\/company\/safety-in-motion\/","og_site_name":"RelaDyne","article_publisher":"https:\/\/www.facebook.com\/RelaDyne\/","article_modified_time":"2025-02-24T23:44:17+00:00","twitter_card":"summary_large_image","twitter_site":"@RelaDyne","twitter_misc":{"Tiempo de lectura":"3 minutos"},"schema":{"@context":"https:\/\/schema.org","@graph":[{"@type":"WebPage","@id":"https:\/\/reladyne.com\/es\/company\/safety-in-motion\/","url":"https:\/\/reladyne.com\/es\/company\/safety-in-motion\/","name":"Seguridad en movimiento : RelaDyne","isPartOf":{"@id":"https:\/\/reladyne.com\/es\/#website"},"datePublished":"2019-08-08T22:53:28+00:00","dateModified":"2025-02-24T23:44:17+00:00","description":"RelaDyne se dedica a la seguridad en todos los aspectos de nuestro negocio. Parar, Mirar, Pensar, Planificar, Actuar: la mentalidad de la seguridad ante todo.","breadcrumb":{"@id":"https:\/\/reladyne.com\/es\/company\/safety-in-motion\/#breadcrumb"},"inLanguage":"es","potentialAction":[{"@type":"ReadAction","target":["https:\/\/reladyne.com\/es\/company\/safety-in-motion\/"]}]},{"@type":"BreadcrumbList","@id":"https:\/\/reladyne.com\/es\/company\/safety-in-motion\/#breadcrumb","itemListElement":[{"@type":"ListItem","position":1,"name":"Home","item":"https:\/\/reladyne.com\/es\/"},{"@type":"ListItem","position":2,"name":"Empresa","item":"https:\/\/reladyne.com\/es\/company\/"},{"@type":"ListItem","position":3,"name":"Seguridad en movimiento"}]},{"@type":"WebSite","@id":"https:\/\/reladyne.com\/es\/#website","url":"https:\/\/reladyne.com\/es\/","name":"RelaDyne","description":"RelaDyne | Bulk Oil, Fuel &amp; Lubricants Distributor","publisher":{"@id":"https:\/\/reladyne.com\/es\/#organization"},"potentialAction":[{"@type":"SearchAction","target":{"@type":"EntryPoint","urlTemplate":"https:\/\/reladyne.com\/es\/?s={search_term_string}"},"query-input":{"@type":"PropertyValueSpecification","valueRequired":true,"valueName":"search_term_string"}}],"inLanguage":"es"},{"@type":"Organization","@id":"https:\/\/reladyne.com\/es\/#organization","name":"RelaDyne","url":"https:\/\/reladyne.com\/es\/","logo":{"@type":"ImageObject","inLanguage":"es","@id":"https:\/\/reladyne.com\/es\/#\/schema\/logo\/image\/","url":"https:\/\/reladyne.com\/wp-content\/uploads\/2020\/07\/RelaDyne-square-logo.jpg","contentUrl":"https:\/\/reladyne.com\/wp-content\/uploads\/2020\/07\/RelaDyne-square-logo.jpg","width":1500,"height":1500,"caption":"RelaDyne"},"image":{"@id":"https:\/\/reladyne.com\/es\/#\/schema\/logo\/image\/"},"sameAs":["https:\/\/www.facebook.com\/RelaDyne\/","https:\/\/x.com\/RelaDyne"]}]}},"_links":{"self":[{"href":"https:\/\/reladyne.com\/es\/wp-json\/wp\/v2\/pages\/10075","targetHints":{"allow":["GET"]}}],"collection":[{"href":"https:\/\/reladyne.com\/es\/wp-json\/wp\/v2\/pages"}],"about":[{"href":"https:\/\/reladyne.com\/es\/wp-json\/wp\/v2\/types\/page"}],"author":[{"embeddable":true,"href":"https:\/\/reladyne.com\/es\/wp-json\/wp\/v2\/users\/1"}],"replies":[{"embeddable":true,"href":"https:\/\/reladyne.com\/es\/wp-json\/wp\/v2\/comments?post=10075"}],"version-history":[{"count":17,"href":"https:\/\/reladyne.com\/es\/wp-json\/wp\/v2\/pages\/10075\/revisions"}],"predecessor-version":[{"id":14673,"href":"https:\/\/reladyne.com\/es\/wp-json\/wp\/v2\/pages\/10075\/revisions\/14673"}],"up":[{"embeddable":true,"href":"https:\/\/reladyne.com\/es\/wp-json\/wp\/v2\/pages\/10062"}],"wp:attachment":[{"href":"https:\/\/reladyne.com\/es\/wp-json\/wp\/v2\/media?parent=10075"}],"wp:term":[{"taxonomy":"folder","embeddable":true,"href":"https:\/\/reladyne.com\/es\/wp-json\/wp\/v2\/folder?post=10075"}],"curies":[{"name":"wp","href":"https:\/\/api.w.org\/{rel}","templated":true}]}}