{"id":10081,"date":"2019-08-08T18:53:28","date_gmt":"2019-08-08T22:53:28","guid":{"rendered":"https:\/\/dev3.helmetstudio.com\/empresa\/liderazgo\/"},"modified":"2025-10-27T18:32:36","modified_gmt":"2025-10-27T22:32:36","slug":"leadership","status":"publish","type":"page","link":"https:\/\/reladyne.com\/es\/company\/leadership\/","title":{"rendered":"Liderazgo"},"content":{"rendered":"<div class=\"wpb-content-wrapper\"><p>[vc_row full_width=\u00bbstretch_row\u00bb gap=\u00bb5&#8243; css=\u00bb.vc_custom_1759343013387{padding-top: 0px !important;padding-right: 0px !important;padding-bottom: 35px !important;padding-left: 0px !important;}\u00bb el_class=\u00bbleadershipGrid\u00bb][vc_column][vc_column_text css=\u00bb.vc_custom_1759931624050{padding-right: 300px !important;padding-left: 300px !important;}\u00bb]<\/p>\n<h4 style=\"text-align: center;\" data-start=\"184\" data-end=\"525\"><strong>Las operaciones estadounidenses e internacionales de RelaDyne est\u00e1n dirigidas por un din\u00e1mico Equipo de Liderazgo Ejecutivo con la visi\u00f3n, la experiencia y los conocimientos necesarios para impulsar el crecimiento sostenido y la innovaci\u00f3n. Juntos, este equipo se dedica a alinear la estrategia, las operaciones y la cultura para maximizar la eficiencia y crear un impacto duradero en todas las \u00e1reas del negocio. <\/strong><\/h4>\n<p style=\"text-align: center;\" data-start=\"527\" data-end=\"904\">En el centro de nuestro \u00e9xito est\u00e1 el compromiso con nuestra gente. RelaDyne invierte en nuestros Asociados -el verdadero coraz\u00f3n de nuestra empresa- fomentando la colaboraci\u00f3n, el crecimiento profesional y una cultura de excelencia. Combinando la fuerza de nuestro equipo con una profunda experiencia en el sector y relaciones de mercado de confianza, podemos ofrecer un valor inigualable a nuestros clientes y socios.  <\/p>\n<p style=\"text-align: center;\" data-start=\"906\" data-end=\"1373\">Mediante la inversi\u00f3n continua en tecnolog\u00edas exclusivas, la ampliaci\u00f3n de capacidades y la integraci\u00f3n de las mejores pr\u00e1cticas en todas las unidades de negocio, el liderazgo de RelaDyne garantiza que sigamos siendo el adquirente preferido y una fuerza disruptiva en el sector. Guiados por una visi\u00f3n compartida, nuestros l\u00edderes se dedican a impulsar la misi\u00f3n de RelaDyne: ser el socio m\u00e1s fiable para nuestros clientes, proveedores y comunidades, creando al mismo tiempo oportunidades para que nuestros Asociados prosperen. <\/p>\n<p>[\/vc_column_text][\/vc_column][\/vc_row][vc_row full_width=\u00bbstretch_row_content\u00bb][vc_column][vc_basic_grid post_type=\u00bbteam\u00bb max_items=\u00bb-1&#8243; orderby=\u00bbmenu_order\u00bb order=\u00bbASC\u00bb item=\u00bb741&#8243; css=\u00bb.vc_custom_1608067293114{padding-right: 6% !important;padding-left: 6% !important;}\u00bb grid_id=\u00bbvc_gid:1759931593785-b88802d9-263b-8&#8243; taxonomies=\u00bb704&#8243;][\/vc_column][\/vc_row]<\/p>\n<\/div>","protected":false},"excerpt":{"rendered":"<p>[vc_row full_width=\u00bbstretch_row\u00bb gap=\u00bb5&#8243; css=\u00bb.vc_custom_1759343013387{padding-top: 0px !important;padding-right: 0px !important;padding-bottom: 35px !important;padding-left: 0px !important;}\u00bb el_class=\u00bbleadershipGrid\u00bb][vc_column][vc_column_text css=\u00bb.vc_custom_1759931624050{padding-right: 300px !important;padding-left: 300px !important;}\u00bb] Las operaciones estadounidenses e internacionales de RelaDyne [&hellip;]<\/p>\n","protected":false},"author":1,"featured_media":0,"parent":10062,"menu_order":2,"comment_status":"closed","ping_status":"closed","template":"","meta":{"_acf_changed":false,"content-type":"","inline_featured_image":false,"footnotes":""},"folder":[],"class_list":["post-10081","page","type-page","status-publish","hentry","entry"],"acf":[],"yoast_head":"<!-- This site is optimized with the Yoast SEO Premium plugin v26.6 (Yoast SEO v26.6) - https:\/\/yoast.com\/wordpress\/plugins\/seo\/ -->\n<title>Liderazgo : RelaDyne<\/title>\n<meta name=\"robots\" content=\"index, follow, max-snippet:-1, max-image-preview:large, max-video-preview:-1\" \/>\n<link rel=\"canonical\" href=\"https:\/\/reladyne.com\/es\/company\/leadership\/\" \/>\n<meta property=\"og:locale\" content=\"es_ES\" \/>\n<meta property=\"og:type\" content=\"article\" \/>\n<meta property=\"og:title\" content=\"Liderazgo\" \/>\n<meta property=\"og:description\" content=\"[vc_row full_width=\u00bbstretch_row\u00bb gap=\u00bb5&#8243; css=\u00bb.vc_custom_1759343013387{padding-top: 0px !important;padding-right: 0px !important;padding-bottom: 35px !important;padding-left: 0px !important;}\u00bb el_class=\u00bbleadershipGrid\u00bb][vc_column][vc_column_text css=\u00bb.vc_custom_1759931624050{padding-right: 300px !important;padding-left: 300px !important;}\u00bb] Las operaciones estadounidenses e internacionales de RelaDyne [&hellip;]\" \/>\n<meta property=\"og:url\" content=\"https:\/\/reladyne.com\/es\/company\/leadership\/\" \/>\n<meta property=\"og:site_name\" content=\"RelaDyne\" \/>\n<meta property=\"article:publisher\" content=\"https:\/\/www.facebook.com\/RelaDyne\/\" \/>\n<meta property=\"article:modified_time\" content=\"2025-10-27T22:32:36+00:00\" \/>\n<meta name=\"twitter:card\" content=\"summary_large_image\" \/>\n<meta name=\"twitter:site\" content=\"@RelaDyne\" \/>\n<meta name=\"twitter:label1\" content=\"Tiempo de lectura\" \/>\n\t<meta name=\"twitter:data1\" content=\"2 minutos\" \/>\n<script type=\"application\/ld+json\" class=\"yoast-schema-graph\">{\"@context\":\"https:\/\/schema.org\",\"@graph\":[{\"@type\":\"WebPage\",\"@id\":\"https:\/\/reladyne.com\/es\/company\/leadership\/\",\"url\":\"https:\/\/reladyne.com\/es\/company\/leadership\/\",\"name\":\"Liderazgo : RelaDyne\",\"isPartOf\":{\"@id\":\"https:\/\/reladyne.com\/es\/#website\"},\"datePublished\":\"2019-08-08T22:53:28+00:00\",\"dateModified\":\"2025-10-27T22:32:36+00:00\",\"breadcrumb\":{\"@id\":\"https:\/\/reladyne.com\/es\/company\/leadership\/#breadcrumb\"},\"inLanguage\":\"es\",\"potentialAction\":[{\"@type\":\"ReadAction\",\"target\":[\"https:\/\/reladyne.com\/es\/company\/leadership\/\"]}]},{\"@type\":\"BreadcrumbList\",\"@id\":\"https:\/\/reladyne.com\/es\/company\/leadership\/#breadcrumb\",\"itemListElement\":[{\"@type\":\"ListItem\",\"position\":1,\"name\":\"Home\",\"item\":\"https:\/\/reladyne.com\/es\/\"},{\"@type\":\"ListItem\",\"position\":2,\"name\":\"Empresa\",\"item\":\"https:\/\/reladyne.com\/es\/company\/\"},{\"@type\":\"ListItem\",\"position\":3,\"name\":\"Liderazgo\"}]},{\"@type\":\"WebSite\",\"@id\":\"https:\/\/reladyne.com\/es\/#website\",\"url\":\"https:\/\/reladyne.com\/es\/\",\"name\":\"RelaDyne\",\"description\":\"RelaDyne | Bulk Oil, Fuel &amp; Lubricants Distributor\",\"publisher\":{\"@id\":\"https:\/\/reladyne.com\/es\/#organization\"},\"potentialAction\":[{\"@type\":\"SearchAction\",\"target\":{\"@type\":\"EntryPoint\",\"urlTemplate\":\"https:\/\/reladyne.com\/es\/?s={search_term_string}\"},\"query-input\":{\"@type\":\"PropertyValueSpecification\",\"valueRequired\":true,\"valueName\":\"search_term_string\"}}],\"inLanguage\":\"es\"},{\"@type\":\"Organization\",\"@id\":\"https:\/\/reladyne.com\/es\/#organization\",\"name\":\"RelaDyne\",\"url\":\"https:\/\/reladyne.com\/es\/\",\"logo\":{\"@type\":\"ImageObject\",\"inLanguage\":\"es\",\"@id\":\"https:\/\/reladyne.com\/es\/#\/schema\/logo\/image\/\",\"url\":\"https:\/\/reladyne.com\/wp-content\/uploads\/2020\/07\/RelaDyne-square-logo.jpg\",\"contentUrl\":\"https:\/\/reladyne.com\/wp-content\/uploads\/2020\/07\/RelaDyne-square-logo.jpg\",\"width\":1500,\"height\":1500,\"caption\":\"RelaDyne\"},\"image\":{\"@id\":\"https:\/\/reladyne.com\/es\/#\/schema\/logo\/image\/\"},\"sameAs\":[\"https:\/\/www.facebook.com\/RelaDyne\/\",\"https:\/\/x.com\/RelaDyne\"]}]}<\/script>\n<!-- \/ Yoast SEO Premium plugin. -->","yoast_head_json":{"title":"Liderazgo : RelaDyne","robots":{"index":"index","follow":"follow","max-snippet":"max-snippet:-1","max-image-preview":"max-image-preview:large","max-video-preview":"max-video-preview:-1"},"canonical":"https:\/\/reladyne.com\/es\/company\/leadership\/","og_locale":"es_ES","og_type":"article","og_title":"Liderazgo","og_description":"[vc_row full_width=\u00bbstretch_row\u00bb gap=\u00bb5&#8243; css=\u00bb.vc_custom_1759343013387{padding-top: 0px !important;padding-right: 0px !important;padding-bottom: 35px !important;padding-left: 0px !important;}\u00bb el_class=\u00bbleadershipGrid\u00bb][vc_column][vc_column_text css=\u00bb.vc_custom_1759931624050{padding-right: 300px !important;padding-left: 300px !important;}\u00bb] Las operaciones estadounidenses e internacionales de RelaDyne [&hellip;]","og_url":"https:\/\/reladyne.com\/es\/company\/leadership\/","og_site_name":"RelaDyne","article_publisher":"https:\/\/www.facebook.com\/RelaDyne\/","article_modified_time":"2025-10-27T22:32:36+00:00","twitter_card":"summary_large_image","twitter_site":"@RelaDyne","twitter_misc":{"Tiempo de lectura":"2 minutos"},"schema":{"@context":"https:\/\/schema.org","@graph":[{"@type":"WebPage","@id":"https:\/\/reladyne.com\/es\/company\/leadership\/","url":"https:\/\/reladyne.com\/es\/company\/leadership\/","name":"Liderazgo : RelaDyne","isPartOf":{"@id":"https:\/\/reladyne.com\/es\/#website"},"datePublished":"2019-08-08T22:53:28+00:00","dateModified":"2025-10-27T22:32:36+00:00","breadcrumb":{"@id":"https:\/\/reladyne.com\/es\/company\/leadership\/#breadcrumb"},"inLanguage":"es","potentialAction":[{"@type":"ReadAction","target":["https:\/\/reladyne.com\/es\/company\/leadership\/"]}]},{"@type":"BreadcrumbList","@id":"https:\/\/reladyne.com\/es\/company\/leadership\/#breadcrumb","itemListElement":[{"@type":"ListItem","position":1,"name":"Home","item":"https:\/\/reladyne.com\/es\/"},{"@type":"ListItem","position":2,"name":"Empresa","item":"https:\/\/reladyne.com\/es\/company\/"},{"@type":"ListItem","position":3,"name":"Liderazgo"}]},{"@type":"WebSite","@id":"https:\/\/reladyne.com\/es\/#website","url":"https:\/\/reladyne.com\/es\/","name":"RelaDyne","description":"RelaDyne | Bulk Oil, Fuel &amp; Lubricants Distributor","publisher":{"@id":"https:\/\/reladyne.com\/es\/#organization"},"potentialAction":[{"@type":"SearchAction","target":{"@type":"EntryPoint","urlTemplate":"https:\/\/reladyne.com\/es\/?s={search_term_string}"},"query-input":{"@type":"PropertyValueSpecification","valueRequired":true,"valueName":"search_term_string"}}],"inLanguage":"es"},{"@type":"Organization","@id":"https:\/\/reladyne.com\/es\/#organization","name":"RelaDyne","url":"https:\/\/reladyne.com\/es\/","logo":{"@type":"ImageObject","inLanguage":"es","@id":"https:\/\/reladyne.com\/es\/#\/schema\/logo\/image\/","url":"https:\/\/reladyne.com\/wp-content\/uploads\/2020\/07\/RelaDyne-square-logo.jpg","contentUrl":"https:\/\/reladyne.com\/wp-content\/uploads\/2020\/07\/RelaDyne-square-logo.jpg","width":1500,"height":1500,"caption":"RelaDyne"},"image":{"@id":"https:\/\/reladyne.com\/es\/#\/schema\/logo\/image\/"},"sameAs":["https:\/\/www.facebook.com\/RelaDyne\/","https:\/\/x.com\/RelaDyne"]}]}},"_links":{"self":[{"href":"https:\/\/reladyne.com\/es\/wp-json\/wp\/v2\/pages\/10081","targetHints":{"allow":["GET"]}}],"collection":[{"href":"https:\/\/reladyne.com\/es\/wp-json\/wp\/v2\/pages"}],"about":[{"href":"https:\/\/reladyne.com\/es\/wp-json\/wp\/v2\/types\/page"}],"author":[{"embeddable":true,"href":"https:\/\/reladyne.com\/es\/wp-json\/wp\/v2\/users\/1"}],"replies":[{"embeddable":true,"href":"https:\/\/reladyne.com\/es\/wp-json\/wp\/v2\/comments?post=10081"}],"version-history":[{"count":38,"href":"https:\/\/reladyne.com\/es\/wp-json\/wp\/v2\/pages\/10081\/revisions"}],"predecessor-version":[{"id":15631,"href":"https:\/\/reladyne.com\/es\/wp-json\/wp\/v2\/pages\/10081\/revisions\/15631"}],"up":[{"embeddable":true,"href":"https:\/\/reladyne.com\/es\/wp-json\/wp\/v2\/pages\/10062"}],"wp:attachment":[{"href":"https:\/\/reladyne.com\/es\/wp-json\/wp\/v2\/media?parent=10081"}],"wp:term":[{"taxonomy":"folder","embeddable":true,"href":"https:\/\/reladyne.com\/es\/wp-json\/wp\/v2\/folder?post=10081"}],"curies":[{"name":"wp","href":"https:\/\/api.w.org\/{rel}","templated":true}]}}