{"id":10087,"date":"2020-08-05T12:37:11","date_gmt":"2020-08-05T16:37:11","guid":{"rendered":"https:\/\/dev3.helmetstudio.com\/webinars\/"},"modified":"2023-08-08T14:35:16","modified_gmt":"2023-08-08T18:35:16","slug":"webinars","status":"publish","type":"page","link":"https:\/\/reladyne.com\/es\/webinars\/","title":{"rendered":"Webinars"},"content":{"rendered":"<div class=\"wpb-content-wrapper\"><p>[vc_row][vc_column width=\u00bb1\/2&#8243;][vc_column_text]<\/p>\n<h1>Seminarios web informativos y educativos<\/h1>\n<p>[\/vc_column_text][vc_column_text]La serie de seminarios web de RelaDyne se centra en diferentes aspectos de la fiabilidad a trav\u00e9s de cada tema, y permite a los espectadores aprender valiosa informaci\u00f3n del sector que puede aplicarse a cualquier negocio.<\/p>\n<p>RelaDyne, Inc. con sede en Cincinnati, Ohio, es el l\u00edder establecido en ventas de lubricantes, distribuci\u00f3n, servicios de fiabilidad de equipos y servicios de valor a\u00f1adido.[\/vc_column_text][\/vc_column][vc_column width=\u00bb1\/2&#8243;][vc_custom_heading text=\u00bbSerie de seminarios web RelaDyne\u00bb font_container=\u00bbtag:h2|text_align:left|color:%23145dab\u00bb use_theme_fonts=\u00bbyes\u00bb][vc_raw_html]PCEtLVtpZiBsdGUgSUUgOF0+CjxzY3JpcHQgY2hhcnNldD0idXRmLTgiIHR5cGU9InRleHQvamF2YXNjcmlwdCIgc3JjPSIvL2pzLmhzZm9ybXMubmV0L2Zvcm1zL3YyLWxlZ2FjeS5qcyI+PC9zY3JpcHQ+CjwhW2VuZGlmXS0tPgo8c2NyaXB0IGNoYXJzZXQ9InV0Zi04IiB0eXBlPSJ0ZXh0L2phdmFzY3JpcHQiIHNyYz0iLy9qcy5oc2Zvcm1zLm5ldC9mb3Jtcy92Mi5qcyI+PC9zY3JpcHQ+CjxzY3JpcHQ+CiAgaGJzcHQuZm9ybXMuY3JlYXRlKHsKCXBvcnRhbElkOiAiNDc2MTA0NSIsCglmb3JtSWQ6ICJhMTAyMjZiMS0yYzBmLTQ2MTQtYWRmZC02MmMyY2NlN2Y5ODMiCn0pOwo8L3NjcmlwdD4=[\/vc_raw_html][\/vc_column][\/vc_row][vc_row][vc_column][vc_separator border_width=\u00bb3&#8243;][\/vc_column][\/vc_row][vc_row source=\u00bb\u00bb text=\u00bbExplore our Broad Offering of Automotive Products\u00bb font_container=\u00bbtag:h2|text_align:left|color:%23145dab\u00bb use_theme_fonts=\u00bbyes\u00bb google_fonts=\u00bbfont_family:Abril%20Fatface%3Aregular|font_style:400%20regular%3A400%3Anormal\u00bb link=\u00bb\u00bb][vc_column][vc_custom_heading text=\u00bbPr\u00f3ximos seminarios web\u00bb font_container=\u00bbtag:h2|text_align:left|color:%23145dab\u00bb use_theme_fonts=\u00bbyes\u00bb][\/vc_column][\/vc_row][vc_row][vc_column][\/vc_column][\/vc_row][vc_row source=\u00bb\u00bb text=\u00bbExplore our Broad Offering of Automotive Products\u00bb font_container=\u00bbtag:h2|text_align:left|color:%23145dab\u00bb use_theme_fonts=\u00bbyes\u00bb google_fonts=\u00bbfont_family:Abril%20Fatface%3Aregular|font_style:400%20regular%3A400%3Anormal\u00bb link=\u00bb\u00bb][vc_column][vc_custom_heading text=\u00bbSeminarios anteriores\u00bb font_container=\u00bbtag:h2|text_align:left|color:%23145dab\u00bb use_theme_fonts=\u00bbyes\u00bb][vc_cta h2=\u00bbC\u00f3mo identificar y vencer el barniz\u00bb h4=\u00bbCombata los lodos para aumentar la eficacia y rentabilidad de sus equipos.\u00bb add_button=\u00bbright\u00bb btn_title=\u00bbAccess\u00bb btn_color=\u00bbwarning\u00bb btn_size=\u00bblg\u00bb btn_link=\u00bburl:https%3A%2F%2Finfo.reladyne.com%2Fidentify-conquer-varnish|\u00bb btn_el_class=\u00bbrelaDyneBTN\u00bb]<img loading=\"lazy\" decoding=\"async\" class=\"wp-image-5620 size-medium alignleft\" src=\"https:\/\/reladyne.com\/wp-content\/uploads\/2020\/09\/Webinar-Branding-Items-How-to-Identify-Conquer-Varnish-09-300x150.png\" alt=\"\" width=\"300\" height=\"150\" srcset=\"https:\/\/reladyne.com\/wp-content\/uploads\/2020\/09\/Webinar-Branding-Items-How-to-Identify-Conquer-Varnish-09-300x150.png 300w, https:\/\/reladyne.com\/wp-content\/uploads\/2020\/09\/Webinar-Branding-Items-How-to-Identify-Conquer-Varnish-09-1024x512.png 1024w, https:\/\/reladyne.com\/wp-content\/uploads\/2020\/09\/Webinar-Branding-Items-How-to-Identify-Conquer-Varnish-09-768x384.png 768w, https:\/\/reladyne.com\/wp-content\/uploads\/2020\/09\/Webinar-Branding-Items-How-to-Identify-Conquer-Varnish-09-1536x768.png 1536w, https:\/\/reladyne.com\/wp-content\/uploads\/2020\/09\/Webinar-Branding-Items-How-to-Identify-Conquer-Varnish-09-1568x784.png 1568w, https:\/\/reladyne.com\/wp-content\/uploads\/2020\/09\/Webinar-Branding-Items-How-to-Identify-Conquer-Varnish-09-180x90.png 180w, https:\/\/reladyne.com\/wp-content\/uploads\/2020\/09\/Webinar-Branding-Items-How-to-Identify-Conquer-Varnish-09-31x16.png 31w, https:\/\/reladyne.com\/wp-content\/uploads\/2020\/09\/Webinar-Branding-Items-How-to-Identify-Conquer-Varnish-09.png 1668w\" sizes=\"auto, (max-width: 300px) 100vw, 300px\" \/>Los lubricantes son el alma de los equipos. El barniz causa estragos en los lubricantes y en los sistemas que utilizan. \u00bfQu\u00e9 es el barniz y c\u00f3mo gestionarlo para lograr operaciones m\u00e1s eficaces y rentables?<\/p>\n<p>Escuche a Doug Muennich, inventor de la \u00fanica tecnolog\u00eda patentada de procesamiento de aceite hidr\u00e1ulico en bucle de ri\u00f1\u00f3n.[\/vc_cta][vc_cta h2=\u00bbClean Lubricants 101&#8243; h4=\u00bbEl impacto del desgaste con el paso del tiempo y por qu\u00e9 es importante la limpieza\u00bb add_button=\u00bbright\u00bb btn_title=\u00bbAccess\u00bb btn_color=\u00bbwarning\u00bb btn_size=\u00bblg\u00bb btn_link=\u00bburl:https%3A%2F%2Finfo.reladyne.com%2Fclean-lubricants-101-reladyne-webinar-series|title:Clean%20Lubricants%20101|\u00bb btn_el_class=\u00bbrelaDyneBTN\u00bb]<img loading=\"lazy\" decoding=\"async\" class=\"wp-image-5467 size-medium alignleft\" src=\"https:\/\/reladyne.com\/wp-content\/uploads\/2020\/08\/Webinar-Branding-Items-11-300x300.png\" alt=\"Clean Lubricants 101\" width=\"300\" height=\"300\" srcset=\"https:\/\/reladyne.com\/wp-content\/uploads\/2020\/08\/Webinar-Branding-Items-11-300x300.png 300w, https:\/\/reladyne.com\/wp-content\/uploads\/2020\/08\/Webinar-Branding-Items-11-150x150.png 150w, https:\/\/reladyne.com\/wp-content\/uploads\/2020\/08\/Webinar-Branding-Items-11-768x768.png 768w, https:\/\/reladyne.com\/wp-content\/uploads\/2020\/08\/Webinar-Branding-Items-11-180x180.png 180w, https:\/\/reladyne.com\/wp-content\/uploads\/2020\/08\/Webinar-Branding-Items-11-600x600.png 600w, https:\/\/reladyne.com\/wp-content\/uploads\/2020\/08\/Webinar-Branding-Items-11-27x27.png 27w, https:\/\/reladyne.com\/wp-content\/uploads\/2020\/08\/Webinar-Branding-Items-11.png 834w\" sizes=\"auto, (max-width: 300px) 100vw, 300px\" \/>Los lubricantes suministrados a sus sistemas presentan muchas oportunidades de recoger contaminaci\u00f3n antes de llegar a sus equipos. Con el tiempo, los contaminantes presentes en los equipos provocan el desgaste del sistema, lo que se traduce en una disminuci\u00f3n del rendimiento que, en \u00faltima instancia, puede causar tiempos de inactividad catastr\u00f3ficos. Es importante mantener limpios los lubricantes de su equipo desde el principio para evitar aver\u00edas y mantener un rendimiento eficaz.<\/p>\n<p>Conozca el impacto del desgaste con el paso del tiempo y por qu\u00e9 es importante la limpieza. Estos conocimientos te ayudar\u00e1n a dar los pasos necesarios para empezar limpio y mantenerte limpio.[\/vc_cta][\/vc_column][\/vc_row]<\/p>\n<\/div>","protected":false},"excerpt":{"rendered":"<p>[vc_row][vc_column width=\u00bb1\/2&#8243;][vc_column_text] Seminarios web informativos y educativos [\/vc_column_text][vc_column_text]La serie de seminarios web de RelaDyne se centra en diferentes aspectos de la fiabilidad a trav\u00e9s de [&hellip;]<\/p>\n","protected":false},"author":2,"featured_media":0,"parent":0,"menu_order":0,"comment_status":"closed","ping_status":"closed","template":"","meta":{"_acf_changed":false,"content-type":"","inline_featured_image":false,"footnotes":""},"folder":[],"class_list":["post-10087","page","type-page","status-publish","hentry","entry"],"acf":[],"yoast_head":"<!-- This site is optimized with the Yoast SEO Premium plugin v26.6 (Yoast SEO v26.6) - https:\/\/yoast.com\/wordpress\/plugins\/seo\/ -->\n<title>Webinars %%page%<\/title>\n<meta name=\"description\" content=\"Reg\u00edstrese en un seminario web de RelaDyne o vea un seminario web anterior de RelaDyne. Nuestra serie de seminarios web ofrece informaci\u00f3n sobre los sectores de la automoci\u00f3n, la industria y el comercio.\" \/>\n<meta name=\"robots\" content=\"index, follow, max-snippet:-1, max-image-preview:large, max-video-preview:-1\" \/>\n<link rel=\"canonical\" href=\"https:\/\/reladyne.com\/es\/webinars\/\" \/>\n<meta property=\"og:locale\" content=\"es_ES\" \/>\n<meta property=\"og:type\" content=\"article\" \/>\n<meta property=\"og:title\" content=\"Webinars\" \/>\n<meta property=\"og:description\" content=\"Reg\u00edstrese en un seminario web de RelaDyne o vea un seminario web anterior de RelaDyne. Nuestra serie de seminarios web ofrece informaci\u00f3n sobre los sectores de la automoci\u00f3n, la industria y el comercio.\" \/>\n<meta property=\"og:url\" content=\"https:\/\/reladyne.com\/es\/webinars\/\" \/>\n<meta property=\"og:site_name\" content=\"RelaDyne\" \/>\n<meta property=\"article:publisher\" content=\"https:\/\/www.facebook.com\/RelaDyne\/\" \/>\n<meta property=\"article:modified_time\" content=\"2023-08-08T18:35:16+00:00\" \/>\n<meta property=\"og:image\" content=\"http:\/\/reladyne.com\/wp-content\/uploads\/2020\/09\/Webinar-Branding-Items-How-to-Identify-Conquer-Varnish-09-300x150.png\" \/>\n<meta name=\"twitter:card\" content=\"summary_large_image\" \/>\n<meta name=\"twitter:site\" content=\"@RelaDyne\" \/>\n<meta name=\"twitter:label1\" content=\"Tiempo de lectura\" \/>\n\t<meta name=\"twitter:data1\" content=\"3 minutos\" \/>\n<script type=\"application\/ld+json\" class=\"yoast-schema-graph\">{\"@context\":\"https:\/\/schema.org\",\"@graph\":[{\"@type\":\"WebPage\",\"@id\":\"https:\/\/reladyne.com\/es\/webinars\/\",\"url\":\"https:\/\/reladyne.com\/es\/webinars\/\",\"name\":\"Webinars %%page%\",\"isPartOf\":{\"@id\":\"https:\/\/reladyne.com\/es\/#website\"},\"primaryImageOfPage\":{\"@id\":\"https:\/\/reladyne.com\/es\/webinars\/#primaryimage\"},\"image\":{\"@id\":\"https:\/\/reladyne.com\/es\/webinars\/#primaryimage\"},\"thumbnailUrl\":\"https:\/\/reladyne.com\/wp-content\/uploads\/2020\/09\/Webinar-Branding-Items-How-to-Identify-Conquer-Varnish-09-300x150.png\",\"datePublished\":\"2020-08-05T16:37:11+00:00\",\"dateModified\":\"2023-08-08T18:35:16+00:00\",\"description\":\"Reg\u00edstrese en un seminario web de RelaDyne o vea un seminario web anterior de RelaDyne. Nuestra serie de seminarios web ofrece informaci\u00f3n sobre los sectores de la automoci\u00f3n, la industria y el comercio.\",\"breadcrumb\":{\"@id\":\"https:\/\/reladyne.com\/es\/webinars\/#breadcrumb\"},\"inLanguage\":\"es\",\"potentialAction\":[{\"@type\":\"ReadAction\",\"target\":[\"https:\/\/reladyne.com\/es\/webinars\/\"]}]},{\"@type\":\"ImageObject\",\"inLanguage\":\"es\",\"@id\":\"https:\/\/reladyne.com\/es\/webinars\/#primaryimage\",\"url\":\"https:\/\/reladyne.com\/wp-content\/uploads\/2020\/09\/Webinar-Branding-Items-How-to-Identify-Conquer-Varnish-09-300x150.png\",\"contentUrl\":\"https:\/\/reladyne.com\/wp-content\/uploads\/2020\/09\/Webinar-Branding-Items-How-to-Identify-Conquer-Varnish-09-300x150.png\"},{\"@type\":\"BreadcrumbList\",\"@id\":\"https:\/\/reladyne.com\/es\/webinars\/#breadcrumb\",\"itemListElement\":[{\"@type\":\"ListItem\",\"position\":1,\"name\":\"Home\",\"item\":\"https:\/\/reladyne.com\/es\/\"},{\"@type\":\"ListItem\",\"position\":2,\"name\":\"Webinars\"}]},{\"@type\":\"WebSite\",\"@id\":\"https:\/\/reladyne.com\/es\/#website\",\"url\":\"https:\/\/reladyne.com\/es\/\",\"name\":\"RelaDyne\",\"description\":\"RelaDyne | Bulk Oil, Fuel &amp; Lubricants Distributor\",\"publisher\":{\"@id\":\"https:\/\/reladyne.com\/es\/#organization\"},\"potentialAction\":[{\"@type\":\"SearchAction\",\"target\":{\"@type\":\"EntryPoint\",\"urlTemplate\":\"https:\/\/reladyne.com\/es\/?s={search_term_string}\"},\"query-input\":{\"@type\":\"PropertyValueSpecification\",\"valueRequired\":true,\"valueName\":\"search_term_string\"}}],\"inLanguage\":\"es\"},{\"@type\":\"Organization\",\"@id\":\"https:\/\/reladyne.com\/es\/#organization\",\"name\":\"RelaDyne\",\"url\":\"https:\/\/reladyne.com\/es\/\",\"logo\":{\"@type\":\"ImageObject\",\"inLanguage\":\"es\",\"@id\":\"https:\/\/reladyne.com\/es\/#\/schema\/logo\/image\/\",\"url\":\"https:\/\/reladyne.com\/wp-content\/uploads\/2020\/07\/RelaDyne-square-logo.jpg\",\"contentUrl\":\"https:\/\/reladyne.com\/wp-content\/uploads\/2020\/07\/RelaDyne-square-logo.jpg\",\"width\":1500,\"height\":1500,\"caption\":\"RelaDyne\"},\"image\":{\"@id\":\"https:\/\/reladyne.com\/es\/#\/schema\/logo\/image\/\"},\"sameAs\":[\"https:\/\/www.facebook.com\/RelaDyne\/\",\"https:\/\/x.com\/RelaDyne\"]}]}<\/script>\n<!-- \/ Yoast SEO Premium plugin. -->","yoast_head_json":{"title":"Webinars %%page%","description":"Reg\u00edstrese en un seminario web de RelaDyne o vea un seminario web anterior de RelaDyne. Nuestra serie de seminarios web ofrece informaci\u00f3n sobre los sectores de la automoci\u00f3n, la industria y el comercio.","robots":{"index":"index","follow":"follow","max-snippet":"max-snippet:-1","max-image-preview":"max-image-preview:large","max-video-preview":"max-video-preview:-1"},"canonical":"https:\/\/reladyne.com\/es\/webinars\/","og_locale":"es_ES","og_type":"article","og_title":"Webinars","og_description":"Reg\u00edstrese en un seminario web de RelaDyne o vea un seminario web anterior de RelaDyne. Nuestra serie de seminarios web ofrece informaci\u00f3n sobre los sectores de la automoci\u00f3n, la industria y el comercio.","og_url":"https:\/\/reladyne.com\/es\/webinars\/","og_site_name":"RelaDyne","article_publisher":"https:\/\/www.facebook.com\/RelaDyne\/","article_modified_time":"2023-08-08T18:35:16+00:00","og_image":[{"url":"http:\/\/reladyne.com\/wp-content\/uploads\/2020\/09\/Webinar-Branding-Items-How-to-Identify-Conquer-Varnish-09-300x150.png","type":"","width":"","height":""}],"twitter_card":"summary_large_image","twitter_site":"@RelaDyne","twitter_misc":{"Tiempo de lectura":"3 minutos"},"schema":{"@context":"https:\/\/schema.org","@graph":[{"@type":"WebPage","@id":"https:\/\/reladyne.com\/es\/webinars\/","url":"https:\/\/reladyne.com\/es\/webinars\/","name":"Webinars %%page%","isPartOf":{"@id":"https:\/\/reladyne.com\/es\/#website"},"primaryImageOfPage":{"@id":"https:\/\/reladyne.com\/es\/webinars\/#primaryimage"},"image":{"@id":"https:\/\/reladyne.com\/es\/webinars\/#primaryimage"},"thumbnailUrl":"https:\/\/reladyne.com\/wp-content\/uploads\/2020\/09\/Webinar-Branding-Items-How-to-Identify-Conquer-Varnish-09-300x150.png","datePublished":"2020-08-05T16:37:11+00:00","dateModified":"2023-08-08T18:35:16+00:00","description":"Reg\u00edstrese en un seminario web de RelaDyne o vea un seminario web anterior de RelaDyne. Nuestra serie de seminarios web ofrece informaci\u00f3n sobre los sectores de la automoci\u00f3n, la industria y el comercio.","breadcrumb":{"@id":"https:\/\/reladyne.com\/es\/webinars\/#breadcrumb"},"inLanguage":"es","potentialAction":[{"@type":"ReadAction","target":["https:\/\/reladyne.com\/es\/webinars\/"]}]},{"@type":"ImageObject","inLanguage":"es","@id":"https:\/\/reladyne.com\/es\/webinars\/#primaryimage","url":"https:\/\/reladyne.com\/wp-content\/uploads\/2020\/09\/Webinar-Branding-Items-How-to-Identify-Conquer-Varnish-09-300x150.png","contentUrl":"https:\/\/reladyne.com\/wp-content\/uploads\/2020\/09\/Webinar-Branding-Items-How-to-Identify-Conquer-Varnish-09-300x150.png"},{"@type":"BreadcrumbList","@id":"https:\/\/reladyne.com\/es\/webinars\/#breadcrumb","itemListElement":[{"@type":"ListItem","position":1,"name":"Home","item":"https:\/\/reladyne.com\/es\/"},{"@type":"ListItem","position":2,"name":"Webinars"}]},{"@type":"WebSite","@id":"https:\/\/reladyne.com\/es\/#website","url":"https:\/\/reladyne.com\/es\/","name":"RelaDyne","description":"RelaDyne | Bulk Oil, Fuel &amp; Lubricants Distributor","publisher":{"@id":"https:\/\/reladyne.com\/es\/#organization"},"potentialAction":[{"@type":"SearchAction","target":{"@type":"EntryPoint","urlTemplate":"https:\/\/reladyne.com\/es\/?s={search_term_string}"},"query-input":{"@type":"PropertyValueSpecification","valueRequired":true,"valueName":"search_term_string"}}],"inLanguage":"es"},{"@type":"Organization","@id":"https:\/\/reladyne.com\/es\/#organization","name":"RelaDyne","url":"https:\/\/reladyne.com\/es\/","logo":{"@type":"ImageObject","inLanguage":"es","@id":"https:\/\/reladyne.com\/es\/#\/schema\/logo\/image\/","url":"https:\/\/reladyne.com\/wp-content\/uploads\/2020\/07\/RelaDyne-square-logo.jpg","contentUrl":"https:\/\/reladyne.com\/wp-content\/uploads\/2020\/07\/RelaDyne-square-logo.jpg","width":1500,"height":1500,"caption":"RelaDyne"},"image":{"@id":"https:\/\/reladyne.com\/es\/#\/schema\/logo\/image\/"},"sameAs":["https:\/\/www.facebook.com\/RelaDyne\/","https:\/\/x.com\/RelaDyne"]}]}},"_links":{"self":[{"href":"https:\/\/reladyne.com\/es\/wp-json\/wp\/v2\/pages\/10087","targetHints":{"allow":["GET"]}}],"collection":[{"href":"https:\/\/reladyne.com\/es\/wp-json\/wp\/v2\/pages"}],"about":[{"href":"https:\/\/reladyne.com\/es\/wp-json\/wp\/v2\/types\/page"}],"author":[{"embeddable":true,"href":"https:\/\/reladyne.com\/es\/wp-json\/wp\/v2\/users\/2"}],"replies":[{"embeddable":true,"href":"https:\/\/reladyne.com\/es\/wp-json\/wp\/v2\/comments?post=10087"}],"version-history":[{"count":14,"href":"https:\/\/reladyne.com\/es\/wp-json\/wp\/v2\/pages\/10087\/revisions"}],"predecessor-version":[{"id":12153,"href":"https:\/\/reladyne.com\/es\/wp-json\/wp\/v2\/pages\/10087\/revisions\/12153"}],"wp:attachment":[{"href":"https:\/\/reladyne.com\/es\/wp-json\/wp\/v2\/media?parent=10087"}],"wp:term":[{"taxonomy":"folder","embeddable":true,"href":"https:\/\/reladyne.com\/es\/wp-json\/wp\/v2\/folder?post=10087"}],"curies":[{"name":"wp","href":"https:\/\/api.w.org\/{rel}","templated":true}]}}