{"id":10146,"date":"2019-08-08T18:25:11","date_gmt":"2019-08-08T22:25:11","guid":{"rendered":"https:\/\/dev3.helmetstudio.com\/productos-y-soluciones\/"},"modified":"2025-10-23T14:04:08","modified_gmt":"2025-10-23T18:04:08","slug":"products-solutions","status":"publish","type":"page","link":"https:\/\/reladyne.com\/es\/products-solutions\/","title":{"rendered":"Productos y soluciones"},"content":{"rendered":"<div class=\"wpb-content-wrapper\"><p>[vc_row][vc_column css=\u00bb.vc_custom_1573574740206{padding-top: 60px !important;padding-right: 70px !important;padding-left: 70px !important;}\u00bb][vc_column_text css=\u00bb\u00bb]<\/p>\n<h2 style=\"text-align: center;\" data-start=\"222\" data-end=\"394\">En RelaDyne, suministramos los <strong data-start=\"250\" data-end=\"296\">lubricantes, el combustible y los servicios de fiabilidad<\/strong> de los que depende su explotaci\u00f3n, todos ellos dise\u00f1ados para ayudarle a funcionar de forma m\u00e1s inteligente, durante m\u00e1s tiempo y con mayor eficacia.<\/h2>\n<p style=\"text-align: center;\" data-start=\"396\" data-end=\"602\">Nuestro enfoque integrado combina <strong data-start=\"429\" data-end=\"458\">productos l\u00edderes del sector<\/strong> con <strong data-start=\"464\" data-end=\"500\">programas de fiabilidad basados en datos<\/strong> y <strong data-start=\"505\" data-end=\"528\">asesoramiento experto<\/strong> para crear soluciones personalizadas para tu organizaci\u00f3n y tu base de clientes. Con d\u00e9cadas de experiencia en todos los sectores, nuestro equipo desarrolla programas a medida que generan resultados reales, desde la <strong data-start=\"717\" data-end=\"749\">fijaci\u00f3n de precios y la formaci\u00f3n<\/strong> hasta la <strong data-start=\"753\" data-end=\"798\">asistencia in situ y la planificaci\u00f3n de la optimizaci\u00f3n<\/strong>. <\/p>\n<p style=\"text-align: center;\" data-start=\"803\" data-end=\"1057\">Deje que RelaDyne sea su socio de confianza en rendimiento y rentabilidad. Juntos, le ayudaremos a <strong data-start=\"901\" data-end=\"973\">reducir el tiempo de inactividad, prolongar la vida \u00fatil de los equipos y mejorar su cuenta de resultados<\/strong> a trav\u00e9s de nuestra oferta de clase mundial de <strong data-start=\"1010\" data-end=\"1056\">Lubricantes, Combustible y Servicios de Fiabilidad<\/strong>. <\/p>\n<p>[\/vc_column_text][\/vc_column][vc_column][vc_basic_grid post_type=\u00bbproducts-solutions\u00bb max_items=\u00bb-1&#8243; show_filter=\u00bbyes\u00bb orderby=\u00bbtitle\u00bb order=\u00bbASC\u00bb item=\u00bb1045&#8243; grid_id=\u00bbvc_gid:1761242529107-efdc7981-b80b-7&#8243; taxonomies=\u00bb13, 3, 2, 5, 4, 28&#8243; filter_source=\u00bbpost_tag\u00bb exclude_filter=\u00bb13, 67&#8243;][\/vc_column][\/vc_row]<\/p>\n<\/div>","protected":false},"excerpt":{"rendered":"<p>[vc_row][vc_column css=\u00bb.vc_custom_1573574740206{padding-top: 60px !important;padding-right: 70px !important;padding-left: 70px !important;}\u00bb][vc_column_text css=\u00bb\u00bb] En RelaDyne, suministramos los lubricantes, el combustible y los servicios de fiabilidad de los que depende [&hellip;]<\/p>\n","protected":false},"author":1,"featured_media":0,"parent":0,"menu_order":5,"comment_status":"closed","ping_status":"closed","template":"","meta":{"_acf_changed":false,"content-type":"","inline_featured_image":false,"footnotes":""},"folder":[],"class_list":["post-10146","page","type-page","status-publish","hentry","entry"],"acf":[],"yoast_head":"<!-- This site is optimized with the Yoast SEO Premium plugin v26.6 (Yoast SEO v26.6) - https:\/\/yoast.com\/wordpress\/plugins\/seo\/ -->\n<title>Productos y soluciones : RelaDyne<\/title>\n<meta name=\"robots\" content=\"index, follow, max-snippet:-1, max-image-preview:large, max-video-preview:-1\" \/>\n<link rel=\"canonical\" href=\"https:\/\/reladyne.com\/es\/products-solutions\/\" \/>\n<meta property=\"og:locale\" content=\"es_ES\" \/>\n<meta property=\"og:type\" content=\"article\" \/>\n<meta property=\"og:title\" content=\"Productos y soluciones\" \/>\n<meta property=\"og:description\" content=\"[vc_row][vc_column css=\u00bb.vc_custom_1573574740206{padding-top: 60px !important;padding-right: 70px !important;padding-left: 70px !important;}\u00bb][vc_column_text css=\u00bb\u00bb] En RelaDyne, suministramos los lubricantes, el combustible y los servicios de fiabilidad de los que depende [&hellip;]\" \/>\n<meta property=\"og:url\" content=\"https:\/\/reladyne.com\/es\/products-solutions\/\" \/>\n<meta property=\"og:site_name\" content=\"RelaDyne\" \/>\n<meta property=\"article:publisher\" content=\"https:\/\/www.facebook.com\/RelaDyne\/\" \/>\n<meta property=\"article:modified_time\" content=\"2025-10-23T18:04:08+00:00\" \/>\n<meta name=\"twitter:card\" content=\"summary_large_image\" \/>\n<meta name=\"twitter:site\" content=\"@RelaDyne\" \/>\n<meta name=\"twitter:label1\" content=\"Tiempo de lectura\" \/>\n\t<meta name=\"twitter:data1\" content=\"1 minuto\" \/>\n<script type=\"application\/ld+json\" class=\"yoast-schema-graph\">{\"@context\":\"https:\/\/schema.org\",\"@graph\":[{\"@type\":\"WebPage\",\"@id\":\"https:\/\/reladyne.com\/es\/products-solutions\/\",\"url\":\"https:\/\/reladyne.com\/es\/products-solutions\/\",\"name\":\"Productos y soluciones : RelaDyne\",\"isPartOf\":{\"@id\":\"https:\/\/reladyne.com\/es\/#website\"},\"datePublished\":\"2019-08-08T22:25:11+00:00\",\"dateModified\":\"2025-10-23T18:04:08+00:00\",\"breadcrumb\":{\"@id\":\"https:\/\/reladyne.com\/es\/products-solutions\/#breadcrumb\"},\"inLanguage\":\"es\",\"potentialAction\":[{\"@type\":\"ReadAction\",\"target\":[\"https:\/\/reladyne.com\/es\/products-solutions\/\"]}]},{\"@type\":\"BreadcrumbList\",\"@id\":\"https:\/\/reladyne.com\/es\/products-solutions\/#breadcrumb\",\"itemListElement\":[{\"@type\":\"ListItem\",\"position\":1,\"name\":\"Home\",\"item\":\"https:\/\/reladyne.com\/es\/\"},{\"@type\":\"ListItem\",\"position\":2,\"name\":\"Productos y soluciones\"}]},{\"@type\":\"WebSite\",\"@id\":\"https:\/\/reladyne.com\/es\/#website\",\"url\":\"https:\/\/reladyne.com\/es\/\",\"name\":\"RelaDyne\",\"description\":\"RelaDyne | Bulk Oil, Fuel &amp; Lubricants Distributor\",\"publisher\":{\"@id\":\"https:\/\/reladyne.com\/es\/#organization\"},\"potentialAction\":[{\"@type\":\"SearchAction\",\"target\":{\"@type\":\"EntryPoint\",\"urlTemplate\":\"https:\/\/reladyne.com\/es\/?s={search_term_string}\"},\"query-input\":{\"@type\":\"PropertyValueSpecification\",\"valueRequired\":true,\"valueName\":\"search_term_string\"}}],\"inLanguage\":\"es\"},{\"@type\":\"Organization\",\"@id\":\"https:\/\/reladyne.com\/es\/#organization\",\"name\":\"RelaDyne\",\"url\":\"https:\/\/reladyne.com\/es\/\",\"logo\":{\"@type\":\"ImageObject\",\"inLanguage\":\"es\",\"@id\":\"https:\/\/reladyne.com\/es\/#\/schema\/logo\/image\/\",\"url\":\"https:\/\/reladyne.com\/wp-content\/uploads\/2020\/07\/RelaDyne-square-logo.jpg\",\"contentUrl\":\"https:\/\/reladyne.com\/wp-content\/uploads\/2020\/07\/RelaDyne-square-logo.jpg\",\"width\":1500,\"height\":1500,\"caption\":\"RelaDyne\"},\"image\":{\"@id\":\"https:\/\/reladyne.com\/es\/#\/schema\/logo\/image\/\"},\"sameAs\":[\"https:\/\/www.facebook.com\/RelaDyne\/\",\"https:\/\/x.com\/RelaDyne\"]}]}<\/script>\n<!-- \/ Yoast SEO Premium plugin. -->","yoast_head_json":{"title":"Productos y soluciones : RelaDyne","robots":{"index":"index","follow":"follow","max-snippet":"max-snippet:-1","max-image-preview":"max-image-preview:large","max-video-preview":"max-video-preview:-1"},"canonical":"https:\/\/reladyne.com\/es\/products-solutions\/","og_locale":"es_ES","og_type":"article","og_title":"Productos y soluciones","og_description":"[vc_row][vc_column css=\u00bb.vc_custom_1573574740206{padding-top: 60px !important;padding-right: 70px !important;padding-left: 70px !important;}\u00bb][vc_column_text css=\u00bb\u00bb] En RelaDyne, suministramos los lubricantes, el combustible y los servicios de fiabilidad de los que depende [&hellip;]","og_url":"https:\/\/reladyne.com\/es\/products-solutions\/","og_site_name":"RelaDyne","article_publisher":"https:\/\/www.facebook.com\/RelaDyne\/","article_modified_time":"2025-10-23T18:04:08+00:00","twitter_card":"summary_large_image","twitter_site":"@RelaDyne","twitter_misc":{"Tiempo de lectura":"1 minuto"},"schema":{"@context":"https:\/\/schema.org","@graph":[{"@type":"WebPage","@id":"https:\/\/reladyne.com\/es\/products-solutions\/","url":"https:\/\/reladyne.com\/es\/products-solutions\/","name":"Productos y soluciones : RelaDyne","isPartOf":{"@id":"https:\/\/reladyne.com\/es\/#website"},"datePublished":"2019-08-08T22:25:11+00:00","dateModified":"2025-10-23T18:04:08+00:00","breadcrumb":{"@id":"https:\/\/reladyne.com\/es\/products-solutions\/#breadcrumb"},"inLanguage":"es","potentialAction":[{"@type":"ReadAction","target":["https:\/\/reladyne.com\/es\/products-solutions\/"]}]},{"@type":"BreadcrumbList","@id":"https:\/\/reladyne.com\/es\/products-solutions\/#breadcrumb","itemListElement":[{"@type":"ListItem","position":1,"name":"Home","item":"https:\/\/reladyne.com\/es\/"},{"@type":"ListItem","position":2,"name":"Productos y soluciones"}]},{"@type":"WebSite","@id":"https:\/\/reladyne.com\/es\/#website","url":"https:\/\/reladyne.com\/es\/","name":"RelaDyne","description":"RelaDyne | Bulk Oil, Fuel &amp; Lubricants Distributor","publisher":{"@id":"https:\/\/reladyne.com\/es\/#organization"},"potentialAction":[{"@type":"SearchAction","target":{"@type":"EntryPoint","urlTemplate":"https:\/\/reladyne.com\/es\/?s={search_term_string}"},"query-input":{"@type":"PropertyValueSpecification","valueRequired":true,"valueName":"search_term_string"}}],"inLanguage":"es"},{"@type":"Organization","@id":"https:\/\/reladyne.com\/es\/#organization","name":"RelaDyne","url":"https:\/\/reladyne.com\/es\/","logo":{"@type":"ImageObject","inLanguage":"es","@id":"https:\/\/reladyne.com\/es\/#\/schema\/logo\/image\/","url":"https:\/\/reladyne.com\/wp-content\/uploads\/2020\/07\/RelaDyne-square-logo.jpg","contentUrl":"https:\/\/reladyne.com\/wp-content\/uploads\/2020\/07\/RelaDyne-square-logo.jpg","width":1500,"height":1500,"caption":"RelaDyne"},"image":{"@id":"https:\/\/reladyne.com\/es\/#\/schema\/logo\/image\/"},"sameAs":["https:\/\/www.facebook.com\/RelaDyne\/","https:\/\/x.com\/RelaDyne"]}]}},"_links":{"self":[{"href":"https:\/\/reladyne.com\/es\/wp-json\/wp\/v2\/pages\/10146","targetHints":{"allow":["GET"]}}],"collection":[{"href":"https:\/\/reladyne.com\/es\/wp-json\/wp\/v2\/pages"}],"about":[{"href":"https:\/\/reladyne.com\/es\/wp-json\/wp\/v2\/types\/page"}],"author":[{"embeddable":true,"href":"https:\/\/reladyne.com\/es\/wp-json\/wp\/v2\/users\/1"}],"replies":[{"embeddable":true,"href":"https:\/\/reladyne.com\/es\/wp-json\/wp\/v2\/comments?post=10146"}],"version-history":[{"count":14,"href":"https:\/\/reladyne.com\/es\/wp-json\/wp\/v2\/pages\/10146\/revisions"}],"predecessor-version":[{"id":15554,"href":"https:\/\/reladyne.com\/es\/wp-json\/wp\/v2\/pages\/10146\/revisions\/15554"}],"wp:attachment":[{"href":"https:\/\/reladyne.com\/es\/wp-json\/wp\/v2\/media?parent=10146"}],"wp:term":[{"taxonomy":"folder","embeddable":true,"href":"https:\/\/reladyne.com\/es\/wp-json\/wp\/v2\/folder?post=10146"}],"curies":[{"name":"wp","href":"https:\/\/api.w.org\/{rel}","templated":true}]}}