{"id":10163,"date":"2019-08-08T18:25:11","date_gmt":"2019-08-08T22:25:11","guid":{"rendered":"https:\/\/dev3.helmetstudio.com\/servicios-de-fiabilidad\/"},"modified":"2025-10-23T14:05:40","modified_gmt":"2025-10-23T18:05:40","slug":"fiabilidad-servicios","status":"publish","type":"page","link":"https:\/\/reladyne.com\/es\/fiabilidad-servicios\/","title":{"rendered":"Servicios de fiabilidad"},"content":{"rendered":"<div class=\"wpb-content-wrapper\"><p>[vc_row full_width=\u00bbstretch_row\u00bb content_placement=\u00bbmiddle\u00bb css=\u00bb.vc_custom_1583440716343{background-color: #dff2fe !important;}\u00bb][vc_column][vc_row_inner][vc_column_inner][vc_column_text]<\/p>\n<h2 style=\"text-align: center;\">Muchos nombres, ahora una empresa<\/h2>\n<p>[\/vc_column_text][\/vc_column_inner][\/vc_row_inner][vc_row_inner][vc_column_inner][vc_single_image image=\u00bb9106&#8243; img_size=\u00bbfull\u00bb alignment=\u00bbcenter\u00bb][\/vc_column_inner][\/vc_row_inner][vc_btn title=\u00bbM\u00e1s informaci\u00f3n\u00bb color=\u00bbwarning\u00bb align=\u00bbcenter\u00bb link=\u00bburl:https%3A%2F%2Freladyne.com%2Fes%2Freladyne-acquires-circor-reliability-services-business-previously-cot-puritech%2F|title:M%C3%A1s%20informaci%C3%B3n%20sobre%20la%20adquisici%C3%B3n|\u00bb el_class=\u00bbrelaDyneBTN\u00bb][\/vc_column][\/vc_row][vc_row full_width=\u00bbstretch_row_content\u00bb][vc_column][vc_separator border_width=\u00bb3&#8243;][\/vc_column][\/vc_row][vc_row full_width=\u00bbstretch_row_content\u00bb][vc_column width=\u00bb1\/2&#8243;][vc_single_image image=\u00bb8064&#8243; img_size=\u00bbLarge\u00bb alignment=\u00bbcenter\u00bb css=\u00bb\u00bb][\/vc_column][vc_column width=\u00bb1\/3&#8243; css=\u00bb.vc_custom_1698184018583{margin-right: 5% !important;padding-top: 35px !important;}\u00bb][vc_column_text]<\/p>\n<h4>RelaDyne Reliability Services consiste en una s\u00f3lida variedad de soluciones, cada una con habilidades \u00fanicas y equipos especializados necesarios para cumplir o superar las expectativas en todas las industrias.<\/h4>\n<p>[\/vc_column_text][vc_btn title=\u00bbExplorar todas las industrias\u00bb color=\u00bbwarning\u00bb size=\u00bblg\u00bb link=\u00bburl:https%3A%2F%2Freladyne.com%2Fes%2Freliability-services%2Fpor-sectores%2F|title:Por%20sector|\u00bb el_class=\u00bbrelaDyneBTN\u00bb][\/vc_column][vc_column width=\u00bb1\/6&#8243;][\/vc_column][\/vc_row]<\/p>\n<\/div>","protected":false},"excerpt":{"rendered":"<p>[vc_row full_width=\u00bbstretch_row\u00bb content_placement=\u00bbmiddle\u00bb css=\u00bb.vc_custom_1583440716343{background-color: #dff2fe !important;}\u00bb][vc_column][vc_row_inner][vc_column_inner][vc_column_text] Muchos nombres, ahora una empresa [\/vc_column_text][\/vc_column_inner][\/vc_row_inner][vc_row_inner][vc_column_inner][vc_single_image image=\u00bb9106&#8243; img_size=\u00bbfull\u00bb alignment=\u00bbcenter\u00bb][\/vc_column_inner][\/vc_row_inner][vc_btn title=\u00bbM\u00e1s informaci\u00f3n\u00bb color=\u00bbwarning\u00bb align=\u00bbcenter\u00bb link=\u00bburl:https%3A%2F%2Freladyne.com%2Fes%2Freladyne-acquires-circor-reliability-services-business-previously-cot-puritech%2F|title:M%C3%A1s%20informaci%C3%B3n%20sobre%20la%20adquisici%C3%B3n|\u00bb el_class=\u00bbrelaDyneBTN\u00bb][\/vc_column][\/vc_row][vc_row full_width=\u00bbstretch_row_content\u00bb][vc_column][vc_separator border_width=\u00bb3&#8243;][\/vc_column][\/vc_row][vc_row full_width=\u00bbstretch_row_content\u00bb][vc_column width=\u00bb1\/2&#8243;][vc_single_image [&hellip;]<\/p>\n","protected":false},"author":1,"featured_media":9312,"parent":0,"menu_order":6,"comment_status":"closed","ping_status":"closed","template":"reliability-services.php","meta":{"_acf_changed":false,"content-type":"","inline_featured_image":false,"footnotes":""},"folder":[],"class_list":["post-10163","page","type-page","status-publish","has-post-thumbnail","hentry","entry"],"acf":[],"yoast_head":"<!-- This site is optimized with the Yoast SEO Premium plugin v26.6 (Yoast SEO v26.6) - https:\/\/yoast.com\/wordpress\/plugins\/seo\/ -->\n<title>Servicios de fiabilidad : RelaDyne | Servicios industriales para la m\u00e1xima fiabilidad<\/title>\n<meta name=\"description\" content=\"RelaDyne Reliability Services ofrece una cartera \u00fanica y completa de servicios industriales para proporcionar la m\u00e1xima fiabilidad a las plantas y operaciones.\" \/>\n<meta name=\"robots\" content=\"index, follow, max-snippet:-1, max-image-preview:large, max-video-preview:-1\" \/>\n<link rel=\"canonical\" href=\"https:\/\/reladyne.com\/es\/fiabilidad-servicios\/\" \/>\n<meta property=\"og:locale\" content=\"es_ES\" \/>\n<meta property=\"og:type\" content=\"article\" \/>\n<meta property=\"og:title\" content=\"Servicios de fiabilidad\" \/>\n<meta property=\"og:description\" content=\"RelaDyne Reliability Services ofrece una cartera \u00fanica y completa de servicios industriales para proporcionar la m\u00e1xima fiabilidad a las plantas y operaciones.\" \/>\n<meta property=\"og:url\" content=\"https:\/\/reladyne.com\/es\/fiabilidad-servicios\/\" \/>\n<meta property=\"og:site_name\" content=\"RelaDyne\" \/>\n<meta property=\"article:publisher\" content=\"https:\/\/www.facebook.com\/RelaDyne\/\" \/>\n<meta property=\"article:modified_time\" content=\"2025-10-23T18:05:40+00:00\" \/>\n<meta property=\"og:image\" content=\"https:\/\/reladyne.com\/wp-content\/uploads\/2020\/03\/RRS-Square.png\" \/>\n\t<meta property=\"og:image:width\" content=\"1200\" \/>\n\t<meta property=\"og:image:height\" content=\"1200\" \/>\n\t<meta property=\"og:image:type\" content=\"image\/png\" \/>\n<meta name=\"twitter:card\" content=\"summary_large_image\" \/>\n<meta name=\"twitter:site\" content=\"@RelaDyne\" \/>\n<meta name=\"twitter:label1\" content=\"Tiempo de lectura\" \/>\n\t<meta name=\"twitter:data1\" content=\"1 minuto\" \/>\n<script type=\"application\/ld+json\" class=\"yoast-schema-graph\">{\"@context\":\"https:\/\/schema.org\",\"@graph\":[{\"@type\":\"WebPage\",\"@id\":\"https:\/\/reladyne.com\/es\/fiabilidad-servicios\/\",\"url\":\"https:\/\/reladyne.com\/es\/fiabilidad-servicios\/\",\"name\":\"Servicios de fiabilidad : RelaDyne | Servicios industriales para la m\u00e1xima fiabilidad\",\"isPartOf\":{\"@id\":\"https:\/\/reladyne.com\/es\/#website\"},\"primaryImageOfPage\":{\"@id\":\"https:\/\/reladyne.com\/es\/fiabilidad-servicios\/#primaryimage\"},\"image\":{\"@id\":\"https:\/\/reladyne.com\/es\/fiabilidad-servicios\/#primaryimage\"},\"thumbnailUrl\":\"https:\/\/reladyne.com\/wp-content\/uploads\/2020\/03\/RRS-Square.png\",\"datePublished\":\"2019-08-08T22:25:11+00:00\",\"dateModified\":\"2025-10-23T18:05:40+00:00\",\"description\":\"RelaDyne Reliability Services ofrece una cartera \u00fanica y completa de servicios industriales para proporcionar la m\u00e1xima fiabilidad a las plantas y operaciones.\",\"breadcrumb\":{\"@id\":\"https:\/\/reladyne.com\/es\/fiabilidad-servicios\/#breadcrumb\"},\"inLanguage\":\"es\",\"potentialAction\":[{\"@type\":\"ReadAction\",\"target\":[\"https:\/\/reladyne.com\/es\/fiabilidad-servicios\/\"]}]},{\"@type\":\"ImageObject\",\"inLanguage\":\"es\",\"@id\":\"https:\/\/reladyne.com\/es\/fiabilidad-servicios\/#primaryimage\",\"url\":\"https:\/\/reladyne.com\/wp-content\/uploads\/2020\/03\/RRS-Square.png\",\"contentUrl\":\"https:\/\/reladyne.com\/wp-content\/uploads\/2020\/03\/RRS-Square.png\",\"width\":1200,\"height\":1200},{\"@type\":\"BreadcrumbList\",\"@id\":\"https:\/\/reladyne.com\/es\/fiabilidad-servicios\/#breadcrumb\",\"itemListElement\":[{\"@type\":\"ListItem\",\"position\":1,\"name\":\"Home\",\"item\":\"https:\/\/reladyne.com\/es\/\"},{\"@type\":\"ListItem\",\"position\":2,\"name\":\"Servicios de fiabilidad\"}]},{\"@type\":\"WebSite\",\"@id\":\"https:\/\/reladyne.com\/es\/#website\",\"url\":\"https:\/\/reladyne.com\/es\/\",\"name\":\"RelaDyne\",\"description\":\"RelaDyne | Bulk Oil, Fuel &amp; Lubricants Distributor\",\"publisher\":{\"@id\":\"https:\/\/reladyne.com\/es\/#organization\"},\"potentialAction\":[{\"@type\":\"SearchAction\",\"target\":{\"@type\":\"EntryPoint\",\"urlTemplate\":\"https:\/\/reladyne.com\/es\/?s={search_term_string}\"},\"query-input\":{\"@type\":\"PropertyValueSpecification\",\"valueRequired\":true,\"valueName\":\"search_term_string\"}}],\"inLanguage\":\"es\"},{\"@type\":\"Organization\",\"@id\":\"https:\/\/reladyne.com\/es\/#organization\",\"name\":\"RelaDyne\",\"url\":\"https:\/\/reladyne.com\/es\/\",\"logo\":{\"@type\":\"ImageObject\",\"inLanguage\":\"es\",\"@id\":\"https:\/\/reladyne.com\/es\/#\/schema\/logo\/image\/\",\"url\":\"https:\/\/reladyne.com\/wp-content\/uploads\/2020\/07\/RelaDyne-square-logo.jpg\",\"contentUrl\":\"https:\/\/reladyne.com\/wp-content\/uploads\/2020\/07\/RelaDyne-square-logo.jpg\",\"width\":1500,\"height\":1500,\"caption\":\"RelaDyne\"},\"image\":{\"@id\":\"https:\/\/reladyne.com\/es\/#\/schema\/logo\/image\/\"},\"sameAs\":[\"https:\/\/www.facebook.com\/RelaDyne\/\",\"https:\/\/x.com\/RelaDyne\"]}]}<\/script>\n<!-- \/ Yoast SEO Premium plugin. -->","yoast_head_json":{"title":"Servicios de fiabilidad : RelaDyne | Servicios industriales para la m\u00e1xima fiabilidad","description":"RelaDyne Reliability Services ofrece una cartera \u00fanica y completa de servicios industriales para proporcionar la m\u00e1xima fiabilidad a las plantas y operaciones.","robots":{"index":"index","follow":"follow","max-snippet":"max-snippet:-1","max-image-preview":"max-image-preview:large","max-video-preview":"max-video-preview:-1"},"canonical":"https:\/\/reladyne.com\/es\/fiabilidad-servicios\/","og_locale":"es_ES","og_type":"article","og_title":"Servicios de fiabilidad","og_description":"RelaDyne Reliability Services ofrece una cartera \u00fanica y completa de servicios industriales para proporcionar la m\u00e1xima fiabilidad a las plantas y operaciones.","og_url":"https:\/\/reladyne.com\/es\/fiabilidad-servicios\/","og_site_name":"RelaDyne","article_publisher":"https:\/\/www.facebook.com\/RelaDyne\/","article_modified_time":"2025-10-23T18:05:40+00:00","og_image":[{"width":1200,"height":1200,"url":"https:\/\/reladyne.com\/wp-content\/uploads\/2020\/03\/RRS-Square.png","type":"image\/png"}],"twitter_card":"summary_large_image","twitter_site":"@RelaDyne","twitter_misc":{"Tiempo de lectura":"1 minuto"},"schema":{"@context":"https:\/\/schema.org","@graph":[{"@type":"WebPage","@id":"https:\/\/reladyne.com\/es\/fiabilidad-servicios\/","url":"https:\/\/reladyne.com\/es\/fiabilidad-servicios\/","name":"Servicios de fiabilidad : RelaDyne | Servicios industriales para la m\u00e1xima fiabilidad","isPartOf":{"@id":"https:\/\/reladyne.com\/es\/#website"},"primaryImageOfPage":{"@id":"https:\/\/reladyne.com\/es\/fiabilidad-servicios\/#primaryimage"},"image":{"@id":"https:\/\/reladyne.com\/es\/fiabilidad-servicios\/#primaryimage"},"thumbnailUrl":"https:\/\/reladyne.com\/wp-content\/uploads\/2020\/03\/RRS-Square.png","datePublished":"2019-08-08T22:25:11+00:00","dateModified":"2025-10-23T18:05:40+00:00","description":"RelaDyne Reliability Services ofrece una cartera \u00fanica y completa de servicios industriales para proporcionar la m\u00e1xima fiabilidad a las plantas y operaciones.","breadcrumb":{"@id":"https:\/\/reladyne.com\/es\/fiabilidad-servicios\/#breadcrumb"},"inLanguage":"es","potentialAction":[{"@type":"ReadAction","target":["https:\/\/reladyne.com\/es\/fiabilidad-servicios\/"]}]},{"@type":"ImageObject","inLanguage":"es","@id":"https:\/\/reladyne.com\/es\/fiabilidad-servicios\/#primaryimage","url":"https:\/\/reladyne.com\/wp-content\/uploads\/2020\/03\/RRS-Square.png","contentUrl":"https:\/\/reladyne.com\/wp-content\/uploads\/2020\/03\/RRS-Square.png","width":1200,"height":1200},{"@type":"BreadcrumbList","@id":"https:\/\/reladyne.com\/es\/fiabilidad-servicios\/#breadcrumb","itemListElement":[{"@type":"ListItem","position":1,"name":"Home","item":"https:\/\/reladyne.com\/es\/"},{"@type":"ListItem","position":2,"name":"Servicios de fiabilidad"}]},{"@type":"WebSite","@id":"https:\/\/reladyne.com\/es\/#website","url":"https:\/\/reladyne.com\/es\/","name":"RelaDyne","description":"RelaDyne | Bulk Oil, Fuel &amp; Lubricants Distributor","publisher":{"@id":"https:\/\/reladyne.com\/es\/#organization"},"potentialAction":[{"@type":"SearchAction","target":{"@type":"EntryPoint","urlTemplate":"https:\/\/reladyne.com\/es\/?s={search_term_string}"},"query-input":{"@type":"PropertyValueSpecification","valueRequired":true,"valueName":"search_term_string"}}],"inLanguage":"es"},{"@type":"Organization","@id":"https:\/\/reladyne.com\/es\/#organization","name":"RelaDyne","url":"https:\/\/reladyne.com\/es\/","logo":{"@type":"ImageObject","inLanguage":"es","@id":"https:\/\/reladyne.com\/es\/#\/schema\/logo\/image\/","url":"https:\/\/reladyne.com\/wp-content\/uploads\/2020\/07\/RelaDyne-square-logo.jpg","contentUrl":"https:\/\/reladyne.com\/wp-content\/uploads\/2020\/07\/RelaDyne-square-logo.jpg","width":1500,"height":1500,"caption":"RelaDyne"},"image":{"@id":"https:\/\/reladyne.com\/es\/#\/schema\/logo\/image\/"},"sameAs":["https:\/\/www.facebook.com\/RelaDyne\/","https:\/\/x.com\/RelaDyne"]}]}},"_links":{"self":[{"href":"https:\/\/reladyne.com\/es\/wp-json\/wp\/v2\/pages\/10163","targetHints":{"allow":["GET"]}}],"collection":[{"href":"https:\/\/reladyne.com\/es\/wp-json\/wp\/v2\/pages"}],"about":[{"href":"https:\/\/reladyne.com\/es\/wp-json\/wp\/v2\/types\/page"}],"author":[{"embeddable":true,"href":"https:\/\/reladyne.com\/es\/wp-json\/wp\/v2\/users\/1"}],"replies":[{"embeddable":true,"href":"https:\/\/reladyne.com\/es\/wp-json\/wp\/v2\/comments?post=10163"}],"version-history":[{"count":35,"href":"https:\/\/reladyne.com\/es\/wp-json\/wp\/v2\/pages\/10163\/revisions"}],"predecessor-version":[{"id":15558,"href":"https:\/\/reladyne.com\/es\/wp-json\/wp\/v2\/pages\/10163\/revisions\/15558"}],"wp:featuredmedia":[{"embeddable":true,"href":"https:\/\/reladyne.com\/es\/wp-json\/wp\/v2\/media\/9312"}],"wp:attachment":[{"href":"https:\/\/reladyne.com\/es\/wp-json\/wp\/v2\/media?parent=10163"}],"wp:term":[{"taxonomy":"folder","embeddable":true,"href":"https:\/\/reladyne.com\/es\/wp-json\/wp\/v2\/folder?post=10163"}],"curies":[{"name":"wp","href":"https:\/\/api.w.org\/{rel}","templated":true}]}}