{"id":10170,"date":"2019-07-30T21:09:38","date_gmt":"2019-07-31T01:09:38","guid":{"rendered":"https:\/\/dev3.helmetstudio.com\/contact\/"},"modified":"2025-12-30T13:22:35","modified_gmt":"2025-12-30T17:22:35","slug":"contact","status":"publish","type":"page","link":"https:\/\/reladyne.com\/es\/contact\/","title":{"rendered":"Ponte en contacto con"},"content":{"rendered":"","protected":false},"excerpt":{"rendered":"","protected":false},"author":1,"featured_media":12998,"parent":0,"menu_order":3,"comment_status":"closed","ping_status":"closed","template":"page_contact.php","meta":{"_acf_changed":false,"content-type":"","inline_featured_image":false,"footnotes":""},"folder":[],"class_list":["post-10170","page","type-page","status-publish","has-post-thumbnail","hentry","entry"],"acf":[],"yoast_head":"<!-- This site is optimized with the Yoast SEO Premium plugin v26.6 (Yoast SEO v26.6) - https:\/\/yoast.com\/wordpress\/plugins\/seo\/ -->\n<title>Ponte en contacto con : RelaDyne<\/title>\n<meta name=\"description\" content=\"Estamos aqu\u00ed para servirle. Tanto si prefiere chatear en l\u00ednea como hablar por tel\u00e9fono, nuestro equipo est\u00e1 preparado para ayudarle.\" \/>\n<meta name=\"robots\" content=\"index, follow, max-snippet:-1, max-image-preview:large, max-video-preview:-1\" \/>\n<link rel=\"canonical\" href=\"https:\/\/reladyne.com\/es\/contact\/\" \/>\n<meta property=\"og:locale\" content=\"es_ES\" \/>\n<meta property=\"og:type\" content=\"article\" \/>\n<meta property=\"og:title\" content=\"Ponte en contacto con\" \/>\n<meta property=\"og:description\" content=\"Estamos aqu\u00ed para servirle. Tanto si prefiere chatear en l\u00ednea como hablar por tel\u00e9fono, nuestro equipo est\u00e1 preparado para ayudarle.\" \/>\n<meta property=\"og:url\" content=\"https:\/\/reladyne.com\/es\/contact\/\" \/>\n<meta property=\"og:site_name\" content=\"RelaDyne\" \/>\n<meta property=\"article:publisher\" content=\"https:\/\/www.facebook.com\/RelaDyne\/\" \/>\n<meta property=\"article:modified_time\" content=\"2025-12-30T17:22:35+00:00\" \/>\n<meta property=\"og:image\" content=\"https:\/\/reladyne.com\/wp-content\/uploads\/2024\/06\/reladyne-map.jpg\" \/>\n\t<meta property=\"og:image:width\" content=\"1500\" \/>\n\t<meta property=\"og:image:height\" content=\"747\" \/>\n\t<meta property=\"og:image:type\" content=\"image\/jpeg\" \/>\n<meta name=\"twitter:card\" content=\"summary_large_image\" \/>\n<meta name=\"twitter:site\" content=\"@RelaDyne\" \/>\n<script type=\"application\/ld+json\" class=\"yoast-schema-graph\">{\"@context\":\"https:\/\/schema.org\",\"@graph\":[{\"@type\":\"WebPage\",\"@id\":\"https:\/\/reladyne.com\/es\/contact\/\",\"url\":\"https:\/\/reladyne.com\/es\/contact\/\",\"name\":\"Ponte en contacto con : RelaDyne\",\"isPartOf\":{\"@id\":\"https:\/\/reladyne.com\/es\/#website\"},\"primaryImageOfPage\":{\"@id\":\"https:\/\/reladyne.com\/es\/contact\/#primaryimage\"},\"image\":{\"@id\":\"https:\/\/reladyne.com\/es\/contact\/#primaryimage\"},\"thumbnailUrl\":\"https:\/\/reladyne.com\/wp-content\/uploads\/2024\/06\/reladyne-map.jpg\",\"datePublished\":\"2019-07-31T01:09:38+00:00\",\"dateModified\":\"2025-12-30T17:22:35+00:00\",\"description\":\"Estamos aqu\u00ed para servirle. Tanto si prefiere chatear en l\u00ednea como hablar por tel\u00e9fono, nuestro equipo est\u00e1 preparado para ayudarle.\",\"breadcrumb\":{\"@id\":\"https:\/\/reladyne.com\/es\/contact\/#breadcrumb\"},\"inLanguage\":\"es\",\"potentialAction\":[{\"@type\":\"ReadAction\",\"target\":[\"https:\/\/reladyne.com\/es\/contact\/\"]}]},{\"@type\":\"ImageObject\",\"inLanguage\":\"es\",\"@id\":\"https:\/\/reladyne.com\/es\/contact\/#primaryimage\",\"url\":\"https:\/\/reladyne.com\/wp-content\/uploads\/2024\/06\/reladyne-map.jpg\",\"contentUrl\":\"https:\/\/reladyne.com\/wp-content\/uploads\/2024\/06\/reladyne-map.jpg\",\"width\":1500,\"height\":747},{\"@type\":\"BreadcrumbList\",\"@id\":\"https:\/\/reladyne.com\/es\/contact\/#breadcrumb\",\"itemListElement\":[{\"@type\":\"ListItem\",\"position\":1,\"name\":\"Home\",\"item\":\"https:\/\/reladyne.com\/es\/\"},{\"@type\":\"ListItem\",\"position\":2,\"name\":\"Ponte en contacto con\"}]},{\"@type\":\"WebSite\",\"@id\":\"https:\/\/reladyne.com\/es\/#website\",\"url\":\"https:\/\/reladyne.com\/es\/\",\"name\":\"RelaDyne\",\"description\":\"RelaDyne | Bulk Oil, Fuel &amp; Lubricants Distributor\",\"publisher\":{\"@id\":\"https:\/\/reladyne.com\/es\/#organization\"},\"potentialAction\":[{\"@type\":\"SearchAction\",\"target\":{\"@type\":\"EntryPoint\",\"urlTemplate\":\"https:\/\/reladyne.com\/es\/?s={search_term_string}\"},\"query-input\":{\"@type\":\"PropertyValueSpecification\",\"valueRequired\":true,\"valueName\":\"search_term_string\"}}],\"inLanguage\":\"es\"},{\"@type\":\"Organization\",\"@id\":\"https:\/\/reladyne.com\/es\/#organization\",\"name\":\"RelaDyne\",\"url\":\"https:\/\/reladyne.com\/es\/\",\"logo\":{\"@type\":\"ImageObject\",\"inLanguage\":\"es\",\"@id\":\"https:\/\/reladyne.com\/es\/#\/schema\/logo\/image\/\",\"url\":\"https:\/\/reladyne.com\/wp-content\/uploads\/2020\/07\/RelaDyne-square-logo.jpg\",\"contentUrl\":\"https:\/\/reladyne.com\/wp-content\/uploads\/2020\/07\/RelaDyne-square-logo.jpg\",\"width\":1500,\"height\":1500,\"caption\":\"RelaDyne\"},\"image\":{\"@id\":\"https:\/\/reladyne.com\/es\/#\/schema\/logo\/image\/\"},\"sameAs\":[\"https:\/\/www.facebook.com\/RelaDyne\/\",\"https:\/\/x.com\/RelaDyne\"]}]}<\/script>\n<!-- \/ Yoast SEO Premium plugin. -->","yoast_head_json":{"title":"Ponte en contacto con : RelaDyne","description":"Estamos aqu\u00ed para servirle. Tanto si prefiere chatear en l\u00ednea como hablar por tel\u00e9fono, nuestro equipo est\u00e1 preparado para ayudarle.","robots":{"index":"index","follow":"follow","max-snippet":"max-snippet:-1","max-image-preview":"max-image-preview:large","max-video-preview":"max-video-preview:-1"},"canonical":"https:\/\/reladyne.com\/es\/contact\/","og_locale":"es_ES","og_type":"article","og_title":"Ponte en contacto con","og_description":"Estamos aqu\u00ed para servirle. Tanto si prefiere chatear en l\u00ednea como hablar por tel\u00e9fono, nuestro equipo est\u00e1 preparado para ayudarle.","og_url":"https:\/\/reladyne.com\/es\/contact\/","og_site_name":"RelaDyne","article_publisher":"https:\/\/www.facebook.com\/RelaDyne\/","article_modified_time":"2025-12-30T17:22:35+00:00","og_image":[{"width":1500,"height":747,"url":"https:\/\/reladyne.com\/wp-content\/uploads\/2024\/06\/reladyne-map.jpg","type":"image\/jpeg"}],"twitter_card":"summary_large_image","twitter_site":"@RelaDyne","schema":{"@context":"https:\/\/schema.org","@graph":[{"@type":"WebPage","@id":"https:\/\/reladyne.com\/es\/contact\/","url":"https:\/\/reladyne.com\/es\/contact\/","name":"Ponte en contacto con : RelaDyne","isPartOf":{"@id":"https:\/\/reladyne.com\/es\/#website"},"primaryImageOfPage":{"@id":"https:\/\/reladyne.com\/es\/contact\/#primaryimage"},"image":{"@id":"https:\/\/reladyne.com\/es\/contact\/#primaryimage"},"thumbnailUrl":"https:\/\/reladyne.com\/wp-content\/uploads\/2024\/06\/reladyne-map.jpg","datePublished":"2019-07-31T01:09:38+00:00","dateModified":"2025-12-30T17:22:35+00:00","description":"Estamos aqu\u00ed para servirle. Tanto si prefiere chatear en l\u00ednea como hablar por tel\u00e9fono, nuestro equipo est\u00e1 preparado para ayudarle.","breadcrumb":{"@id":"https:\/\/reladyne.com\/es\/contact\/#breadcrumb"},"inLanguage":"es","potentialAction":[{"@type":"ReadAction","target":["https:\/\/reladyne.com\/es\/contact\/"]}]},{"@type":"ImageObject","inLanguage":"es","@id":"https:\/\/reladyne.com\/es\/contact\/#primaryimage","url":"https:\/\/reladyne.com\/wp-content\/uploads\/2024\/06\/reladyne-map.jpg","contentUrl":"https:\/\/reladyne.com\/wp-content\/uploads\/2024\/06\/reladyne-map.jpg","width":1500,"height":747},{"@type":"BreadcrumbList","@id":"https:\/\/reladyne.com\/es\/contact\/#breadcrumb","itemListElement":[{"@type":"ListItem","position":1,"name":"Home","item":"https:\/\/reladyne.com\/es\/"},{"@type":"ListItem","position":2,"name":"Ponte en contacto con"}]},{"@type":"WebSite","@id":"https:\/\/reladyne.com\/es\/#website","url":"https:\/\/reladyne.com\/es\/","name":"RelaDyne","description":"RelaDyne | Bulk Oil, Fuel &amp; Lubricants Distributor","publisher":{"@id":"https:\/\/reladyne.com\/es\/#organization"},"potentialAction":[{"@type":"SearchAction","target":{"@type":"EntryPoint","urlTemplate":"https:\/\/reladyne.com\/es\/?s={search_term_string}"},"query-input":{"@type":"PropertyValueSpecification","valueRequired":true,"valueName":"search_term_string"}}],"inLanguage":"es"},{"@type":"Organization","@id":"https:\/\/reladyne.com\/es\/#organization","name":"RelaDyne","url":"https:\/\/reladyne.com\/es\/","logo":{"@type":"ImageObject","inLanguage":"es","@id":"https:\/\/reladyne.com\/es\/#\/schema\/logo\/image\/","url":"https:\/\/reladyne.com\/wp-content\/uploads\/2020\/07\/RelaDyne-square-logo.jpg","contentUrl":"https:\/\/reladyne.com\/wp-content\/uploads\/2020\/07\/RelaDyne-square-logo.jpg","width":1500,"height":1500,"caption":"RelaDyne"},"image":{"@id":"https:\/\/reladyne.com\/es\/#\/schema\/logo\/image\/"},"sameAs":["https:\/\/www.facebook.com\/RelaDyne\/","https:\/\/x.com\/RelaDyne"]}]}},"_links":{"self":[{"href":"https:\/\/reladyne.com\/es\/wp-json\/wp\/v2\/pages\/10170","targetHints":{"allow":["GET"]}}],"collection":[{"href":"https:\/\/reladyne.com\/es\/wp-json\/wp\/v2\/pages"}],"about":[{"href":"https:\/\/reladyne.com\/es\/wp-json\/wp\/v2\/types\/page"}],"author":[{"embeddable":true,"href":"https:\/\/reladyne.com\/es\/wp-json\/wp\/v2\/users\/1"}],"replies":[{"embeddable":true,"href":"https:\/\/reladyne.com\/es\/wp-json\/wp\/v2\/comments?post=10170"}],"version-history":[{"count":4,"href":"https:\/\/reladyne.com\/es\/wp-json\/wp\/v2\/pages\/10170\/revisions"}],"predecessor-version":[{"id":15688,"href":"https:\/\/reladyne.com\/es\/wp-json\/wp\/v2\/pages\/10170\/revisions\/15688"}],"wp:featuredmedia":[{"embeddable":true,"href":"https:\/\/reladyne.com\/es\/wp-json\/wp\/v2\/media\/12998"}],"wp:attachment":[{"href":"https:\/\/reladyne.com\/es\/wp-json\/wp\/v2\/media?parent=10170"}],"wp:term":[{"taxonomy":"folder","embeddable":true,"href":"https:\/\/reladyne.com\/es\/wp-json\/wp\/v2\/folder?post=10170"}],"curies":[{"name":"wp","href":"https:\/\/api.w.org\/{rel}","templated":true}]}}