{"id":10171,"date":"2019-08-08T18:25:11","date_gmt":"2019-08-08T22:25:11","guid":{"rendered":"https:\/\/dev3.helmetstudio.com\/adquisiciones\/"},"modified":"2025-02-12T19:08:43","modified_gmt":"2025-02-12T23:08:43","slug":"reladyne-acquisitions","status":"publish","type":"page","link":"https:\/\/reladyne.com\/es\/reladyne-acquisitions\/","title":{"rendered":"Adquisiciones"},"content":{"rendered":"&#13;\n<h3 class=\"wp-block-heading\">\u00danase a la familia RelaDyne<\/h3>&#13;\n&#13;\n<p>Las adquisiciones son una parte importante de la estrategia de RelaDyne. Buscamos empresas que nos aporten nuevas geograf\u00edas, as\u00ed como empresas que est\u00e9n en nuestra huella actual y que nos hagan m\u00e1s fuertes.<\/p>&#13;\n&#13;\n<p>Si est\u00e1 interesado en que su empresa se una a la familia RelaDyne, rellene este formulario y un representante de RelaDyne se pondr\u00e1 en contacto con usted para hablar sobre ello.<\/p>&#13;\n","protected":false},"excerpt":{"rendered":"<p>&#13; \u00danase a la familia RelaDyne &#13; &#13; Las adquisiciones son una parte importante de la estrategia de RelaDyne. Buscamos empresas que nos aporten nuevas [&hellip;]<\/p>\n","protected":false},"author":1,"featured_media":8005,"parent":0,"menu_order":8,"comment_status":"closed","ping_status":"closed","template":"","meta":{"_acf_changed":false,"content-type":"","inline_featured_image":false,"footnotes":""},"folder":[],"class_list":["post-10171","page","type-page","status-publish","has-post-thumbnail","hentry","entry"],"acf":[],"yoast_head":"<!-- This site is optimized with the Yoast SEO Premium plugin v26.6 (Yoast SEO v26.6) - https:\/\/yoast.com\/wordpress\/plugins\/seo\/ -->\n<title>Adquisiciones RelaDyne<\/title>\n<meta name=\"description\" content=\"Al asociarse con peque\u00f1as empresas de renombre, RelaDyne puede utilizar la experiencia acumulada por el legado de la empresa y basarse en ella.\" \/>\n<meta name=\"robots\" content=\"index, follow, max-snippet:-1, max-image-preview:large, max-video-preview:-1\" \/>\n<link rel=\"canonical\" href=\"https:\/\/reladyne.com\/es\/reladyne-acquisitions\/\" \/>\n<meta property=\"og:locale\" content=\"es_ES\" \/>\n<meta property=\"og:type\" content=\"article\" \/>\n<meta property=\"og:title\" content=\"Adquisiciones\" \/>\n<meta property=\"og:description\" content=\"Al asociarse con peque\u00f1as empresas de renombre, RelaDyne puede utilizar la experiencia acumulada por el legado de la empresa y basarse en ella.\" \/>\n<meta property=\"og:url\" content=\"https:\/\/reladyne.com\/es\/reladyne-acquisitions\/\" \/>\n<meta property=\"og:site_name\" content=\"RelaDyne\" \/>\n<meta property=\"article:publisher\" content=\"https:\/\/www.facebook.com\/RelaDyne\/\" \/>\n<meta property=\"article:modified_time\" content=\"2025-02-12T23:08:43+00:00\" \/>\n<meta name=\"twitter:card\" content=\"summary_large_image\" \/>\n<meta name=\"twitter:site\" content=\"@RelaDyne\" \/>\n<script type=\"application\/ld+json\" class=\"yoast-schema-graph\">{\"@context\":\"https:\/\/schema.org\",\"@graph\":[{\"@type\":\"WebPage\",\"@id\":\"https:\/\/reladyne.com\/es\/reladyne-acquisitions\/\",\"url\":\"https:\/\/reladyne.com\/es\/reladyne-acquisitions\/\",\"name\":\"Adquisiciones RelaDyne\",\"isPartOf\":{\"@id\":\"https:\/\/reladyne.com\/es\/#website\"},\"primaryImageOfPage\":{\"@id\":\"https:\/\/reladyne.com\/es\/reladyne-acquisitions\/#primaryimage\"},\"image\":{\"@id\":\"https:\/\/reladyne.com\/es\/reladyne-acquisitions\/#primaryimage\"},\"thumbnailUrl\":\"https:\/\/reladyne.com\/wp-content\/uploads\/2019\/11\/RelaDyne-family-1.svg\",\"datePublished\":\"2019-08-08T22:25:11+00:00\",\"dateModified\":\"2025-02-12T23:08:43+00:00\",\"description\":\"Al asociarse con peque\u00f1as empresas de renombre, RelaDyne puede utilizar la experiencia acumulada por el legado de la empresa y basarse en ella.\",\"breadcrumb\":{\"@id\":\"https:\/\/reladyne.com\/es\/reladyne-acquisitions\/#breadcrumb\"},\"inLanguage\":\"es\",\"potentialAction\":[{\"@type\":\"ReadAction\",\"target\":[\"https:\/\/reladyne.com\/es\/reladyne-acquisitions\/\"]}]},{\"@type\":\"ImageObject\",\"inLanguage\":\"es\",\"@id\":\"https:\/\/reladyne.com\/es\/reladyne-acquisitions\/#primaryimage\",\"url\":\"https:\/\/reladyne.com\/wp-content\/uploads\/2019\/11\/RelaDyne-family-1.svg\",\"contentUrl\":\"https:\/\/reladyne.com\/wp-content\/uploads\/2019\/11\/RelaDyne-family-1.svg\"},{\"@type\":\"BreadcrumbList\",\"@id\":\"https:\/\/reladyne.com\/es\/reladyne-acquisitions\/#breadcrumb\",\"itemListElement\":[{\"@type\":\"ListItem\",\"position\":1,\"name\":\"Home\",\"item\":\"https:\/\/reladyne.com\/es\/\"},{\"@type\":\"ListItem\",\"position\":2,\"name\":\"Adquisiciones\"}]},{\"@type\":\"WebSite\",\"@id\":\"https:\/\/reladyne.com\/es\/#website\",\"url\":\"https:\/\/reladyne.com\/es\/\",\"name\":\"RelaDyne\",\"description\":\"RelaDyne | Bulk Oil, Fuel &amp; Lubricants Distributor\",\"publisher\":{\"@id\":\"https:\/\/reladyne.com\/es\/#organization\"},\"potentialAction\":[{\"@type\":\"SearchAction\",\"target\":{\"@type\":\"EntryPoint\",\"urlTemplate\":\"https:\/\/reladyne.com\/es\/?s={search_term_string}\"},\"query-input\":{\"@type\":\"PropertyValueSpecification\",\"valueRequired\":true,\"valueName\":\"search_term_string\"}}],\"inLanguage\":\"es\"},{\"@type\":\"Organization\",\"@id\":\"https:\/\/reladyne.com\/es\/#organization\",\"name\":\"RelaDyne\",\"url\":\"https:\/\/reladyne.com\/es\/\",\"logo\":{\"@type\":\"ImageObject\",\"inLanguage\":\"es\",\"@id\":\"https:\/\/reladyne.com\/es\/#\/schema\/logo\/image\/\",\"url\":\"https:\/\/reladyne.com\/wp-content\/uploads\/2020\/07\/RelaDyne-square-logo.jpg\",\"contentUrl\":\"https:\/\/reladyne.com\/wp-content\/uploads\/2020\/07\/RelaDyne-square-logo.jpg\",\"width\":1500,\"height\":1500,\"caption\":\"RelaDyne\"},\"image\":{\"@id\":\"https:\/\/reladyne.com\/es\/#\/schema\/logo\/image\/\"},\"sameAs\":[\"https:\/\/www.facebook.com\/RelaDyne\/\",\"https:\/\/x.com\/RelaDyne\"]}]}<\/script>\n<!-- \/ Yoast SEO Premium plugin. -->","yoast_head_json":{"title":"Adquisiciones RelaDyne","description":"Al asociarse con peque\u00f1as empresas de renombre, RelaDyne puede utilizar la experiencia acumulada por el legado de la empresa y basarse en ella.","robots":{"index":"index","follow":"follow","max-snippet":"max-snippet:-1","max-image-preview":"max-image-preview:large","max-video-preview":"max-video-preview:-1"},"canonical":"https:\/\/reladyne.com\/es\/reladyne-acquisitions\/","og_locale":"es_ES","og_type":"article","og_title":"Adquisiciones","og_description":"Al asociarse con peque\u00f1as empresas de renombre, RelaDyne puede utilizar la experiencia acumulada por el legado de la empresa y basarse en ella.","og_url":"https:\/\/reladyne.com\/es\/reladyne-acquisitions\/","og_site_name":"RelaDyne","article_publisher":"https:\/\/www.facebook.com\/RelaDyne\/","article_modified_time":"2025-02-12T23:08:43+00:00","twitter_card":"summary_large_image","twitter_site":"@RelaDyne","schema":{"@context":"https:\/\/schema.org","@graph":[{"@type":"WebPage","@id":"https:\/\/reladyne.com\/es\/reladyne-acquisitions\/","url":"https:\/\/reladyne.com\/es\/reladyne-acquisitions\/","name":"Adquisiciones RelaDyne","isPartOf":{"@id":"https:\/\/reladyne.com\/es\/#website"},"primaryImageOfPage":{"@id":"https:\/\/reladyne.com\/es\/reladyne-acquisitions\/#primaryimage"},"image":{"@id":"https:\/\/reladyne.com\/es\/reladyne-acquisitions\/#primaryimage"},"thumbnailUrl":"https:\/\/reladyne.com\/wp-content\/uploads\/2019\/11\/RelaDyne-family-1.svg","datePublished":"2019-08-08T22:25:11+00:00","dateModified":"2025-02-12T23:08:43+00:00","description":"Al asociarse con peque\u00f1as empresas de renombre, RelaDyne puede utilizar la experiencia acumulada por el legado de la empresa y basarse en ella.","breadcrumb":{"@id":"https:\/\/reladyne.com\/es\/reladyne-acquisitions\/#breadcrumb"},"inLanguage":"es","potentialAction":[{"@type":"ReadAction","target":["https:\/\/reladyne.com\/es\/reladyne-acquisitions\/"]}]},{"@type":"ImageObject","inLanguage":"es","@id":"https:\/\/reladyne.com\/es\/reladyne-acquisitions\/#primaryimage","url":"https:\/\/reladyne.com\/wp-content\/uploads\/2019\/11\/RelaDyne-family-1.svg","contentUrl":"https:\/\/reladyne.com\/wp-content\/uploads\/2019\/11\/RelaDyne-family-1.svg"},{"@type":"BreadcrumbList","@id":"https:\/\/reladyne.com\/es\/reladyne-acquisitions\/#breadcrumb","itemListElement":[{"@type":"ListItem","position":1,"name":"Home","item":"https:\/\/reladyne.com\/es\/"},{"@type":"ListItem","position":2,"name":"Adquisiciones"}]},{"@type":"WebSite","@id":"https:\/\/reladyne.com\/es\/#website","url":"https:\/\/reladyne.com\/es\/","name":"RelaDyne","description":"RelaDyne | Bulk Oil, Fuel &amp; Lubricants Distributor","publisher":{"@id":"https:\/\/reladyne.com\/es\/#organization"},"potentialAction":[{"@type":"SearchAction","target":{"@type":"EntryPoint","urlTemplate":"https:\/\/reladyne.com\/es\/?s={search_term_string}"},"query-input":{"@type":"PropertyValueSpecification","valueRequired":true,"valueName":"search_term_string"}}],"inLanguage":"es"},{"@type":"Organization","@id":"https:\/\/reladyne.com\/es\/#organization","name":"RelaDyne","url":"https:\/\/reladyne.com\/es\/","logo":{"@type":"ImageObject","inLanguage":"es","@id":"https:\/\/reladyne.com\/es\/#\/schema\/logo\/image\/","url":"https:\/\/reladyne.com\/wp-content\/uploads\/2020\/07\/RelaDyne-square-logo.jpg","contentUrl":"https:\/\/reladyne.com\/wp-content\/uploads\/2020\/07\/RelaDyne-square-logo.jpg","width":1500,"height":1500,"caption":"RelaDyne"},"image":{"@id":"https:\/\/reladyne.com\/es\/#\/schema\/logo\/image\/"},"sameAs":["https:\/\/www.facebook.com\/RelaDyne\/","https:\/\/x.com\/RelaDyne"]}]}},"_links":{"self":[{"href":"https:\/\/reladyne.com\/es\/wp-json\/wp\/v2\/pages\/10171","targetHints":{"allow":["GET"]}}],"collection":[{"href":"https:\/\/reladyne.com\/es\/wp-json\/wp\/v2\/pages"}],"about":[{"href":"https:\/\/reladyne.com\/es\/wp-json\/wp\/v2\/types\/page"}],"author":[{"embeddable":true,"href":"https:\/\/reladyne.com\/es\/wp-json\/wp\/v2\/users\/1"}],"replies":[{"embeddable":true,"href":"https:\/\/reladyne.com\/es\/wp-json\/wp\/v2\/comments?post=10171"}],"version-history":[{"count":5,"href":"https:\/\/reladyne.com\/es\/wp-json\/wp\/v2\/pages\/10171\/revisions"}],"predecessor-version":[{"id":14617,"href":"https:\/\/reladyne.com\/es\/wp-json\/wp\/v2\/pages\/10171\/revisions\/14617"}],"wp:featuredmedia":[{"embeddable":true,"href":"https:\/\/reladyne.com\/es\/wp-json\/wp\/v2\/media\/8005"}],"wp:attachment":[{"href":"https:\/\/reladyne.com\/es\/wp-json\/wp\/v2\/media?parent=10171"}],"wp:term":[{"taxonomy":"folder","embeddable":true,"href":"https:\/\/reladyne.com\/es\/wp-json\/wp\/v2\/folder?post=10171"}],"curies":[{"name":"wp","href":"https:\/\/api.w.org\/{rel}","templated":true}]}}