{"id":10737,"date":"2019-12-19T21:39:29","date_gmt":"2019-12-20T01:39:29","guid":{"rendered":"https:\/\/dev3.helmetstudio.com\/empresa\/carreras\/sea-conductor-de-reladyne\/"},"modified":"2024-01-31T17:15:26","modified_gmt":"2024-01-31T21:15:26","slug":"driver","status":"publish","type":"page","link":"https:\/\/reladyne.com\/es\/company\/careers\/driver\/","title":{"rendered":"Sea conductor de RelaDyne"},"content":{"rendered":"<div class=\"wpb-content-wrapper\"><p>[vc_row][vc_column][vc_column_text]<\/p>\n<h3>Centr\u00e1ndonos en la seguridad, el servicio al cliente, el liderazgo y la profesionalidad, nuestros conductores disponen de recursos y oportunidades para hacer una carrera gratificante para toda la vida con RelaDyne.<\/h3>\n<p>[\/vc_column_text][vc_video link=\u00bbhttps:\/\/vimeo.com\/861753472&#8243;][\/vc_column][\/vc_row][vc_section][vc_row][vc_column][vc_column_text]Nuestros conductores representan m\u00e1s de la mitad de nuestros empleados y desempe\u00f1an un papel fundamental en nuestro negocio. La entrega diaria a nuestros clientes significa que nuestros conductores son realmente la cara de RelaDyne para aquellos que utilizan nuestros productos.[\/vc_column_text][\/vc_column][\/vc_row][vc_row][vc_column][vc_custom_heading text=\u00bbComo Conductor RelaDyne, se le ofrecer\u00e1n muchos beneficios, incluyendo:\u00bb font_container=\u00bbtag:h2|text_align:center|color:%23145dab\u00bb use_theme_fonts=\u00bbyes\u00bb][vc_separator color=\u00bbwhite\u00bb][\/vc_column][\/vc_row][vc_row][vc_column width=\u00bb1\/5&#8243;][vc_icon icon_fontawesome=\u00bbfas fa-calendar-alt\u00bb color=\u00bbcustom\u00bb size=\u00bbxl\u00bb align=\u00bbcenter\u00bb custom_color=\u00bb#1e73be\u00bb][vc_column_text]<\/p>\n<p style=\"text-align: center;\">Vacaciones y baja por enfermedad remuneradas<\/p>\n<p>[\/vc_column_text][\/vc_column][vc_column width=\u00bb1\/5&#8243;][vc_icon icon_fontawesome=\u00bbfas fa-piggy-bank\u00bb color=\u00bbcustom\u00bb size=\u00bbxl\u00bb align=\u00bbcenter\u00bb custom_color=\u00bb#dd9933&#8243;][vc_column_text]<\/p>\n<p style=\"text-align: center;\">401K con aportaci\u00f3n de la empresa<\/p>\n<p>[\/vc_column_text][\/vc_column][vc_column width=\u00bb1\/5&#8243;][vc_icon icon_fontawesome=\u00bbfas fa-heartbeat\u00bb color=\u00bbcustom\u00bb size=\u00bbxl\u00bb align=\u00bbcenter\u00bb custom_color=\u00bb#1e73be\u00bb][vc_column_text]<\/p>\n<p style=\"text-align: center;\">Seguro m\u00e9dico, dental y oftalmol\u00f3gico patrocinado por la empresa<\/p>\n<p>[\/vc_column_text][\/vc_column][vc_column width=\u00bb1\/5&#8243;][vc_icon icon_fontawesome=\u00bbfas fa-money-bill\u00bb color=\u00bbcustom\u00bb size=\u00bbxl\u00bb align=\u00bbcenter\u00bb custom_color=\u00bb#dd9933&#8243;][vc_column_text]<\/p>\n<p style=\"text-align: center;\">Bonificaci\u00f3n trimestral en funci\u00f3n de los resultados<\/p>\n<p>[\/vc_column_text][\/vc_column][vc_column width=\u00bb1\/5&#8243;][vc_icon icon_fontawesome=\u00bbfas fa-award\u00bb color=\u00bbcustom\u00bb size=\u00bbxl\u00bb align=\u00bbcenter\u00bb custom_color=\u00bb#1e73be\u00bb][vc_column_text]<\/p>\n<p style=\"text-align: center;\">Recompensas por resultados e hitos<\/p>\n<p>[\/vc_column_text][\/vc_column][\/vc_row][\/vc_section][vc_row][vc_column][vc_custom_heading text=\u00bbAdem\u00e1s, ser\u00e1 recompensado como participante en el Programa de Embajadores de RelaDyne.\u00bb font_container=\u00bbtag:h2|text_align:center|color:%23145dab\u00bb use_theme_fonts=\u00bbyes\u00bb][vc_row_inner][vc_column_inner width=\u00bb1\/2&#8243;][vc_empty_space height=\u00bb40px\u00bb][vc_single_image image=\u00bb8985&#8243; img_size=\u00bbmedium\u00bb alignment=\u00bbcenter\u00bb][\/vc_column_inner][vc_column_inner width=\u00bb1\/2&#8243;][vc_column_text]<\/p>\n<p style=\"text-align: left;\">El Programa de Embajadores de Conductores est\u00e1 dise\u00f1ado para guiar a nuestros conductores en una carrera exitosa con RelaDyne a trav\u00e9s de un enfoque en cuatro pilares clave: seguridad, servicio al cliente, liderazgo y profesionalismo. Demostrando estos valores y cumpliendo las expectativas del programa de conductores embajadores, nuestros conductores pueden optar a:<\/p>\n<ul>\n<li style=\"text-align: left;\"><span class=\"TextRun SCXP118063740 BCX0\" lang=\"EN-US\" xml:lang=\"EN-US\" data-contrast=\"auto\"><span class=\"NormalTextRun SCXP118063740 BCX0\">Obtenga bonificaciones trimestrales en met\u00e1lico de hasta 500 $ por trimestre por alcanzar m\u00e9tricas de rendimiento espec\u00edficas.<\/span><\/span><\/li>\n<li style=\"text-align: left;\"><span class=\"EOP SCXP118063740 BCX0\"><span class=\"TextRun BCX0 SCXP259915383\" lang=\"EN-US\" xml:lang=\"EN-US\" data-contrast=\"auto\"><span class=\"NormalTextRun BCX0 SCXP259915383\">Gane puntos del programa al ser reconocido por demostrar los Pilares del Programa de Embajadores.  <\/span><\/span><\/span><\/li>\n<li style=\"text-align: left;\"><span class=\"EOP SCXP118063740 BCX0\"><span class=\"TextRun BCX0 SCXP259915383\" lang=\"EN-US\" xml:lang=\"EN-US\" data-contrast=\"auto\"><span class=\"TextRun SCXP241115521 BCX0\" lang=\"EN-US\" xml:lang=\"EN-US\" data-contrast=\"auto\"><span class=\"NormalTextRun SCXP241115521 BCX0\">Acumule puntos del programa para canjearlos en la tienda de premios del programa por productos de su elecci\u00f3n.  <\/span><\/span><\/span><\/span><\/li>\n<li data-charcodes=\"8226\" data-buautonum=\"8\" data-aria-posinset=\"5\" data-aria-level=\"1\"><span data-contrast=\"auto\">Consigue una chaqueta con el logotipo de Driver Ambassador al finalizar el programa<\/span>.<\/li>\n<\/ul>\n<p>[\/vc_column_text][\/vc_column_inner][\/vc_row_inner][vc_btn title=\u00bbSolicite ahora\u00bb style=\u00bbgradient-custom\u00bb gradient_custom_color_1=\u00bb#1e6db2&#8243; gradient_custom_color_2=\u00bb#095198&#8243; size=\u00bblg\u00bb align=\u00bbcenter\u00bb link=\u00bburl:https%3A%2F%2Frecruiting.adp.com%2Fsrccar%2Fpublic%2FRTI.home%3Fc%3D2170219%26d%3DExternalCareerSite%23%2F|title:Solicite%20ahora|target:_blank|\u00bb][\/vc_column][\/vc_row]<\/p>\n<\/div>","protected":false},"excerpt":{"rendered":"<p>[vc_row][vc_column][vc_column_text] Centr\u00e1ndonos en la seguridad, el servicio al cliente, el liderazgo y la profesionalidad, nuestros conductores disponen de recursos y oportunidades para hacer una carrera [&hellip;]<\/p>\n","protected":false},"author":2,"featured_media":0,"parent":10085,"menu_order":0,"comment_status":"closed","ping_status":"closed","template":"page_modular.php","meta":{"_acf_changed":false,"content-type":"","inline_featured_image":false,"footnotes":""},"folder":[],"class_list":["post-10737","page","type-page","status-publish","hentry","entry"],"acf":[],"yoast_head":"<!-- This site is optimized with the Yoast SEO Premium plugin v26.6 (Yoast SEO v26.6) - https:\/\/yoast.com\/wordpress\/plugins\/seo\/ -->\n<title>Sea conductor de RelaDyne : RelaDyne<\/title>\n<meta name=\"robots\" content=\"index, follow, max-snippet:-1, max-image-preview:large, max-video-preview:-1\" \/>\n<link rel=\"canonical\" href=\"https:\/\/reladyne.com\/es\/company\/careers\/driver\/\" \/>\n<meta property=\"og:locale\" content=\"es_ES\" \/>\n<meta property=\"og:type\" content=\"article\" \/>\n<meta property=\"og:title\" content=\"Sea conductor de RelaDyne\" \/>\n<meta property=\"og:description\" content=\"[vc_row][vc_column][vc_column_text] Centr\u00e1ndonos en la seguridad, el servicio al cliente, el liderazgo y la profesionalidad, nuestros conductores disponen de recursos y oportunidades para hacer una carrera [&hellip;]\" \/>\n<meta property=\"og:url\" content=\"https:\/\/reladyne.com\/es\/company\/careers\/driver\/\" \/>\n<meta property=\"og:site_name\" content=\"RelaDyne\" \/>\n<meta property=\"article:publisher\" content=\"https:\/\/www.facebook.com\/RelaDyne\/\" \/>\n<meta property=\"article:modified_time\" content=\"2024-01-31T21:15:26+00:00\" \/>\n<meta name=\"twitter:card\" content=\"summary_large_image\" \/>\n<meta name=\"twitter:site\" content=\"@RelaDyne\" \/>\n<meta name=\"twitter:label1\" content=\"Tiempo de lectura\" \/>\n\t<meta name=\"twitter:data1\" content=\"3 minutos\" \/>\n<script type=\"application\/ld+json\" class=\"yoast-schema-graph\">{\"@context\":\"https:\/\/schema.org\",\"@graph\":[{\"@type\":\"WebPage\",\"@id\":\"https:\/\/reladyne.com\/es\/company\/careers\/driver\/\",\"url\":\"https:\/\/reladyne.com\/es\/company\/careers\/driver\/\",\"name\":\"Sea conductor de RelaDyne : RelaDyne\",\"isPartOf\":{\"@id\":\"https:\/\/reladyne.com\/es\/#website\"},\"datePublished\":\"2019-12-20T01:39:29+00:00\",\"dateModified\":\"2024-01-31T21:15:26+00:00\",\"breadcrumb\":{\"@id\":\"https:\/\/reladyne.com\/es\/company\/careers\/driver\/#breadcrumb\"},\"inLanguage\":\"es\",\"potentialAction\":[{\"@type\":\"ReadAction\",\"target\":[\"https:\/\/reladyne.com\/es\/company\/careers\/driver\/\"]}]},{\"@type\":\"BreadcrumbList\",\"@id\":\"https:\/\/reladyne.com\/es\/company\/careers\/driver\/#breadcrumb\",\"itemListElement\":[{\"@type\":\"ListItem\",\"position\":1,\"name\":\"Home\",\"item\":\"https:\/\/reladyne.com\/es\/\"},{\"@type\":\"ListItem\",\"position\":2,\"name\":\"Empresa\",\"item\":\"https:\/\/reladyne.com\/es\/company\/\"},{\"@type\":\"ListItem\",\"position\":3,\"name\":\"Private: Empleo\",\"item\":\"https:\/\/reladyne.com\/es\/?page_id=10085\"},{\"@type\":\"ListItem\",\"position\":4,\"name\":\"Sea conductor de RelaDyne\"}]},{\"@type\":\"WebSite\",\"@id\":\"https:\/\/reladyne.com\/es\/#website\",\"url\":\"https:\/\/reladyne.com\/es\/\",\"name\":\"RelaDyne\",\"description\":\"RelaDyne | Bulk Oil, Fuel &amp; Lubricants Distributor\",\"publisher\":{\"@id\":\"https:\/\/reladyne.com\/es\/#organization\"},\"potentialAction\":[{\"@type\":\"SearchAction\",\"target\":{\"@type\":\"EntryPoint\",\"urlTemplate\":\"https:\/\/reladyne.com\/es\/?s={search_term_string}\"},\"query-input\":{\"@type\":\"PropertyValueSpecification\",\"valueRequired\":true,\"valueName\":\"search_term_string\"}}],\"inLanguage\":\"es\"},{\"@type\":\"Organization\",\"@id\":\"https:\/\/reladyne.com\/es\/#organization\",\"name\":\"RelaDyne\",\"url\":\"https:\/\/reladyne.com\/es\/\",\"logo\":{\"@type\":\"ImageObject\",\"inLanguage\":\"es\",\"@id\":\"https:\/\/reladyne.com\/es\/#\/schema\/logo\/image\/\",\"url\":\"https:\/\/reladyne.com\/wp-content\/uploads\/2020\/07\/RelaDyne-square-logo.jpg\",\"contentUrl\":\"https:\/\/reladyne.com\/wp-content\/uploads\/2020\/07\/RelaDyne-square-logo.jpg\",\"width\":1500,\"height\":1500,\"caption\":\"RelaDyne\"},\"image\":{\"@id\":\"https:\/\/reladyne.com\/es\/#\/schema\/logo\/image\/\"},\"sameAs\":[\"https:\/\/www.facebook.com\/RelaDyne\/\",\"https:\/\/x.com\/RelaDyne\"]}]}<\/script>\n<!-- \/ Yoast SEO Premium plugin. -->","yoast_head_json":{"title":"Sea conductor de RelaDyne : RelaDyne","robots":{"index":"index","follow":"follow","max-snippet":"max-snippet:-1","max-image-preview":"max-image-preview:large","max-video-preview":"max-video-preview:-1"},"canonical":"https:\/\/reladyne.com\/es\/company\/careers\/driver\/","og_locale":"es_ES","og_type":"article","og_title":"Sea conductor de RelaDyne","og_description":"[vc_row][vc_column][vc_column_text] Centr\u00e1ndonos en la seguridad, el servicio al cliente, el liderazgo y la profesionalidad, nuestros conductores disponen de recursos y oportunidades para hacer una carrera [&hellip;]","og_url":"https:\/\/reladyne.com\/es\/company\/careers\/driver\/","og_site_name":"RelaDyne","article_publisher":"https:\/\/www.facebook.com\/RelaDyne\/","article_modified_time":"2024-01-31T21:15:26+00:00","twitter_card":"summary_large_image","twitter_site":"@RelaDyne","twitter_misc":{"Tiempo de lectura":"3 minutos"},"schema":{"@context":"https:\/\/schema.org","@graph":[{"@type":"WebPage","@id":"https:\/\/reladyne.com\/es\/company\/careers\/driver\/","url":"https:\/\/reladyne.com\/es\/company\/careers\/driver\/","name":"Sea conductor de RelaDyne : RelaDyne","isPartOf":{"@id":"https:\/\/reladyne.com\/es\/#website"},"datePublished":"2019-12-20T01:39:29+00:00","dateModified":"2024-01-31T21:15:26+00:00","breadcrumb":{"@id":"https:\/\/reladyne.com\/es\/company\/careers\/driver\/#breadcrumb"},"inLanguage":"es","potentialAction":[{"@type":"ReadAction","target":["https:\/\/reladyne.com\/es\/company\/careers\/driver\/"]}]},{"@type":"BreadcrumbList","@id":"https:\/\/reladyne.com\/es\/company\/careers\/driver\/#breadcrumb","itemListElement":[{"@type":"ListItem","position":1,"name":"Home","item":"https:\/\/reladyne.com\/es\/"},{"@type":"ListItem","position":2,"name":"Empresa","item":"https:\/\/reladyne.com\/es\/company\/"},{"@type":"ListItem","position":3,"name":"Private: Empleo","item":"https:\/\/reladyne.com\/es\/?page_id=10085"},{"@type":"ListItem","position":4,"name":"Sea conductor de RelaDyne"}]},{"@type":"WebSite","@id":"https:\/\/reladyne.com\/es\/#website","url":"https:\/\/reladyne.com\/es\/","name":"RelaDyne","description":"RelaDyne | Bulk Oil, Fuel &amp; Lubricants Distributor","publisher":{"@id":"https:\/\/reladyne.com\/es\/#organization"},"potentialAction":[{"@type":"SearchAction","target":{"@type":"EntryPoint","urlTemplate":"https:\/\/reladyne.com\/es\/?s={search_term_string}"},"query-input":{"@type":"PropertyValueSpecification","valueRequired":true,"valueName":"search_term_string"}}],"inLanguage":"es"},{"@type":"Organization","@id":"https:\/\/reladyne.com\/es\/#organization","name":"RelaDyne","url":"https:\/\/reladyne.com\/es\/","logo":{"@type":"ImageObject","inLanguage":"es","@id":"https:\/\/reladyne.com\/es\/#\/schema\/logo\/image\/","url":"https:\/\/reladyne.com\/wp-content\/uploads\/2020\/07\/RelaDyne-square-logo.jpg","contentUrl":"https:\/\/reladyne.com\/wp-content\/uploads\/2020\/07\/RelaDyne-square-logo.jpg","width":1500,"height":1500,"caption":"RelaDyne"},"image":{"@id":"https:\/\/reladyne.com\/es\/#\/schema\/logo\/image\/"},"sameAs":["https:\/\/www.facebook.com\/RelaDyne\/","https:\/\/x.com\/RelaDyne"]}]}},"_links":{"self":[{"href":"https:\/\/reladyne.com\/es\/wp-json\/wp\/v2\/pages\/10737","targetHints":{"allow":["GET"]}}],"collection":[{"href":"https:\/\/reladyne.com\/es\/wp-json\/wp\/v2\/pages"}],"about":[{"href":"https:\/\/reladyne.com\/es\/wp-json\/wp\/v2\/types\/page"}],"author":[{"embeddable":true,"href":"https:\/\/reladyne.com\/es\/wp-json\/wp\/v2\/users\/2"}],"replies":[{"embeddable":true,"href":"https:\/\/reladyne.com\/es\/wp-json\/wp\/v2\/comments?post=10737"}],"version-history":[{"count":24,"href":"https:\/\/reladyne.com\/es\/wp-json\/wp\/v2\/pages\/10737\/revisions"}],"predecessor-version":[{"id":12765,"href":"https:\/\/reladyne.com\/es\/wp-json\/wp\/v2\/pages\/10737\/revisions\/12765"}],"up":[{"embeddable":true,"href":"https:\/\/reladyne.com\/es\/wp-json\/wp\/v2\/pages\/10085"}],"wp:attachment":[{"href":"https:\/\/reladyne.com\/es\/wp-json\/wp\/v2\/media?parent=10737"}],"wp:term":[{"taxonomy":"folder","embeddable":true,"href":"https:\/\/reladyne.com\/es\/wp-json\/wp\/v2\/folder?post=10737"}],"curies":[{"name":"wp","href":"https:\/\/api.w.org\/{rel}","templated":true}]}}