{"id":10742,"date":"2020-08-05T16:07:35","date_gmt":"2020-08-05T20:07:35","guid":{"rendered":"https:\/\/dev3.helmetstudio.com\/webinars\/clean-lubricants-101\/"},"modified":"2023-08-08T14:35:06","modified_gmt":"2023-08-08T18:35:06","slug":"clean-lubricants-101","status":"publish","type":"page","link":"https:\/\/reladyne.com\/es\/webinars\/clean-lubricants-101\/","title":{"rendered":"Clean Lubricants 101"},"content":{"rendered":"<div class=\"wpb-content-wrapper\"><p>[vc_row][vc_column][vc_row_inner][vc_column_inner][vc_column_text]<\/p>\n<h3 class=\"word-wrap-break\" data-bind=\"style:{color:getBrandingInfo().selectedHeaderColor}, text:getWebinarInfo().subject\"><strong><span style=\"color: #004d98;\">Clean Lubricants 101<\/span><\/strong><\/h3>\n<h4 class=\"vc_custom_heading\">El impacto del desgaste con el paso del tiempo y por qu\u00e9 es importante la limpieza<\/h4>\n<p><em>Wed, Aug 19, 2020 2:00 PM &#8211; 2:45 PM EDT<\/em>[\/vc_column_text][vc_separator border_width=\u00bb3&#8243;][\/vc_column_inner][\/vc_row_inner][\/vc_column][\/vc_row][vc_row][vc_column width=\u00bb2\/3&#8243;][vc_column_text]Los lubricantes de sus sistemas tienen muchas oportunidades de recoger contaminantes antes y despu\u00e9s de llegar a sus equipos. Con el tiempo, los contaminantes presentes en los equipos provocan el desgaste del sistema, lo que se traduce en una disminuci\u00f3n del rendimiento que, en \u00faltima instancia, puede causar tiempos de inactividad catastr\u00f3ficos. Es importante mantener limpios los lubricantes de su equipo desde el principio para evitar aver\u00edas y mantener un rendimiento eficaz.<\/p>\n<p>Conozca el impacto del desgaste con el paso del tiempo y por qu\u00e9 es importante la limpieza. Estos conocimientos te ayudar\u00e1n a dar los pasos necesarios para empezar limpio y mantenerte limpio.[\/vc_column_text][\/vc_column][vc_column width=\u00bb1\/3&#8243;][vc_cta h2=\u00bbLubricantes limpios 101 | RelaDyne Webinar Series\u00bb h2_font_container=\u00bbfont_size:20|color:%23000000&#8243; h2_use_theme_fonts=\u00bbyes\u00bb add_button=\u00bbbottom\u00bb btn_title=\u00bbVer el v\u00eddeo\u00bb btn_color=\u00bbwarning\u00bb use_custom_fonts_h2=\u00bbtrue\u00bb btn_link=\u00bburl:https%3A%2F%2Finfo.reladyne.com%2Fclean-lubricants-101-reladyne-webinar-series|\u00bb btn_el_class=\u00bbrelaDyneBTN\u00bb][\/vc_cta][\/vc_column][\/vc_row][vc_row][vc_column][vc_column_text]<\/p>\n<h4><span style=\"color: #004d98;\">Sobre el ponente  <\/span><\/h4>\n<p><img loading=\"lazy\" decoding=\"async\" class=\"wp-image-5506 size-medium alignleft\" src=\"https:\/\/reladyne.com\/wp-content\/uploads\/2020\/08\/riley-mieth-300x237.jpg\" alt=\"\" width=\"300\" height=\"237\" srcset=\"https:\/\/reladyne.com\/wp-content\/uploads\/2020\/08\/riley-mieth-300x237.jpg 300w, https:\/\/reladyne.com\/wp-content\/uploads\/2020\/08\/riley-mieth-180x142.jpg 180w, https:\/\/reladyne.com\/wp-content\/uploads\/2020\/08\/riley-mieth-31x25.jpg 31w, https:\/\/reladyne.com\/wp-content\/uploads\/2020\/08\/riley-mieth.jpg 516w\" sizes=\"auto, (max-width: 300px) 100vw, 300px\" \/>Riley Mieth es el Director de Desarrollo de Negocio para Servicios de Fiabilidad de Sucursales en RelaDyne, con m\u00e1s de 12 a\u00f1os de experiencia en lubricaci\u00f3n industrial. Licenciado en ingenier\u00eda por la Universidad de Ciencia y Tecnolog\u00eda de Missouri, Riley empez\u00f3 como t\u00e9cnico de campo realizando proyectos de purificaci\u00f3n de fluidos, lavado a alta velocidad y servicios de abastecimiento de combustible en refiner\u00edas, centrales el\u00e9ctricas e instalaciones qu\u00edmicas. Tras adquirir experiencia pr\u00e1ctica, Riley pas\u00f3 de t\u00e9cnico a gestor de proyectos y luego a director de servicios de sucursal. En ese puesto vendi\u00f3 lubricantes y servicios, al tiempo que gestionaba la divisi\u00f3n y ejecutaba proyectos sobre el terreno.<\/p>\n<p>Dentro de RelaDyne, Riley forma parte del equipo de Servicios y ha participado en la ampliaci\u00f3n de los servicios a nivel de sucursal en todo RelaDyne. Primero en la Costa del Golfo como Especialista en Soluciones de Fiabilidad y despu\u00e9s a nivel nacional en su puesto actual de Director de Desarrollo de Negocio &#8211; Servicios de Fiabilidad de Sucursales.[\/vc_column_text][\/vc_column][\/vc_row]<\/p>\n<\/div>","protected":false},"excerpt":{"rendered":"<p>[vc_row][vc_column][vc_row_inner][vc_column_inner][vc_column_text] Clean Lubricants 101 El impacto del desgaste con el paso del tiempo y por qu\u00e9 es importante la limpieza Wed, Aug 19, 2020 2:00 [&hellip;]<\/p>\n","protected":false},"author":2,"featured_media":9476,"parent":10087,"menu_order":0,"comment_status":"closed","ping_status":"closed","template":"","meta":{"_acf_changed":false,"content-type":"","inline_featured_image":false,"footnotes":""},"folder":[],"class_list":["post-10742","page","type-page","status-publish","has-post-thumbnail","hentry","entry"],"acf":[],"yoast_head":"<!-- This site is optimized with the Yoast SEO Premium plugin v26.6 (Yoast SEO v26.6) - https:\/\/yoast.com\/wordpress\/plugins\/seo\/ -->\n<title>Clean Lubricants 101 : RelaDyne Webinar<\/title>\n<meta name=\"description\" content=\"Conozca el impacto del desgaste con el paso del tiempo y por qu\u00e9 es importante la limpieza. Estos conocimientos te ayudar\u00e1n a dar los pasos necesarios para empezar limpio y mantenerte limpio.\" \/>\n<meta name=\"robots\" content=\"index, follow, max-snippet:-1, max-image-preview:large, max-video-preview:-1\" \/>\n<link rel=\"canonical\" href=\"https:\/\/reladyne.com\/es\/webinars\/clean-lubricants-101\/\" \/>\n<meta property=\"og:locale\" content=\"es_ES\" \/>\n<meta property=\"og:type\" content=\"article\" \/>\n<meta property=\"og:title\" content=\"Clean Lubricants 101\" \/>\n<meta property=\"og:description\" content=\"Conozca el impacto del desgaste con el paso del tiempo y por qu\u00e9 es importante la limpieza. Estos conocimientos te ayudar\u00e1n a dar los pasos necesarios para empezar limpio y mantenerte limpio.\" \/>\n<meta property=\"og:url\" content=\"https:\/\/reladyne.com\/es\/webinars\/clean-lubricants-101\/\" \/>\n<meta property=\"og:site_name\" content=\"RelaDyne\" \/>\n<meta property=\"article:publisher\" content=\"https:\/\/www.facebook.com\/RelaDyne\/\" \/>\n<meta property=\"article:modified_time\" content=\"2023-08-08T18:35:06+00:00\" \/>\n<meta property=\"og:image\" content=\"https:\/\/reladyne.com\/wp-content\/uploads\/2020\/08\/Webinar-Branding-Items-11.png\" \/>\n\t<meta property=\"og:image:width\" content=\"834\" \/>\n\t<meta property=\"og:image:height\" content=\"834\" \/>\n\t<meta property=\"og:image:type\" content=\"image\/png\" \/>\n<meta name=\"twitter:card\" content=\"summary_large_image\" \/>\n<meta name=\"twitter:site\" content=\"@RelaDyne\" \/>\n<meta name=\"twitter:label1\" content=\"Tiempo de lectura\" \/>\n\t<meta name=\"twitter:data1\" content=\"2 minutos\" \/>\n<script type=\"application\/ld+json\" class=\"yoast-schema-graph\">{\"@context\":\"https:\/\/schema.org\",\"@graph\":[{\"@type\":\"WebPage\",\"@id\":\"https:\/\/reladyne.com\/es\/webinars\/clean-lubricants-101\/\",\"url\":\"https:\/\/reladyne.com\/es\/webinars\/clean-lubricants-101\/\",\"name\":\"Clean Lubricants 101 : RelaDyne Webinar\",\"isPartOf\":{\"@id\":\"https:\/\/reladyne.com\/es\/#website\"},\"primaryImageOfPage\":{\"@id\":\"https:\/\/reladyne.com\/es\/webinars\/clean-lubricants-101\/#primaryimage\"},\"image\":{\"@id\":\"https:\/\/reladyne.com\/es\/webinars\/clean-lubricants-101\/#primaryimage\"},\"thumbnailUrl\":\"https:\/\/reladyne.com\/wp-content\/uploads\/2020\/08\/Webinar-Branding-Items-11.png\",\"datePublished\":\"2020-08-05T20:07:35+00:00\",\"dateModified\":\"2023-08-08T18:35:06+00:00\",\"description\":\"Conozca el impacto del desgaste con el paso del tiempo y por qu\u00e9 es importante la limpieza. Estos conocimientos te ayudar\u00e1n a dar los pasos necesarios para empezar limpio y mantenerte limpio.\",\"breadcrumb\":{\"@id\":\"https:\/\/reladyne.com\/es\/webinars\/clean-lubricants-101\/#breadcrumb\"},\"inLanguage\":\"es\",\"potentialAction\":[{\"@type\":\"ReadAction\",\"target\":[\"https:\/\/reladyne.com\/es\/webinars\/clean-lubricants-101\/\"]}]},{\"@type\":\"ImageObject\",\"inLanguage\":\"es\",\"@id\":\"https:\/\/reladyne.com\/es\/webinars\/clean-lubricants-101\/#primaryimage\",\"url\":\"https:\/\/reladyne.com\/wp-content\/uploads\/2020\/08\/Webinar-Branding-Items-11.png\",\"contentUrl\":\"https:\/\/reladyne.com\/wp-content\/uploads\/2020\/08\/Webinar-Branding-Items-11.png\",\"width\":834,\"height\":834},{\"@type\":\"BreadcrumbList\",\"@id\":\"https:\/\/reladyne.com\/es\/webinars\/clean-lubricants-101\/#breadcrumb\",\"itemListElement\":[{\"@type\":\"ListItem\",\"position\":1,\"name\":\"Home\",\"item\":\"https:\/\/reladyne.com\/es\/\"},{\"@type\":\"ListItem\",\"position\":2,\"name\":\"Webinars\",\"item\":\"https:\/\/reladyne.com\/es\/webinars\/\"},{\"@type\":\"ListItem\",\"position\":3,\"name\":\"Clean Lubricants 101\"}]},{\"@type\":\"WebSite\",\"@id\":\"https:\/\/reladyne.com\/es\/#website\",\"url\":\"https:\/\/reladyne.com\/es\/\",\"name\":\"RelaDyne\",\"description\":\"RelaDyne | Bulk Oil, Fuel &amp; Lubricants Distributor\",\"publisher\":{\"@id\":\"https:\/\/reladyne.com\/es\/#organization\"},\"potentialAction\":[{\"@type\":\"SearchAction\",\"target\":{\"@type\":\"EntryPoint\",\"urlTemplate\":\"https:\/\/reladyne.com\/es\/?s={search_term_string}\"},\"query-input\":{\"@type\":\"PropertyValueSpecification\",\"valueRequired\":true,\"valueName\":\"search_term_string\"}}],\"inLanguage\":\"es\"},{\"@type\":\"Organization\",\"@id\":\"https:\/\/reladyne.com\/es\/#organization\",\"name\":\"RelaDyne\",\"url\":\"https:\/\/reladyne.com\/es\/\",\"logo\":{\"@type\":\"ImageObject\",\"inLanguage\":\"es\",\"@id\":\"https:\/\/reladyne.com\/es\/#\/schema\/logo\/image\/\",\"url\":\"https:\/\/reladyne.com\/wp-content\/uploads\/2020\/07\/RelaDyne-square-logo.jpg\",\"contentUrl\":\"https:\/\/reladyne.com\/wp-content\/uploads\/2020\/07\/RelaDyne-square-logo.jpg\",\"width\":1500,\"height\":1500,\"caption\":\"RelaDyne\"},\"image\":{\"@id\":\"https:\/\/reladyne.com\/es\/#\/schema\/logo\/image\/\"},\"sameAs\":[\"https:\/\/www.facebook.com\/RelaDyne\/\",\"https:\/\/x.com\/RelaDyne\"]}]}<\/script>\n<!-- \/ Yoast SEO Premium plugin. -->","yoast_head_json":{"title":"Clean Lubricants 101 : RelaDyne Webinar","description":"Conozca el impacto del desgaste con el paso del tiempo y por qu\u00e9 es importante la limpieza. Estos conocimientos te ayudar\u00e1n a dar los pasos necesarios para empezar limpio y mantenerte limpio.","robots":{"index":"index","follow":"follow","max-snippet":"max-snippet:-1","max-image-preview":"max-image-preview:large","max-video-preview":"max-video-preview:-1"},"canonical":"https:\/\/reladyne.com\/es\/webinars\/clean-lubricants-101\/","og_locale":"es_ES","og_type":"article","og_title":"Clean Lubricants 101","og_description":"Conozca el impacto del desgaste con el paso del tiempo y por qu\u00e9 es importante la limpieza. Estos conocimientos te ayudar\u00e1n a dar los pasos necesarios para empezar limpio y mantenerte limpio.","og_url":"https:\/\/reladyne.com\/es\/webinars\/clean-lubricants-101\/","og_site_name":"RelaDyne","article_publisher":"https:\/\/www.facebook.com\/RelaDyne\/","article_modified_time":"2023-08-08T18:35:06+00:00","og_image":[{"width":834,"height":834,"url":"https:\/\/reladyne.com\/wp-content\/uploads\/2020\/08\/Webinar-Branding-Items-11.png","type":"image\/png"}],"twitter_card":"summary_large_image","twitter_site":"@RelaDyne","twitter_misc":{"Tiempo de lectura":"2 minutos"},"schema":{"@context":"https:\/\/schema.org","@graph":[{"@type":"WebPage","@id":"https:\/\/reladyne.com\/es\/webinars\/clean-lubricants-101\/","url":"https:\/\/reladyne.com\/es\/webinars\/clean-lubricants-101\/","name":"Clean Lubricants 101 : RelaDyne Webinar","isPartOf":{"@id":"https:\/\/reladyne.com\/es\/#website"},"primaryImageOfPage":{"@id":"https:\/\/reladyne.com\/es\/webinars\/clean-lubricants-101\/#primaryimage"},"image":{"@id":"https:\/\/reladyne.com\/es\/webinars\/clean-lubricants-101\/#primaryimage"},"thumbnailUrl":"https:\/\/reladyne.com\/wp-content\/uploads\/2020\/08\/Webinar-Branding-Items-11.png","datePublished":"2020-08-05T20:07:35+00:00","dateModified":"2023-08-08T18:35:06+00:00","description":"Conozca el impacto del desgaste con el paso del tiempo y por qu\u00e9 es importante la limpieza. Estos conocimientos te ayudar\u00e1n a dar los pasos necesarios para empezar limpio y mantenerte limpio.","breadcrumb":{"@id":"https:\/\/reladyne.com\/es\/webinars\/clean-lubricants-101\/#breadcrumb"},"inLanguage":"es","potentialAction":[{"@type":"ReadAction","target":["https:\/\/reladyne.com\/es\/webinars\/clean-lubricants-101\/"]}]},{"@type":"ImageObject","inLanguage":"es","@id":"https:\/\/reladyne.com\/es\/webinars\/clean-lubricants-101\/#primaryimage","url":"https:\/\/reladyne.com\/wp-content\/uploads\/2020\/08\/Webinar-Branding-Items-11.png","contentUrl":"https:\/\/reladyne.com\/wp-content\/uploads\/2020\/08\/Webinar-Branding-Items-11.png","width":834,"height":834},{"@type":"BreadcrumbList","@id":"https:\/\/reladyne.com\/es\/webinars\/clean-lubricants-101\/#breadcrumb","itemListElement":[{"@type":"ListItem","position":1,"name":"Home","item":"https:\/\/reladyne.com\/es\/"},{"@type":"ListItem","position":2,"name":"Webinars","item":"https:\/\/reladyne.com\/es\/webinars\/"},{"@type":"ListItem","position":3,"name":"Clean Lubricants 101"}]},{"@type":"WebSite","@id":"https:\/\/reladyne.com\/es\/#website","url":"https:\/\/reladyne.com\/es\/","name":"RelaDyne","description":"RelaDyne | Bulk Oil, Fuel &amp; Lubricants Distributor","publisher":{"@id":"https:\/\/reladyne.com\/es\/#organization"},"potentialAction":[{"@type":"SearchAction","target":{"@type":"EntryPoint","urlTemplate":"https:\/\/reladyne.com\/es\/?s={search_term_string}"},"query-input":{"@type":"PropertyValueSpecification","valueRequired":true,"valueName":"search_term_string"}}],"inLanguage":"es"},{"@type":"Organization","@id":"https:\/\/reladyne.com\/es\/#organization","name":"RelaDyne","url":"https:\/\/reladyne.com\/es\/","logo":{"@type":"ImageObject","inLanguage":"es","@id":"https:\/\/reladyne.com\/es\/#\/schema\/logo\/image\/","url":"https:\/\/reladyne.com\/wp-content\/uploads\/2020\/07\/RelaDyne-square-logo.jpg","contentUrl":"https:\/\/reladyne.com\/wp-content\/uploads\/2020\/07\/RelaDyne-square-logo.jpg","width":1500,"height":1500,"caption":"RelaDyne"},"image":{"@id":"https:\/\/reladyne.com\/es\/#\/schema\/logo\/image\/"},"sameAs":["https:\/\/www.facebook.com\/RelaDyne\/","https:\/\/x.com\/RelaDyne"]}]}},"_links":{"self":[{"href":"https:\/\/reladyne.com\/es\/wp-json\/wp\/v2\/pages\/10742","targetHints":{"allow":["GET"]}}],"collection":[{"href":"https:\/\/reladyne.com\/es\/wp-json\/wp\/v2\/pages"}],"about":[{"href":"https:\/\/reladyne.com\/es\/wp-json\/wp\/v2\/types\/page"}],"author":[{"embeddable":true,"href":"https:\/\/reladyne.com\/es\/wp-json\/wp\/v2\/users\/2"}],"replies":[{"embeddable":true,"href":"https:\/\/reladyne.com\/es\/wp-json\/wp\/v2\/comments?post=10742"}],"version-history":[{"count":5,"href":"https:\/\/reladyne.com\/es\/wp-json\/wp\/v2\/pages\/10742\/revisions"}],"predecessor-version":[{"id":11301,"href":"https:\/\/reladyne.com\/es\/wp-json\/wp\/v2\/pages\/10742\/revisions\/11301"}],"up":[{"embeddable":true,"href":"https:\/\/reladyne.com\/es\/wp-json\/wp\/v2\/pages\/10087"}],"wp:featuredmedia":[{"embeddable":true,"href":"https:\/\/reladyne.com\/es\/wp-json\/wp\/v2\/media\/9476"}],"wp:attachment":[{"href":"https:\/\/reladyne.com\/es\/wp-json\/wp\/v2\/media?parent=10742"}],"wp:term":[{"taxonomy":"folder","embeddable":true,"href":"https:\/\/reladyne.com\/es\/wp-json\/wp\/v2\/folder?post=10742"}],"curies":[{"name":"wp","href":"https:\/\/api.w.org\/{rel}","templated":true}]}}