{"id":10752,"date":"2020-08-05T12:42:58","date_gmt":"2020-08-05T16:42:58","guid":{"rendered":"https:\/\/dev3.helmetstudio.com\/confirmacion-del-seminario-web\/"},"modified":"2023-08-08T14:35:06","modified_gmt":"2023-08-08T18:35:06","slug":"webinar-confirmation","status":"publish","type":"page","link":"https:\/\/reladyne.com\/es\/webinar-confirmation\/","title":{"rendered":"Confirmaci\u00f3n del seminario web"},"content":{"rendered":"<div class=\"wpb-content-wrapper\"><p>[vc_row][vc_column][vc_column_text]<\/p>\n<h1 style=\"text-align: center;\"><span style=\"color: #0c408b;\">Inscripci\u00f3n confirmada<\/span><\/h1>\n<p>[\/vc_column_text][vc_column_text]<\/p>\n<h4 class=\"contentSidebar\" style=\"text-align: center;\"><span style=\"font-family: -apple-system, BlinkMacSystemFont, 'Segoe UI', Roboto, Oxygen, Ubuntu, Cantarell, 'Fira Sans', 'Droid Sans', 'Helvetica Neue', sans-serif; font-size: 1.125em;\">Consulte su correo electr\u00f3nico para recibir una confirmaci\u00f3n con los detalles del seminario web, incluidos los enlaces para a\u00f1adir el evento a su calendario.<\/span><\/h4>\n<p>[\/vc_column_text][\/vc_column][\/vc_row][vc_row][vc_column width=\u00bb1\/2&#8243; css=\u00bb.vc_custom_1583428175937{background-color: #ffffff !important;}\u00bb][vc_column_text]<\/p>\n<h4 style=\"text-align: center;\">Mant\u00e9ngase informado:<\/h4>\n<p>[\/vc_column_text][vc_btn title=\u00bbSuscribirse a Insights\u00bb style=\u00bbgradient-custom\u00bb gradient_custom_color_1=\u00bb#1e6db2&#8243; gradient_custom_color_2=\u00bb#095198&#8243; size=\u00bblg\u00bb align=\u00bbcenter\u00bb custom_onclick=\u00bbtrue\u00bb link=\u00bburl:https%3A%2F%2Freladyne.com%2Fes%2Farchivo-insights%2F|title:Suscribirse%20a%20Insights|\u00bb custom_onclick_code=\u00bbjavascript:history.back()\u00bb][\/vc_column][vc_column width=\u00bb1\/2&#8243; css=\u00bb.vc_custom_1583432573838{background-color: #f0f0f1 !important;}\u00bb][vc_row_inner][vc_column_inner width=\u00bb1\/3&#8243; offset=\u00bbvc_col-xs-4&#8243;][vc_column_text]<\/p>\n<h4 style=\"text-align: center;\">\u00a1Me gusta!<\/h4>\n<p>[\/vc_column_text][vc_icon icon_fontawesome=\u00bbfab fa-facebook-square\u00bb color=\u00bbcustom\u00bb align=\u00bbcenter\u00bb custom_color=\u00bb#004e98&#8243; link=\u00bburl:https%3A%2F%2Fwww.facebook.com%2FRelaDyne|title:Facebook%20Company%20Page|target:%20_blank|\u00bb][\/vc_column_inner][vc_column_inner width=\u00bb1\/3&#8243; offset=\u00bbvc_col-xs-4&#8243;][vc_column_text]<\/p>\n<h4 style=\"text-align: center;\">\u00a1Comparte!<\/h4>\n<p>[\/vc_column_text][vc_icon icon_fontawesome=\u00bbfab fa-linkedin\u00bb color=\u00bbcustom\u00bb align=\u00bbcenter\u00bb link=\u00bburl:http%3A%2F%2Fwww.linkedin.com%2Fcompany%2Freladyne-llc|title:LinkedIn%20Company%20Page|target:%20_blank|\u00bb custom_color=\u00bb#004e98&#8243;][\/vc_column_inner][vc_column_inner width=\u00bb1\/3&#8243;][vc_column_text]<\/p>\n<h4 style=\"text-align: center;\">\u00a1Tuitear!<\/h4>\n<p>[\/vc_column_text][vc_icon icon_fontawesome=\u00bbfab fa-twitter-square\u00bb color=\u00bbcustom\u00bb align=\u00bbcenter\u00bb custom_color=\u00bb#004e98&#8243; link=\u00bburl:https%3A%2F%2Ftwitter.com%2FRelaDyne|title:Twitter%20Company%20Page|target:%20_blank|\u00bb][\/vc_column_inner][\/vc_row_inner][\/vc_column][\/vc_row][vc_row color=\u00bbgrey\u00bb align=\u00bbalign_center\u00bb style=\u00bb\u00bb border_width=\u00bb3&#8243; el_width=\u00bb\u00bb accent_color=\u00bb\u00bb][vc_column][vc_separator color=\u00bbwhite\u00bb border_width=\u00bb3&#8243;][\/vc_column][\/vc_row]<\/p>\n<\/div>","protected":false},"excerpt":{"rendered":"<p>[vc_row][vc_column][vc_column_text] Inscripci\u00f3n confirmada [\/vc_column_text][vc_column_text] Consulte su correo electr\u00f3nico para recibir una confirmaci\u00f3n con los detalles del seminario web, incluidos los enlaces para a\u00f1adir el evento [&hellip;]<\/p>\n","protected":false},"author":2,"featured_media":0,"parent":0,"menu_order":0,"comment_status":"closed","ping_status":"closed","template":"page_modular.php","meta":{"_acf_changed":false,"content-type":"","inline_featured_image":false,"footnotes":""},"folder":[],"class_list":["post-10752","page","type-page","status-publish","hentry","entry"],"acf":[],"yoast_head":"<!-- This site is optimized with the Yoast SEO Premium plugin v26.6 (Yoast SEO v26.6) - https:\/\/yoast.com\/wordpress\/plugins\/seo\/ -->\n<title>Confirmaci\u00f3n del seminario web : RelaDyne<\/title>\n<meta name=\"robots\" content=\"noindex, follow\" \/>\n<meta property=\"og:locale\" content=\"es_ES\" \/>\n<meta property=\"og:type\" content=\"article\" \/>\n<meta property=\"og:title\" content=\"Confirmaci\u00f3n del seminario web\" \/>\n<meta property=\"og:description\" content=\"[vc_row][vc_column][vc_column_text] Inscripci\u00f3n confirmada [\/vc_column_text][vc_column_text] Consulte su correo electr\u00f3nico para recibir una confirmaci\u00f3n con los detalles del seminario web, incluidos los enlaces para a\u00f1adir el evento [&hellip;]\" \/>\n<meta property=\"og:url\" content=\"https:\/\/reladyne.com\/es\/webinar-confirmation\/\" \/>\n<meta property=\"og:site_name\" content=\"RelaDyne\" \/>\n<meta property=\"article:publisher\" content=\"https:\/\/www.facebook.com\/RelaDyne\/\" \/>\n<meta property=\"article:modified_time\" content=\"2023-08-08T18:35:06+00:00\" \/>\n<meta name=\"twitter:card\" content=\"summary_large_image\" \/>\n<meta name=\"twitter:site\" content=\"@RelaDyne\" \/>\n<meta name=\"twitter:label1\" content=\"Tiempo de lectura\" \/>\n\t<meta name=\"twitter:data1\" content=\"1 minuto\" \/>\n<script type=\"application\/ld+json\" class=\"yoast-schema-graph\">{\"@context\":\"https:\/\/schema.org\",\"@graph\":[{\"@type\":\"WebPage\",\"@id\":\"https:\/\/reladyne.com\/es\/webinar-confirmation\/\",\"url\":\"https:\/\/reladyne.com\/es\/webinar-confirmation\/\",\"name\":\"Confirmaci\u00f3n del seminario web : RelaDyne\",\"isPartOf\":{\"@id\":\"https:\/\/reladyne.com\/es\/#website\"},\"datePublished\":\"2020-08-05T16:42:58+00:00\",\"dateModified\":\"2023-08-08T18:35:06+00:00\",\"breadcrumb\":{\"@id\":\"https:\/\/reladyne.com\/es\/webinar-confirmation\/#breadcrumb\"},\"inLanguage\":\"es\",\"potentialAction\":[{\"@type\":\"ReadAction\",\"target\":[\"https:\/\/reladyne.com\/es\/webinar-confirmation\/\"]}]},{\"@type\":\"BreadcrumbList\",\"@id\":\"https:\/\/reladyne.com\/es\/webinar-confirmation\/#breadcrumb\",\"itemListElement\":[{\"@type\":\"ListItem\",\"position\":1,\"name\":\"Home\",\"item\":\"https:\/\/reladyne.com\/es\/\"},{\"@type\":\"ListItem\",\"position\":2,\"name\":\"Confirmaci\u00f3n del seminario web\"}]},{\"@type\":\"WebSite\",\"@id\":\"https:\/\/reladyne.com\/es\/#website\",\"url\":\"https:\/\/reladyne.com\/es\/\",\"name\":\"RelaDyne\",\"description\":\"RelaDyne | Bulk Oil, Fuel &amp; Lubricants Distributor\",\"publisher\":{\"@id\":\"https:\/\/reladyne.com\/es\/#organization\"},\"potentialAction\":[{\"@type\":\"SearchAction\",\"target\":{\"@type\":\"EntryPoint\",\"urlTemplate\":\"https:\/\/reladyne.com\/es\/?s={search_term_string}\"},\"query-input\":{\"@type\":\"PropertyValueSpecification\",\"valueRequired\":true,\"valueName\":\"search_term_string\"}}],\"inLanguage\":\"es\"},{\"@type\":\"Organization\",\"@id\":\"https:\/\/reladyne.com\/es\/#organization\",\"name\":\"RelaDyne\",\"url\":\"https:\/\/reladyne.com\/es\/\",\"logo\":{\"@type\":\"ImageObject\",\"inLanguage\":\"es\",\"@id\":\"https:\/\/reladyne.com\/es\/#\/schema\/logo\/image\/\",\"url\":\"https:\/\/reladyne.com\/wp-content\/uploads\/2020\/07\/RelaDyne-square-logo.jpg\",\"contentUrl\":\"https:\/\/reladyne.com\/wp-content\/uploads\/2020\/07\/RelaDyne-square-logo.jpg\",\"width\":1500,\"height\":1500,\"caption\":\"RelaDyne\"},\"image\":{\"@id\":\"https:\/\/reladyne.com\/es\/#\/schema\/logo\/image\/\"},\"sameAs\":[\"https:\/\/www.facebook.com\/RelaDyne\/\",\"https:\/\/x.com\/RelaDyne\"]}]}<\/script>\n<!-- \/ Yoast SEO Premium plugin. -->","yoast_head_json":{"title":"Confirmaci\u00f3n del seminario web : RelaDyne","robots":{"index":"noindex","follow":"follow"},"og_locale":"es_ES","og_type":"article","og_title":"Confirmaci\u00f3n del seminario web","og_description":"[vc_row][vc_column][vc_column_text] Inscripci\u00f3n confirmada [\/vc_column_text][vc_column_text] Consulte su correo electr\u00f3nico para recibir una confirmaci\u00f3n con los detalles del seminario web, incluidos los enlaces para a\u00f1adir el evento [&hellip;]","og_url":"https:\/\/reladyne.com\/es\/webinar-confirmation\/","og_site_name":"RelaDyne","article_publisher":"https:\/\/www.facebook.com\/RelaDyne\/","article_modified_time":"2023-08-08T18:35:06+00:00","twitter_card":"summary_large_image","twitter_site":"@RelaDyne","twitter_misc":{"Tiempo de lectura":"1 minuto"},"schema":{"@context":"https:\/\/schema.org","@graph":[{"@type":"WebPage","@id":"https:\/\/reladyne.com\/es\/webinar-confirmation\/","url":"https:\/\/reladyne.com\/es\/webinar-confirmation\/","name":"Confirmaci\u00f3n del seminario web : RelaDyne","isPartOf":{"@id":"https:\/\/reladyne.com\/es\/#website"},"datePublished":"2020-08-05T16:42:58+00:00","dateModified":"2023-08-08T18:35:06+00:00","breadcrumb":{"@id":"https:\/\/reladyne.com\/es\/webinar-confirmation\/#breadcrumb"},"inLanguage":"es","potentialAction":[{"@type":"ReadAction","target":["https:\/\/reladyne.com\/es\/webinar-confirmation\/"]}]},{"@type":"BreadcrumbList","@id":"https:\/\/reladyne.com\/es\/webinar-confirmation\/#breadcrumb","itemListElement":[{"@type":"ListItem","position":1,"name":"Home","item":"https:\/\/reladyne.com\/es\/"},{"@type":"ListItem","position":2,"name":"Confirmaci\u00f3n del seminario web"}]},{"@type":"WebSite","@id":"https:\/\/reladyne.com\/es\/#website","url":"https:\/\/reladyne.com\/es\/","name":"RelaDyne","description":"RelaDyne | Bulk Oil, Fuel &amp; Lubricants Distributor","publisher":{"@id":"https:\/\/reladyne.com\/es\/#organization"},"potentialAction":[{"@type":"SearchAction","target":{"@type":"EntryPoint","urlTemplate":"https:\/\/reladyne.com\/es\/?s={search_term_string}"},"query-input":{"@type":"PropertyValueSpecification","valueRequired":true,"valueName":"search_term_string"}}],"inLanguage":"es"},{"@type":"Organization","@id":"https:\/\/reladyne.com\/es\/#organization","name":"RelaDyne","url":"https:\/\/reladyne.com\/es\/","logo":{"@type":"ImageObject","inLanguage":"es","@id":"https:\/\/reladyne.com\/es\/#\/schema\/logo\/image\/","url":"https:\/\/reladyne.com\/wp-content\/uploads\/2020\/07\/RelaDyne-square-logo.jpg","contentUrl":"https:\/\/reladyne.com\/wp-content\/uploads\/2020\/07\/RelaDyne-square-logo.jpg","width":1500,"height":1500,"caption":"RelaDyne"},"image":{"@id":"https:\/\/reladyne.com\/es\/#\/schema\/logo\/image\/"},"sameAs":["https:\/\/www.facebook.com\/RelaDyne\/","https:\/\/x.com\/RelaDyne"]}]}},"_links":{"self":[{"href":"https:\/\/reladyne.com\/es\/wp-json\/wp\/v2\/pages\/10752","targetHints":{"allow":["GET"]}}],"collection":[{"href":"https:\/\/reladyne.com\/es\/wp-json\/wp\/v2\/pages"}],"about":[{"href":"https:\/\/reladyne.com\/es\/wp-json\/wp\/v2\/types\/page"}],"author":[{"embeddable":true,"href":"https:\/\/reladyne.com\/es\/wp-json\/wp\/v2\/users\/2"}],"replies":[{"embeddable":true,"href":"https:\/\/reladyne.com\/es\/wp-json\/wp\/v2\/comments?post=10752"}],"version-history":[{"count":8,"href":"https:\/\/reladyne.com\/es\/wp-json\/wp\/v2\/pages\/10752\/revisions"}],"predecessor-version":[{"id":12128,"href":"https:\/\/reladyne.com\/es\/wp-json\/wp\/v2\/pages\/10752\/revisions\/12128"}],"wp:attachment":[{"href":"https:\/\/reladyne.com\/es\/wp-json\/wp\/v2\/media?parent=10752"}],"wp:term":[{"taxonomy":"folder","embeddable":true,"href":"https:\/\/reladyne.com\/es\/wp-json\/wp\/v2\/folder?post=10752"}],"curies":[{"name":"wp","href":"https:\/\/api.w.org\/{rel}","templated":true}]}}