{"id":10784,"date":"2019-05-09T21:55:48","date_gmt":"2019-05-10T01:55:48","guid":{"rendered":"https:\/\/dev3.helmetstudio.com\/inicio-2\/"},"modified":"2025-10-23T15:06:20","modified_gmt":"2025-10-23T19:06:20","slug":"home","status":"publish","type":"page","link":"https:\/\/reladyne.com\/es\/","title":{"rendered":"Inicio"},"content":{"rendered":"&#13;\n<h3 data-start=\"137\" data-end=\"189\"><strong data-start=\"141\" data-end=\"187\">Powering Performance. Driving Reliability.<\/strong><\/h3>&#13;\n<p data-start=\"191\" data-end=\"392\">RelaDyne es un l\u00edder nacional en lubricantes, combustible, fluido de escape di\u00e9sel (DEF) y servicios de fiabilidad industrial, que presta servicio a empresas industriales, comerciales y de automoci\u00f3n de toda Norteam\u00e9rica.<\/p>&#13;\n<p data-start=\"394\" data-end=\"598\">Fundada en 2010 mediante la fusi\u00f3n de cuatro l\u00edderes del sector, RelaDyne ha crecido hasta tener m\u00e1s de 190 sedes en todo el pa\u00eds gracias a una estrategia probada de adquisici\u00f3n e integraci\u00f3n de empresas de alto rendimiento.<\/p>&#13;\n<p data-start=\"600\" data-end=\"746\">Nuestra misi\u00f3n es sencilla: ofrecer una lubricaci\u00f3n excelente que impulse la fiabilidad, la eficacia y la rentabilidad de todos los clientes a los que servimos.<\/p>&#13;\n<p data-start=\"748\" data-end=\"964\">Al comprender las necesidades \u00fanicas de cada socio, nuestros dedicados Asociados se convierten en una extensi\u00f3n de tus operaciones, proporcion\u00e1ndote los productos, servicios y conocimientos adecuados para que tu negocio funcione a pleno rendimiento.<\/p>&#13;\n<p data-start=\"748\" data-end=\"964\">\u00a0<\/p>&#13;\n<div class=\"wp-block-image homeMap is-style-default\">&#13;\n<figure class=\"alignleft size-large\"><a href=\"https:\/\/reladyne.com\/es\/?page_id=12473\"><img loading=\"lazy\" decoding=\"async\" class=\"alignnone\" src=\"https:\/\/reladyne.com\/wp-content\/uploads\/2024\/06\/reladyne-map.jpg\" alt=\"\" width=\"1500\" height=\"747\"\/><\/a><\/figure>&#13;\n<\/div>\r\n<div class=\"wp-block-columns is-layout-flex wp-container-core-columns-is-layout-9d6595d7 wp-block-columns-is-layout-flex\">\u00a0<\/div>\r\n","protected":false},"excerpt":{"rendered":"<p>&#13; Powering Performance. Driving Reliability. &#13; RelaDyne es un l\u00edder nacional en lubricantes, combustible, fluido de escape di\u00e9sel (DEF) y servicios de fiabilidad industrial, que [&hellip;]<\/p>\n","protected":false},"author":1,"featured_media":9307,"parent":0,"menu_order":1,"comment_status":"closed","ping_status":"closed","template":"","meta":{"_acf_changed":false,"content-type":"","inline_featured_image":false,"footnotes":""},"folder":[],"class_list":["post-10784","page","type-page","status-publish","has-post-thumbnail","hentry","entry"],"acf":[],"yoast_head":"<!-- This site is optimized with the Yoast SEO Premium plugin v26.6 (Yoast SEO v26.6) - https:\/\/yoast.com\/wordpress\/plugins\/seo\/ -->\n<title>Distribuidor de aceite a granel, combustible y lubricante | Servicios de fiabilidad<\/title>\n<meta name=\"description\" content=\"RelaDyne, Inc. es el l\u00edder establecido en ventas de lubricantes, distribuci\u00f3n, servicios de fiabilidad de equipos y servicios de valor a\u00f1adido.\" \/>\n<meta name=\"robots\" content=\"index, follow, max-snippet:-1, max-image-preview:large, max-video-preview:-1\" \/>\n<link rel=\"canonical\" href=\"https:\/\/reladyne.com\/es\/\" \/>\n<meta property=\"og:locale\" content=\"es_ES\" \/>\n<meta property=\"og:type\" content=\"article\" \/>\n<meta property=\"og:title\" content=\"Inicio\" \/>\n<meta property=\"og:description\" content=\"RelaDyne, Inc. es el l\u00edder establecido en ventas de lubricantes, distribuci\u00f3n, servicios de fiabilidad de equipos y servicios de valor a\u00f1adido.\" \/>\n<meta property=\"og:url\" content=\"https:\/\/reladyne.com\/es\/\" \/>\n<meta property=\"og:site_name\" content=\"RelaDyne\" \/>\n<meta property=\"article:publisher\" content=\"https:\/\/www.facebook.com\/RelaDyne\/\" \/>\n<meta property=\"article:modified_time\" content=\"2025-10-23T19:06:20+00:00\" \/>\n<meta property=\"og:image\" content=\"https:\/\/reladyne.com\/wp-content\/uploads\/2019\/08\/RDicon-pms-no-TM.png\" \/>\n\t<meta property=\"og:image:width\" content=\"451\" \/>\n\t<meta property=\"og:image:height\" content=\"450\" \/>\n\t<meta property=\"og:image:type\" content=\"image\/png\" \/>\n<meta name=\"twitter:card\" content=\"summary_large_image\" \/>\n<meta name=\"twitter:site\" content=\"@RelaDyne\" \/>\n<meta name=\"twitter:label1\" content=\"Tiempo de lectura\" \/>\n\t<meta name=\"twitter:data1\" content=\"1 minuto\" \/>\n<script type=\"application\/ld+json\" class=\"yoast-schema-graph\">{\"@context\":\"https:\/\/schema.org\",\"@graph\":[{\"@type\":\"WebPage\",\"@id\":\"https:\/\/reladyne.com\/es\/\",\"url\":\"https:\/\/reladyne.com\/es\/\",\"name\":\"Distribuidor de aceite a granel, combustible y lubricante | Servicios de fiabilidad\",\"isPartOf\":{\"@id\":\"https:\/\/reladyne.com\/es\/#website\"},\"primaryImageOfPage\":{\"@id\":\"https:\/\/reladyne.com\/es\/#primaryimage\"},\"image\":{\"@id\":\"https:\/\/reladyne.com\/es\/#primaryimage\"},\"thumbnailUrl\":\"https:\/\/reladyne.com\/wp-content\/uploads\/2019\/08\/RDicon-pms-no-TM.png\",\"datePublished\":\"2019-05-10T01:55:48+00:00\",\"dateModified\":\"2025-10-23T19:06:20+00:00\",\"description\":\"RelaDyne, Inc. es el l\u00edder establecido en ventas de lubricantes, distribuci\u00f3n, servicios de fiabilidad de equipos y servicios de valor a\u00f1adido.\",\"breadcrumb\":{\"@id\":\"https:\/\/reladyne.com\/es\/#breadcrumb\"},\"inLanguage\":\"es\",\"potentialAction\":[{\"@type\":\"ReadAction\",\"target\":[\"https:\/\/reladyne.com\/es\/\"]}]},{\"@type\":\"ImageObject\",\"inLanguage\":\"es\",\"@id\":\"https:\/\/reladyne.com\/es\/#primaryimage\",\"url\":\"https:\/\/reladyne.com\/wp-content\/uploads\/2019\/08\/RDicon-pms-no-TM.png\",\"contentUrl\":\"https:\/\/reladyne.com\/wp-content\/uploads\/2019\/08\/RDicon-pms-no-TM.png\",\"width\":451,\"height\":450},{\"@type\":\"BreadcrumbList\",\"@id\":\"https:\/\/reladyne.com\/es\/#breadcrumb\",\"itemListElement\":[{\"@type\":\"ListItem\",\"position\":1,\"name\":\"Home\",\"item\":\"https:\/\/reladyne.com\/es\/\"},{\"@type\":\"ListItem\",\"position\":2,\"name\":\"Inicio\"}]},{\"@type\":\"WebSite\",\"@id\":\"https:\/\/reladyne.com\/es\/#website\",\"url\":\"https:\/\/reladyne.com\/es\/\",\"name\":\"RelaDyne\",\"description\":\"RelaDyne | Bulk Oil, Fuel &amp; Lubricants Distributor\",\"publisher\":{\"@id\":\"https:\/\/reladyne.com\/es\/#organization\"},\"potentialAction\":[{\"@type\":\"SearchAction\",\"target\":{\"@type\":\"EntryPoint\",\"urlTemplate\":\"https:\/\/reladyne.com\/es\/?s={search_term_string}\"},\"query-input\":{\"@type\":\"PropertyValueSpecification\",\"valueRequired\":true,\"valueName\":\"search_term_string\"}}],\"inLanguage\":\"es\"},{\"@type\":\"Organization\",\"@id\":\"https:\/\/reladyne.com\/es\/#organization\",\"name\":\"RelaDyne\",\"url\":\"https:\/\/reladyne.com\/es\/\",\"logo\":{\"@type\":\"ImageObject\",\"inLanguage\":\"es\",\"@id\":\"https:\/\/reladyne.com\/es\/#\/schema\/logo\/image\/\",\"url\":\"https:\/\/reladyne.com\/wp-content\/uploads\/2020\/07\/RelaDyne-square-logo.jpg\",\"contentUrl\":\"https:\/\/reladyne.com\/wp-content\/uploads\/2020\/07\/RelaDyne-square-logo.jpg\",\"width\":1500,\"height\":1500,\"caption\":\"RelaDyne\"},\"image\":{\"@id\":\"https:\/\/reladyne.com\/es\/#\/schema\/logo\/image\/\"},\"sameAs\":[\"https:\/\/www.facebook.com\/RelaDyne\/\",\"https:\/\/x.com\/RelaDyne\"]}]}<\/script>\n<!-- \/ Yoast SEO Premium plugin. -->","yoast_head_json":{"title":"Distribuidor de aceite a granel, combustible y lubricante | Servicios de fiabilidad","description":"RelaDyne, Inc. es el l\u00edder establecido en ventas de lubricantes, distribuci\u00f3n, servicios de fiabilidad de equipos y servicios de valor a\u00f1adido.","robots":{"index":"index","follow":"follow","max-snippet":"max-snippet:-1","max-image-preview":"max-image-preview:large","max-video-preview":"max-video-preview:-1"},"canonical":"https:\/\/reladyne.com\/es\/","og_locale":"es_ES","og_type":"article","og_title":"Inicio","og_description":"RelaDyne, Inc. es el l\u00edder establecido en ventas de lubricantes, distribuci\u00f3n, servicios de fiabilidad de equipos y servicios de valor a\u00f1adido.","og_url":"https:\/\/reladyne.com\/es\/","og_site_name":"RelaDyne","article_publisher":"https:\/\/www.facebook.com\/RelaDyne\/","article_modified_time":"2025-10-23T19:06:20+00:00","og_image":[{"width":451,"height":450,"url":"https:\/\/reladyne.com\/wp-content\/uploads\/2019\/08\/RDicon-pms-no-TM.png","type":"image\/png"}],"twitter_card":"summary_large_image","twitter_site":"@RelaDyne","twitter_misc":{"Tiempo de lectura":"1 minuto"},"schema":{"@context":"https:\/\/schema.org","@graph":[{"@type":"WebPage","@id":"https:\/\/reladyne.com\/es\/","url":"https:\/\/reladyne.com\/es\/","name":"Distribuidor de aceite a granel, combustible y lubricante | Servicios de fiabilidad","isPartOf":{"@id":"https:\/\/reladyne.com\/es\/#website"},"primaryImageOfPage":{"@id":"https:\/\/reladyne.com\/es\/#primaryimage"},"image":{"@id":"https:\/\/reladyne.com\/es\/#primaryimage"},"thumbnailUrl":"https:\/\/reladyne.com\/wp-content\/uploads\/2019\/08\/RDicon-pms-no-TM.png","datePublished":"2019-05-10T01:55:48+00:00","dateModified":"2025-10-23T19:06:20+00:00","description":"RelaDyne, Inc. es el l\u00edder establecido en ventas de lubricantes, distribuci\u00f3n, servicios de fiabilidad de equipos y servicios de valor a\u00f1adido.","breadcrumb":{"@id":"https:\/\/reladyne.com\/es\/#breadcrumb"},"inLanguage":"es","potentialAction":[{"@type":"ReadAction","target":["https:\/\/reladyne.com\/es\/"]}]},{"@type":"ImageObject","inLanguage":"es","@id":"https:\/\/reladyne.com\/es\/#primaryimage","url":"https:\/\/reladyne.com\/wp-content\/uploads\/2019\/08\/RDicon-pms-no-TM.png","contentUrl":"https:\/\/reladyne.com\/wp-content\/uploads\/2019\/08\/RDicon-pms-no-TM.png","width":451,"height":450},{"@type":"BreadcrumbList","@id":"https:\/\/reladyne.com\/es\/#breadcrumb","itemListElement":[{"@type":"ListItem","position":1,"name":"Home","item":"https:\/\/reladyne.com\/es\/"},{"@type":"ListItem","position":2,"name":"Inicio"}]},{"@type":"WebSite","@id":"https:\/\/reladyne.com\/es\/#website","url":"https:\/\/reladyne.com\/es\/","name":"RelaDyne","description":"RelaDyne | Bulk Oil, Fuel &amp; Lubricants Distributor","publisher":{"@id":"https:\/\/reladyne.com\/es\/#organization"},"potentialAction":[{"@type":"SearchAction","target":{"@type":"EntryPoint","urlTemplate":"https:\/\/reladyne.com\/es\/?s={search_term_string}"},"query-input":{"@type":"PropertyValueSpecification","valueRequired":true,"valueName":"search_term_string"}}],"inLanguage":"es"},{"@type":"Organization","@id":"https:\/\/reladyne.com\/es\/#organization","name":"RelaDyne","url":"https:\/\/reladyne.com\/es\/","logo":{"@type":"ImageObject","inLanguage":"es","@id":"https:\/\/reladyne.com\/es\/#\/schema\/logo\/image\/","url":"https:\/\/reladyne.com\/wp-content\/uploads\/2020\/07\/RelaDyne-square-logo.jpg","contentUrl":"https:\/\/reladyne.com\/wp-content\/uploads\/2020\/07\/RelaDyne-square-logo.jpg","width":1500,"height":1500,"caption":"RelaDyne"},"image":{"@id":"https:\/\/reladyne.com\/es\/#\/schema\/logo\/image\/"},"sameAs":["https:\/\/www.facebook.com\/RelaDyne\/","https:\/\/x.com\/RelaDyne"]}]}},"_links":{"self":[{"href":"https:\/\/reladyne.com\/es\/wp-json\/wp\/v2\/pages\/10784","targetHints":{"allow":["GET"]}}],"collection":[{"href":"https:\/\/reladyne.com\/es\/wp-json\/wp\/v2\/pages"}],"about":[{"href":"https:\/\/reladyne.com\/es\/wp-json\/wp\/v2\/types\/page"}],"author":[{"embeddable":true,"href":"https:\/\/reladyne.com\/es\/wp-json\/wp\/v2\/users\/1"}],"replies":[{"embeddable":true,"href":"https:\/\/reladyne.com\/es\/wp-json\/wp\/v2\/comments?post=10784"}],"version-history":[{"count":36,"href":"https:\/\/reladyne.com\/es\/wp-json\/wp\/v2\/pages\/10784\/revisions"}],"predecessor-version":[{"id":15563,"href":"https:\/\/reladyne.com\/es\/wp-json\/wp\/v2\/pages\/10784\/revisions\/15563"}],"wp:featuredmedia":[{"embeddable":true,"href":"https:\/\/reladyne.com\/es\/wp-json\/wp\/v2\/media\/9307"}],"wp:attachment":[{"href":"https:\/\/reladyne.com\/es\/wp-json\/wp\/v2\/media?parent=10784"}],"wp:term":[{"taxonomy":"folder","embeddable":true,"href":"https:\/\/reladyne.com\/es\/wp-json\/wp\/v2\/folder?post=10784"}],"curies":[{"name":"wp","href":"https:\/\/api.w.org\/{rel}","templated":true}]}}