{"id":10789,"date":"2020-03-20T11:27:57","date_gmt":"2020-03-20T15:27:57","guid":{"rendered":"https:\/\/dev3.helmetstudio.com\/covid-19\/"},"modified":"2023-08-08T14:35:01","modified_gmt":"2023-08-08T18:35:01","slug":"covid-19","status":"publish","type":"page","link":"https:\/\/reladyne.com\/es\/covid-19\/","title":{"rendered":"COVID-19"},"content":{"rendered":"<div class=\"wpb-content-wrapper\"><p>[vc_row][vc_column][vc_column_text]<\/p>\n<h4>Como ustedes saben, el ambiente que est\u00e1 causando el COVID-19 ha afectado a muchos \u00e1mbitos de la vida empresarial y cotidiana. RelaDyne desea mantenerle informado sobre el estado de nuestra capacidad para servir a nuestros valiosos clientes.<\/h4>\n<p>[\/vc_column_text][\/vc_column][\/vc_row][vc_row][vc_column width=\u00bb2\/3&#8243;][vc_video link=\u00bbhttps:\/\/www.youtube.com\/embed\/MtMjjGneu8o\u00bb align=\u00bbcenter\u00bb title=\u00bb#RelaDyneStrong &#8211; Somos un negocio esencial\u00bb][vc_column_text]<\/p>\n<h2>Cadena de suministro y log\u00edstica<\/h2>\n<p>En conjunto, nuestra Cadena de Suministro y Log\u00edstica se encuentra en una posici\u00f3n estable, con una gran capacidad de suministro continuo. Casi todos nuestros productos se fabrican y transportan \u00edntegramente en el territorio continental de Estados Unidos, con m\u00faltiples proveedores y puntos de suministro.<\/p>\n<p>Nuestros niveles de inventario est\u00e1n en niveles hist\u00f3ricos. Utilizamos una red de equipos propiedad de RelaDyne y de terceras empresas de log\u00edstica para optimizar el suministro a nuestra red de distribuci\u00f3n y al mercado. Nuestra capacidad para servirle con nuestros productos y servicios en todo RelaDyne es estable. En respuesta a los posibles efectos de COVID-19, estamos supervisando las interrupciones relacionadas con los proveedores y estableciendo altos niveles de comunicaci\u00f3n con todos nuestros valiosos socios proveedores.<\/p>\n<h2>RelaDyne Preparaci\u00f3n de los asociados<\/h2>\n<p>A nivel interno, RelaDyne ha creado un grupo de trabajo COVID-19 y un plan de contingencia. Cumplimos todos los planes de salud y seguridad recomendados por el Gobierno estadounidense y la Organizaci\u00f3n Mundial de la Salud.<\/p>\n<p>Nuestra plantilla se est\u00e1 adaptando a estas condiciones de vida en constante cambio de diversas maneras, incluida la interacci\u00f3n limitada mediante una prohibici\u00f3n activa de los viajes y el aumento de los negocios realizados virtualmente. Adem\u00e1s, nuestras sedes han limitado su acceso \u00fanicamente a los empleados de RelaDyne. A pesar de todo, seguimos centrados en servirle a usted, nuestro cliente.<\/p>\n<h2>Recomendaciones de inventario<\/h2>\n<p>Evidentemente, se trata de un estado del mundo muy fluido y din\u00e1mico, sin resultados ni plazos definitivos. Por lo tanto, le animamos a que mantenga un nivel de existencias superior al normal y a que est\u00e9 abierto a productos alternativos recomendados por nuestro equipo de ventas, formado y experimentado en el sector. Su comercial RelaDyne est\u00e1 informado y preparado para discutir los ajustes del nivel de existencias.<\/p>\n<p>&nbsp;<\/p>\n<p><strong>Todos en RelaDyne les deseamos salud y seguridad en estos momentos sin precedentes.<\/strong>[\/vc_column_text][vc_row_inner][vc_column_inner][vc_custom_heading text=\u00bbEnlaces sobre salud y seguridad\u00bb font_container=\u00bbtag:h2|text_align:left|color:%23145dab\u00bb use_theme_fonts=\u00bbyes\u00bb][vc_column_text]<a href=\"https:\/\/www.cdc.gov\/coronavirus\/2019-ncov\/\" target=\"_blank\" rel=\"noopener noreferrer\">Centros para el Control y la Prevenci\u00f3n de Enfermedades<\/a><\/p>\n<p>[\/vc_column_text][\/vc_column_inner][\/vc_row_inner][\/vc_column][vc_column width=\u00bb1\/3&#8243;][vc_row_inner][vc_column_inner][vc_cta h2=\u00bbPedidos en l\u00ednea\u00bb add_button=\u00bbbottom\u00bb btn_title=\u00bbInicio de sesi\u00f3n\u00bb btn_style=\u00bbflat\u00bb btn_color=\u00bbwarning\u00bb btn_size=\u00bblg\u00bb btn_link=\u00bburl:https%3A%2F%2Freladyneexpress.com|title:Inicio%20de%20sesi%C3%B3n|target:%20_blank|\u00bb btn_el_class=\u00bbrelaDyneBTN\u00bb]Pida productos, consulte facturas y albaranes, y gestione su cuenta RelaDyne desde un solo lugar.[\/vc_cta][\/vc_column_inner][\/vc_row_inner][vc_row_inner][vc_column_inner][vc_custom_heading text=\u00bbDocumentos relacionados\u00bb font_container=\u00bbtag:h2|text_align:left|color:%23145dab\u00bb use_theme_fonts=\u00bbyes\u00bb][vc_message message_box_color=\u00bbwhite\u00bb icon_fontawesome=\u00bbfas fa-envelope-open-text\u00bb]<a href=\"https:\/\/email.reladyne.com\/covid-19-update-continuing-to-serve-you\" target=\"_blank\" rel=\"noopener noreferrer\">\u00daltima carta de actualizaci\u00f3n<\/a>[\/vc_message][vc_message message_box_color=\u00bbwhite\u00bb icon_fontawesome=\u00bbfas fa-file-pdf\u00bb]<a href=\"https:\/\/reladyne.com\/es\/covid-19-customer-letter_03152020-2\/\" target=\"_blank\" rel=\"noopener noreferrer\">Carta a los clientes<\/a>[\/vc_message][vc_message message_box_color=\u00bbwhite\u00bb icon_fontawesome=\u00bbfas fa-file-pdf\u00bb]<a href=\"https:\/\/reladyne.com\/es\/rrs-covid-19-customer-letter-signed-200316-2-2\/\" target=\"_blank\" rel=\"noopener noreferrer\">Carta a los clientes de RRS<\/a>[\/vc_message][vc_message message_box_color=\u00bbwhite\u00bb icon_fontawesome=\u00bbfas fa-file-pdf\u00bb]<a href=\"https:\/\/reladyne.com\/es\/covid-19-sales-team-customer-letter_final-2\/\" target=\"_blank\" rel=\"noopener noreferrer\">Cambios en la comunicaci\u00f3n de ventas<\/a>[\/vc_message][vc_message message_box_color=\u00bbwhite\u00bb icon_fontawesome=\u00bbfas fa-file-pdf\u00bb]<a href=\"https:\/\/reladyne.com\/es\/notification-on-driver-health-2\/\" target=\"_blank\" rel=\"noopener noreferrer\">Preparativos del conductor<\/a>[\/vc_message][vc_message message_box_color=\u00bbwhite\u00bb icon_fontawesome=\u00bbfas fa-file-pdf\u00bb]<a href=\"https:\/\/reladyne.com\/es\/reladyne-covid-19-plan-2\/\" target=\"_blank\" rel=\"noopener noreferrer\">Plan RelaDyne COVID-19<\/a>[\/vc_message][vc_message message_box_color=\u00bbwhite\u00bb icon_fontawesome=\u00bbfas fa-file-pdf\u00bb]<a href=\"https:\/\/reladyne.com\/es\/03-16-20_coronavirus-guidance_8-5x11_315pm-2\/\" target=\"_blank\" rel=\"noopener noreferrer\">Orientaci\u00f3n sobre coronavirus<\/a>[\/vc_message][\/vc_column_inner][\/vc_row_inner][vc_row_inner css=\u00bb.vc_custom_1584716947702{background-color: #f2f2f2 !important;}\u00bb][vc_column_inner]<script type=\"text\/javascript\">\n\/* <![CDATA[ *\/\nvar gform;gform||(document.addEventListener(\"gform_main_scripts_loaded\",function(){gform.scriptsLoaded=!0}),document.addEventListener(\"gform\/theme\/scripts_loaded\",function(){gform.themeScriptsLoaded=!0}),window.addEventListener(\"DOMContentLoaded\",function(){gform.domLoaded=!0}),gform={domLoaded:!1,scriptsLoaded:!1,themeScriptsLoaded:!1,isFormEditor:()=>\"function\"==typeof InitializeEditor,callIfLoaded:function(o){return!(!gform.domLoaded||!gform.scriptsLoaded||!gform.themeScriptsLoaded&&!gform.isFormEditor()||(gform.isFormEditor()&&console.warn(\"The use of gform.initializeOnLoaded() is deprecated in the form editor context and will be removed in Gravity Forms 3.1.\"),o(),0))},initializeOnLoaded:function(o){gform.callIfLoaded(o)||(document.addEventListener(\"gform_main_scripts_loaded\",()=>{gform.scriptsLoaded=!0,gform.callIfLoaded(o)}),document.addEventListener(\"gform\/theme\/scripts_loaded\",()=>{gform.themeScriptsLoaded=!0,gform.callIfLoaded(o)}),window.addEventListener(\"DOMContentLoaded\",()=>{gform.domLoaded=!0,gform.callIfLoaded(o)}))},hooks:{action:{},filter:{}},addAction:function(o,r,e,t){gform.addHook(\"action\",o,r,e,t)},addFilter:function(o,r,e,t){gform.addHook(\"filter\",o,r,e,t)},doAction:function(o){gform.doHook(\"action\",o,arguments)},applyFilters:function(o){return gform.doHook(\"filter\",o,arguments)},removeAction:function(o,r){gform.removeHook(\"action\",o,r)},removeFilter:function(o,r,e){gform.removeHook(\"filter\",o,r,e)},addHook:function(o,r,e,t,n){null==gform.hooks[o][r]&&(gform.hooks[o][r]=[]);var d=gform.hooks[o][r];null==n&&(n=r+\"_\"+d.length),gform.hooks[o][r].push({tag:n,callable:e,priority:t=null==t?10:t})},doHook:function(r,o,e){var t;if(e=Array.prototype.slice.call(e,1),null!=gform.hooks[r][o]&&((o=gform.hooks[r][o]).sort(function(o,r){return o.priority-r.priority}),o.forEach(function(o){\"function\"!=typeof(t=o.callable)&&(t=window[t]),\"action\"==r?t.apply(null,e):e[0]=t.apply(null,e)})),\"filter\"==r)return e[0]},removeHook:function(o,r,t,n){var e;null!=gform.hooks[o][r]&&(e=(e=gform.hooks[o][r]).filter(function(o,r,e){return!!(null!=n&&n!=o.tag||null!=t&&t!=o.priority)}),gform.hooks[o][r]=e)}});\n\/* ]]> *\/\n<\/script>\n\n                <div class='gf_browser_gecko gform_wrapper gform_legacy_markup_wrapper gform-theme--no-framework' data-form-theme='legacy' data-form-index='0' id='gform_wrapper_11' >\n                        <div class='gform_heading'>\n                            <h3 class=\"gform_title\">COVID-19 List<\/h3>\n                            <p class='gform_description'>Stay informed on any upcoming changes to RelaDyne's business in relation to COVID-19.<\/p>\n                        <\/div><form method='post' enctype='multipart\/form-data'  id='gform_11'  action='\/es\/wp-json\/wp\/v2\/pages\/10789' data-formid='11' novalidate><div class='gf_invisible ginput_recaptchav3' data-sitekey='6LfCuqwrAAAAAIEWd_rbgQg_iVB8ObGF4n9aosuR' data-tabindex='0'><input id=\"input_e85d73a21a0b46b4c09a843dddcafe5f\" class=\"gfield_recaptcha_response\" type=\"hidden\" name=\"input_e85d73a21a0b46b4c09a843dddcafe5f\" value=\"\"\/><\/div>\n                        <div class='gform-body gform_body'><ul id='gform_fields_11' class='gform_fields top_label form_sublabel_below description_below validation_below'><li id=\"field_11_3\" class=\"gfield gfield--type-honeypot gform_validation_container field_sublabel_below gfield--has-description field_description_below field_validation_below gfield_visibility_visible\"  ><label class='gfield_label gform-field-label' for='input_11_3'>Name<\/label><div class='ginput_container'><input name='input_3' id='input_11_3' type='text' value='' autocomplete='new-password'\/><\/div><div class='gfield_description' id='gfield_description_11_3'>Este campo es un campo de validaci\u00f3n y debe quedar sin cambios.<\/div><\/li><li id=\"field_11_1\" class=\"gfield gfield--type-name field_sublabel_below gfield--no-description field_description_below field_validation_below gfield_visibility_visible\"  ><label class='gfield_label gform-field-label gfield_label_before_complex' >Name<\/label><div class='ginput_complex ginput_container ginput_container--name no_prefix has_first_name no_middle_name has_last_name no_suffix gf_name_has_2 ginput_container_name gform-grid-row' id='input_11_1'>\n                            \n                            <span id='input_11_1_3_container' class='name_first gform-grid-col gform-grid-col--size-auto' >\n                                                    <input type='text' name='input_1.3' id='input_11_1_3' value=''   aria-required='false'     \/>\n                                                    <label for='input_11_1_3' class='gform-field-label gform-field-label--type-sub '>Nombre<\/label>\n                                                <\/span>\n                            \n                            <span id='input_11_1_6_container' class='name_last gform-grid-col gform-grid-col--size-auto' >\n                                                    <input type='text' name='input_1.6' id='input_11_1_6' value=''   aria-required='false'     \/>\n                                                    <label for='input_11_1_6' class='gform-field-label gform-field-label--type-sub '>Apellidos<\/label>\n                                                <\/span>\n                            \n                        <\/div><\/li><li id=\"field_11_2\" class=\"gfield gfield--type-email gfield_contains_required field_sublabel_below gfield--no-description field_description_below field_validation_below gfield_visibility_visible\"  ><label class='gfield_label gform-field-label' for='input_11_2'>Email<span class=\"gfield_required\"><span class=\"gfield_required gfield_required_asterisk\">*<\/span><\/span><\/label><div class='ginput_container ginput_container_email'>\n                            <input name='input_2' id='input_11_2' type='email' value='' class='large'    aria-required=\"true\" aria-invalid=\"false\"  \/>\n                        <\/div><\/li><\/ul><\/div>\n        <div class='gform-footer gform_footer top_label'> <input type='submit' id='gform_submit_button_11' class='gform_button button' onclick='gform.submission.handleButtonClick(this);' data-submission-type='submit' value='Submit'  \/> \n            <input type='hidden' class='gform_hidden' name='gform_submission_method' data-js='gform_submission_method_11' value='postback' \/>\n            <input type='hidden' class='gform_hidden' name='gform_theme' data-js='gform_theme_11' id='gform_theme_11' value='legacy' \/>\n            <input type='hidden' class='gform_hidden' name='gform_style_settings' data-js='gform_style_settings_11' id='gform_style_settings_11' value='[]' \/>\n            <input type='hidden' class='gform_hidden' name='is_submit_11' value='1' \/>\n            <input type='hidden' class='gform_hidden' name='gform_submit' value='11' \/>\n            \n            <input type='hidden' class='gform_hidden' name='gform_currency' data-currency='USD' value='8UvbgqX+pWIvFKmqW\/n+0HXyQIgxP4h2qbuTQntm+khFFqZrg+zSAmOYRhkXI4+NZlLCa42gJB7eKlPhMmZ\/B0mbRnz\/R2n4zGV2hOfzDcgTtJ8=' \/>\n            <input type='hidden' class='gform_hidden' name='gform_unique_id' value='' \/>\n            <input type='hidden' class='gform_hidden' name='state_11' value='WyJbXSIsImM1NGIxODdlMWM2OTAwNmRkZDdkZTZhMGRiYTcyMDE0Il0=' \/>\n            <input type='hidden' autocomplete='off' class='gform_hidden' name='gform_target_page_number_11' id='gform_target_page_number_11' value='0' \/>\n            <input type='hidden' autocomplete='off' class='gform_hidden' name='gform_source_page_number_11' id='gform_source_page_number_11' value='1' \/>\n            <input type='hidden' name='gform_field_values' value='' \/>\n            \n        <\/div>\n                        <p style=\"display: none !important;\" class=\"akismet-fields-container\" data-prefix=\"ak_\"><label>&#916;<textarea name=\"ak_hp_textarea\" cols=\"45\" rows=\"8\" maxlength=\"100\"><\/textarea><\/label><input type=\"hidden\" id=\"ak_js_1\" name=\"ak_js\" value=\"119\"\/><script>document.getElementById( \"ak_js_1\" ).setAttribute( \"value\", ( new Date() ).getTime() );<\/script><\/p><\/form>\n                        <\/div><script type=\"text\/javascript\">\n\/* <![CDATA[ *\/\n gform.initializeOnLoaded( function() {gformInitSpinner( 11, 'https:\/\/reladyne.com\/wp-content\/plugins\/gravityforms\/images\/spinner.svg', true );jQuery('#gform_ajax_frame_11').on('load',function(){var contents = jQuery(this).contents().find('*').html();var is_postback = contents.indexOf('GF_AJAX_POSTBACK') >= 0;if(!is_postback){return;}var form_content = jQuery(this).contents().find('#gform_wrapper_11');var is_confirmation = jQuery(this).contents().find('#gform_confirmation_wrapper_11').length > 0;var is_redirect = contents.indexOf('gformRedirect(){') >= 0;var is_form = form_content.length > 0 && ! is_redirect && ! is_confirmation;var mt = parseInt(jQuery('html').css('margin-top'), 10) + parseInt(jQuery('body').css('margin-top'), 10) + 100;if(is_form){jQuery('#gform_wrapper_11').html(form_content.html());if(form_content.hasClass('gform_validation_error')){jQuery('#gform_wrapper_11').addClass('gform_validation_error');} else {jQuery('#gform_wrapper_11').removeClass('gform_validation_error');}setTimeout( function() { \/* delay the scroll by 50 milliseconds to fix a bug in chrome *\/  }, 50 );if(window['gformInitDatepicker']) {gformInitDatepicker();}if(window['gformInitPriceFields']) {gformInitPriceFields();}var current_page = jQuery('#gform_source_page_number_11').val();gformInitSpinner( 11, 'https:\/\/reladyne.com\/wp-content\/plugins\/gravityforms\/images\/spinner.svg', true );jQuery(document).trigger('gform_page_loaded', [11, current_page]);window['gf_submitting_11'] = false;}else if(!is_redirect){var confirmation_content = jQuery(this).contents().find('.GF_AJAX_POSTBACK').html();if(!confirmation_content){confirmation_content = contents;}jQuery('#gform_wrapper_11').replaceWith(confirmation_content);jQuery(document).trigger('gform_confirmation_loaded', [11]);window['gf_submitting_11'] = false;wp.a11y.speak(jQuery('#gform_confirmation_message_11').text());}else{jQuery('#gform_11').append(contents);if(window['gformRedirect']) {gformRedirect();}}jQuery(document).trigger(\"gform_pre_post_render\", [{ formId: \"11\", currentPage: \"current_page\", abort: function() { this.preventDefault(); } }]);        if (event && event.defaultPrevented) {                return;        }        const gformWrapperDiv = document.getElementById( \"gform_wrapper_11\" );        if ( gformWrapperDiv ) {            const visibilitySpan = document.createElement( \"span\" );            visibilitySpan.id = \"gform_visibility_test_11\";            gformWrapperDiv.insertAdjacentElement( \"afterend\", visibilitySpan );        }        const visibilityTestDiv = document.getElementById( \"gform_visibility_test_11\" );        let postRenderFired = false;        function triggerPostRender() {            if ( postRenderFired ) {                return;            }            postRenderFired = true;            gform.core.triggerPostRenderEvents( 11, current_page );            if ( visibilityTestDiv ) {                visibilityTestDiv.parentNode.removeChild( visibilityTestDiv );            }        }        function debounce( func, wait, immediate ) {            var timeout;            return function() {                var context = this, args = arguments;                var later = function() {                    timeout = null;                    if ( !immediate ) func.apply( context, args );                };                var callNow = immediate && !timeout;                clearTimeout( timeout );                timeout = setTimeout( later, wait );                if ( callNow ) func.apply( context, args );            };        }        const debouncedTriggerPostRender = debounce( function() {            triggerPostRender();        }, 200 );        if ( visibilityTestDiv && visibilityTestDiv.offsetParent === null ) {            const observer = new MutationObserver( ( mutations ) => {                mutations.forEach( ( mutation ) => {                    if ( mutation.type === 'attributes' && visibilityTestDiv.offsetParent !== null ) {                        debouncedTriggerPostRender();                        observer.disconnect();                    }                });            });            observer.observe( document.body, {                attributes: true,                childList: false,                subtree: true,                attributeFilter: [ 'style', 'class' ],            });        } else {            triggerPostRender();        }    } );} ); \n\/* ]]> *\/\n<\/script>\n[\/vc_column_inner][\/vc_row_inner][\/vc_column][\/vc_row]<\/p>\n<\/div>","protected":false},"excerpt":{"rendered":"<p>[vc_row][vc_column][vc_column_text] Como ustedes saben, el ambiente que est\u00e1 causando el COVID-19 ha afectado a muchos \u00e1mbitos de la vida empresarial y cotidiana. RelaDyne desea mantenerle [&hellip;]<\/p>\n","protected":false},"author":2,"featured_media":0,"parent":0,"menu_order":0,"comment_status":"closed","ping_status":"closed","template":"page_modular.php","meta":{"_acf_changed":false,"content-type":"","inline_featured_image":false,"footnotes":""},"folder":[],"class_list":["post-10789","page","type-page","status-publish","hentry","entry"],"acf":[],"yoast_head":"<!-- This site is optimized with the Yoast SEO Premium plugin v26.6 (Yoast SEO v26.6) - https:\/\/yoast.com\/wordpress\/plugins\/seo\/ -->\n<title>COVID-19 : RelaDyne<\/title>\n<meta name=\"robots\" content=\"index, follow, max-snippet:-1, max-image-preview:large, max-video-preview:-1\" \/>\n<link rel=\"canonical\" href=\"https:\/\/reladyne.com\/es\/covid-19\/\" \/>\n<meta property=\"og:locale\" content=\"es_ES\" \/>\n<meta property=\"og:type\" content=\"article\" \/>\n<meta property=\"og:title\" content=\"COVID-19\" \/>\n<meta property=\"og:description\" content=\"[vc_row][vc_column][vc_column_text] Como ustedes saben, el ambiente que est\u00e1 causando el COVID-19 ha afectado a muchos \u00e1mbitos de la vida empresarial y cotidiana. RelaDyne desea mantenerle [&hellip;]\" \/>\n<meta property=\"og:url\" content=\"https:\/\/reladyne.com\/es\/covid-19\/\" \/>\n<meta property=\"og:site_name\" content=\"RelaDyne\" \/>\n<meta property=\"article:publisher\" content=\"https:\/\/www.facebook.com\/RelaDyne\/\" \/>\n<meta property=\"article:modified_time\" content=\"2023-08-08T18:35:01+00:00\" \/>\n<meta name=\"twitter:card\" content=\"summary_large_image\" \/>\n<meta name=\"twitter:site\" content=\"@RelaDyne\" \/>\n<meta name=\"twitter:label1\" content=\"Tiempo de lectura\" \/>\n\t<meta name=\"twitter:data1\" content=\"4 minutos\" \/>\n<script type=\"application\/ld+json\" class=\"yoast-schema-graph\">{\"@context\":\"https:\/\/schema.org\",\"@graph\":[{\"@type\":\"WebPage\",\"@id\":\"https:\/\/reladyne.com\/es\/covid-19\/\",\"url\":\"https:\/\/reladyne.com\/es\/covid-19\/\",\"name\":\"COVID-19 : RelaDyne\",\"isPartOf\":{\"@id\":\"https:\/\/reladyne.com\/es\/#website\"},\"datePublished\":\"2020-03-20T15:27:57+00:00\",\"dateModified\":\"2023-08-08T18:35:01+00:00\",\"breadcrumb\":{\"@id\":\"https:\/\/reladyne.com\/es\/covid-19\/#breadcrumb\"},\"inLanguage\":\"es\",\"potentialAction\":[{\"@type\":\"ReadAction\",\"target\":[\"https:\/\/reladyne.com\/es\/covid-19\/\"]}]},{\"@type\":\"BreadcrumbList\",\"@id\":\"https:\/\/reladyne.com\/es\/covid-19\/#breadcrumb\",\"itemListElement\":[{\"@type\":\"ListItem\",\"position\":1,\"name\":\"Home\",\"item\":\"https:\/\/reladyne.com\/es\/\"},{\"@type\":\"ListItem\",\"position\":2,\"name\":\"COVID-19\"}]},{\"@type\":\"WebSite\",\"@id\":\"https:\/\/reladyne.com\/es\/#website\",\"url\":\"https:\/\/reladyne.com\/es\/\",\"name\":\"RelaDyne\",\"description\":\"RelaDyne | Bulk Oil, Fuel &amp; Lubricants Distributor\",\"publisher\":{\"@id\":\"https:\/\/reladyne.com\/es\/#organization\"},\"potentialAction\":[{\"@type\":\"SearchAction\",\"target\":{\"@type\":\"EntryPoint\",\"urlTemplate\":\"https:\/\/reladyne.com\/es\/?s={search_term_string}\"},\"query-input\":{\"@type\":\"PropertyValueSpecification\",\"valueRequired\":true,\"valueName\":\"search_term_string\"}}],\"inLanguage\":\"es\"},{\"@type\":\"Organization\",\"@id\":\"https:\/\/reladyne.com\/es\/#organization\",\"name\":\"RelaDyne\",\"url\":\"https:\/\/reladyne.com\/es\/\",\"logo\":{\"@type\":\"ImageObject\",\"inLanguage\":\"es\",\"@id\":\"https:\/\/reladyne.com\/es\/#\/schema\/logo\/image\/\",\"url\":\"https:\/\/reladyne.com\/wp-content\/uploads\/2020\/07\/RelaDyne-square-logo.jpg\",\"contentUrl\":\"https:\/\/reladyne.com\/wp-content\/uploads\/2020\/07\/RelaDyne-square-logo.jpg\",\"width\":1500,\"height\":1500,\"caption\":\"RelaDyne\"},\"image\":{\"@id\":\"https:\/\/reladyne.com\/es\/#\/schema\/logo\/image\/\"},\"sameAs\":[\"https:\/\/www.facebook.com\/RelaDyne\/\",\"https:\/\/x.com\/RelaDyne\"]}]}<\/script>\n<!-- \/ Yoast SEO Premium plugin. -->","yoast_head_json":{"title":"COVID-19 : RelaDyne","robots":{"index":"index","follow":"follow","max-snippet":"max-snippet:-1","max-image-preview":"max-image-preview:large","max-video-preview":"max-video-preview:-1"},"canonical":"https:\/\/reladyne.com\/es\/covid-19\/","og_locale":"es_ES","og_type":"article","og_title":"COVID-19","og_description":"[vc_row][vc_column][vc_column_text] Como ustedes saben, el ambiente que est\u00e1 causando el COVID-19 ha afectado a muchos \u00e1mbitos de la vida empresarial y cotidiana. RelaDyne desea mantenerle [&hellip;]","og_url":"https:\/\/reladyne.com\/es\/covid-19\/","og_site_name":"RelaDyne","article_publisher":"https:\/\/www.facebook.com\/RelaDyne\/","article_modified_time":"2023-08-08T18:35:01+00:00","twitter_card":"summary_large_image","twitter_site":"@RelaDyne","twitter_misc":{"Tiempo de lectura":"4 minutos"},"schema":{"@context":"https:\/\/schema.org","@graph":[{"@type":"WebPage","@id":"https:\/\/reladyne.com\/es\/covid-19\/","url":"https:\/\/reladyne.com\/es\/covid-19\/","name":"COVID-19 : RelaDyne","isPartOf":{"@id":"https:\/\/reladyne.com\/es\/#website"},"datePublished":"2020-03-20T15:27:57+00:00","dateModified":"2023-08-08T18:35:01+00:00","breadcrumb":{"@id":"https:\/\/reladyne.com\/es\/covid-19\/#breadcrumb"},"inLanguage":"es","potentialAction":[{"@type":"ReadAction","target":["https:\/\/reladyne.com\/es\/covid-19\/"]}]},{"@type":"BreadcrumbList","@id":"https:\/\/reladyne.com\/es\/covid-19\/#breadcrumb","itemListElement":[{"@type":"ListItem","position":1,"name":"Home","item":"https:\/\/reladyne.com\/es\/"},{"@type":"ListItem","position":2,"name":"COVID-19"}]},{"@type":"WebSite","@id":"https:\/\/reladyne.com\/es\/#website","url":"https:\/\/reladyne.com\/es\/","name":"RelaDyne","description":"RelaDyne | Bulk Oil, Fuel &amp; Lubricants Distributor","publisher":{"@id":"https:\/\/reladyne.com\/es\/#organization"},"potentialAction":[{"@type":"SearchAction","target":{"@type":"EntryPoint","urlTemplate":"https:\/\/reladyne.com\/es\/?s={search_term_string}"},"query-input":{"@type":"PropertyValueSpecification","valueRequired":true,"valueName":"search_term_string"}}],"inLanguage":"es"},{"@type":"Organization","@id":"https:\/\/reladyne.com\/es\/#organization","name":"RelaDyne","url":"https:\/\/reladyne.com\/es\/","logo":{"@type":"ImageObject","inLanguage":"es","@id":"https:\/\/reladyne.com\/es\/#\/schema\/logo\/image\/","url":"https:\/\/reladyne.com\/wp-content\/uploads\/2020\/07\/RelaDyne-square-logo.jpg","contentUrl":"https:\/\/reladyne.com\/wp-content\/uploads\/2020\/07\/RelaDyne-square-logo.jpg","width":1500,"height":1500,"caption":"RelaDyne"},"image":{"@id":"https:\/\/reladyne.com\/es\/#\/schema\/logo\/image\/"},"sameAs":["https:\/\/www.facebook.com\/RelaDyne\/","https:\/\/x.com\/RelaDyne"]}]}},"_links":{"self":[{"href":"https:\/\/reladyne.com\/es\/wp-json\/wp\/v2\/pages\/10789","targetHints":{"allow":["GET"]}}],"collection":[{"href":"https:\/\/reladyne.com\/es\/wp-json\/wp\/v2\/pages"}],"about":[{"href":"https:\/\/reladyne.com\/es\/wp-json\/wp\/v2\/types\/page"}],"author":[{"embeddable":true,"href":"https:\/\/reladyne.com\/es\/wp-json\/wp\/v2\/users\/2"}],"replies":[{"embeddable":true,"href":"https:\/\/reladyne.com\/es\/wp-json\/wp\/v2\/comments?post=10789"}],"version-history":[{"count":12,"href":"https:\/\/reladyne.com\/es\/wp-json\/wp\/v2\/pages\/10789\/revisions"}],"predecessor-version":[{"id":12124,"href":"https:\/\/reladyne.com\/es\/wp-json\/wp\/v2\/pages\/10789\/revisions\/12124"}],"wp:attachment":[{"href":"https:\/\/reladyne.com\/es\/wp-json\/wp\/v2\/media?parent=10789"}],"wp:term":[{"taxonomy":"folder","embeddable":true,"href":"https:\/\/reladyne.com\/es\/wp-json\/wp\/v2\/folder?post=10789"}],"curies":[{"name":"wp","href":"https:\/\/api.w.org\/{rel}","templated":true}]}}