{"id":12782,"date":"2024-01-31T11:03:32","date_gmt":"2024-01-31T15:03:32","guid":{"rendered":"https:\/\/reladyne.com\/customer-portal-giveaway-terms-and-conditions\/"},"modified":"2024-10-25T16:32:19","modified_gmt":"2024-10-25T20:32:19","slug":"customer-portal-giveaway-terms-and-conditions","status":"publish","type":"page","link":"https:\/\/reladyne.com\/es\/customer-portal-giveaway-terms-and-conditions\/","title":{"rendered":"Regalo del Portal del Cliente"},"content":{"rendered":"\r\n<ol class=\"wp-block-list\">&#13;\n<li><strong>REQUISITOS<\/strong>: NO ES NECESARIO REALIZAR NINGUNA COMPRA PARA PARTICIPAR O GANAR. La compra de un producto no aumentar\u00e1 las posibilidades del Participante de ganar el Sorteo RelaDyne de E-Com (el \u00abSorteo\u00bb). Abierto a residentes legales en uno de los cuarenta y ocho (48) Estados Unidos contiguos y el Distrito de Columbia (el \u00abTerritorio\u00bb), mayores de dieciocho (18) a\u00f1os en la fecha de inscripci\u00f3n (los \u00abParticipantes\u00bb). Empleados, funcionarios y directores de RelaDyne, LLC, y sus subsidiarias y afiliadas (colectivamente, el \u00abPatrocinador\u00bb), junto con sus distribuidores, vendedores, agencias de publicidad\/promoci\u00f3n, y cualquier otra persona involucrada en el desarrollo, producci\u00f3n, ejecuci\u00f3n o distribuci\u00f3n de este Sorteo, incluyendo, pero no limitado a, las entidades proveedoras del Gran Premio (colectivamente, las \u00abEntidades del Sorteo\u00bb), as\u00ed como sus familiares directos (c\u00f3nyuges, hermanos, hijos y padres, con independencia de su lugar de residencia) o los miembros de la misma unidad familiar (est\u00e9n o no emparentados) de dichos empleados, directivos y directores no podr\u00e1n participar en el Sorteo. Se aplican todas las leyes y normativas federales, estatales y locales. El Sorteo es nulo fuera del Territorio y dondequiera que la ley lo proh\u00edba o restrinja.<\/li>&#13;\n\r\n\r\n&#13;\n<li><strong>PER\u00cdODO DEL SORTEO<\/strong>: El sorteo comienza a las 12:00 a.m. Eastern Time (\u00abEST\u00bb) el 1 de febrero de 2024 y finaliza a las 23:59 horas. EST el 29 de febrero de 2024 (el \u00abPeriodo de Sorteo\u00bb). A efectos de las presentes Condiciones Generales, todas las horas se indican en hora del Este.<\/li>&#13;\n\r\n\r\n&#13;\n<li><strong>PROCESO DE PARTICIPACI\u00d3N<\/strong>: Los participantes que compren su primer pedido online (con una compra m\u00ednima de 150 galones pero excluyendo pedidos de combustible) pueden participar en el Sorteo completando la informaci\u00f3n de participaci\u00f3n. Para participar en l\u00ednea, los participantes deben visitar el sitio web del sorteo en<a href=\"https:\/\/share.hsforms.com\/1_jIlnenpSR6sGaYrVl2rNA2u1n9\" target=\"_blank\" rel=\"noopener\">\n  <strong> https:\/\/share.hsforms.com\/1_jIlnenpSR6sGaYrVl2rNA2u1n9 <\/strong>\n<\/a>y proporcionar toda la informaci\u00f3n solicitada para participar en el Sorteo.<br\/>Para participar por correo, sin realizar una compra, los Participantes pueden enviar una inscripci\u00f3n por correo postal enviando una tarjeta de 3 x 5 que incluya el nombre, apellidos, direcci\u00f3n, ciudad, estado, c\u00f3digo postal, n\u00famero de tel\u00e9fono (incluido el c\u00f3digo de \u00e1rea), el c\u00f3digo promocional \u00abLEAPYEAR24\u00bb y la direcci\u00f3n de correo electr\u00f3nico del Participante a E-Com RelaDyne Giveaway, RelaDyne, LLC, 8280 Montgomery Road, Suite 101, Cincinnati, Ohio 45236.<br\/>Independientemente del m\u00e9todo que elija el Participante para participar, ya sea por Internet o por correo, hay un l\u00edmite de una participaci\u00f3n por m\u00e9todo. Cualquier intento por parte de un Participante de obtener un n\u00famero de participaciones superior al indicado utilizando m\u00faltiples\/diferentes direcciones de correo electr\u00f3nico, n\u00fameros de tel\u00e9fono, identidades y\/o cualquier otro m\u00e9todo anular\u00e1 la participaci\u00f3n de dicho Participante y \u00e9ste ser\u00e1 descalificado del Sorteo. En caso de litigio sobre la identidad de la persona que env\u00eda una participaci\u00f3n, \u00e9sta se considerar\u00e1 enviada por la persona a cuyo nombre est\u00e9 registrada la cuenta de correo electr\u00f3nico. Es posible que se solicite al posible ganador del premio que demuestre ser el titular autorizado de la cuenta. El Patrocinador y\/o las Entidades del Sorteo no verificar\u00e1n la recepci\u00f3n de las participaciones de los Participantes. El Patrocinador y\/o las Entidades del Sorteo no se hacen responsables de participaciones perdidas, retrasadas o mal dirigidas.<br\/>Todas las participaciones, tanto si se env\u00edan por Internet como por correo, deben ser recibidas por el Patrocinador antes de que finalice el Periodo del Sorteo. Para participar y poder ganar es necesario rellenar toda la informaci\u00f3n requerida. Las participaciones incompletas ser\u00e1n descalificadas.<br\/>Las participaciones no ser\u00e1n reconocidas ni devueltas y pasar\u00e1n a ser propiedad del Patrocinador. El Patrocinador tendr\u00e1 derecho a utilizar, asignar, editar, modificar o disponer de cualquier participaci\u00f3n y su contenido como considere oportuno sin la aprobaci\u00f3n del Participante.<br\/>Al participar en el Sorteo, cada Participante acepta recibir comunicaciones por correo, correo electr\u00f3nico y texto del Patrocinador.  Los participantes pueden optar por no recibir dichas comunicaciones en cualquier momento.<\/li>&#13;\n\r\n\r\n&#13;\n<li><strong>GANANCIAS\/ODOS: <\/strong>Se seleccionar\u00e1n dos (2) ganadores del Gran Premio en un sorteo al azar que se celebrar\u00e1 el 12 de marzo de 2024 o alrededor de esa fecha, entre todas las participaciones que cumplan los requisitos y que se hayan recibido durante el Periodo del Sorteo. Las probabilidades de ganar depender\u00e1n del n\u00famero total de participaciones recibidas que cumplan los requisitos. El sorteo ser\u00e1 realizado por el Patrocinador en su sede. Las decisiones del Patrocinador y la interpretaci\u00f3n de estos T\u00e9rminos y Condiciones por parte del Patrocinador son definitivas y vinculantes en todos los aspectos. Los posibles ganadores del Gran Premio ser\u00e1n notificados por correo postal y\/o electr\u00f3nico tras el sorteo, sujeto a verificaci\u00f3n. En la secci\u00f3n \u00abPremio\u00bb de las presentes Condiciones Generales encontrar\u00e1 m\u00e1s informaci\u00f3n sobre c\u00f3mo solicitar el Gran Premio.<\/li>&#13;\n\r\n\r\n&#13;\n<li><strong>PREMIO:<\/strong> Se conceder\u00e1n dos (2) Grandes Premios (el \u00abGran Premio\u00bb), consistentes en un total de 200 $ en tarjetas regalo de Ticketmaster. El valor de venta aproximado del Gran Premio es de 200 $. Cualquier gasto relacionado con la participaci\u00f3n, o con la concesi\u00f3n o el uso del Gran Premio que no figure en las presentes Bases correr\u00e1 a cargo de los ganadores del Gran Premio. El Patrocinador se reserva el derecho de sustituir el Gran Premio por un premio de igual o mayor valor si el Gran Premio no est\u00e1 disponible. No se ofrecer\u00e1 ning\u00fan valor en met\u00e1lico en lugar del Gran Premio. El Gran Premio no es transferible. Los ganadores del Gran Premio deber\u00e1n rellenar y devolver una Declaraci\u00f3n Jurada de Elegibilidad en un plazo de siete (7) d\u00edas a partir de la notificaci\u00f3n. El incumplimiento de esta norma dar\u00e1 lugar a la elecci\u00f3n de un ganador alternativo del Gran Premio. Los ganadores del Gran Premio recibir\u00e1n un formulario 1099 del IRS por el valor del Gran Premio. La entrega del Gran Premio tardar\u00e1 dos semanas. Ni el Patrocinador ni las Entidades del Sorteo ofrecen ninguna garant\u00eda, representaci\u00f3n o garant\u00eda, expresa o impl\u00edcita, de hecho o de derecho, con respecto al Gran Premio y renuncian espec\u00edficamente a todas esas garant\u00edas, incluyendo, sin limitaci\u00f3n, cualquier garant\u00eda impl\u00edcita de comerciabilidad o idoneidad para un fin determinado. El Gran Premio se concede \u00abTAL CUAL\u00bb y SIN GARANT\u00cdA DE NING\u00daN TIPO.<\/li>&#13;\n\r\n\r\n&#13;\n<li><strong>USO DE LA INFORMACI\u00d3N:<\/strong> Al participar en el Sorteo, cada Participante consiente y otorga al Patrocinador y a sus filiales, as\u00ed como a cualquier otra parte autorizada por el Patrocinador, el derecho y la licencia sin restricciones, absolutos, perpetuos y mundiales, pero no la obligaci\u00f3n, (i) utilizar el nombre, la direcci\u00f3n, la fotograf\u00eda, la imagen, la voz, la informaci\u00f3n y las declaraciones biogr\u00e1ficas y personales del Participante, la inscripci\u00f3n y el contenido relacionado, as\u00ed como cualquier nota, fotograf\u00eda, pel\u00edcula o cinta de v\u00eddeo o audio que pueda tomarse del Participante o de dichos materiales (lo anterior, colectivamente, la \u00abImagen\u00bb), sin compensaci\u00f3n, contraprestaci\u00f3n, revisi\u00f3n, aprobaci\u00f3n o notificaci\u00f3n adicionales al Participante o a terceros, y (ii) to reproduce, copy, modify, create derivative works of, display, perform, exhibit, distribute, transmit or broadcast, publicly or otherwise, or otherwise use and permit to be used the Likeness or any part thereof, whether alone or in combination with other materials (including, but not limited to, text, data, images, photographs, illustrations and graphics and video or audio segments of any nature), en cualquier medio o soporte conocido en la actualidad o que se desarrolle en el futuro (incluidos, entre otros, cualquier formato de cualquier medio inform\u00e1tico, basado en Internet, electr\u00f3nico, magn\u00e9tico, digital, l\u00e1ser u \u00f3ptico), en relaci\u00f3n con cualquiera de las actividades o materiales de publicidad, propaganda, comercio, sorteos, regalos o concursos del Patrocinador (o su representante) (los \u00abMateriales Promocionales\u00bb) por un n\u00famero ilimitado de veces, excepto cuando lo proh\u00edba la ley. Cada Participante renuncia a cualquier derecho a inspeccionar o aprobar cualquier Material Promocional que incluya o acompa\u00f1e a la Imagen. Cada Participante exime adem\u00e1s al Patrocinador de cualquier responsabilidad u obligaci\u00f3n que pueda surgir como resultado del uso de la Imagen, incluyendo, sin limitaci\u00f3n, reclamaciones por invasi\u00f3n de la privacidad, infracci\u00f3n de su derecho de publicidad y difamaci\u00f3n (incluyendo calumnias e injurias). Cada Participante entiende que la compensaci\u00f3n total por el uso de la Semejanza es la participaci\u00f3n en el Sorteo, y cada Participante renuncia a cualquier derecho a ingresos residuales, regal\u00edas y cualquier otro pago de ingresos o cualquier otro beneficio, que de otro modo pudiera derivarse del uso de la Semejanza.<\/li>&#13;\n\r\n\r\n&#13;\n<li><strong>IMPUESTOS<\/strong>: Todos los impuestos sobre la renta, ventas, uso, retenciones y otros impuestos (y la declaraci\u00f3n de los mismos) impuestos como resultado de la concesi\u00f3n del Gran Premio y el uso del Gran Premio son responsabilidad exclusiva del ganador. Es responsabilidad del ganador comprender y cumplir cualquier ley fiscal federal, estatal, local o extranjera que pueda aplicarse a la recepci\u00f3n del Gran Premio.<\/li>&#13;\n\r\n\r\n&#13;\n<li><strong>GENERAL:<\/strong> Al participar en el Sorteo, los Participantes aceptan: (a) acatar y quedar vinculado por las presentes Condiciones Generales; y (b) liberar, exonerar, indemnizar y eximir de responsabilidad al Patrocinador y a sus licenciatarios, subsidiarias, filiales y a las Entidades del Sorteo de toda lesi\u00f3n, responsabilidad, p\u00e9rdida, da\u00f1o, derecho, reclamaci\u00f3n y acci\u00f3n de cualquier tipo, incluyendo, sin limitaci\u00f3n, la responsabilidad por lesiones personales o muerte, ya sean conocidas o desconocidas, fijas o contingentes, resultantes de su participaci\u00f3n en el Sorteo o de su aceptaci\u00f3n, uso o mal uso del Gran Premio. El Patrocinador, sus licenciatarios, subsidiarias, filiales, agencias de publicidad, agencias promocionales y proveedores y cualquier otra persona o empresa involucrada en el desarrollo o ejecuci\u00f3n del Sorteo y sus respectivos directores, funcionarios, accionistas y empleados no son responsables y no ser\u00e1n responsables de (a) errores de transmisi\u00f3n electr\u00f3nica que resulten en omisi\u00f3n, interrupci\u00f3n, supresi\u00f3n, defecto, retraso en las operaciones o en la transmisi\u00f3n, robo o destrucci\u00f3n; (b) acceso no autorizado a los materiales de entrada o alteraci\u00f3n de los mismos; (c) fallos t\u00e9cnicos, de red, de equipos telef\u00f3nicos, electr\u00f3nicos, inform\u00e1ticos, de hardware o software; o (d) limitaciones de cualquier tipo o transmisiones inexactas o fallos en la recepci\u00f3n de informaci\u00f3n por parte del Patrocinador a causa de problemas t\u00e9cnicos o congesti\u00f3n del tr\u00e1fico en Internet o en cualquier sitio web o cualquier combinaci\u00f3n de los mismos. El Patrocinador no se hace responsable de participaciones perdidas, tard\u00edas, incompletas, incorrectas, da\u00f1adas o mal enviadas, ni de ninguna condici\u00f3n causada por acontecimientos ajenos al control del Patrocinador que puedan provocar la interrupci\u00f3n o corrupci\u00f3n del Sorteo. El Patrocinador podr\u00e1 prohibir a un Participante que participe en el Sorteo o que gane el Gran Premio si, a su entera discreci\u00f3n, determina que el Participante est\u00e1 intentando socavar el funcionamiento leg\u00edtimo del Sorteo mediante trampas, enga\u00f1os u otras pr\u00e1cticas de juego desleal o con la intenci\u00f3n de molestar, abusar, amenazar o acosar a cualquier otro Participante o al Patrocinador. Ser\u00e1n nulas las inscripciones que contengan informaci\u00f3n falsa, sean incompletas, inexactas o est\u00e9n falsificadas, defectuosas o realizadas fuera de los canales autorizados, incluidas las que hayan fallado debido a un mal funcionamiento o fallo de los tel\u00e9fonos, l\u00edneas telef\u00f3nicas, sistemas o redes telef\u00f3nicas, servidor, proveedores, equipos inform\u00e1ticos, software o cualquier combinaci\u00f3n de los mismos de cualquier tipo, error humano o de otro tipo. CUALQUIER INTENTO POR PARTE DE UN PARTICIPANTE DE DA\u00d1AR O SOCAVAR DELIBERADAMENTE EL FUNCIONAMIENTO LEG\u00cdTIMO DEL SORTEO PUEDE CONSTITUIR UNA VIOLACI\u00d3N DE LAS LEYES PENALES Y CIVILES Y, EN CASO DE QUE SE LLEVE A CABO DICHO INTENTO, EL PATROCINADOR SE RESERVA EL DERECHO A RECLAMAR INDEMNIZACIONES Y DA\u00d1OS Y PERJUICIOS (INCLUIDOS LOS HONORARIOS DE LOS ABOGADOS) A CUALQUIERA DE DICHOS PARTICIPANTES CON TODO EL RIGOR DE LA LEY, INCLUIDO EL ENJUICIAMIENTO PENAL. Si, por cualquier motivo, este Sorteo, a juicio exclusivo del Patrocinador, no pudiera llevarse a cabo seg\u00fan lo previsto, incluyendo, entre otros, la infecci\u00f3n por virus inform\u00e1ticos, manipulaci\u00f3n, fraude, fallos t\u00e9cnicos o cualquier otra causa que, a juicio exclusivo del Patrocinador, corrompa o afecte a la administraci\u00f3n, seguridad, imparcialidad, integridad o correcto desarrollo de este Sorteo, la imparcialidad, la integridad o el correcto desarrollo de este Sorteo, el Patrocinador se reserva el derecho, a su entera discreci\u00f3n, de cancelar, finalizar, modificar o suspender este Sorteo y limitar las participaciones a las enviadas antes de la medida tomada, o de proceder de la forma que el Patrocinador considere justa y equitativa a su entera discreci\u00f3n. Se aplican todas las normativas federales, estatales y locales.<\/li>&#13;\n\r\n\r\n&#13;\n<li><strong>LEY APLICABLE\/JURISDICCI\u00d3N.<\/strong>  TODAS LAS CUESTIONES Y PREGUNTAS RELATIVAS A LA CONSTRUCCI\u00d3N, VALIDEZ, INTERPRETACI\u00d3N Y APLICABILIDAD DE ESTOS T\u00c9RMINOS Y CONDICIONES O LOS DERECHOS Y OBLIGACIONES DE LOS PARTICIPANTES O DEL PATROCINADOR EN RELACI\u00d3N CON EL SORTEO SE REGIR\u00c1N E INTERPRETAR\u00c1N DE ACUERDO CON LAS LEYES INTERNAS DEL ESTADO DE OHIO SIN DAR EFECTO A NINGUNA ELECCI\u00d3N DE LEY DE CONFLICTO DE LEYES, NORMAS O DISPOSICIONES QUE CAUSEN LA APLICACI\u00d3N DE LAS LEYES DE CUALQUIER OTRO ESTADO. LA JURISDICCI\u00d3N COMPETENTE PARA CUALQUIER ACCI\u00d3N SER\u00c1 LA DE LOS TRIBUNALES FEDERALES Y ESTATALES DE CINCINNATI, OHIO.<\/li>&#13;\n\r\n\r\n&#13;\n<li><strong>POL\u00cdTICA DE PRIVACIDAD:<\/strong> Al enviar una participaci\u00f3n, cada Participante acepta compartir la informaci\u00f3n de participaci\u00f3n con el Patrocinador. La informaci\u00f3n recopilada de los Participantes se utilizar\u00e1 para comunicarnos con ellos en relaci\u00f3n con este Sorteo. Salvo que se indique expresamente lo contrario en las presentes Condiciones, toda la informaci\u00f3n recopilada en el marco del Sorteo se utilizar\u00e1 de conformidad con la Pol\u00edtica de Privacidad del Patrocinador, disponible en <a href=\"https:\/\/reladyne.com\/privacy-policy\/.\">https:\/\/reladyne.com\/privacy-policy\/.<\/a><\/li>&#13;\n\r\n\r\n&#13;\n<li><strong>SOLICITUD DE LA LISTA DE <\/strong>GANADORES Para recibir el nombre de los ganadores del Gran Premio, env\u00ede un sobre con su direcci\u00f3n y franqueo (tama\u00f1o profesional) a RelaDyne, LLC, 8280 Montgomery Road, Suite 101, Cincinnati, Ohio 45236. Los residentes en Washington y Vermont pueden omitir el franqueo de devoluci\u00f3n. Las solicitudes deben recibirse antes del 5 de marzo de 2024.<\/li>&#13;\n\r\n\r\n&#13;\n<li><strong>BASES:<\/strong> Los participantes tambi\u00e9n pueden obtener una copia de estos T\u00e9rminos y Condiciones enviando por correo un sobre con su direcci\u00f3n y franqueo antes del 5 de marzo de 2024 a: RelaDyne, LLC, 8280 Montgomery Road, Suite 101, Cincinnati, Ohio 45236<\/li>&#13;\n\r\n\r\n&#13;\n<li><strong>PATROCINADOR:<\/strong> RelaDyne, LLC 8280 Montgomery Road, Suite 101, Cincinnati, Ohio 45236<br\/>Si tienes alguna pregunta sobre este Sorteo, ponte en contacto con Joy Mayers, joy.mayers@reladyne.com.<\/li>&#13;\n<\/ol>\r\n","protected":false},"excerpt":{"rendered":"&#13; REQUISITOS: NO ES NECESARIO REALIZAR NINGUNA COMPRA PARA PARTICIPAR O GANAR. La compra de un producto no aumentar\u00e1 las posibilidades del Participante de ganar [...]","protected":false},"author":6,"featured_media":0,"parent":0,"menu_order":0,"comment_status":"closed","ping_status":"closed","template":"","meta":{"_acf_changed":false,"content-type":"","inline_featured_image":false,"footnotes":""},"folder":[],"class_list":["post-12782","page","type-page","status-publish","hentry","entry"],"acf":[],"yoast_head":"<!-- This site is optimized with the Yoast SEO Premium plugin v26.6 (Yoast SEO v26.6) - https:\/\/yoast.com\/wordpress\/plugins\/seo\/ -->\n<title>Regalo del Portal del Cliente : RelaDyne<\/title>\n<meta name=\"robots\" content=\"index, follow, max-snippet:-1, max-image-preview:large, max-video-preview:-1\" \/>\n<link rel=\"canonical\" href=\"https:\/\/reladyne.com\/es\/customer-portal-giveaway-terms-and-conditions\/\" \/>\n<meta property=\"og:locale\" content=\"es_ES\" \/>\n<meta property=\"og:type\" content=\"article\" \/>\n<meta property=\"og:title\" content=\"Regalo del Portal del Cliente\" \/>\n<meta property=\"og:url\" content=\"https:\/\/reladyne.com\/es\/customer-portal-giveaway-terms-and-conditions\/\" \/>\n<meta property=\"og:site_name\" content=\"RelaDyne\" \/>\n<meta property=\"article:publisher\" content=\"https:\/\/www.facebook.com\/RelaDyne\/\" \/>\n<meta property=\"article:modified_time\" content=\"2024-10-25T20:32:19+00:00\" \/>\n<meta name=\"twitter:card\" content=\"summary_large_image\" \/>\n<meta name=\"twitter:site\" content=\"@RelaDyne\" \/>\n<meta name=\"twitter:label1\" content=\"Tiempo de lectura\" \/>\n\t<meta name=\"twitter:data1\" content=\"12 minutos\" \/>\n<script type=\"application\/ld+json\" class=\"yoast-schema-graph\">{\"@context\":\"https:\/\/schema.org\",\"@graph\":[{\"@type\":\"WebPage\",\"@id\":\"https:\/\/reladyne.com\/es\/customer-portal-giveaway-terms-and-conditions\/\",\"url\":\"https:\/\/reladyne.com\/es\/customer-portal-giveaway-terms-and-conditions\/\",\"name\":\"Regalo del Portal del Cliente : RelaDyne\",\"isPartOf\":{\"@id\":\"https:\/\/reladyne.com\/es\/#website\"},\"datePublished\":\"2024-01-31T15:03:32+00:00\",\"dateModified\":\"2024-10-25T20:32:19+00:00\",\"breadcrumb\":{\"@id\":\"https:\/\/reladyne.com\/es\/customer-portal-giveaway-terms-and-conditions\/#breadcrumb\"},\"inLanguage\":\"es\",\"potentialAction\":[{\"@type\":\"ReadAction\",\"target\":[\"https:\/\/reladyne.com\/es\/customer-portal-giveaway-terms-and-conditions\/\"]}]},{\"@type\":\"BreadcrumbList\",\"@id\":\"https:\/\/reladyne.com\/es\/customer-portal-giveaway-terms-and-conditions\/#breadcrumb\",\"itemListElement\":[{\"@type\":\"ListItem\",\"position\":1,\"name\":\"Home\",\"item\":\"https:\/\/reladyne.com\/es\/\"},{\"@type\":\"ListItem\",\"position\":2,\"name\":\"Regalo del Portal del Cliente\"}]},{\"@type\":\"WebSite\",\"@id\":\"https:\/\/reladyne.com\/es\/#website\",\"url\":\"https:\/\/reladyne.com\/es\/\",\"name\":\"RelaDyne\",\"description\":\"RelaDyne | Bulk Oil, Fuel &amp; Lubricants Distributor\",\"publisher\":{\"@id\":\"https:\/\/reladyne.com\/es\/#organization\"},\"potentialAction\":[{\"@type\":\"SearchAction\",\"target\":{\"@type\":\"EntryPoint\",\"urlTemplate\":\"https:\/\/reladyne.com\/es\/?s={search_term_string}\"},\"query-input\":{\"@type\":\"PropertyValueSpecification\",\"valueRequired\":true,\"valueName\":\"search_term_string\"}}],\"inLanguage\":\"es\"},{\"@type\":\"Organization\",\"@id\":\"https:\/\/reladyne.com\/es\/#organization\",\"name\":\"RelaDyne\",\"url\":\"https:\/\/reladyne.com\/es\/\",\"logo\":{\"@type\":\"ImageObject\",\"inLanguage\":\"es\",\"@id\":\"https:\/\/reladyne.com\/es\/#\/schema\/logo\/image\/\",\"url\":\"https:\/\/reladyne.com\/wp-content\/uploads\/2020\/07\/RelaDyne-square-logo.jpg\",\"contentUrl\":\"https:\/\/reladyne.com\/wp-content\/uploads\/2020\/07\/RelaDyne-square-logo.jpg\",\"width\":1500,\"height\":1500,\"caption\":\"RelaDyne\"},\"image\":{\"@id\":\"https:\/\/reladyne.com\/es\/#\/schema\/logo\/image\/\"},\"sameAs\":[\"https:\/\/www.facebook.com\/RelaDyne\/\",\"https:\/\/x.com\/RelaDyne\"]}]}<\/script>\n<!-- \/ Yoast SEO Premium plugin. -->","yoast_head_json":{"title":"Regalo del Portal del Cliente : RelaDyne","robots":{"index":"index","follow":"follow","max-snippet":"max-snippet:-1","max-image-preview":"max-image-preview:large","max-video-preview":"max-video-preview:-1"},"canonical":"https:\/\/reladyne.com\/es\/customer-portal-giveaway-terms-and-conditions\/","og_locale":"es_ES","og_type":"article","og_title":"Regalo del Portal del Cliente","og_url":"https:\/\/reladyne.com\/es\/customer-portal-giveaway-terms-and-conditions\/","og_site_name":"RelaDyne","article_publisher":"https:\/\/www.facebook.com\/RelaDyne\/","article_modified_time":"2024-10-25T20:32:19+00:00","twitter_card":"summary_large_image","twitter_site":"@RelaDyne","twitter_misc":{"Tiempo de lectura":"12 minutos"},"schema":{"@context":"https:\/\/schema.org","@graph":[{"@type":"WebPage","@id":"https:\/\/reladyne.com\/es\/customer-portal-giveaway-terms-and-conditions\/","url":"https:\/\/reladyne.com\/es\/customer-portal-giveaway-terms-and-conditions\/","name":"Regalo del Portal del Cliente : RelaDyne","isPartOf":{"@id":"https:\/\/reladyne.com\/es\/#website"},"datePublished":"2024-01-31T15:03:32+00:00","dateModified":"2024-10-25T20:32:19+00:00","breadcrumb":{"@id":"https:\/\/reladyne.com\/es\/customer-portal-giveaway-terms-and-conditions\/#breadcrumb"},"inLanguage":"es","potentialAction":[{"@type":"ReadAction","target":["https:\/\/reladyne.com\/es\/customer-portal-giveaway-terms-and-conditions\/"]}]},{"@type":"BreadcrumbList","@id":"https:\/\/reladyne.com\/es\/customer-portal-giveaway-terms-and-conditions\/#breadcrumb","itemListElement":[{"@type":"ListItem","position":1,"name":"Home","item":"https:\/\/reladyne.com\/es\/"},{"@type":"ListItem","position":2,"name":"Regalo del Portal del Cliente"}]},{"@type":"WebSite","@id":"https:\/\/reladyne.com\/es\/#website","url":"https:\/\/reladyne.com\/es\/","name":"RelaDyne","description":"RelaDyne | Bulk Oil, Fuel &amp; Lubricants Distributor","publisher":{"@id":"https:\/\/reladyne.com\/es\/#organization"},"potentialAction":[{"@type":"SearchAction","target":{"@type":"EntryPoint","urlTemplate":"https:\/\/reladyne.com\/es\/?s={search_term_string}"},"query-input":{"@type":"PropertyValueSpecification","valueRequired":true,"valueName":"search_term_string"}}],"inLanguage":"es"},{"@type":"Organization","@id":"https:\/\/reladyne.com\/es\/#organization","name":"RelaDyne","url":"https:\/\/reladyne.com\/es\/","logo":{"@type":"ImageObject","inLanguage":"es","@id":"https:\/\/reladyne.com\/es\/#\/schema\/logo\/image\/","url":"https:\/\/reladyne.com\/wp-content\/uploads\/2020\/07\/RelaDyne-square-logo.jpg","contentUrl":"https:\/\/reladyne.com\/wp-content\/uploads\/2020\/07\/RelaDyne-square-logo.jpg","width":1500,"height":1500,"caption":"RelaDyne"},"image":{"@id":"https:\/\/reladyne.com\/es\/#\/schema\/logo\/image\/"},"sameAs":["https:\/\/www.facebook.com\/RelaDyne\/","https:\/\/x.com\/RelaDyne"]}]}},"_links":{"self":[{"href":"https:\/\/reladyne.com\/es\/wp-json\/wp\/v2\/pages\/12782","targetHints":{"allow":["GET"]}}],"collection":[{"href":"https:\/\/reladyne.com\/es\/wp-json\/wp\/v2\/pages"}],"about":[{"href":"https:\/\/reladyne.com\/es\/wp-json\/wp\/v2\/types\/page"}],"author":[{"embeddable":true,"href":"https:\/\/reladyne.com\/es\/wp-json\/wp\/v2\/users\/6"}],"replies":[{"embeddable":true,"href":"https:\/\/reladyne.com\/es\/wp-json\/wp\/v2\/comments?post=12782"}],"version-history":[{"count":2,"href":"https:\/\/reladyne.com\/es\/wp-json\/wp\/v2\/pages\/12782\/revisions"}],"predecessor-version":[{"id":14291,"href":"https:\/\/reladyne.com\/es\/wp-json\/wp\/v2\/pages\/12782\/revisions\/14291"}],"wp:attachment":[{"href":"https:\/\/reladyne.com\/es\/wp-json\/wp\/v2\/media?parent=12782"}],"wp:term":[{"taxonomy":"folder","embeddable":true,"href":"https:\/\/reladyne.com\/es\/wp-json\/wp\/v2\/folder?post=12782"}],"curies":[{"name":"wp","href":"https:\/\/api.w.org\/{rel}","templated":true}]}}