{"id":14263,"date":"2024-07-07T19:30:25","date_gmt":"2024-07-07T23:30:25","guid":{"rendered":"https:\/\/reladyne.com\/careers\/"},"modified":"2026-04-17T10:38:46","modified_gmt":"2026-04-17T14:38:46","slug":"careers","status":"publish","type":"page","link":"https:\/\/reladyne.com\/es\/careers\/","title":{"rendered":"Empleo"},"content":{"rendered":"<div class=\"wpb-content-wrapper\"><p>[vc_row el_class=\u00bbcareerIntro\u00bb][vc_column width=\u00bb1\/3&#8243;][vc_column_text css=\u00bb\u00bb]<\/p>\n<h2>\u00bfPor qu\u00e9 unirse a RelaDyne?<\/h2>\n<p>Imagina formar parte de un equipo pionero en el que los l\u00edderes del sector se unen con una visi\u00f3n compartida para elevar la satisfacci\u00f3n del cliente en los sectores de automoci\u00f3n, comercial e industrial. Fundada el 4 de noviembre de 2010, RelaDyne encarna el compromiso de forjar conexiones duraderas con los clientes. En RelaDyne, no nos limitamos a las transacciones, sino que entendemos las necesidades \u00fanicas de nuestros clientes y les proporcionamos soluciones a medida para fomentar unos negocios fiables, eficientes y pr\u00f3speros. \u00danete a nosotros y forma parte de la creaci\u00f3n del futuro de la excelencia centrada en el cliente.[\/vc_column_text][\/vc_column][vc_column width=\u00bb2\/3&#8243;][vc_single_image image=\u00bb13024&#8243; img_size=\u00bbfull\u00bb css=\u00bb\u00bb][\/vc_column][\/vc_row][vc_row full_width=\u00bbstretch_row_content\u00bb css=\u00bb.vc_custom_1740510376519{background-image: url(https:\/\/reladyne.com\/wp-content\/uploads\/2024\/07\/careers-bkg.jpg?id=13071) !important;background-position: center !important;background-repeat: no-repeat !important;background-size: cover !important;}\u00bb el_class=\u00bbcareerRowCallout\u00bb][vc_column][vc_row_inner][vc_column_inner width=\u00bb1\/4&#8243;][\/vc_column_inner][vc_column_inner width=\u00bb1\/2&#8243;][vc_column_text css=\u00bb\u00bb]<\/p>\n<h2 style=\"text-align: center;\">Progresi\u00f3n profesional<\/h2>\n<p style=\"text-align: center;\">Nuestro crecimiento ofrece abundantes oportunidades para que nuestros asociados desarrollen y fomenten sus trayectorias e intereses profesionales.<\/p>\n<p>[\/vc_column_text][vc_btn title=\u00bbExplora los puestos vacantes\u00bb style=\u00bbflat\u00bb shape=\u00bbsquare\u00bb color=\u00bbwhite\u00bb align=\u00bbcenter\u00bb css=\u00bb\u00bb link=\u00bburl:https%3A%2F%2Fmyjobs.adp.com%2Freladynecareersplus%2Fcx%3F__tx_annotation%3Dfalse%26c%3D2170219%26d%3DExternalCareerSite%26sor%3Dadprm|target:_blank|\u00bb][\/vc_column_inner][vc_column_inner width=\u00bb1\/4&#8243;][\/vc_column_inner][\/vc_row_inner][\/vc_column][\/vc_row][vc_row full_width=\u00bbstretch_row_content_no_spaces\u00bb equal_height=\u00bbyes\u00bb content_placement=\u00bbmiddle\u00bb el_class=\u00bbcareersRow careerLeftContent\u00bb][vc_column width=\u00bb1\/2&#8243; el_class=\u00bbcareerContent\u00bb][vc_column_text css=\u00bb\u00bb]<\/p>\n<h2>Beneficios<\/h2>\n<p>RelaDyne ofrece una variedad de beneficios que incluyen un salario competitivo, bonificaciones anuales basadas en el rendimiento y un seguro m\u00e9dico, dental y oftalmol\u00f3gico patrocinado por la empresa. Tambi\u00e9n ofrecemos un plan 401K con aportaci\u00f3n de la empresa, as\u00ed como vacaciones, baja por enfermedad y tiempo libre retribuido. <\/p>\n<ul>\n<li>Salario competitivo<\/li>\n<li>Primas anuales<\/li>\n<li>Seguro m\u00e9dico, dental y de visi\u00f3n<\/li>\n<li>401k con aportaci\u00f3n de la empresa<\/li>\n<li>Vacaciones, baja por enfermedad, tiempo libre remunerado<\/li>\n<li>Programa de Asignaci\u00f3n Anual para Puestos de Conductor y Operaciones<\/li>\n<\/ul>\n<p>[\/vc_column_text][\/vc_column][vc_column width=\u00bb1\/2&#8243; css=\u00bb.vc_custom_1740510469886{background-image: url(https:\/\/reladyne.com\/wp-content\/uploads\/2024\/07\/2021-02-15_16-34-14.jpg?id=13077) !important;background-position: center !important;background-repeat: no-repeat !important;background-size: cover !important;}\u00bb][\/vc_column][\/vc_row][vc_row full_width=\u00bbstretch_row_content_no_spaces\u00bb equal_height=\u00bbyes\u00bb content_placement=\u00bbmiddle\u00bb el_class=\u00bbcareersRow\u00bb][vc_column width=\u00bb1\/2&#8243; css=\u00bb.vc_custom_1740510554803{background-image: url(https:\/\/reladyne.com\/wp-content\/uploads\/2024\/07\/driver-group-2.jpg?id=13081) !important;background-position: center !important;background-repeat: no-repeat !important;background-size: cover !important;}\u00bb][\/vc_column][vc_column width=\u00bb1\/2&#8243; el_class=\u00bbcareerContent\u00bb][vc_column_text css=\u00bb\u00bb]<\/p>\n<h2>Misi\u00f3n<\/h2>\n<p>RelaDyne es una organizaci\u00f3n centrada en el cliente y que <strong>da prioridad a la seguridad<\/strong>, dedicada a proporcionar soluciones, asociaciones y valor. RelaDyne <strong>emplea a asociados motivados y con talento<\/strong>, impulsados por una cultura basada en el rendimiento. Somos l\u00edderes del sector en tecnolog\u00eda, fiabilidad y servicio[\/vc_column_text][\/vc_column][\/vc_row][vc_row full_width=\u00bbstretch_row_content_no_spaces\u00bb equal_height=\u00bbyes\u00bb content_placement=\u00bbmiddle\u00bb el_class=\u00bbcareersRow careerLeftContent\u00bb][vc_column width=\u00bb1\/2&#8243; el_class=\u00bbcareerContent\u00bb][vc_column_text css=\u00bb\u00bb]<\/p>\n<h2>Conductores<\/h2>\n<p><strong>Estamos contratando conductores.<\/strong>  Centrados en la seguridad, el servicio al cliente, el liderazgo y la profesionalidad, nuestros conductores disponen de recursos y oportunidades para hacer una carrera gratificante de por vida con RelaDyne.<\/p>\n<div class=\"relaDyneBTN\"><a href=\"https:\/\/reladyne.com\/careers\/careers-detail\/\" rel=\"noopener\">\u00a1Convi\u00e9rtete en Conductor RelaDyne!<\/a><\/div>\n<p>[\/vc_column_text][\/vc_column][vc_column width=\u00bb1\/2&#8243; css=\u00bb.vc_custom_1740510530302{background-image: url(https:\/\/reladyne.com\/wp-content\/uploads\/2024\/07\/Circle-Lubricants-Driver-Appreciation-photo.jpg?id=13079) !important;background-position: center !important;background-repeat: no-repeat !important;background-size: cover !important;}\u00bb][\/vc_column][\/vc_row]<\/p>\n<\/div>","protected":false},"excerpt":{"rendered":"<p>[vc_row el_class=\u00bbcareerIntro\u00bb][vc_column width=\u00bb1\/3&#8243;][vc_column_text css=\u00bb\u00bb] \u00bfPor qu\u00e9 unirse a RelaDyne? Imagina formar parte de un equipo pionero en el que los l\u00edderes del sector se unen [&hellip;]<\/p>\n","protected":false},"author":1,"featured_media":0,"parent":0,"menu_order":0,"comment_status":"closed","ping_status":"closed","template":"page_careers.php","meta":{"_acf_changed":false,"content-type":"","inline_featured_image":false,"footnotes":""},"folder":[],"class_list":["post-14263","page","type-page","status-publish","hentry","entry"],"acf":[],"yoast_head":"<!-- This site is optimized with the Yoast SEO Premium plugin v26.6 (Yoast SEO v26.6) - https:\/\/yoast.com\/wordpress\/plugins\/seo\/ -->\n<title>Empleo : RelaDyne<\/title>\n<meta name=\"description\" content=\"\u00danete hoy mismo al equipo RelaDyne y forma parte de la creaci\u00f3n del futuro de la excelencia centrada en el cliente. RelaDyne - Impulsado por las personas.\" \/>\n<meta name=\"robots\" content=\"index, follow, max-snippet:-1, max-image-preview:large, max-video-preview:-1\" \/>\n<link rel=\"canonical\" href=\"https:\/\/reladyne.com\/es\/careers\/\" \/>\n<meta property=\"og:locale\" content=\"es_ES\" \/>\n<meta property=\"og:type\" content=\"article\" \/>\n<meta property=\"og:title\" content=\"Empleo\" \/>\n<meta property=\"og:description\" content=\"\u00danete hoy mismo al equipo RelaDyne y forma parte de la creaci\u00f3n del futuro de la excelencia centrada en el cliente. RelaDyne - Impulsado por las personas.\" \/>\n<meta property=\"og:url\" content=\"https:\/\/reladyne.com\/es\/careers\/\" \/>\n<meta property=\"og:site_name\" content=\"RelaDyne\" \/>\n<meta property=\"article:publisher\" content=\"https:\/\/www.facebook.com\/RelaDyne\/\" \/>\n<meta property=\"article:modified_time\" content=\"2026-04-17T14:38:46+00:00\" \/>\n<meta name=\"twitter:card\" content=\"summary_large_image\" \/>\n<meta name=\"twitter:site\" content=\"@RelaDyne\" \/>\n<meta name=\"twitter:label1\" content=\"Tiempo de lectura\" \/>\n\t<meta name=\"twitter:data1\" content=\"3 minutos\" \/>\n<script type=\"application\/ld+json\" class=\"yoast-schema-graph\">{\"@context\":\"https:\/\/schema.org\",\"@graph\":[{\"@type\":\"WebPage\",\"@id\":\"https:\/\/reladyne.com\/es\/careers\/\",\"url\":\"https:\/\/reladyne.com\/es\/careers\/\",\"name\":\"Empleo : RelaDyne\",\"isPartOf\":{\"@id\":\"https:\/\/reladyne.com\/es\/#website\"},\"datePublished\":\"2024-07-07T23:30:25+00:00\",\"dateModified\":\"2026-04-17T14:38:46+00:00\",\"description\":\"\u00danete hoy mismo al equipo RelaDyne y forma parte de la creaci\u00f3n del futuro de la excelencia centrada en el cliente. RelaDyne - Impulsado por las personas.\",\"breadcrumb\":{\"@id\":\"https:\/\/reladyne.com\/es\/careers\/#breadcrumb\"},\"inLanguage\":\"es\",\"potentialAction\":[{\"@type\":\"ReadAction\",\"target\":[\"https:\/\/reladyne.com\/es\/careers\/\"]}]},{\"@type\":\"BreadcrumbList\",\"@id\":\"https:\/\/reladyne.com\/es\/careers\/#breadcrumb\",\"itemListElement\":[{\"@type\":\"ListItem\",\"position\":1,\"name\":\"Home\",\"item\":\"https:\/\/reladyne.com\/es\/\"},{\"@type\":\"ListItem\",\"position\":2,\"name\":\"Empleo\"}]},{\"@type\":\"WebSite\",\"@id\":\"https:\/\/reladyne.com\/es\/#website\",\"url\":\"https:\/\/reladyne.com\/es\/\",\"name\":\"RelaDyne\",\"description\":\"RelaDyne | Bulk Oil, Fuel &amp; Lubricants Distributor\",\"publisher\":{\"@id\":\"https:\/\/reladyne.com\/es\/#organization\"},\"potentialAction\":[{\"@type\":\"SearchAction\",\"target\":{\"@type\":\"EntryPoint\",\"urlTemplate\":\"https:\/\/reladyne.com\/es\/?s={search_term_string}\"},\"query-input\":{\"@type\":\"PropertyValueSpecification\",\"valueRequired\":true,\"valueName\":\"search_term_string\"}}],\"inLanguage\":\"es\"},{\"@type\":\"Organization\",\"@id\":\"https:\/\/reladyne.com\/es\/#organization\",\"name\":\"RelaDyne\",\"url\":\"https:\/\/reladyne.com\/es\/\",\"logo\":{\"@type\":\"ImageObject\",\"inLanguage\":\"es\",\"@id\":\"https:\/\/reladyne.com\/es\/#\/schema\/logo\/image\/\",\"url\":\"https:\/\/reladyne.com\/wp-content\/uploads\/2020\/07\/RelaDyne-square-logo.jpg\",\"contentUrl\":\"https:\/\/reladyne.com\/wp-content\/uploads\/2020\/07\/RelaDyne-square-logo.jpg\",\"width\":1500,\"height\":1500,\"caption\":\"RelaDyne\"},\"image\":{\"@id\":\"https:\/\/reladyne.com\/es\/#\/schema\/logo\/image\/\"},\"sameAs\":[\"https:\/\/www.facebook.com\/RelaDyne\/\",\"https:\/\/x.com\/RelaDyne\"]}]}<\/script>\n<!-- \/ Yoast SEO Premium plugin. -->","yoast_head_json":{"title":"Empleo : RelaDyne","description":"\u00danete hoy mismo al equipo RelaDyne y forma parte de la creaci\u00f3n del futuro de la excelencia centrada en el cliente. RelaDyne - Impulsado por las personas.","robots":{"index":"index","follow":"follow","max-snippet":"max-snippet:-1","max-image-preview":"max-image-preview:large","max-video-preview":"max-video-preview:-1"},"canonical":"https:\/\/reladyne.com\/es\/careers\/","og_locale":"es_ES","og_type":"article","og_title":"Empleo","og_description":"\u00danete hoy mismo al equipo RelaDyne y forma parte de la creaci\u00f3n del futuro de la excelencia centrada en el cliente. RelaDyne - Impulsado por las personas.","og_url":"https:\/\/reladyne.com\/es\/careers\/","og_site_name":"RelaDyne","article_publisher":"https:\/\/www.facebook.com\/RelaDyne\/","article_modified_time":"2026-04-17T14:38:46+00:00","twitter_card":"summary_large_image","twitter_site":"@RelaDyne","twitter_misc":{"Tiempo de lectura":"3 minutos"},"schema":{"@context":"https:\/\/schema.org","@graph":[{"@type":"WebPage","@id":"https:\/\/reladyne.com\/es\/careers\/","url":"https:\/\/reladyne.com\/es\/careers\/","name":"Empleo : RelaDyne","isPartOf":{"@id":"https:\/\/reladyne.com\/es\/#website"},"datePublished":"2024-07-07T23:30:25+00:00","dateModified":"2026-04-17T14:38:46+00:00","description":"\u00danete hoy mismo al equipo RelaDyne y forma parte de la creaci\u00f3n del futuro de la excelencia centrada en el cliente. RelaDyne - Impulsado por las personas.","breadcrumb":{"@id":"https:\/\/reladyne.com\/es\/careers\/#breadcrumb"},"inLanguage":"es","potentialAction":[{"@type":"ReadAction","target":["https:\/\/reladyne.com\/es\/careers\/"]}]},{"@type":"BreadcrumbList","@id":"https:\/\/reladyne.com\/es\/careers\/#breadcrumb","itemListElement":[{"@type":"ListItem","position":1,"name":"Home","item":"https:\/\/reladyne.com\/es\/"},{"@type":"ListItem","position":2,"name":"Empleo"}]},{"@type":"WebSite","@id":"https:\/\/reladyne.com\/es\/#website","url":"https:\/\/reladyne.com\/es\/","name":"RelaDyne","description":"RelaDyne | Bulk Oil, Fuel &amp; Lubricants Distributor","publisher":{"@id":"https:\/\/reladyne.com\/es\/#organization"},"potentialAction":[{"@type":"SearchAction","target":{"@type":"EntryPoint","urlTemplate":"https:\/\/reladyne.com\/es\/?s={search_term_string}"},"query-input":{"@type":"PropertyValueSpecification","valueRequired":true,"valueName":"search_term_string"}}],"inLanguage":"es"},{"@type":"Organization","@id":"https:\/\/reladyne.com\/es\/#organization","name":"RelaDyne","url":"https:\/\/reladyne.com\/es\/","logo":{"@type":"ImageObject","inLanguage":"es","@id":"https:\/\/reladyne.com\/es\/#\/schema\/logo\/image\/","url":"https:\/\/reladyne.com\/wp-content\/uploads\/2020\/07\/RelaDyne-square-logo.jpg","contentUrl":"https:\/\/reladyne.com\/wp-content\/uploads\/2020\/07\/RelaDyne-square-logo.jpg","width":1500,"height":1500,"caption":"RelaDyne"},"image":{"@id":"https:\/\/reladyne.com\/es\/#\/schema\/logo\/image\/"},"sameAs":["https:\/\/www.facebook.com\/RelaDyne\/","https:\/\/x.com\/RelaDyne"]}]}},"_links":{"self":[{"href":"https:\/\/reladyne.com\/es\/wp-json\/wp\/v2\/pages\/14263","targetHints":{"allow":["GET"]}}],"collection":[{"href":"https:\/\/reladyne.com\/es\/wp-json\/wp\/v2\/pages"}],"about":[{"href":"https:\/\/reladyne.com\/es\/wp-json\/wp\/v2\/types\/page"}],"author":[{"embeddable":true,"href":"https:\/\/reladyne.com\/es\/wp-json\/wp\/v2\/users\/1"}],"replies":[{"embeddable":true,"href":"https:\/\/reladyne.com\/es\/wp-json\/wp\/v2\/comments?post=14263"}],"version-history":[{"count":21,"href":"https:\/\/reladyne.com\/es\/wp-json\/wp\/v2\/pages\/14263\/revisions"}],"predecessor-version":[{"id":16511,"href":"https:\/\/reladyne.com\/es\/wp-json\/wp\/v2\/pages\/14263\/revisions\/16511"}],"wp:attachment":[{"href":"https:\/\/reladyne.com\/es\/wp-json\/wp\/v2\/media?parent=14263"}],"wp:term":[{"taxonomy":"folder","embeddable":true,"href":"https:\/\/reladyne.com\/es\/wp-json\/wp\/v2\/folder?post=14263"}],"curies":[{"name":"wp","href":"https:\/\/api.w.org\/{rel}","templated":true}]}}