{"id":14267,"date":"2024-07-16T15:14:12","date_gmt":"2024-07-16T19:14:12","guid":{"rendered":"https:\/\/reladyne.com\/careers\/carreras-detalle\/"},"modified":"2025-11-12T11:50:35","modified_gmt":"2025-11-12T15:50:35","slug":"driver-careers","status":"publish","type":"page","link":"https:\/\/reladyne.com\/es\/careers\/driver-careers\/","title":{"rendered":"Carreras de Conductor"},"content":{"rendered":"<div class=\"wpb-content-wrapper\"><p>[vc_row full_width=\u00bbstretch_row\u00bb el_class=\u00bbstickyImageColumn\u00bb][vc_column width=\u00bb1\/2&#8243; css=\u00bb.vc_custom_1725643577393{padding-top: 0px !important;padding-right: 0px !important;padding-bottom: 0px !important;padding-left: 0px !important;background-position: center !important;background-repeat: no-repeat !important;background-size: contain !important;}\u00bb el_class=\u00bbcolumnImage\u00bb][vc_single_image image=\u00bb14040&#8243; img_size=\u00bbfull\u00bb alignment=\u00bbcenter\u00bb css=\u00bb\u00bb el_class=\u00bbstickyImage\u00bb][vc_single_image image=\u00bb13192&#8243; img_size=\u00bbfull\u00bb alignment=\u00bbcenter\u00bb css=\u00bb\u00bb el_class=\u00bbstickyImageMobile\u00bb][\/vc_column][vc_column width=\u00bb1\/2&#8243; el_class=\u00bbcareerDetailsContentColumn\u00bb][vc_column_text css=\u00bb\u00bb]<\/p>\n<h1>Carreras de Conductor<\/h1>\n<p>[\/vc_column_text][vc_btn title=\u00bbEncuentra puestos vacantes de conductor\u00bb css=\u00bb\u00bb el_class=\u00bbopenPositionsButton\u00bb link=\u00bburl:https%3A%2F%2Fintelliapp.driverapponline.com%2Fc%2Fsuncoastresources%3Furi_b%3Dia_suncoastresources_1802098401|target:_blank|\u00bb][vc_column_text css=\u00bb\u00bb]<\/p>\n<h2>Funciones clave del conductor<\/h2>\n<p><strong>Los conductores CDL (permiso de conducir comercial) de RelaDyne desempe\u00f1an un papel crucial en las operaciones de la empresa.<\/strong>  Estos conductores son responsables de transportar diversos productos, como lubricantes, combustibles y otros fluidos industriales, a clientes de diferentes lugares. Cumplen los protocolos de seguridad, las normas de tr\u00e1fico y los plazos de entrega para garantizar entregas puntuales y seguras. <\/p>\n<p>Los conductores CDL representan a RelaDyne ante los clientes, mostrando profesionalidad y fiabilidad al tiempo que prestan un servicio excelente. Su compromiso con la seguridad, la eficacia y la satisfacci\u00f3n del cliente contribuye significativamente al \u00e9xito de RelaDyne en el servicio a sus clientes.[\/vc_column_text][vc_toggle title=\u00bbConductores de graneles\/lubricantes\u00bb style=\u00bbtext_only\u00bb css=\u00bb\u00bb]Transporta productos petrol\u00edferos y lubricantes, incluidos productos envasados, paletizados y a granel, utilizando sistemas de bombeo.<\/p>\n<p>Descarga y distribuye eficazmente los productos a las zonas designadas, como salas de inventario y dep\u00f3sitos, seg\u00fan sea necesario.[\/vc_toggle][vc_toggle title=\u00bbConductores de combustible\u00bb style=\u00bbtext_only\u00bb css=\u00bb\u00bb]<\/p>\n<div>Transportar combustible a diversos lugares y emplazamientos empresariales<\/div>\n<div><\/div>\n<div>&#8211; Inicio Diario<\/div>\n<div>&#8211; De lunes a viernes &#8211; \u00a1NO FINES DE SEMANA!<\/div>\n<p>[\/vc_toggle][vc_toggle title=\u00bbConductores de transporte\u00bb style=\u00bbtext_only\u00bb css=\u00bb\u00bb]Cargar y entregar combustible a varios clientes a lo largo del d\u00eda de forma puntual, segura y profesional. El puesto puede requerir trabajo local diurno, local nocturno o en carretera (requiere pernoctar en el cami\u00f3n algunas noches a la semana). <\/p>\n<p>&#8211; Reparto de combustible y aceite<br \/>\n&#8211; Normalmente por carretera<br \/>\n&#8211; Cabina dormitorio<br \/>\n&#8211; Experiencia en camiones cisterna[\/vc_toggle][vc_toggle title=\u00bbInformaci\u00f3n adicional\u00bb style=\u00bbtext_only\u00bb css=\u00bb\u00bb]https:\/\/reladyne.com\/company\/careers\/driver\/[\/vc_toggle][vc_btn title=\u00bbBuscar puestos vacantes de conductor\u00bb css=\u00bb\u00bb el_class=\u00bbcareerButton\u00bb link=\u00bburl:https%3A%2F%2Fintelliapp.driverapponline.com%2Fc%2Fsuncoastresources%3Furi_b%3Dia_suncoastresources_1802098401|target:_blank|\u00bb][\/vc_column][\/vc_row][vc_row full_width=\u00bbstretch_row_content\u00bb css=\u00bb.vc_custom_1721157598909{background-image: url(https:\/\/reladyne.com\/wp-content\/uploads\/2024\/07\/careers-bkg.jpg?id=13071) !important;background-position: center !important;background-repeat: no-repeat !important;background-size: cover !important;}\u00bb el_class=\u00bbcareerRowCallout careerRowCalloutInterior\u00bb][vc_column][vc_row_inner][vc_column_inner width=\u00bb1\/4&#8243;][\/vc_column_inner][vc_column_inner width=\u00bb1\/2&#8243;][vc_column_text css=\u00bb\u00bb]<\/p>\n<h2 style=\"text-align: center;\">Impulsado por <em>las personas<\/em><\/h2>\n<p style=\"text-align: center;\">En RelaDyne, nuestros puestos de conductor a escala nacional son esenciales para nuestro negocio. Damos prioridad a la seguridad, el servicio al cliente, el liderazgo y la profesionalidad, ofreciendo a los conductores recursos para una <g id=\"gid_0\">carrera gratificante.<\/g> <g id=\"gid_1\">Las primas<\/g> trimestrales de seguridad incentivan las pr\u00e1cticas de conducci\u00f3n seguras. Los conductores de RelaDyne tambi\u00e9n pueden optar a nuestro <g id=\"gid_2\">programa anual de asignaci\u00f3n de botas de seguridad<\/g> en colaboraci\u00f3n con Red Wing Shoes. \u00danete a nosotros para disfrutar de oportunidades y de una <strong>cultura de excelencia<\/strong>.   <\/p>\n<p>[\/vc_column_text][vc_btn title=\u00bbExplora los puestos vacantes\u00bb style=\u00bbflat\u00bb shape=\u00bbsquare\u00bb color=\u00bbwhite\u00bb align=\u00bbcenter\u00bb css=\u00bb\u00bb link=\u00bburl:https%3A%2F%2Fmyjobs.adp.com%2Freladynecareersplus%2Fcx%3F__tx_annotation%3Dfalse%26c%3D2170219%26d%3DExternalCareerSite%26sor%3Dadprm|target:_blank|\u00bb][\/vc_column_inner][vc_column_inner width=\u00bb1\/4&#8243;][\/vc_column_inner][\/vc_row_inner][\/vc_column][\/vc_row][vc_row][vc_column width=\u00bb1\/3&#8243; css=\u00bb.vc_custom_1727447666351{border-right-width: 10px !important;border-left-width: 10px !important;padding-right: 10px !important;padding-left: 10px !important;background-color: #ffffff !important;}\u00bb][vc_video link=\u00bbhttps:\/\/youtu.be\/6CpaUnvBbW0?si=R_QdhyAueOJUGmiG\u00bb css=\u00bb.vc_custom_1727447632390{border-right-width: 10px !important;border-left-width: 10px !important;padding-right: 10px !important;padding-left: 10px !important;}\u00bb title=\u00bbRelaDyne Conductor, Mark\u00bb][\/vc_column][vc_column width=\u00bb1\/3&#8243; css=\u00bb.vc_custom_1727447674275{border-right-width: 10px !important;border-left-width: 10px !important;padding-right: 10px !important;padding-left: 10px !important;background-color: #ffffff !important;}\u00bb][vc_video link=\u00bbhttps:\/\/youtu.be\/IMZX3RzvXyg?si=2-ATzuSSez94B2Kt\u00bb css=\u00bb.vc_custom_1727447625981{border-right-width: 10px !important;border-left-width: 10px !important;padding-right: 10px !important;padding-left: 10px !important;}\u00bb title=\u00bbConductor RelaDyne, Cliff\u00bb][\/vc_column][vc_column width=\u00bb1\/3&#8243; css=\u00bb.vc_custom_1727447855120{border-right-width: 10px !important;border-left-width: 10px !important;padding-right: 10px !important;padding-left: 10px !important;background-color: #ffffff !important;}\u00bb][vc_video link=\u00bbhttps:\/\/vimeo.com\/1117432674&#8243; css=\u00bb.vc_custom_1757951024848{border-right-width: 10px !important;border-left-width: 10px !important;padding-right: 10px !important;padding-left: 10px !important;}\u00bb title=\u00bbAgradecimiento a los conductores\u00bb][\/vc_column][\/vc_row]<\/p>\n<\/div>","protected":false},"excerpt":{"rendered":"<p>[vc_row full_width=\u00bbstretch_row\u00bb el_class=\u00bbstickyImageColumn\u00bb][vc_column width=\u00bb1\/2&#8243; css=\u00bb.vc_custom_1725643577393{padding-top: 0px !important;padding-right: 0px !important;padding-bottom: 0px !important;padding-left: 0px !important;background-position: center !important;background-repeat: no-repeat !important;background-size: contain !important;}\u00bb el_class=\u00bbcolumnImage\u00bb][vc_single_image image=\u00bb14040&#8243; img_size=\u00bbfull\u00bb alignment=\u00bbcenter\u00bb css=\u00bb\u00bb el_class=\u00bbstickyImage\u00bb][vc_single_image [&hellip;]<\/p>\n","protected":false},"author":1,"featured_media":0,"parent":14263,"menu_order":0,"comment_status":"closed","ping_status":"closed","template":"page_careers.php","meta":{"_acf_changed":false,"content-type":"","inline_featured_image":false,"footnotes":""},"folder":[],"class_list":["post-14267","page","type-page","status-publish","hentry","entry"],"acf":[],"yoast_head":"<!-- This site is optimized with the Yoast SEO Premium plugin v26.6 (Yoast SEO v26.6) - https:\/\/yoast.com\/wordpress\/plugins\/seo\/ -->\n<title>Carreras de Conductor : RelaDyne<\/title>\n<meta name=\"robots\" content=\"index, follow, max-snippet:-1, max-image-preview:large, max-video-preview:-1\" \/>\n<link rel=\"canonical\" href=\"https:\/\/reladyne.com\/es\/careers\/driver-careers\/\" \/>\n<meta property=\"og:locale\" content=\"es_ES\" \/>\n<meta property=\"og:type\" content=\"article\" \/>\n<meta property=\"og:title\" content=\"Carreras de Conductor\" \/>\n<meta property=\"og:description\" content=\"[vc_row full_width=\u00bbstretch_row\u00bb el_class=\u00bbstickyImageColumn\u00bb][vc_column width=\u00bb1\/2&#8243; css=\u00bb.vc_custom_1725643577393{padding-top: 0px !important;padding-right: 0px !important;padding-bottom: 0px !important;padding-left: 0px !important;background-position: center !important;background-repeat: no-repeat !important;background-size: contain !important;}\u00bb el_class=\u00bbcolumnImage\u00bb][vc_single_image image=\u00bb14040&#8243; img_size=\u00bbfull\u00bb alignment=\u00bbcenter\u00bb css=\u00bb\u00bb el_class=\u00bbstickyImage\u00bb][vc_single_image [&hellip;]\" \/>\n<meta property=\"og:url\" content=\"https:\/\/reladyne.com\/es\/careers\/driver-careers\/\" \/>\n<meta property=\"og:site_name\" content=\"RelaDyne\" \/>\n<meta property=\"article:publisher\" content=\"https:\/\/www.facebook.com\/RelaDyne\/\" \/>\n<meta property=\"article:modified_time\" content=\"2025-11-12T15:50:35+00:00\" \/>\n<meta name=\"twitter:card\" content=\"summary_large_image\" \/>\n<meta name=\"twitter:site\" content=\"@RelaDyne\" \/>\n<meta name=\"twitter:label1\" content=\"Tiempo de lectura\" \/>\n\t<meta name=\"twitter:data1\" content=\"4 minutos\" \/>\n<script type=\"application\/ld+json\" class=\"yoast-schema-graph\">{\"@context\":\"https:\/\/schema.org\",\"@graph\":[{\"@type\":\"WebPage\",\"@id\":\"https:\/\/reladyne.com\/es\/careers\/driver-careers\/\",\"url\":\"https:\/\/reladyne.com\/es\/careers\/driver-careers\/\",\"name\":\"Carreras de Conductor : RelaDyne\",\"isPartOf\":{\"@id\":\"https:\/\/reladyne.com\/es\/#website\"},\"datePublished\":\"2024-07-16T19:14:12+00:00\",\"dateModified\":\"2025-11-12T15:50:35+00:00\",\"breadcrumb\":{\"@id\":\"https:\/\/reladyne.com\/es\/careers\/driver-careers\/#breadcrumb\"},\"inLanguage\":\"es\",\"potentialAction\":[{\"@type\":\"ReadAction\",\"target\":[\"https:\/\/reladyne.com\/es\/careers\/driver-careers\/\"]}]},{\"@type\":\"BreadcrumbList\",\"@id\":\"https:\/\/reladyne.com\/es\/careers\/driver-careers\/#breadcrumb\",\"itemListElement\":[{\"@type\":\"ListItem\",\"position\":1,\"name\":\"Home\",\"item\":\"https:\/\/reladyne.com\/es\/\"},{\"@type\":\"ListItem\",\"position\":2,\"name\":\"Empleo\",\"item\":\"https:\/\/reladyne.com\/es\/careers\/\"},{\"@type\":\"ListItem\",\"position\":3,\"name\":\"Carreras de Conductor\"}]},{\"@type\":\"WebSite\",\"@id\":\"https:\/\/reladyne.com\/es\/#website\",\"url\":\"https:\/\/reladyne.com\/es\/\",\"name\":\"RelaDyne\",\"description\":\"RelaDyne | Bulk Oil, Fuel &amp; Lubricants Distributor\",\"publisher\":{\"@id\":\"https:\/\/reladyne.com\/es\/#organization\"},\"potentialAction\":[{\"@type\":\"SearchAction\",\"target\":{\"@type\":\"EntryPoint\",\"urlTemplate\":\"https:\/\/reladyne.com\/es\/?s={search_term_string}\"},\"query-input\":{\"@type\":\"PropertyValueSpecification\",\"valueRequired\":true,\"valueName\":\"search_term_string\"}}],\"inLanguage\":\"es\"},{\"@type\":\"Organization\",\"@id\":\"https:\/\/reladyne.com\/es\/#organization\",\"name\":\"RelaDyne\",\"url\":\"https:\/\/reladyne.com\/es\/\",\"logo\":{\"@type\":\"ImageObject\",\"inLanguage\":\"es\",\"@id\":\"https:\/\/reladyne.com\/es\/#\/schema\/logo\/image\/\",\"url\":\"https:\/\/reladyne.com\/wp-content\/uploads\/2020\/07\/RelaDyne-square-logo.jpg\",\"contentUrl\":\"https:\/\/reladyne.com\/wp-content\/uploads\/2020\/07\/RelaDyne-square-logo.jpg\",\"width\":1500,\"height\":1500,\"caption\":\"RelaDyne\"},\"image\":{\"@id\":\"https:\/\/reladyne.com\/es\/#\/schema\/logo\/image\/\"},\"sameAs\":[\"https:\/\/www.facebook.com\/RelaDyne\/\",\"https:\/\/x.com\/RelaDyne\"]}]}<\/script>\n<!-- \/ Yoast SEO Premium plugin. -->","yoast_head_json":{"title":"Carreras de Conductor : RelaDyne","robots":{"index":"index","follow":"follow","max-snippet":"max-snippet:-1","max-image-preview":"max-image-preview:large","max-video-preview":"max-video-preview:-1"},"canonical":"https:\/\/reladyne.com\/es\/careers\/driver-careers\/","og_locale":"es_ES","og_type":"article","og_title":"Carreras de Conductor","og_description":"[vc_row full_width=\u00bbstretch_row\u00bb el_class=\u00bbstickyImageColumn\u00bb][vc_column width=\u00bb1\/2&#8243; css=\u00bb.vc_custom_1725643577393{padding-top: 0px !important;padding-right: 0px !important;padding-bottom: 0px !important;padding-left: 0px !important;background-position: center !important;background-repeat: no-repeat !important;background-size: contain !important;}\u00bb el_class=\u00bbcolumnImage\u00bb][vc_single_image image=\u00bb14040&#8243; img_size=\u00bbfull\u00bb alignment=\u00bbcenter\u00bb css=\u00bb\u00bb el_class=\u00bbstickyImage\u00bb][vc_single_image [&hellip;]","og_url":"https:\/\/reladyne.com\/es\/careers\/driver-careers\/","og_site_name":"RelaDyne","article_publisher":"https:\/\/www.facebook.com\/RelaDyne\/","article_modified_time":"2025-11-12T15:50:35+00:00","twitter_card":"summary_large_image","twitter_site":"@RelaDyne","twitter_misc":{"Tiempo de lectura":"4 minutos"},"schema":{"@context":"https:\/\/schema.org","@graph":[{"@type":"WebPage","@id":"https:\/\/reladyne.com\/es\/careers\/driver-careers\/","url":"https:\/\/reladyne.com\/es\/careers\/driver-careers\/","name":"Carreras de Conductor : RelaDyne","isPartOf":{"@id":"https:\/\/reladyne.com\/es\/#website"},"datePublished":"2024-07-16T19:14:12+00:00","dateModified":"2025-11-12T15:50:35+00:00","breadcrumb":{"@id":"https:\/\/reladyne.com\/es\/careers\/driver-careers\/#breadcrumb"},"inLanguage":"es","potentialAction":[{"@type":"ReadAction","target":["https:\/\/reladyne.com\/es\/careers\/driver-careers\/"]}]},{"@type":"BreadcrumbList","@id":"https:\/\/reladyne.com\/es\/careers\/driver-careers\/#breadcrumb","itemListElement":[{"@type":"ListItem","position":1,"name":"Home","item":"https:\/\/reladyne.com\/es\/"},{"@type":"ListItem","position":2,"name":"Empleo","item":"https:\/\/reladyne.com\/es\/careers\/"},{"@type":"ListItem","position":3,"name":"Carreras de Conductor"}]},{"@type":"WebSite","@id":"https:\/\/reladyne.com\/es\/#website","url":"https:\/\/reladyne.com\/es\/","name":"RelaDyne","description":"RelaDyne | Bulk Oil, Fuel &amp; Lubricants Distributor","publisher":{"@id":"https:\/\/reladyne.com\/es\/#organization"},"potentialAction":[{"@type":"SearchAction","target":{"@type":"EntryPoint","urlTemplate":"https:\/\/reladyne.com\/es\/?s={search_term_string}"},"query-input":{"@type":"PropertyValueSpecification","valueRequired":true,"valueName":"search_term_string"}}],"inLanguage":"es"},{"@type":"Organization","@id":"https:\/\/reladyne.com\/es\/#organization","name":"RelaDyne","url":"https:\/\/reladyne.com\/es\/","logo":{"@type":"ImageObject","inLanguage":"es","@id":"https:\/\/reladyne.com\/es\/#\/schema\/logo\/image\/","url":"https:\/\/reladyne.com\/wp-content\/uploads\/2020\/07\/RelaDyne-square-logo.jpg","contentUrl":"https:\/\/reladyne.com\/wp-content\/uploads\/2020\/07\/RelaDyne-square-logo.jpg","width":1500,"height":1500,"caption":"RelaDyne"},"image":{"@id":"https:\/\/reladyne.com\/es\/#\/schema\/logo\/image\/"},"sameAs":["https:\/\/www.facebook.com\/RelaDyne\/","https:\/\/x.com\/RelaDyne"]}]}},"_links":{"self":[{"href":"https:\/\/reladyne.com\/es\/wp-json\/wp\/v2\/pages\/14267","targetHints":{"allow":["GET"]}}],"collection":[{"href":"https:\/\/reladyne.com\/es\/wp-json\/wp\/v2\/pages"}],"about":[{"href":"https:\/\/reladyne.com\/es\/wp-json\/wp\/v2\/types\/page"}],"author":[{"embeddable":true,"href":"https:\/\/reladyne.com\/es\/wp-json\/wp\/v2\/users\/1"}],"replies":[{"embeddable":true,"href":"https:\/\/reladyne.com\/es\/wp-json\/wp\/v2\/comments?post=14267"}],"version-history":[{"count":15,"href":"https:\/\/reladyne.com\/es\/wp-json\/wp\/v2\/pages\/14267\/revisions"}],"predecessor-version":[{"id":15660,"href":"https:\/\/reladyne.com\/es\/wp-json\/wp\/v2\/pages\/14267\/revisions\/15660"}],"up":[{"embeddable":true,"href":"https:\/\/reladyne.com\/es\/wp-json\/wp\/v2\/pages\/14263"}],"wp:attachment":[{"href":"https:\/\/reladyne.com\/es\/wp-json\/wp\/v2\/media?parent=14267"}],"wp:term":[{"taxonomy":"folder","embeddable":true,"href":"https:\/\/reladyne.com\/es\/wp-json\/wp\/v2\/folder?post=14267"}],"curies":[{"name":"wp","href":"https:\/\/api.w.org\/{rel}","templated":true}]}}