{"id":14271,"date":"2024-08-02T12:08:09","date_gmt":"2024-08-02T16:08:09","guid":{"rendered":"https:\/\/reladyne.com\/careers\/carreras-detail-management-trainee\/"},"modified":"2025-11-12T11:54:09","modified_gmt":"2025-11-12T15:54:09","slug":"carreras-detail-management-trainee","status":"publish","type":"page","link":"https:\/\/reladyne.com\/es\/careers\/carreras-detail-management-trainee\/","title":{"rendered":"Carreras en pr\u00e1cticas de gesti\u00f3n"},"content":{"rendered":"<div class=\"wpb-content-wrapper\"><p>[vc_row full_width=\u00bbstretch_row\u00bb el_class=\u00bbstickyImageColumn\u00bb][vc_column width=\u00bb1\/2&#8243; css=\u00bb.vc_custom_1725648195548{padding-top: 0px !important;padding-right: 0px !important;padding-bottom: 0px !important;padding-left: 0px !important;background-position: center !important;background-repeat: no-repeat !important;background-size: contain !important;}\u00bb el_class=\u00bbcolumnImage\u00bb][vc_single_image image=\u00bb13229&#8243; img_size=\u00bbfull\u00bb alignment=\u00bbcenter\u00bb css=\u00bb.vc_custom_1725648188165{padding-top: 0px !important;padding-right: 0px !important;padding-bottom: 0px !important;padding-left: 0px !important;}\u00bb el_class=\u00bbstickyImage\u00bb][vc_single_image image=\u00bb13988&#8243; img_size=\u00bbfull\u00bb alignment=\u00bbcenter\u00bb css=\u00bb.vc_custom_1726067182250{padding-top: 0px !important;padding-right: 0px !important;padding-bottom: 0px !important;padding-left: 0px !important;}\u00bb el_class=\u00bbstickyImageMobile\u00bb][\/vc_column][vc_column width=\u00bb1\/2&#8243; el_class=\u00bbcareerDetailsContentColumn\u00bb][vc_column_text css=\u00bb\u00bb]<\/p>\n<h1>Carreras en pr\u00e1cticas de gesti\u00f3n<\/h1>\n<p>[\/vc_column_text][vc_btn title=\u00bbExplora los puestos vacantes\u00bb css=\u00bb\u00bb el_class=\u00bbopenPositionsButton\u00bb link=\u00bburl:https%3A%2F%2Fmyjobs.adp.com%2Freladynecareersplus%2Fcx%3F__tx_annotation%3Dfalse%26c%3D2170219%26d%3DExternalCareerSite%26sor%3Dadprm|target:_blank|\u00bb][vc_column_text css=\u00bb\u00bb]<\/p>\n<h2>Funciones clave de los becarios de direcci\u00f3n<\/h2>\n<p>El Programa de Aprendizaje de RelaDyne, de 18 a 24 meses de duraci\u00f3n, forma a los participantes sobre productos, clientes, equipos y seguridad. Los aprendices trabajan junto a la direcci\u00f3n de la sucursal, asumiendo gradualmente responsabilidades en Operaciones, Almac\u00e9n, Ventas, Servicios de Fiabilidad o Direcci\u00f3n de Sucursal. El progreso semanal y las reuniones peri\u00f3dicas con el equipo directivo garantizan el \u00e9xito.[\/vc_column_text][vc_toggle title=\u00bbVisi\u00f3n general de las pr\u00e1cticas de gesti\u00f3n\u00bb style=\u00bbtext_only\u00bb css=\u00bb\u00bb]El Programa de Aprendizaje en RelaDyne dura entre 18 y 24 meses y se centra en formarte sobre nuestros productos, clientes, equipos, procedimientos de entrega y protocolos de seguridad.<\/p>\n<p>Durante este periodo, recibir\u00e1s formaci\u00f3n en el puesto de trabajo, trabajando junto a la direcci\u00f3n de nuestra sucursal, y se te confiar\u00e1n responsabilidades delegadas a medida que avances en la formaci\u00f3n.<\/p>\n<p>Este completo programa te dotar\u00e1 de los conocimientos y habilidades esenciales para convertirte en un futuro l\u00edder en Operaciones, Almac\u00e9n, Ventas, Servicios de Fiabilidad o Gesti\u00f3n de Sucursales.<\/p>\n<p>A lo largo de tu formaci\u00f3n, observar\u00e1s las habilidades y deberes espec\u00edficos del trabajo, asumiendo progresivamente m\u00e1s responsabilidades semanalmente.<\/p>\n<p>Este enfoque multidimensional est\u00e1 dise\u00f1ado para mantenerte comprometido y garantizar que retengas la informaci\u00f3n necesaria para tener \u00e9xito una vez que completes el programa.<\/p>\n<p>Adem\u00e1s, tendr\u00e1s reuniones peri\u00f3dicas con nuestro equipo directivo para hablar de tus progresos, realizar comprobaciones de conocimientos y repasar los temas tratados durante la semana.[\/vc_toggle][vc_btn title=\u00bbExplora los puestos vacantes\u00bb css=\u00bb\u00bb el_class=\u00bbcareerButton\u00bb link=\u00bburl:https%3A%2F%2Fmyjobs.adp.com%2Freladynecareersplus%2Fcx%3F__tx_annotation%3Dfalse%26c%3D2170219%26d%3DExternalCareerSite%26sor%3Dadprm|target:_blank|\u00bb][\/vc_column][\/vc_row][vc_row full_width=\u00bbstretch_row_content\u00bb css=\u00bb.vc_custom_1721157598909{background-image: url(https:\/\/reladyne.com\/wp-content\/uploads\/2024\/07\/careers-bkg.jpg?id=13071) !important;background-position: center !important;background-repeat: no-repeat !important;background-size: cover !important;}\u00bb el_class=\u00bbcareerRowCallout careerRowCalloutInterior\u00bb][vc_column][vc_row_inner][vc_column_inner width=\u00bb1\/4&#8243;][\/vc_column_inner][vc_column_inner width=\u00bb1\/2&#8243;][vc_column_text css=\u00bb\u00bb]<\/p>\n<h2 style=\"text-align: center;\">Impulsado por <em>las personas<\/em><\/h2>\n<p style=\"text-align: center;\">En RelaDyne, nuestros asociados son esenciales para nuestro negocio. Damos prioridad a la seguridad, el servicio al cliente, el liderazgo y la profesionalidad, ofreciendo a los asociados recursos para una <strong>carrera gratificante.<\/strong> \u00danete a nosotros para disfrutar de oportunidades y de una <strong>cultura de excelencia<\/strong>. <\/p>\n<p>[\/vc_column_text][vc_btn title=\u00bbExplora los puestos vacantes\u00bb style=\u00bbflat\u00bb shape=\u00bbsquare\u00bb color=\u00bbwhite\u00bb align=\u00bbcenter\u00bb css=\u00bb\u00bb link=\u00bburl:https%3A%2F%2Fmyjobs.adp.com%2Freladynecareersplus%2Fcx%3F__tx_annotation%3Dfalse%26c%3D2170219%26d%3DExternalCareerSite%26sor%3Dadprm|target:_blank|\u00bb][\/vc_column_inner][vc_column_inner width=\u00bb1\/4&#8243;][\/vc_column_inner][\/vc_row_inner][\/vc_column][\/vc_row]<\/p>\n<\/div>","protected":false},"excerpt":{"rendered":"<p>[vc_row full_width=\u00bbstretch_row\u00bb el_class=\u00bbstickyImageColumn\u00bb][vc_column width=\u00bb1\/2&#8243; css=\u00bb.vc_custom_1725648195548{padding-top: 0px !important;padding-right: 0px !important;padding-bottom: 0px !important;padding-left: 0px !important;background-position: center !important;background-repeat: no-repeat !important;background-size: contain !important;}\u00bb el_class=\u00bbcolumnImage\u00bb][vc_single_image image=\u00bb13229&#8243; img_size=\u00bbfull\u00bb alignment=\u00bbcenter\u00bb css=\u00bb.vc_custom_1725648188165{padding-top: 0px [&hellip;]<\/p>\n","protected":false},"author":1,"featured_media":0,"parent":14263,"menu_order":0,"comment_status":"closed","ping_status":"closed","template":"page_careers.php","meta":{"_acf_changed":false,"content-type":"","inline_featured_image":false,"footnotes":""},"folder":[],"class_list":["post-14271","page","type-page","status-publish","hentry","entry"],"acf":[],"yoast_head":"<!-- This site is optimized with the Yoast SEO Premium plugin v26.6 (Yoast SEO v26.6) - https:\/\/yoast.com\/wordpress\/plugins\/seo\/ -->\n<title>Carreras en pr\u00e1cticas de gesti\u00f3n : RelaDyne<\/title>\n<meta name=\"robots\" content=\"index, follow, max-snippet:-1, max-image-preview:large, max-video-preview:-1\" \/>\n<link rel=\"canonical\" href=\"https:\/\/reladyne.com\/es\/careers\/carreras-detail-management-trainee\/\" \/>\n<meta property=\"og:locale\" content=\"es_ES\" \/>\n<meta property=\"og:type\" content=\"article\" \/>\n<meta property=\"og:title\" content=\"Carreras en pr\u00e1cticas de gesti\u00f3n\" \/>\n<meta property=\"og:description\" content=\"[vc_row full_width=\u00bbstretch_row\u00bb el_class=\u00bbstickyImageColumn\u00bb][vc_column width=\u00bb1\/2&#8243; css=\u00bb.vc_custom_1725648195548{padding-top: 0px !important;padding-right: 0px !important;padding-bottom: 0px !important;padding-left: 0px !important;background-position: center !important;background-repeat: no-repeat !important;background-size: contain !important;}\u00bb el_class=\u00bbcolumnImage\u00bb][vc_single_image image=\u00bb13229&#8243; img_size=\u00bbfull\u00bb alignment=\u00bbcenter\u00bb css=\u00bb.vc_custom_1725648188165{padding-top: 0px [&hellip;]\" \/>\n<meta property=\"og:url\" content=\"https:\/\/reladyne.com\/es\/careers\/carreras-detail-management-trainee\/\" \/>\n<meta property=\"og:site_name\" content=\"RelaDyne\" \/>\n<meta property=\"article:publisher\" content=\"https:\/\/www.facebook.com\/RelaDyne\/\" \/>\n<meta property=\"article:modified_time\" content=\"2025-11-12T15:54:09+00:00\" \/>\n<meta name=\"twitter:card\" content=\"summary_large_image\" \/>\n<meta name=\"twitter:site\" content=\"@RelaDyne\" \/>\n<meta name=\"twitter:label1\" content=\"Tiempo de lectura\" \/>\n\t<meta name=\"twitter:data1\" content=\"3 minutos\" \/>\n<script type=\"application\/ld+json\" class=\"yoast-schema-graph\">{\"@context\":\"https:\/\/schema.org\",\"@graph\":[{\"@type\":\"WebPage\",\"@id\":\"https:\/\/reladyne.com\/es\/careers\/carreras-detail-management-trainee\/\",\"url\":\"https:\/\/reladyne.com\/es\/careers\/carreras-detail-management-trainee\/\",\"name\":\"Carreras en pr\u00e1cticas de gesti\u00f3n : RelaDyne\",\"isPartOf\":{\"@id\":\"https:\/\/reladyne.com\/es\/#website\"},\"datePublished\":\"2024-08-02T16:08:09+00:00\",\"dateModified\":\"2025-11-12T15:54:09+00:00\",\"breadcrumb\":{\"@id\":\"https:\/\/reladyne.com\/es\/careers\/carreras-detail-management-trainee\/#breadcrumb\"},\"inLanguage\":\"es\",\"potentialAction\":[{\"@type\":\"ReadAction\",\"target\":[\"https:\/\/reladyne.com\/es\/careers\/carreras-detail-management-trainee\/\"]}]},{\"@type\":\"BreadcrumbList\",\"@id\":\"https:\/\/reladyne.com\/es\/careers\/carreras-detail-management-trainee\/#breadcrumb\",\"itemListElement\":[{\"@type\":\"ListItem\",\"position\":1,\"name\":\"Home\",\"item\":\"https:\/\/reladyne.com\/es\/\"},{\"@type\":\"ListItem\",\"position\":2,\"name\":\"Empleo\",\"item\":\"https:\/\/reladyne.com\/es\/careers\/\"},{\"@type\":\"ListItem\",\"position\":3,\"name\":\"Carreras en pr\u00e1cticas de gesti\u00f3n\"}]},{\"@type\":\"WebSite\",\"@id\":\"https:\/\/reladyne.com\/es\/#website\",\"url\":\"https:\/\/reladyne.com\/es\/\",\"name\":\"RelaDyne\",\"description\":\"RelaDyne | Bulk Oil, Fuel &amp; Lubricants Distributor\",\"publisher\":{\"@id\":\"https:\/\/reladyne.com\/es\/#organization\"},\"potentialAction\":[{\"@type\":\"SearchAction\",\"target\":{\"@type\":\"EntryPoint\",\"urlTemplate\":\"https:\/\/reladyne.com\/es\/?s={search_term_string}\"},\"query-input\":{\"@type\":\"PropertyValueSpecification\",\"valueRequired\":true,\"valueName\":\"search_term_string\"}}],\"inLanguage\":\"es\"},{\"@type\":\"Organization\",\"@id\":\"https:\/\/reladyne.com\/es\/#organization\",\"name\":\"RelaDyne\",\"url\":\"https:\/\/reladyne.com\/es\/\",\"logo\":{\"@type\":\"ImageObject\",\"inLanguage\":\"es\",\"@id\":\"https:\/\/reladyne.com\/es\/#\/schema\/logo\/image\/\",\"url\":\"https:\/\/reladyne.com\/wp-content\/uploads\/2020\/07\/RelaDyne-square-logo.jpg\",\"contentUrl\":\"https:\/\/reladyne.com\/wp-content\/uploads\/2020\/07\/RelaDyne-square-logo.jpg\",\"width\":1500,\"height\":1500,\"caption\":\"RelaDyne\"},\"image\":{\"@id\":\"https:\/\/reladyne.com\/es\/#\/schema\/logo\/image\/\"},\"sameAs\":[\"https:\/\/www.facebook.com\/RelaDyne\/\",\"https:\/\/x.com\/RelaDyne\"]}]}<\/script>\n<!-- \/ Yoast SEO Premium plugin. -->","yoast_head_json":{"title":"Carreras en pr\u00e1cticas de gesti\u00f3n : RelaDyne","robots":{"index":"index","follow":"follow","max-snippet":"max-snippet:-1","max-image-preview":"max-image-preview:large","max-video-preview":"max-video-preview:-1"},"canonical":"https:\/\/reladyne.com\/es\/careers\/carreras-detail-management-trainee\/","og_locale":"es_ES","og_type":"article","og_title":"Carreras en pr\u00e1cticas de gesti\u00f3n","og_description":"[vc_row full_width=\u00bbstretch_row\u00bb el_class=\u00bbstickyImageColumn\u00bb][vc_column width=\u00bb1\/2&#8243; css=\u00bb.vc_custom_1725648195548{padding-top: 0px !important;padding-right: 0px !important;padding-bottom: 0px !important;padding-left: 0px !important;background-position: center !important;background-repeat: no-repeat !important;background-size: contain !important;}\u00bb el_class=\u00bbcolumnImage\u00bb][vc_single_image image=\u00bb13229&#8243; img_size=\u00bbfull\u00bb alignment=\u00bbcenter\u00bb css=\u00bb.vc_custom_1725648188165{padding-top: 0px [&hellip;]","og_url":"https:\/\/reladyne.com\/es\/careers\/carreras-detail-management-trainee\/","og_site_name":"RelaDyne","article_publisher":"https:\/\/www.facebook.com\/RelaDyne\/","article_modified_time":"2025-11-12T15:54:09+00:00","twitter_card":"summary_large_image","twitter_site":"@RelaDyne","twitter_misc":{"Tiempo de lectura":"3 minutos"},"schema":{"@context":"https:\/\/schema.org","@graph":[{"@type":"WebPage","@id":"https:\/\/reladyne.com\/es\/careers\/carreras-detail-management-trainee\/","url":"https:\/\/reladyne.com\/es\/careers\/carreras-detail-management-trainee\/","name":"Carreras en pr\u00e1cticas de gesti\u00f3n : RelaDyne","isPartOf":{"@id":"https:\/\/reladyne.com\/es\/#website"},"datePublished":"2024-08-02T16:08:09+00:00","dateModified":"2025-11-12T15:54:09+00:00","breadcrumb":{"@id":"https:\/\/reladyne.com\/es\/careers\/carreras-detail-management-trainee\/#breadcrumb"},"inLanguage":"es","potentialAction":[{"@type":"ReadAction","target":["https:\/\/reladyne.com\/es\/careers\/carreras-detail-management-trainee\/"]}]},{"@type":"BreadcrumbList","@id":"https:\/\/reladyne.com\/es\/careers\/carreras-detail-management-trainee\/#breadcrumb","itemListElement":[{"@type":"ListItem","position":1,"name":"Home","item":"https:\/\/reladyne.com\/es\/"},{"@type":"ListItem","position":2,"name":"Empleo","item":"https:\/\/reladyne.com\/es\/careers\/"},{"@type":"ListItem","position":3,"name":"Carreras en pr\u00e1cticas de gesti\u00f3n"}]},{"@type":"WebSite","@id":"https:\/\/reladyne.com\/es\/#website","url":"https:\/\/reladyne.com\/es\/","name":"RelaDyne","description":"RelaDyne | Bulk Oil, Fuel &amp; Lubricants Distributor","publisher":{"@id":"https:\/\/reladyne.com\/es\/#organization"},"potentialAction":[{"@type":"SearchAction","target":{"@type":"EntryPoint","urlTemplate":"https:\/\/reladyne.com\/es\/?s={search_term_string}"},"query-input":{"@type":"PropertyValueSpecification","valueRequired":true,"valueName":"search_term_string"}}],"inLanguage":"es"},{"@type":"Organization","@id":"https:\/\/reladyne.com\/es\/#organization","name":"RelaDyne","url":"https:\/\/reladyne.com\/es\/","logo":{"@type":"ImageObject","inLanguage":"es","@id":"https:\/\/reladyne.com\/es\/#\/schema\/logo\/image\/","url":"https:\/\/reladyne.com\/wp-content\/uploads\/2020\/07\/RelaDyne-square-logo.jpg","contentUrl":"https:\/\/reladyne.com\/wp-content\/uploads\/2020\/07\/RelaDyne-square-logo.jpg","width":1500,"height":1500,"caption":"RelaDyne"},"image":{"@id":"https:\/\/reladyne.com\/es\/#\/schema\/logo\/image\/"},"sameAs":["https:\/\/www.facebook.com\/RelaDyne\/","https:\/\/x.com\/RelaDyne"]}]}},"_links":{"self":[{"href":"https:\/\/reladyne.com\/es\/wp-json\/wp\/v2\/pages\/14271","targetHints":{"allow":["GET"]}}],"collection":[{"href":"https:\/\/reladyne.com\/es\/wp-json\/wp\/v2\/pages"}],"about":[{"href":"https:\/\/reladyne.com\/es\/wp-json\/wp\/v2\/types\/page"}],"author":[{"embeddable":true,"href":"https:\/\/reladyne.com\/es\/wp-json\/wp\/v2\/users\/1"}],"replies":[{"embeddable":true,"href":"https:\/\/reladyne.com\/es\/wp-json\/wp\/v2\/comments?post=14271"}],"version-history":[{"count":6,"href":"https:\/\/reladyne.com\/es\/wp-json\/wp\/v2\/pages\/14271\/revisions"}],"predecessor-version":[{"id":15669,"href":"https:\/\/reladyne.com\/es\/wp-json\/wp\/v2\/pages\/14271\/revisions\/15669"}],"up":[{"embeddable":true,"href":"https:\/\/reladyne.com\/es\/wp-json\/wp\/v2\/pages\/14263"}],"wp:attachment":[{"href":"https:\/\/reladyne.com\/es\/wp-json\/wp\/v2\/media?parent=14271"}],"wp:term":[{"taxonomy":"folder","embeddable":true,"href":"https:\/\/reladyne.com\/es\/wp-json\/wp\/v2\/folder?post=14271"}],"curies":[{"name":"wp","href":"https:\/\/api.w.org\/{rel}","templated":true}]}}