{"id":14275,"date":"2024-08-02T11:38:50","date_gmt":"2024-08-02T15:38:50","guid":{"rendered":"https:\/\/reladyne.com\/careers\/carreras-detalle-otras\/"},"modified":"2025-11-12T11:54:50","modified_gmt":"2025-11-12T15:54:50","slug":"carreras-detalle-otras","status":"publish","type":"page","link":"https:\/\/reladyne.com\/es\/careers\/carreras-detalle-otras\/","title":{"rendered":"Otras carreras"},"content":{"rendered":"<div class=\"wpb-content-wrapper\"><p>[vc_row full_width=\u00bbstretch_row\u00bb el_class=\u00bbstickyImageColumn\u00bb][vc_column width=\u00bb1\/2&#8243; css=\u00bb.vc_custom_1725648770886{padding-top: 0px !important;padding-right: 0px !important;padding-bottom: 0px !important;padding-left: 0px !important;background-position: center !important;background-repeat: no-repeat !important;background-size: contain !important;}\u00bb el_class=\u00bbcolumnImage\u00bb][vc_single_image image=\u00bb14048&#8243; img_size=\u00bbfull\u00bb alignment=\u00bbcenter\u00bb css=\u00bb.vc_custom_1726251511572{padding-top: 0px !important;padding-right: 0px !important;padding-bottom: 0px !important;padding-left: 0px !important;}\u00bb el_class=\u00bbstickyImage\u00bb][vc_single_image image=\u00bb14050&#8243; img_size=\u00bbfull\u00bb alignment=\u00bbcenter\u00bb css=\u00bb.vc_custom_1726251521504{padding-top: 0px !important;padding-right: 0px !important;padding-bottom: 0px !important;padding-left: 0px !important;}\u00bb el_class=\u00bbstickyImageMobile\u00bb][\/vc_column][vc_column width=\u00bb1\/2&#8243; el_class=\u00bbcareerDetailsContentColumn\u00bb][vc_column_text css=\u00bb\u00bb]<\/p>\n<h1>Otras carreras en RelaDyne<\/h1>\n<p>[\/vc_column_text][vc_btn title=\u00bbExplora los puestos vacantes\u00bb css=\u00bb\u00bb el_class=\u00bbopenPositionsButton\u00bb link=\u00bburl:https%3A%2F%2Fmyjobs.adp.com%2Freladynecareersplus%2Fcx%3F__tx_annotation%3Dfalse%26c%3D2170219%26d%3DExternalCareerSite%26sor%3Dadprm|target:_blank|\u00bb][vc_column_text css=\u00bb\u00bb]<\/p>\n<h2>Funciones clave<\/h2>\n<p>RelaDyne utiliza la amplia experiencia de nuestros asociados para atender a m\u00e1s de 10.000 clientes de los sectores de automoci\u00f3n, comercial e industrial. Hacemos hincapi\u00e9 en el valor, el servicio fiable y las soluciones eficaces como socios de confianza de nuestros clientes. Explora otras interesantes oportunidades profesionales a continuaci\u00f3n.[\/vc_column_text][vc_toggle title=\u00bbFinanzas y contabilidad\u00bb style=\u00bbtext_only\u00bb css=\u00bb\u00bb]El departamento de Contabilidad y Finanzas de RelaDyne gestiona los aspectos financieros de la organizaci\u00f3n para garantizar la salud y el cumplimiento fiscales. Sus responsabilidades incluyen la elaboraci\u00f3n de informes financieros, presupuestos, an\u00e1lisis, controles internos, planificaci\u00f3n fiscal, gesti\u00f3n de tesorer\u00eda, estrategia financiera, gesti\u00f3n de riesgos y comunicaci\u00f3n con las partes interesadas. El departamento desempe\u00f1a un papel crucial en el impulso de la sostenibilidad financiera, el crecimiento y la rentabilidad de RelaDyne.[\/vc_toggle][vc_toggle title=\u00bbTecnolog\u00edas de la Informaci\u00f3n\u00bb style=\u00bbtext_only\u00bb css=\u00bb\u00bb]La funci\u00f3n de TI de RelaDyne gestiona la infraestructura y los sistemas tecnol\u00f3gicos de la organizaci\u00f3n. Esto incluye la gesti\u00f3n de infraestructuras, desarrollo y soporte de software, ciberseguridad, operaciones de TI, gesti\u00f3n y an\u00e1lisis de datos, gesti\u00f3n de servicios en la nube y planificaci\u00f3n estrat\u00e9gica.[\/vc_toggle][vc_toggle title=\u00bbRecursos Humanos\u00bb style=\u00bbtext_only\u00bb css=\u00bb\u00bb]El departamento de RR.HH. de RelaDyne supervisa varios aspectos de la gesti\u00f3n de recursos humanos para apoyar los objetivos organizativos y el bienestar de los asociados. Las responsabilidades incluyen la contrataci\u00f3n, la incorporaci\u00f3n, la formaci\u00f3n, la gesti\u00f3n del rendimiento, la compensaci\u00f3n, las relaciones con los asociados y la gesti\u00f3n del sistema de informaci\u00f3n sobre recursos humanos. El equipo de RR.HH. garantiza la alineaci\u00f3n con los objetivos de la empresa y fomenta una cultura positiva en el lugar de trabajo.[\/vc_toggle][vc_btn title=\u00bbExplora los puestos vacantes\u00bb css=\u00bb\u00bb el_class=\u00bbcareerButton\u00bb link=\u00bburl:https%3A%2F%2Fmyjobs.adp.com%2Freladynecareersplus%2Fcx%3F__tx_annotation%3Dfalse%26c%3D2170219%26d%3DExternalCareerSite%26sor%3Dadprm|target:_blank|\u00bb][\/vc_column][\/vc_row][vc_row full_width=\u00bbstretch_row_content\u00bb css=\u00bb.vc_custom_1721157598909{background-image: url(https:\/\/reladyne.com\/wp-content\/uploads\/2024\/07\/careers-bkg.jpg?id=13071) !important;background-position: center !important;background-repeat: no-repeat !important;background-size: cover !important;}\u00bb el_class=\u00bbcareerRowCallout careerRowCalloutInterior\u00bb][vc_column][vc_row_inner][vc_column_inner width=\u00bb1\/4&#8243;][\/vc_column_inner][vc_column_inner width=\u00bb1\/2&#8243;][vc_column_text css=\u00bb\u00bb]<\/p>\n<h2 style=\"text-align: center;\">Impulsado por <em>las personas<\/em><\/h2>\n<p style=\"text-align: center;\">En RelaDyne, nuestros asociados son esenciales para nuestro negocio. Damos prioridad a la seguridad, el servicio al cliente, el liderazgo y la profesionalidad, ofreciendo a los asociados recursos para una <strong>carrera gratificante.<\/strong> \u00danete a nosotros para disfrutar de oportunidades y de una <strong>cultura de excelencia<\/strong>. <\/p>\n<p>[\/vc_column_text][vc_btn title=\u00bbExplora los puestos vacantes\u00bb style=\u00bbflat\u00bb shape=\u00bbsquare\u00bb color=\u00bbwhite\u00bb align=\u00bbcenter\u00bb css=\u00bb\u00bb link=\u00bburl:https%3A%2F%2Fmyjobs.adp.com%2Freladynecareersplus%2Fcx%3F__tx_annotation%3Dfalse%26c%3D2170219%26d%3DExternalCareerSite%26sor%3Dadprm|target:_blank|\u00bb][\/vc_column_inner][vc_column_inner width=\u00bb1\/4&#8243;][\/vc_column_inner][\/vc_row_inner][\/vc_column][\/vc_row]<\/p>\n<\/div>","protected":false},"excerpt":{"rendered":"<p>[vc_row full_width=\u00bbstretch_row\u00bb el_class=\u00bbstickyImageColumn\u00bb][vc_column width=\u00bb1\/2&#8243; css=\u00bb.vc_custom_1725648770886{padding-top: 0px !important;padding-right: 0px !important;padding-bottom: 0px !important;padding-left: 0px !important;background-position: center !important;background-repeat: no-repeat !important;background-size: contain !important;}\u00bb el_class=\u00bbcolumnImage\u00bb][vc_single_image image=\u00bb14048&#8243; img_size=\u00bbfull\u00bb alignment=\u00bbcenter\u00bb css=\u00bb.vc_custom_1726251511572{padding-top: 0px [&hellip;]<\/p>\n","protected":false},"author":1,"featured_media":0,"parent":14263,"menu_order":0,"comment_status":"closed","ping_status":"closed","template":"page_careers.php","meta":{"_acf_changed":false,"content-type":"","inline_featured_image":false,"footnotes":""},"folder":[],"class_list":["post-14275","page","type-page","status-publish","hentry","entry"],"acf":[],"yoast_head":"<!-- This site is optimized with the Yoast SEO Premium plugin v26.6 (Yoast SEO v26.6) - https:\/\/yoast.com\/wordpress\/plugins\/seo\/ -->\n<title>Otras carreras : RelaDyne<\/title>\n<meta name=\"robots\" content=\"index, follow, max-snippet:-1, max-image-preview:large, max-video-preview:-1\" \/>\n<link rel=\"canonical\" href=\"https:\/\/reladyne.com\/es\/careers\/carreras-detalle-otras\/\" \/>\n<meta property=\"og:locale\" content=\"es_ES\" \/>\n<meta property=\"og:type\" content=\"article\" \/>\n<meta property=\"og:title\" content=\"Otras carreras\" \/>\n<meta property=\"og:description\" content=\"[vc_row full_width=\u00bbstretch_row\u00bb el_class=\u00bbstickyImageColumn\u00bb][vc_column width=\u00bb1\/2&#8243; css=\u00bb.vc_custom_1725648770886{padding-top: 0px !important;padding-right: 0px !important;padding-bottom: 0px !important;padding-left: 0px !important;background-position: center !important;background-repeat: no-repeat !important;background-size: contain !important;}\u00bb el_class=\u00bbcolumnImage\u00bb][vc_single_image image=\u00bb14048&#8243; img_size=\u00bbfull\u00bb alignment=\u00bbcenter\u00bb css=\u00bb.vc_custom_1726251511572{padding-top: 0px [&hellip;]\" \/>\n<meta property=\"og:url\" content=\"https:\/\/reladyne.com\/es\/careers\/carreras-detalle-otras\/\" \/>\n<meta property=\"og:site_name\" content=\"RelaDyne\" \/>\n<meta property=\"article:publisher\" content=\"https:\/\/www.facebook.com\/RelaDyne\/\" \/>\n<meta property=\"article:modified_time\" content=\"2025-11-12T15:54:50+00:00\" \/>\n<meta name=\"twitter:card\" content=\"summary_large_image\" \/>\n<meta name=\"twitter:site\" content=\"@RelaDyne\" \/>\n<meta name=\"twitter:label1\" content=\"Tiempo de lectura\" \/>\n\t<meta name=\"twitter:data1\" content=\"3 minutos\" \/>\n<script type=\"application\/ld+json\" class=\"yoast-schema-graph\">{\"@context\":\"https:\/\/schema.org\",\"@graph\":[{\"@type\":\"WebPage\",\"@id\":\"https:\/\/reladyne.com\/es\/careers\/carreras-detalle-otras\/\",\"url\":\"https:\/\/reladyne.com\/es\/careers\/carreras-detalle-otras\/\",\"name\":\"Otras carreras : RelaDyne\",\"isPartOf\":{\"@id\":\"https:\/\/reladyne.com\/es\/#website\"},\"datePublished\":\"2024-08-02T15:38:50+00:00\",\"dateModified\":\"2025-11-12T15:54:50+00:00\",\"breadcrumb\":{\"@id\":\"https:\/\/reladyne.com\/es\/careers\/carreras-detalle-otras\/#breadcrumb\"},\"inLanguage\":\"es\",\"potentialAction\":[{\"@type\":\"ReadAction\",\"target\":[\"https:\/\/reladyne.com\/es\/careers\/carreras-detalle-otras\/\"]}]},{\"@type\":\"BreadcrumbList\",\"@id\":\"https:\/\/reladyne.com\/es\/careers\/carreras-detalle-otras\/#breadcrumb\",\"itemListElement\":[{\"@type\":\"ListItem\",\"position\":1,\"name\":\"Home\",\"item\":\"https:\/\/reladyne.com\/es\/\"},{\"@type\":\"ListItem\",\"position\":2,\"name\":\"Empleo\",\"item\":\"https:\/\/reladyne.com\/es\/careers\/\"},{\"@type\":\"ListItem\",\"position\":3,\"name\":\"Otras carreras\"}]},{\"@type\":\"WebSite\",\"@id\":\"https:\/\/reladyne.com\/es\/#website\",\"url\":\"https:\/\/reladyne.com\/es\/\",\"name\":\"RelaDyne\",\"description\":\"RelaDyne | Bulk Oil, Fuel &amp; Lubricants Distributor\",\"publisher\":{\"@id\":\"https:\/\/reladyne.com\/es\/#organization\"},\"potentialAction\":[{\"@type\":\"SearchAction\",\"target\":{\"@type\":\"EntryPoint\",\"urlTemplate\":\"https:\/\/reladyne.com\/es\/?s={search_term_string}\"},\"query-input\":{\"@type\":\"PropertyValueSpecification\",\"valueRequired\":true,\"valueName\":\"search_term_string\"}}],\"inLanguage\":\"es\"},{\"@type\":\"Organization\",\"@id\":\"https:\/\/reladyne.com\/es\/#organization\",\"name\":\"RelaDyne\",\"url\":\"https:\/\/reladyne.com\/es\/\",\"logo\":{\"@type\":\"ImageObject\",\"inLanguage\":\"es\",\"@id\":\"https:\/\/reladyne.com\/es\/#\/schema\/logo\/image\/\",\"url\":\"https:\/\/reladyne.com\/wp-content\/uploads\/2020\/07\/RelaDyne-square-logo.jpg\",\"contentUrl\":\"https:\/\/reladyne.com\/wp-content\/uploads\/2020\/07\/RelaDyne-square-logo.jpg\",\"width\":1500,\"height\":1500,\"caption\":\"RelaDyne\"},\"image\":{\"@id\":\"https:\/\/reladyne.com\/es\/#\/schema\/logo\/image\/\"},\"sameAs\":[\"https:\/\/www.facebook.com\/RelaDyne\/\",\"https:\/\/x.com\/RelaDyne\"]}]}<\/script>\n<!-- \/ Yoast SEO Premium plugin. -->","yoast_head_json":{"title":"Otras carreras : RelaDyne","robots":{"index":"index","follow":"follow","max-snippet":"max-snippet:-1","max-image-preview":"max-image-preview:large","max-video-preview":"max-video-preview:-1"},"canonical":"https:\/\/reladyne.com\/es\/careers\/carreras-detalle-otras\/","og_locale":"es_ES","og_type":"article","og_title":"Otras carreras","og_description":"[vc_row full_width=\u00bbstretch_row\u00bb el_class=\u00bbstickyImageColumn\u00bb][vc_column width=\u00bb1\/2&#8243; css=\u00bb.vc_custom_1725648770886{padding-top: 0px !important;padding-right: 0px !important;padding-bottom: 0px !important;padding-left: 0px !important;background-position: center !important;background-repeat: no-repeat !important;background-size: contain !important;}\u00bb el_class=\u00bbcolumnImage\u00bb][vc_single_image image=\u00bb14048&#8243; img_size=\u00bbfull\u00bb alignment=\u00bbcenter\u00bb css=\u00bb.vc_custom_1726251511572{padding-top: 0px [&hellip;]","og_url":"https:\/\/reladyne.com\/es\/careers\/carreras-detalle-otras\/","og_site_name":"RelaDyne","article_publisher":"https:\/\/www.facebook.com\/RelaDyne\/","article_modified_time":"2025-11-12T15:54:50+00:00","twitter_card":"summary_large_image","twitter_site":"@RelaDyne","twitter_misc":{"Tiempo de lectura":"3 minutos"},"schema":{"@context":"https:\/\/schema.org","@graph":[{"@type":"WebPage","@id":"https:\/\/reladyne.com\/es\/careers\/carreras-detalle-otras\/","url":"https:\/\/reladyne.com\/es\/careers\/carreras-detalle-otras\/","name":"Otras carreras : RelaDyne","isPartOf":{"@id":"https:\/\/reladyne.com\/es\/#website"},"datePublished":"2024-08-02T15:38:50+00:00","dateModified":"2025-11-12T15:54:50+00:00","breadcrumb":{"@id":"https:\/\/reladyne.com\/es\/careers\/carreras-detalle-otras\/#breadcrumb"},"inLanguage":"es","potentialAction":[{"@type":"ReadAction","target":["https:\/\/reladyne.com\/es\/careers\/carreras-detalle-otras\/"]}]},{"@type":"BreadcrumbList","@id":"https:\/\/reladyne.com\/es\/careers\/carreras-detalle-otras\/#breadcrumb","itemListElement":[{"@type":"ListItem","position":1,"name":"Home","item":"https:\/\/reladyne.com\/es\/"},{"@type":"ListItem","position":2,"name":"Empleo","item":"https:\/\/reladyne.com\/es\/careers\/"},{"@type":"ListItem","position":3,"name":"Otras carreras"}]},{"@type":"WebSite","@id":"https:\/\/reladyne.com\/es\/#website","url":"https:\/\/reladyne.com\/es\/","name":"RelaDyne","description":"RelaDyne | Bulk Oil, Fuel &amp; Lubricants Distributor","publisher":{"@id":"https:\/\/reladyne.com\/es\/#organization"},"potentialAction":[{"@type":"SearchAction","target":{"@type":"EntryPoint","urlTemplate":"https:\/\/reladyne.com\/es\/?s={search_term_string}"},"query-input":{"@type":"PropertyValueSpecification","valueRequired":true,"valueName":"search_term_string"}}],"inLanguage":"es"},{"@type":"Organization","@id":"https:\/\/reladyne.com\/es\/#organization","name":"RelaDyne","url":"https:\/\/reladyne.com\/es\/","logo":{"@type":"ImageObject","inLanguage":"es","@id":"https:\/\/reladyne.com\/es\/#\/schema\/logo\/image\/","url":"https:\/\/reladyne.com\/wp-content\/uploads\/2020\/07\/RelaDyne-square-logo.jpg","contentUrl":"https:\/\/reladyne.com\/wp-content\/uploads\/2020\/07\/RelaDyne-square-logo.jpg","width":1500,"height":1500,"caption":"RelaDyne"},"image":{"@id":"https:\/\/reladyne.com\/es\/#\/schema\/logo\/image\/"},"sameAs":["https:\/\/www.facebook.com\/RelaDyne\/","https:\/\/x.com\/RelaDyne"]}]}},"_links":{"self":[{"href":"https:\/\/reladyne.com\/es\/wp-json\/wp\/v2\/pages\/14275","targetHints":{"allow":["GET"]}}],"collection":[{"href":"https:\/\/reladyne.com\/es\/wp-json\/wp\/v2\/pages"}],"about":[{"href":"https:\/\/reladyne.com\/es\/wp-json\/wp\/v2\/types\/page"}],"author":[{"embeddable":true,"href":"https:\/\/reladyne.com\/es\/wp-json\/wp\/v2\/users\/1"}],"replies":[{"embeddable":true,"href":"https:\/\/reladyne.com\/es\/wp-json\/wp\/v2\/comments?post=14275"}],"version-history":[{"count":6,"href":"https:\/\/reladyne.com\/es\/wp-json\/wp\/v2\/pages\/14275\/revisions"}],"predecessor-version":[{"id":15673,"href":"https:\/\/reladyne.com\/es\/wp-json\/wp\/v2\/pages\/14275\/revisions\/15673"}],"up":[{"embeddable":true,"href":"https:\/\/reladyne.com\/es\/wp-json\/wp\/v2\/pages\/14263"}],"wp:attachment":[{"href":"https:\/\/reladyne.com\/es\/wp-json\/wp\/v2\/media?parent=14275"}],"wp:term":[{"taxonomy":"folder","embeddable":true,"href":"https:\/\/reladyne.com\/es\/wp-json\/wp\/v2\/folder?post=14275"}],"curies":[{"name":"wp","href":"https:\/\/api.w.org\/{rel}","templated":true}]}}