{"id":14279,"date":"2024-07-19T12:03:53","date_gmt":"2024-07-19T16:03:53","guid":{"rendered":"https:\/\/reladyne.com\/careers\/carreras-detail-servicios-de-fiabilidad\/"},"modified":"2025-11-12T11:55:36","modified_gmt":"2025-11-12T15:55:36","slug":"carreras-detail-servicios-de-fiabilidad","status":"publish","type":"page","link":"https:\/\/reladyne.com\/es\/careers\/carreras-detail-servicios-de-fiabilidad\/","title":{"rendered":"Carreras en Servicios de Fiabilidad"},"content":{"rendered":"<div class=\"wpb-content-wrapper\"><p>[vc_row full_width=\u00bbstretch_row\u00bb el_class=\u00bbstickyImageColumn\u00bb][vc_column width=\u00bb1\/2&#8243; css=\u00bb.vc_custom_1725649077001{padding-top: 0px !important;padding-right: 0px !important;padding-bottom: 0px !important;padding-left: 0px !important;background-position: center !important;background-repeat: no-repeat !important;background-size: contain !important;}\u00bb el_class=\u00bbcolumnImage\u00bb][vc_single_image image=\u00bb13984&#8243; img_size=\u00bbfull\u00bb alignment=\u00bbcenter\u00bb css=\u00bb.vc_custom_1726066156496{padding-top: 0px !important;padding-right: 0px !important;padding-bottom: 0px !important;padding-left: 0px !important;}\u00bb el_class=\u00bbstickyImage\u00bb][vc_single_image image=\u00bb13219&#8243; img_size=\u00bbfull\u00bb alignment=\u00bbcenter\u00bb css=\u00bb.vc_custom_1726066173222{padding-top: 0px !important;padding-right: 0px !important;padding-bottom: 0px !important;padding-left: 0px !important;}\u00bb el_class=\u00bbstickyImageMobile\u00bb][\/vc_column][vc_column width=\u00bb1\/2&#8243; el_class=\u00bbcareerDetailsContentColumn\u00bb][vc_column_text css=\u00bb\u00bb]<\/p>\n<h1>Carreras en Servicios de Fiabilidad<\/h1>\n<p>[\/vc_column_text][vc_btn title=\u00bbPuestos de Servicios de Fiabilidad\u00bb css=\u00bb\u00bb el_class=\u00bbopenPositionsButton\u00bb link=\u00bburl:https%3A%2F%2Fmyjobs.adp.com%2Freladynecareersplus%2Fcx%3F__tx_annotation%3Dfalse%26c%3D2170219%26d%3DExternalCareerSite%26sor%3Dadprm|target:_blank|\u00bb][vc_column_text css=\u00bb\u00bb]<\/p>\n<h2>Funciones clave del Servicio de Fiabilidad<\/h2>\n<p>RelaDyne Reliability Services ofrece una gama excepcional y completa de servicios y equipos industriales. Nuestro objetivo es garantizar una fiabilidad sin igual para las plantas y operaciones de nuestros clientes.[\/vc_column_text][vc_toggle title=\u00bbAprendiz de T\u00e9cnico\/ T\u00e9cnica\u00bb style=\u00bbtext_only\u00bb css=\u00bb\u00bb]Asistir a clientes de todo el mundo en tareas de mantenimiento como lubricaci\u00f3n de equipos rotativos, cambio de filtros, mantenimiento de neblinas de aceite y sistemas de engrase. Los candidatos deben prever numerosos viajes (hasta el 85%, nacionales e internacionales) y trabajo de campo fuera de casa. El puesto implica apoyar varios proyectos e impulsar la mejora continua en Seguridad, Calidad, Entrega y Coste.[\/vc_toggle][vc_toggle title=\u00bbT\u00e9cnico LubeServ\u00bb style=\u00bbtext_only\u00bb css=\u00bb\u00bb]El T\u00e9cnico LubeServ es responsable de las operaciones diarias en las instalaciones de un cliente, centr\u00e1ndose en los programas de lubricaci\u00f3n y fiabilidad. Trabajan en un solo lugar, asegurando el funcionamiento \u00f3ptimo de los equipos mediante tareas como la aplicaci\u00f3n de lubricantes y los programas de mantenimiento.[\/vc_toggle][vc_btn title=\u00bbPuestos de Servicios de Fiabilidad\u00bb css=\u00bb\u00bb el_class=\u00bbcareerButton\u00bb link=\u00bburl:https%3A%2F%2Fmyjobs.adp.com%2Freladynecareersplus%2Fcx%3F__tx_annotation%3Dfalse%26c%3D2170219%26d%3DExternalCareerSite%26sor%3Dadprm|target:_blank|\u00bb][\/vc_column][\/vc_row][vc_row full_width=\u00bbstretch_row_content\u00bb css=\u00bb.vc_custom_1721157598909{background-image: url(https:\/\/reladyne.com\/wp-content\/uploads\/2024\/07\/careers-bkg.jpg?id=13071) !important;background-position: center !important;background-repeat: no-repeat !important;background-size: cover !important;}\u00bb el_class=\u00bbcareerRowCallout careerRowCalloutInterior\u00bb][vc_column][vc_row_inner][vc_column_inner width=\u00bb1\/4&#8243;][\/vc_column_inner][vc_column_inner width=\u00bb1\/2&#8243;][vc_column_text css=\u00bb\u00bb]<\/p>\n<h2 style=\"text-align: center;\">Impulsado por <em>las personas<\/em><\/h2>\n<p style=\"text-align: center;\">En RelaDyne, nuestros asociados son esenciales para nuestro negocio. Damos prioridad a la seguridad, el servicio al cliente, el liderazgo y la profesionalidad, ofreciendo a los asociados recursos para una <strong>carrera gratificante.<\/strong> \u00danete a nosotros para disfrutar de oportunidades y de una <strong>cultura de excelencia<\/strong>. <\/p>\n<p>[\/vc_column_text][vc_btn title=\u00bbExplora los puestos vacantes\u00bb style=\u00bbflat\u00bb shape=\u00bbsquare\u00bb color=\u00bbwhite\u00bb align=\u00bbcenter\u00bb css=\u00bb\u00bb link=\u00bburl:https%3A%2F%2Fmyjobs.adp.com%2Freladynecareersplus%2Fcx%3F__tx_annotation%3Dfalse%26c%3D2170219%26d%3DExternalCareerSite%26sor%3Dadprm|target:_blank|\u00bb][\/vc_column_inner][vc_column_inner width=\u00bb1\/4&#8243;][\/vc_column_inner][\/vc_row_inner][\/vc_column][\/vc_row]<\/p>\n<\/div>","protected":false},"excerpt":{"rendered":"<p>[vc_row full_width=\u00bbstretch_row\u00bb el_class=\u00bbstickyImageColumn\u00bb][vc_column width=\u00bb1\/2&#8243; css=\u00bb.vc_custom_1725649077001{padding-top: 0px !important;padding-right: 0px !important;padding-bottom: 0px !important;padding-left: 0px !important;background-position: center !important;background-repeat: no-repeat !important;background-size: contain !important;}\u00bb el_class=\u00bbcolumnImage\u00bb][vc_single_image image=\u00bb13984&#8243; img_size=\u00bbfull\u00bb alignment=\u00bbcenter\u00bb css=\u00bb.vc_custom_1726066156496{padding-top: 0px [&hellip;]<\/p>\n","protected":false},"author":1,"featured_media":0,"parent":14263,"menu_order":0,"comment_status":"closed","ping_status":"closed","template":"page_careers.php","meta":{"_acf_changed":false,"content-type":"","inline_featured_image":false,"footnotes":""},"folder":[],"class_list":["post-14279","page","type-page","status-publish","hentry","entry"],"acf":[],"yoast_head":"<!-- This site is optimized with the Yoast SEO Premium plugin v26.6 (Yoast SEO v26.6) - https:\/\/yoast.com\/wordpress\/plugins\/seo\/ -->\n<title>Carreras en Servicios de Fiabilidad : RelaDyne<\/title>\n<meta name=\"robots\" content=\"index, follow, max-snippet:-1, max-image-preview:large, max-video-preview:-1\" \/>\n<link rel=\"canonical\" href=\"https:\/\/reladyne.com\/es\/careers\/carreras-detail-servicios-de-fiabilidad\/\" \/>\n<meta property=\"og:locale\" content=\"es_ES\" \/>\n<meta property=\"og:type\" content=\"article\" \/>\n<meta property=\"og:title\" content=\"Carreras en Servicios de Fiabilidad\" \/>\n<meta property=\"og:description\" content=\"[vc_row full_width=\u00bbstretch_row\u00bb el_class=\u00bbstickyImageColumn\u00bb][vc_column width=\u00bb1\/2&#8243; css=\u00bb.vc_custom_1725649077001{padding-top: 0px !important;padding-right: 0px !important;padding-bottom: 0px !important;padding-left: 0px !important;background-position: center !important;background-repeat: no-repeat !important;background-size: contain !important;}\u00bb el_class=\u00bbcolumnImage\u00bb][vc_single_image image=\u00bb13984&#8243; img_size=\u00bbfull\u00bb alignment=\u00bbcenter\u00bb css=\u00bb.vc_custom_1726066156496{padding-top: 0px [&hellip;]\" \/>\n<meta property=\"og:url\" content=\"https:\/\/reladyne.com\/es\/careers\/carreras-detail-servicios-de-fiabilidad\/\" \/>\n<meta property=\"og:site_name\" content=\"RelaDyne\" \/>\n<meta property=\"article:publisher\" content=\"https:\/\/www.facebook.com\/RelaDyne\/\" \/>\n<meta property=\"article:modified_time\" content=\"2025-11-12T15:55:36+00:00\" \/>\n<meta name=\"twitter:card\" content=\"summary_large_image\" \/>\n<meta name=\"twitter:site\" content=\"@RelaDyne\" \/>\n<meta name=\"twitter:label1\" content=\"Tiempo de lectura\" \/>\n\t<meta name=\"twitter:data1\" content=\"3 minutos\" \/>\n<script type=\"application\/ld+json\" class=\"yoast-schema-graph\">{\"@context\":\"https:\/\/schema.org\",\"@graph\":[{\"@type\":\"WebPage\",\"@id\":\"https:\/\/reladyne.com\/es\/careers\/carreras-detail-servicios-de-fiabilidad\/\",\"url\":\"https:\/\/reladyne.com\/es\/careers\/carreras-detail-servicios-de-fiabilidad\/\",\"name\":\"Carreras en Servicios de Fiabilidad : RelaDyne\",\"isPartOf\":{\"@id\":\"https:\/\/reladyne.com\/es\/#website\"},\"datePublished\":\"2024-07-19T16:03:53+00:00\",\"dateModified\":\"2025-11-12T15:55:36+00:00\",\"breadcrumb\":{\"@id\":\"https:\/\/reladyne.com\/es\/careers\/carreras-detail-servicios-de-fiabilidad\/#breadcrumb\"},\"inLanguage\":\"es\",\"potentialAction\":[{\"@type\":\"ReadAction\",\"target\":[\"https:\/\/reladyne.com\/es\/careers\/carreras-detail-servicios-de-fiabilidad\/\"]}]},{\"@type\":\"BreadcrumbList\",\"@id\":\"https:\/\/reladyne.com\/es\/careers\/carreras-detail-servicios-de-fiabilidad\/#breadcrumb\",\"itemListElement\":[{\"@type\":\"ListItem\",\"position\":1,\"name\":\"Home\",\"item\":\"https:\/\/reladyne.com\/es\/\"},{\"@type\":\"ListItem\",\"position\":2,\"name\":\"Empleo\",\"item\":\"https:\/\/reladyne.com\/es\/careers\/\"},{\"@type\":\"ListItem\",\"position\":3,\"name\":\"Carreras en Servicios de Fiabilidad\"}]},{\"@type\":\"WebSite\",\"@id\":\"https:\/\/reladyne.com\/es\/#website\",\"url\":\"https:\/\/reladyne.com\/es\/\",\"name\":\"RelaDyne\",\"description\":\"RelaDyne | Bulk Oil, Fuel &amp; Lubricants Distributor\",\"publisher\":{\"@id\":\"https:\/\/reladyne.com\/es\/#organization\"},\"potentialAction\":[{\"@type\":\"SearchAction\",\"target\":{\"@type\":\"EntryPoint\",\"urlTemplate\":\"https:\/\/reladyne.com\/es\/?s={search_term_string}\"},\"query-input\":{\"@type\":\"PropertyValueSpecification\",\"valueRequired\":true,\"valueName\":\"search_term_string\"}}],\"inLanguage\":\"es\"},{\"@type\":\"Organization\",\"@id\":\"https:\/\/reladyne.com\/es\/#organization\",\"name\":\"RelaDyne\",\"url\":\"https:\/\/reladyne.com\/es\/\",\"logo\":{\"@type\":\"ImageObject\",\"inLanguage\":\"es\",\"@id\":\"https:\/\/reladyne.com\/es\/#\/schema\/logo\/image\/\",\"url\":\"https:\/\/reladyne.com\/wp-content\/uploads\/2020\/07\/RelaDyne-square-logo.jpg\",\"contentUrl\":\"https:\/\/reladyne.com\/wp-content\/uploads\/2020\/07\/RelaDyne-square-logo.jpg\",\"width\":1500,\"height\":1500,\"caption\":\"RelaDyne\"},\"image\":{\"@id\":\"https:\/\/reladyne.com\/es\/#\/schema\/logo\/image\/\"},\"sameAs\":[\"https:\/\/www.facebook.com\/RelaDyne\/\",\"https:\/\/x.com\/RelaDyne\"]}]}<\/script>\n<!-- \/ Yoast SEO Premium plugin. -->","yoast_head_json":{"title":"Carreras en Servicios de Fiabilidad : RelaDyne","robots":{"index":"index","follow":"follow","max-snippet":"max-snippet:-1","max-image-preview":"max-image-preview:large","max-video-preview":"max-video-preview:-1"},"canonical":"https:\/\/reladyne.com\/es\/careers\/carreras-detail-servicios-de-fiabilidad\/","og_locale":"es_ES","og_type":"article","og_title":"Carreras en Servicios de Fiabilidad","og_description":"[vc_row full_width=\u00bbstretch_row\u00bb el_class=\u00bbstickyImageColumn\u00bb][vc_column width=\u00bb1\/2&#8243; css=\u00bb.vc_custom_1725649077001{padding-top: 0px !important;padding-right: 0px !important;padding-bottom: 0px !important;padding-left: 0px !important;background-position: center !important;background-repeat: no-repeat !important;background-size: contain !important;}\u00bb el_class=\u00bbcolumnImage\u00bb][vc_single_image image=\u00bb13984&#8243; img_size=\u00bbfull\u00bb alignment=\u00bbcenter\u00bb css=\u00bb.vc_custom_1726066156496{padding-top: 0px [&hellip;]","og_url":"https:\/\/reladyne.com\/es\/careers\/carreras-detail-servicios-de-fiabilidad\/","og_site_name":"RelaDyne","article_publisher":"https:\/\/www.facebook.com\/RelaDyne\/","article_modified_time":"2025-11-12T15:55:36+00:00","twitter_card":"summary_large_image","twitter_site":"@RelaDyne","twitter_misc":{"Tiempo de lectura":"3 minutos"},"schema":{"@context":"https:\/\/schema.org","@graph":[{"@type":"WebPage","@id":"https:\/\/reladyne.com\/es\/careers\/carreras-detail-servicios-de-fiabilidad\/","url":"https:\/\/reladyne.com\/es\/careers\/carreras-detail-servicios-de-fiabilidad\/","name":"Carreras en Servicios de Fiabilidad : RelaDyne","isPartOf":{"@id":"https:\/\/reladyne.com\/es\/#website"},"datePublished":"2024-07-19T16:03:53+00:00","dateModified":"2025-11-12T15:55:36+00:00","breadcrumb":{"@id":"https:\/\/reladyne.com\/es\/careers\/carreras-detail-servicios-de-fiabilidad\/#breadcrumb"},"inLanguage":"es","potentialAction":[{"@type":"ReadAction","target":["https:\/\/reladyne.com\/es\/careers\/carreras-detail-servicios-de-fiabilidad\/"]}]},{"@type":"BreadcrumbList","@id":"https:\/\/reladyne.com\/es\/careers\/carreras-detail-servicios-de-fiabilidad\/#breadcrumb","itemListElement":[{"@type":"ListItem","position":1,"name":"Home","item":"https:\/\/reladyne.com\/es\/"},{"@type":"ListItem","position":2,"name":"Empleo","item":"https:\/\/reladyne.com\/es\/careers\/"},{"@type":"ListItem","position":3,"name":"Carreras en Servicios de Fiabilidad"}]},{"@type":"WebSite","@id":"https:\/\/reladyne.com\/es\/#website","url":"https:\/\/reladyne.com\/es\/","name":"RelaDyne","description":"RelaDyne | Bulk Oil, Fuel &amp; Lubricants Distributor","publisher":{"@id":"https:\/\/reladyne.com\/es\/#organization"},"potentialAction":[{"@type":"SearchAction","target":{"@type":"EntryPoint","urlTemplate":"https:\/\/reladyne.com\/es\/?s={search_term_string}"},"query-input":{"@type":"PropertyValueSpecification","valueRequired":true,"valueName":"search_term_string"}}],"inLanguage":"es"},{"@type":"Organization","@id":"https:\/\/reladyne.com\/es\/#organization","name":"RelaDyne","url":"https:\/\/reladyne.com\/es\/","logo":{"@type":"ImageObject","inLanguage":"es","@id":"https:\/\/reladyne.com\/es\/#\/schema\/logo\/image\/","url":"https:\/\/reladyne.com\/wp-content\/uploads\/2020\/07\/RelaDyne-square-logo.jpg","contentUrl":"https:\/\/reladyne.com\/wp-content\/uploads\/2020\/07\/RelaDyne-square-logo.jpg","width":1500,"height":1500,"caption":"RelaDyne"},"image":{"@id":"https:\/\/reladyne.com\/es\/#\/schema\/logo\/image\/"},"sameAs":["https:\/\/www.facebook.com\/RelaDyne\/","https:\/\/x.com\/RelaDyne"]}]}},"_links":{"self":[{"href":"https:\/\/reladyne.com\/es\/wp-json\/wp\/v2\/pages\/14279","targetHints":{"allow":["GET"]}}],"collection":[{"href":"https:\/\/reladyne.com\/es\/wp-json\/wp\/v2\/pages"}],"about":[{"href":"https:\/\/reladyne.com\/es\/wp-json\/wp\/v2\/types\/page"}],"author":[{"embeddable":true,"href":"https:\/\/reladyne.com\/es\/wp-json\/wp\/v2\/users\/1"}],"replies":[{"embeddable":true,"href":"https:\/\/reladyne.com\/es\/wp-json\/wp\/v2\/comments?post=14279"}],"version-history":[{"count":6,"href":"https:\/\/reladyne.com\/es\/wp-json\/wp\/v2\/pages\/14279\/revisions"}],"predecessor-version":[{"id":15677,"href":"https:\/\/reladyne.com\/es\/wp-json\/wp\/v2\/pages\/14279\/revisions\/15677"}],"up":[{"embeddable":true,"href":"https:\/\/reladyne.com\/es\/wp-json\/wp\/v2\/pages\/14263"}],"wp:attachment":[{"href":"https:\/\/reladyne.com\/es\/wp-json\/wp\/v2\/media?parent=14279"}],"wp:term":[{"taxonomy":"folder","embeddable":true,"href":"https:\/\/reladyne.com\/es\/wp-json\/wp\/v2\/folder?post=14279"}],"curies":[{"name":"wp","href":"https:\/\/api.w.org\/{rel}","templated":true}]}}