{"id":14287,"date":"2024-07-19T11:55:25","date_gmt":"2024-07-19T15:55:25","guid":{"rendered":"https:\/\/reladyne.com\/careers\/carreras-detail-almacen-operaciones\/"},"modified":"2025-11-12T11:52:33","modified_gmt":"2025-11-12T15:52:33","slug":"carreras-detail-almacen-operaciones","status":"publish","type":"page","link":"https:\/\/reladyne.com\/es\/careers\/carreras-detail-almacen-operaciones\/","title":{"rendered":"Empleo en Operaciones de Almac\u00e9n"},"content":{"rendered":"<div class=\"wpb-content-wrapper\"><p>[vc_row full_width=\u00bbstretch_row\u00bb el_class=\u00bbstickyImageColumn\u00bb][vc_column width=\u00bb1\/2&#8243; css=\u00bb.vc_custom_1725648889152{padding-top: 0px !important;padding-right: 0px !important;padding-bottom: 0px !important;padding-left: 0px !important;background-position: center !important;background-repeat: no-repeat !important;background-size: contain !important;}\u00bb el_class=\u00bbcolumnImage\u00bb][vc_single_image image=\u00bb14045&#8243; img_size=\u00bbfull\u00bb alignment=\u00bbcenter\u00bb css=\u00bb.vc_custom_1726250854392{padding-top: 0px !important;padding-right: 0px !important;padding-bottom: 0px !important;padding-left: 0px !important;}\u00bb el_class=\u00bbstickyImage\u00bb][vc_single_image image=\u00bb14043&#8243; img_size=\u00bbfull\u00bb alignment=\u00bbcenter\u00bb css=\u00bb.vc_custom_1726250863668{padding-top: 0px !important;padding-right: 0px !important;padding-bottom: 0px !important;padding-left: 0px !important;}\u00bb el_class=\u00bbstickyImageMobile\u00bb][\/vc_column][vc_column width=\u00bb1\/2&#8243; el_class=\u00bbcareerDetailsContentColumn\u00bb][vc_column_text css=\u00bb\u00bb]<\/p>\n<h1>Empleo en Operaciones de Almac\u00e9n<\/h1>\n<p>[\/vc_column_text][vc_btn title=\u00bbPuestos vacantes en el almac\u00e9n\u00bb css=\u00bb\u00bb el_class=\u00bbopenPositionsButton\u00bb link=\u00bburl:https%3A%2F%2Fmyjobs.adp.com%2Freladynecareersplus%2Fcx%3F__tx_annotation%3Dfalse%26c%3D2170219%26d%3DExternalCareerSite%26sor%3Dadprm|target:_blank|\u00bb][vc_column_text css=\u00bb\u00bb]<\/p>\n<h2>Funciones clave de la operaci\u00f3n de almac\u00e9n<\/h2>\n<p>Nuestros almacenes supervisan la distribuci\u00f3n de mercanc\u00edas a clientes de todo el pa\u00eds. Esto implica la tramitaci\u00f3n de pedidos, la gesti\u00f3n de inventarios, la documentaci\u00f3n de los env\u00edos, la coordinaci\u00f3n del transporte, la gesti\u00f3n de las instalaciones, el control de calidad y la comunicaci\u00f3n con los clientes. El objetivo es lograr una entrega r\u00e1pida y precisa, maximizando al mismo tiempo la rentabilidad y la satisfacci\u00f3n del cliente.[\/vc_column_text][vc_toggle title=\u00bbAsociado de almac\u00e9n\u00bb style=\u00bbtext_only\u00bb css=\u00bb\u00bb]Las responsabilidades incluyen la preparaci\u00f3n y el env\u00edo de pedidos, la recepci\u00f3n de materiales entrantes, el mantenimiento de la organizaci\u00f3n del almac\u00e9n y el apoyo a las iniciativas de la empresa. Los requisitos f\u00edsicos implican levantar objetos de distintos pesos, trepar, mantener el equilibrio, empujar, tirar, agacharse, ponerse en cuclillas y arrodillarse.[\/vc_toggle][vc_toggle title=\u00bbAsociado de Atenci\u00f3n al Cliente\u00bb style=\u00bbtext_only\u00bb css=\u00bb\u00bb]El Despachador es el contacto principal entre los Clientes y la Empresa. El objetivo de este puesto es garantizar que se satisfagan las necesidades de los clientes de forma r\u00e1pida y profesional.<\/p>\n<p>Responsable de supervisar a los conductores, gestionar el inventario de combustible, despachar las entregas y garantizar el cumplimiento de la normativa. Toma decisiones informadas sobre el suministro de combustible en funci\u00f3n del uso y las condiciones del mercado. Maximiza la satisfacci\u00f3n del cliente y los beneficios de la empresa gestionando eficazmente los recursos. Dominio del software de despacho y de las herramientas de inventario de combustible.[\/vc_toggle][vc_btn title=\u00bbPuestos vacantes en el almac\u00e9n\u00bb css=\u00bb\u00bb el_class=\u00bbcareerButton\u00bb link=\u00bburl:https%3A%2F%2Fmyjobs.adp.com%2Freladynecareersplus%2Fcx%3F__tx_annotation%3Dfalse%26c%3D2170219%26d%3DExternalCareerSite%26sor%3Dadprm|target:_blank|\u00bb][\/vc_column][\/vc_row][vc_row full_width=\u00bbstretch_row_content\u00bb css=\u00bb.vc_custom_1721157598909{background-image: url(https:\/\/reladyne.com\/wp-content\/uploads\/2024\/07\/careers-bkg.jpg?id=13071) !important;background-position: center !important;background-repeat: no-repeat !important;background-size: cover !important;}\u00bb el_class=\u00bbcareerRowCallout careerRowCalloutInterior\u00bb][vc_column][vc_row_inner][vc_column_inner width=\u00bb1\/4&#8243;][\/vc_column_inner][vc_column_inner width=\u00bb1\/2&#8243;][vc_column_text css=\u00bb\u00bb]<\/p>\n<h2 style=\"text-align: center;\">Impulsado por <em>las personas<\/em><\/h2>\n<p style=\"text-align: center;\">En RelaDyne, nuestros asociados de operaciones son esenciales para nuestro negocio. Damos prioridad a la seguridad, el servicio al cliente, el liderazgo y la profesionalidad, ofreciendo a todos los asociados recursos para una <g id=\"gid_0\">carrera gratificante.<\/g> Los asociados de almac\u00e9n y operaciones de RelaDyne tambi\u00e9n pueden optar a nuestro <g id=\"gid_1\">programa anual de asignaci\u00f3n de botas de seguridad<\/g> en colaboraci\u00f3n con Red Wing Shoes. \u00danete a nosotros para disfrutar de oportunidades y de una <strong>cultura de excelencia<\/strong>.  <\/p>\n<p>[\/vc_column_text][vc_btn title=\u00bbExplora los puestos vacantes\u00bb style=\u00bbflat\u00bb shape=\u00bbsquare\u00bb color=\u00bbwhite\u00bb align=\u00bbcenter\u00bb css=\u00bb\u00bb link=\u00bburl:https%3A%2F%2Fmyjobs.adp.com%2Freladynecareersplus%2Fcx%3F__tx_annotation%3Dfalse%26c%3D2170219%26d%3DExternalCareerSite%26sor%3Dadprm|target:_blank|\u00bb][\/vc_column_inner][vc_column_inner width=\u00bb1\/4&#8243;][\/vc_column_inner][\/vc_row_inner][\/vc_column][\/vc_row]<\/p>\n<\/div>","protected":false},"excerpt":{"rendered":"<p>[vc_row full_width=\u00bbstretch_row\u00bb el_class=\u00bbstickyImageColumn\u00bb][vc_column width=\u00bb1\/2&#8243; css=\u00bb.vc_custom_1725648889152{padding-top: 0px !important;padding-right: 0px !important;padding-bottom: 0px !important;padding-left: 0px !important;background-position: center !important;background-repeat: no-repeat !important;background-size: contain !important;}\u00bb el_class=\u00bbcolumnImage\u00bb][vc_single_image image=\u00bb14045&#8243; img_size=\u00bbfull\u00bb alignment=\u00bbcenter\u00bb css=\u00bb.vc_custom_1726250854392{padding-top: 0px [&hellip;]<\/p>\n","protected":false},"author":1,"featured_media":0,"parent":14263,"menu_order":0,"comment_status":"closed","ping_status":"closed","template":"page_careers.php","meta":{"_acf_changed":false,"content-type":"","inline_featured_image":false,"footnotes":""},"folder":[],"class_list":["post-14287","page","type-page","status-publish","hentry","entry"],"acf":[],"yoast_head":"<!-- This site is optimized with the Yoast SEO Premium plugin v26.6 (Yoast SEO v26.6) - https:\/\/yoast.com\/wordpress\/plugins\/seo\/ -->\n<title>Empleo en Operaciones de Almac\u00e9n : RelaDyne<\/title>\n<meta name=\"robots\" content=\"index, follow, max-snippet:-1, max-image-preview:large, max-video-preview:-1\" \/>\n<link rel=\"canonical\" href=\"https:\/\/reladyne.com\/es\/careers\/carreras-detail-almacen-operaciones\/\" \/>\n<meta property=\"og:locale\" content=\"es_ES\" \/>\n<meta property=\"og:type\" content=\"article\" \/>\n<meta property=\"og:title\" content=\"Empleo en Operaciones de Almac\u00e9n\" \/>\n<meta property=\"og:description\" content=\"[vc_row full_width=\u00bbstretch_row\u00bb el_class=\u00bbstickyImageColumn\u00bb][vc_column width=\u00bb1\/2&#8243; css=\u00bb.vc_custom_1725648889152{padding-top: 0px !important;padding-right: 0px !important;padding-bottom: 0px !important;padding-left: 0px !important;background-position: center !important;background-repeat: no-repeat !important;background-size: contain !important;}\u00bb el_class=\u00bbcolumnImage\u00bb][vc_single_image image=\u00bb14045&#8243; img_size=\u00bbfull\u00bb alignment=\u00bbcenter\u00bb css=\u00bb.vc_custom_1726250854392{padding-top: 0px [&hellip;]\" \/>\n<meta property=\"og:url\" content=\"https:\/\/reladyne.com\/es\/careers\/carreras-detail-almacen-operaciones\/\" \/>\n<meta property=\"og:site_name\" content=\"RelaDyne\" \/>\n<meta property=\"article:publisher\" content=\"https:\/\/www.facebook.com\/RelaDyne\/\" \/>\n<meta property=\"article:modified_time\" content=\"2025-11-12T15:52:33+00:00\" \/>\n<meta name=\"twitter:card\" content=\"summary_large_image\" \/>\n<meta name=\"twitter:site\" content=\"@RelaDyne\" \/>\n<meta name=\"twitter:label1\" content=\"Tiempo de lectura\" \/>\n\t<meta name=\"twitter:data1\" content=\"3 minutos\" \/>\n<script type=\"application\/ld+json\" class=\"yoast-schema-graph\">{\"@context\":\"https:\/\/schema.org\",\"@graph\":[{\"@type\":\"WebPage\",\"@id\":\"https:\/\/reladyne.com\/es\/careers\/carreras-detail-almacen-operaciones\/\",\"url\":\"https:\/\/reladyne.com\/es\/careers\/carreras-detail-almacen-operaciones\/\",\"name\":\"Empleo en Operaciones de Almac\u00e9n : RelaDyne\",\"isPartOf\":{\"@id\":\"https:\/\/reladyne.com\/es\/#website\"},\"datePublished\":\"2024-07-19T15:55:25+00:00\",\"dateModified\":\"2025-11-12T15:52:33+00:00\",\"breadcrumb\":{\"@id\":\"https:\/\/reladyne.com\/es\/careers\/carreras-detail-almacen-operaciones\/#breadcrumb\"},\"inLanguage\":\"es\",\"potentialAction\":[{\"@type\":\"ReadAction\",\"target\":[\"https:\/\/reladyne.com\/es\/careers\/carreras-detail-almacen-operaciones\/\"]}]},{\"@type\":\"BreadcrumbList\",\"@id\":\"https:\/\/reladyne.com\/es\/careers\/carreras-detail-almacen-operaciones\/#breadcrumb\",\"itemListElement\":[{\"@type\":\"ListItem\",\"position\":1,\"name\":\"Home\",\"item\":\"https:\/\/reladyne.com\/es\/\"},{\"@type\":\"ListItem\",\"position\":2,\"name\":\"Empleo\",\"item\":\"https:\/\/reladyne.com\/es\/careers\/\"},{\"@type\":\"ListItem\",\"position\":3,\"name\":\"Empleo en Operaciones de Almac\u00e9n\"}]},{\"@type\":\"WebSite\",\"@id\":\"https:\/\/reladyne.com\/es\/#website\",\"url\":\"https:\/\/reladyne.com\/es\/\",\"name\":\"RelaDyne\",\"description\":\"RelaDyne | Bulk Oil, Fuel &amp; Lubricants Distributor\",\"publisher\":{\"@id\":\"https:\/\/reladyne.com\/es\/#organization\"},\"potentialAction\":[{\"@type\":\"SearchAction\",\"target\":{\"@type\":\"EntryPoint\",\"urlTemplate\":\"https:\/\/reladyne.com\/es\/?s={search_term_string}\"},\"query-input\":{\"@type\":\"PropertyValueSpecification\",\"valueRequired\":true,\"valueName\":\"search_term_string\"}}],\"inLanguage\":\"es\"},{\"@type\":\"Organization\",\"@id\":\"https:\/\/reladyne.com\/es\/#organization\",\"name\":\"RelaDyne\",\"url\":\"https:\/\/reladyne.com\/es\/\",\"logo\":{\"@type\":\"ImageObject\",\"inLanguage\":\"es\",\"@id\":\"https:\/\/reladyne.com\/es\/#\/schema\/logo\/image\/\",\"url\":\"https:\/\/reladyne.com\/wp-content\/uploads\/2020\/07\/RelaDyne-square-logo.jpg\",\"contentUrl\":\"https:\/\/reladyne.com\/wp-content\/uploads\/2020\/07\/RelaDyne-square-logo.jpg\",\"width\":1500,\"height\":1500,\"caption\":\"RelaDyne\"},\"image\":{\"@id\":\"https:\/\/reladyne.com\/es\/#\/schema\/logo\/image\/\"},\"sameAs\":[\"https:\/\/www.facebook.com\/RelaDyne\/\",\"https:\/\/x.com\/RelaDyne\"]}]}<\/script>\n<!-- \/ Yoast SEO Premium plugin. -->","yoast_head_json":{"title":"Empleo en Operaciones de Almac\u00e9n : RelaDyne","robots":{"index":"index","follow":"follow","max-snippet":"max-snippet:-1","max-image-preview":"max-image-preview:large","max-video-preview":"max-video-preview:-1"},"canonical":"https:\/\/reladyne.com\/es\/careers\/carreras-detail-almacen-operaciones\/","og_locale":"es_ES","og_type":"article","og_title":"Empleo en Operaciones de Almac\u00e9n","og_description":"[vc_row full_width=\u00bbstretch_row\u00bb el_class=\u00bbstickyImageColumn\u00bb][vc_column width=\u00bb1\/2&#8243; css=\u00bb.vc_custom_1725648889152{padding-top: 0px !important;padding-right: 0px !important;padding-bottom: 0px !important;padding-left: 0px !important;background-position: center !important;background-repeat: no-repeat !important;background-size: contain !important;}\u00bb el_class=\u00bbcolumnImage\u00bb][vc_single_image image=\u00bb14045&#8243; img_size=\u00bbfull\u00bb alignment=\u00bbcenter\u00bb css=\u00bb.vc_custom_1726250854392{padding-top: 0px [&hellip;]","og_url":"https:\/\/reladyne.com\/es\/careers\/carreras-detail-almacen-operaciones\/","og_site_name":"RelaDyne","article_publisher":"https:\/\/www.facebook.com\/RelaDyne\/","article_modified_time":"2025-11-12T15:52:33+00:00","twitter_card":"summary_large_image","twitter_site":"@RelaDyne","twitter_misc":{"Tiempo de lectura":"3 minutos"},"schema":{"@context":"https:\/\/schema.org","@graph":[{"@type":"WebPage","@id":"https:\/\/reladyne.com\/es\/careers\/carreras-detail-almacen-operaciones\/","url":"https:\/\/reladyne.com\/es\/careers\/carreras-detail-almacen-operaciones\/","name":"Empleo en Operaciones de Almac\u00e9n : RelaDyne","isPartOf":{"@id":"https:\/\/reladyne.com\/es\/#website"},"datePublished":"2024-07-19T15:55:25+00:00","dateModified":"2025-11-12T15:52:33+00:00","breadcrumb":{"@id":"https:\/\/reladyne.com\/es\/careers\/carreras-detail-almacen-operaciones\/#breadcrumb"},"inLanguage":"es","potentialAction":[{"@type":"ReadAction","target":["https:\/\/reladyne.com\/es\/careers\/carreras-detail-almacen-operaciones\/"]}]},{"@type":"BreadcrumbList","@id":"https:\/\/reladyne.com\/es\/careers\/carreras-detail-almacen-operaciones\/#breadcrumb","itemListElement":[{"@type":"ListItem","position":1,"name":"Home","item":"https:\/\/reladyne.com\/es\/"},{"@type":"ListItem","position":2,"name":"Empleo","item":"https:\/\/reladyne.com\/es\/careers\/"},{"@type":"ListItem","position":3,"name":"Empleo en Operaciones de Almac\u00e9n"}]},{"@type":"WebSite","@id":"https:\/\/reladyne.com\/es\/#website","url":"https:\/\/reladyne.com\/es\/","name":"RelaDyne","description":"RelaDyne | Bulk Oil, Fuel &amp; Lubricants Distributor","publisher":{"@id":"https:\/\/reladyne.com\/es\/#organization"},"potentialAction":[{"@type":"SearchAction","target":{"@type":"EntryPoint","urlTemplate":"https:\/\/reladyne.com\/es\/?s={search_term_string}"},"query-input":{"@type":"PropertyValueSpecification","valueRequired":true,"valueName":"search_term_string"}}],"inLanguage":"es"},{"@type":"Organization","@id":"https:\/\/reladyne.com\/es\/#organization","name":"RelaDyne","url":"https:\/\/reladyne.com\/es\/","logo":{"@type":"ImageObject","inLanguage":"es","@id":"https:\/\/reladyne.com\/es\/#\/schema\/logo\/image\/","url":"https:\/\/reladyne.com\/wp-content\/uploads\/2020\/07\/RelaDyne-square-logo.jpg","contentUrl":"https:\/\/reladyne.com\/wp-content\/uploads\/2020\/07\/RelaDyne-square-logo.jpg","width":1500,"height":1500,"caption":"RelaDyne"},"image":{"@id":"https:\/\/reladyne.com\/es\/#\/schema\/logo\/image\/"},"sameAs":["https:\/\/www.facebook.com\/RelaDyne\/","https:\/\/x.com\/RelaDyne"]}]}},"_links":{"self":[{"href":"https:\/\/reladyne.com\/es\/wp-json\/wp\/v2\/pages\/14287","targetHints":{"allow":["GET"]}}],"collection":[{"href":"https:\/\/reladyne.com\/es\/wp-json\/wp\/v2\/pages"}],"about":[{"href":"https:\/\/reladyne.com\/es\/wp-json\/wp\/v2\/types\/page"}],"author":[{"embeddable":true,"href":"https:\/\/reladyne.com\/es\/wp-json\/wp\/v2\/users\/1"}],"replies":[{"embeddable":true,"href":"https:\/\/reladyne.com\/es\/wp-json\/wp\/v2\/comments?post=14287"}],"version-history":[{"count":6,"href":"https:\/\/reladyne.com\/es\/wp-json\/wp\/v2\/pages\/14287\/revisions"}],"predecessor-version":[{"id":15665,"href":"https:\/\/reladyne.com\/es\/wp-json\/wp\/v2\/pages\/14287\/revisions\/15665"}],"up":[{"embeddable":true,"href":"https:\/\/reladyne.com\/es\/wp-json\/wp\/v2\/pages\/14263"}],"wp:attachment":[{"href":"https:\/\/reladyne.com\/es\/wp-json\/wp\/v2\/media?parent=14287"}],"wp:term":[{"taxonomy":"folder","embeddable":true,"href":"https:\/\/reladyne.com\/es\/wp-json\/wp\/v2\/folder?post=14287"}],"curies":[{"name":"wp","href":"https:\/\/api.w.org\/{rel}","templated":true}]}}