{"id":16077,"date":"2026-02-08T13:57:19","date_gmt":"2026-02-08T17:57:19","guid":{"rendered":"https:\/\/reladyne.com\/grandprix\/"},"modified":"2026-02-16T11:41:09","modified_gmt":"2026-02-16T15:41:09","slug":"grandprix","status":"publish","type":"page","link":"https:\/\/reladyne.com\/es\/grandprix\/","title":{"rendered":"Gran Premio DuraMAX"},"content":{"rendered":"<div class=\"wpb-content-wrapper\"><p>[vc_row full_width=\u00bbstretch_row_content_no_spaces\u00bb content_placement=\u00bbtop\u00bb css=\u00bb.vc_custom_1770996218325{margin-top: -85px !important;background-image: url(https:\/\/reladyne.com\/wp-content\/uploads\/2026\/02\/cota-bkg-v7-scaled.jpg?id=16395) !important;background-position: center !important;background-repeat: no-repeat !important;background-size: cover !important;}\u00bb min_height=\u00bb92vh\u00bb row_title=\u00bbTest\u00bb el_class=\u00bbgrandPrix\u00bb][vc_column][vc_single_image image=\u00bb16406&#8243; img_size=\u00bblarge\u00bb alignment=\u00bbcenter\u00bb css=\u00bb\u00bb el_class=\u00bbgrandPrixLogo\u00bb][vc_custom_heading text=\u00bbPotencia el rendimiento.<br \/>\nFiabilidad de conducci\u00f3n.\u00bb font_container=\u00bbtag:h1|font_size:65|text_align:center|color:%23FFFFFF|line_height:1&#8243; google_fonts=\u00bbfont_family:Source%20Sans%20Pro%3A200%2C200italic%2C300%2C300italic%2Cregular%2Citalic%2C600%2C600italic%2C700%2C700italic%2C900%2C900italic|font_style:700%20bold%20regular%3A700%3Anormal\u00bb css=\u00bb\u00bb el_class=\u00bbgrandPrixTitle\u00bb][vc_custom_heading text=\u00bb<strong>1 de marzo<\/strong> en el Circuito de las Am\u00e9ricas (COTA) <em>Consigue entradas<\/em>\u00bb font_container=\u00bbtag:h3|font_size:30|text_align:center|color:%23FFFFFF\u00bb google_fonts=\u00bbfont_family:Source%20Sans%20Pro%3A200%2C200italic%2C300%2C300italic%2Cregular%2Citalic%2C600%2C600italic%2C700%2C700italic%2C900%2C900italic|font_style:400%20regular%3A400%3Anormal\u00bb css=\u00bb\u00bb href=\u00bb\u00abhttps:\/\/www.nascaratcota.com\/events\/duramax-grand-prix\/tickets\/\u00ab\u00bb el_class=\u00bbgrandPrixTix\u00bb link=\u00bburl:https%3A%2F%2Fwww.nascaratcota.com%2Fevents%2Fduramax-grand-prix%2Ftickets%2F|\u00bb][vc_column_text css=\u00bb\u00bb el_class=\u00bbgrandPrixBodyCopy\u00bb]<\/p>\n<p style=\"text-align: center;\"><span style=\"color: #ffffff;\">RelaDyne es un <strong>l\u00edder nacional en lubricantes<\/strong>, <strong>combustible<\/strong>, <strong>fluido de escape di\u00e9sel (DEF)<\/strong> y <strong>servicios de fiabilidad industrial<\/strong>, que presta servicio a empresas industriales, comerciales y de automoci\u00f3n de toda Norteam\u00e9rica.<\/span><\/p>\n<p>[\/vc_column_text][vc_column_text css=\u00bb\u00bb el_class=\u00bbgrandPrixBodyCopy grandPrixCopySecondary\u00bb]<\/p>\n<p style=\"text-align: center;\"><span style=\"color: #ffffff;\">Fundada en 2010 mediante la fusi\u00f3n de cuatro l\u00edderes del sector, RelaDyne ha crecido hasta tener m\u00e1s de 190 sedes en todo el pa\u00eds gracias a una estrategia probada de adquisici\u00f3n e integraci\u00f3n de empresas de alto rendimiento.<\/span><\/p>\n<p style=\"text-align: center;\"><span style=\"color: #ffffff;\">Nuestra misi\u00f3n es sencilla: ofrecer una lubricaci\u00f3n excelente que impulse la fiabilidad, la eficacia y la rentabilidad de todos los clientes a los que servimos.<\/span><\/p>\n<p>[\/vc_column_text][\/vc_column][\/vc_row][vc_row full_width=\u00bbstretch_row_content\u00bb gap=\u00bb35&#8243; el_class=\u00bbgrandPrixDistribution\u00bb][vc_column width=\u00bb1\/3&#8243; css=\u00bb.vc_custom_1770667145502{background-color: #FF7600 !important;}\u00bb el_class=\u00bbgrandPrixDistContent\u00bb][vc_custom_heading text=\u00bbDistribuci\u00f3n fiable en todo el pa\u00eds\u00bb font_container=\u00bbtag:h2|text_align:left|color:%23FFFFFF\u00bb google_fonts=\u00bbfont_family:Source%20Sans%20Pro%3A200%2C200italic%2C300%2C300italic%2Cregular%2Citalic%2C600%2C600italic%2C700%2C700italic%2C900%2C900italic|font_style:700%20bold%20italic%3A700%3Aitalic\u00bb css=\u00bb\u00bb][vc_column_text css=\u00bb\u00bb]Los productos DuraMAX\u00ae pertenecen y se distribuyen a trav\u00e9s de RelaDyne\u00ae, el proveedor l\u00edder nacional de lubricantes, combustibles, fluidos de escape di\u00e9sel y servicios de fiabilidad industrial. Con sedes en todo Estados Unidos, ofrecemos un servicio de atenci\u00f3n al cliente de confianza y equipos y productos fiables en todo el pa\u00eds.[\/vc_column_text][vc_btn title=\u00bbEncuentra la ubicaci\u00f3n m\u00e1s cercana\u00bb shape=\u00bbround\u00bb css=\u00bb\u00bb link=\u00bburl:https%3A%2F%2Freladyne.com%2Fes%2F%3Fpage_id%3D12473|\u00bb][\/vc_column][vc_column width=\u00bb2\/3&#8243; css=\u00bb.vc_custom_1770663839882{background-color: #FFFFFF !important;}\u00bb el_class=\u00bbgrandPrixMap\u00bb][vc_single_image image=\u00bb16090&#8243; img_size=\u00bbfull\u00bb alignment=\u00bbcenter\u00bb css=\u00bb\u00bb][\/vc_column][\/vc_row][vc_row full_width=\u00bbstretch_row_content\u00bb content_placement=\u00bbmiddle\u00bb css=\u00bb.vc_custom_1770668630033{background-image: url(https:\/\/reladyne.com\/wp-content\/uploads\/2026\/02\/COTA-Aerial-Blue.jpg?id=16085) !important;background-position: center !important;background-repeat: no-repeat !important;background-size: cover !important;}\u00bb][vc_column width=\u00bb1\/2&#8243; el_class=\u00bbgrandPrixDuraMAX\u00bb][vc_single_image image=\u00bb16094&#8243; img_size=\u00bbfull\u00bb alignment=\u00bbcenter\u00bb onclick=\u00bbcustom_link\u00bb img_link_target=\u00bb_blank\u00bb css=\u00bb\u00bb link=\u00bbhttps:\/\/duramax.com\u00bb el_class=\u00bbduramaxLogo\u00bb][\/vc_column][vc_column width=\u00bb1\/2&#8243; el_class=\u00bbgrandPrixDuramaxContent\u00bb][vc_custom_heading text=\u00bbExperimenta la\u00bb font_container=\u00bbtag:h2|text_align:left|color:%23FFFFFF\u00bb google_fonts=\u00bbfont_family:Source%20Sans%20Pro%3A200%2C200italic%2C300%2C300italic%2Cregular%2Citalic%2C600%2C600italic%2C700%2C700italic%2C900%2C900italic|font_style:700%20bold%20italic%3A700%3Aitalic\u00bb css=\u00bb\u00bb el_class=\u00bbgrandPrixLead\u00bb][vc_custom_heading text=\u00bb<em>Diferencia<\/em> DuraMAX\u00bb font_container=\u00bbtag:h2|text_align:left|color:%23FF7600&#8243; google_fonts=\u00bbfont_family:Source%20Sans%20Pro%3A200%2C200italic%2C300%2C300italic%2Cregular%2Citalic%2C600%2C600italic%2C700%2C700italic%2C900%2C900italic|font_style:700%20bold%20regular%3A700%3Anormal\u00bb css=\u00bb.vc_custom_1770735450668{margin-bottom: 8px !important;}\u00bb el_class=\u00bbgrandPrixHeadline\u00bb][vc_column_text css=\u00bb.vc_custom_1770735281030{margin-bottom: 20px !important;}\u00bb]<span style=\"color: #ffffff;\">RelaDyne licencia y distribuye nuestra propia marca DuraMAX. DuraMAX es una l\u00ednea de soluciones de alta calidad para el mantenimiento de veh\u00edculos y aceites de automoci\u00f3n. Esto incluye aceites de motor totalmente sint\u00e9ticos, de alto kilometraje y de mezcla sint\u00e9tica, anticongelantes, filtros, escobillas limpiaparabrisas, limpiadores de frenos, l\u00edquidos de direcci\u00f3n asistida y mucho m\u00e1s.<\/span>[\/vc_column_text][vc_btn title=\u00bbM\u00e1s informaci\u00f3n\u00bb shape=\u00bbround\u00bb size=\u00bblg\u00bb align=\u00bbleft\u00bb css=\u00bb\u00bb link=\u00bburl:https%3A%2F%2Fduramax.com|target:_blank|\u00bb][\/vc_column][\/vc_row][vc_row full_width=\u00bbstretch_row_content\u00bb css=\u00bb.vc_custom_1770671319240{background-color: #CBCBCB !important;}\u00bb el_class=\u00bbgrandPrixInstaller\u00bb][vc_column][vc_custom_heading text=\u00bbConvi\u00e9rtete en <em>Instalador DuraMAX<\/em>\u00bb font_container=\u00bbtag:h2|text_align:center\u00bb google_fonts=\u00bbfont_family:Source%20Sans%20Pro%3A200%2C200italic%2C300%2C300italic%2Cregular%2Citalic%2C600%2C600italic%2C700%2C700italic%2C900%2C900italic|font_style:700%20bold%20regular%3A700%3Anormal\u00bb css=\u00bb\u00bb][vc_column_text css=\u00bb\u00bb el_class=\u00bbgrandPrixInstallerBody\u00bb]<\/p>\n<p style=\"text-align: center;\">DuraMAX\u00ae es el aceite de motor que impulsa el rendimiento y el crecimiento empresarial. M\u00e1s all\u00e1 de su amplia oferta de productos, la verdadera fuerza de DuraMAX\u00ae reside en sus herramientas y servicios de marketing centrados en la retenci\u00f3n, dise\u00f1ados para ayudar a atraer clientes recurrentes y aumentar la rentabilidad. <\/p>\n<p>[\/vc_column_text][vc_btn title=\u00bbEmpieza\u00bb shape=\u00bbround\u00bb size=\u00bblg\u00bb align=\u00bbcenter\u00bb css=\u00bb\u00bb link=\u00bburl:https%3A%2F%2Fduramax.com%2Fbecome-a-duramax-installer%2F|\u00bb][\/vc_column][\/vc_row][vc_row][vc_column][vc_single_image image=\u00bb16117&#8243; img_size=\u00bbfull\u00bb alignment=\u00bbcenter\u00bb css=\u00bb\u00bb][\/vc_column][\/vc_row]<\/p>\n<\/div>","protected":false},"excerpt":{"rendered":"<p>[vc_row full_width=\u00bbstretch_row_content_no_spaces\u00bb content_placement=\u00bbtop\u00bb css=\u00bb.vc_custom_1770996218325{margin-top: -85px !important;background-image: url(https:\/\/reladyne.com\/wp-content\/uploads\/2026\/02\/cota-bkg-v7-scaled.jpg?id=16395) !important;background-position: center !important;background-repeat: no-repeat !important;background-size: cover !important;}\u00bb min_height=\u00bb92vh\u00bb row_title=\u00bbTest\u00bb el_class=\u00bbgrandPrix\u00bb][vc_column][vc_single_image image=\u00bb16406&#8243; img_size=\u00bblarge\u00bb alignment=\u00bbcenter\u00bb css=\u00bb\u00bb el_class=\u00bbgrandPrixLogo\u00bb][vc_custom_heading text=\u00bbPotencia el rendimiento. [&hellip;]<\/p>\n","protected":false},"author":1,"featured_media":0,"parent":0,"menu_order":0,"comment_status":"closed","ping_status":"closed","template":"page_modular.php","meta":{"_acf_changed":false,"content-type":"","inline_featured_image":false,"footnotes":""},"folder":[],"class_list":["post-16077","page","type-page","status-publish","hentry","entry"],"acf":[],"yoast_head":"<!-- This site is optimized with the Yoast SEO Premium plugin v26.6 (Yoast SEO v26.6) - https:\/\/yoast.com\/wordpress\/plugins\/seo\/ -->\n<title>Gran Premio DuraMAX : RelaDyne<\/title>\n<meta name=\"robots\" content=\"index, follow, max-snippet:-1, max-image-preview:large, max-video-preview:-1\" \/>\n<link rel=\"canonical\" href=\"https:\/\/reladyne.com\/es\/grandprix\/\" \/>\n<meta property=\"og:locale\" content=\"es_ES\" \/>\n<meta property=\"og:type\" content=\"article\" \/>\n<meta property=\"og:title\" content=\"Gran Premio DuraMAX\" \/>\n<meta property=\"og:description\" content=\"[vc_row full_width=\u00bbstretch_row_content_no_spaces\u00bb content_placement=\u00bbtop\u00bb css=\u00bb.vc_custom_1770996218325{margin-top: -85px !important;background-image: url(https:\/\/reladyne.com\/wp-content\/uploads\/2026\/02\/cota-bkg-v7-scaled.jpg?id=16395) !important;background-position: center !important;background-repeat: no-repeat !important;background-size: cover !important;}\u00bb min_height=\u00bb92vh\u00bb row_title=\u00bbTest\u00bb el_class=\u00bbgrandPrix\u00bb][vc_column][vc_single_image image=\u00bb16406&#8243; img_size=\u00bblarge\u00bb alignment=\u00bbcenter\u00bb css=\u00bb\u00bb el_class=\u00bbgrandPrixLogo\u00bb][vc_custom_heading text=\u00bbPotencia el rendimiento. [&hellip;]\" \/>\n<meta property=\"og:url\" content=\"https:\/\/reladyne.com\/es\/grandprix\/\" \/>\n<meta property=\"og:site_name\" content=\"RelaDyne\" \/>\n<meta property=\"article:publisher\" content=\"https:\/\/www.facebook.com\/RelaDyne\/\" \/>\n<meta property=\"article:modified_time\" content=\"2026-02-16T15:41:09+00:00\" \/>\n<meta name=\"twitter:card\" content=\"summary_large_image\" \/>\n<meta name=\"twitter:site\" content=\"@RelaDyne\" \/>\n<meta name=\"twitter:label1\" content=\"Tiempo de lectura\" \/>\n\t<meta name=\"twitter:data1\" content=\"5 minutos\" \/>\n<script type=\"application\/ld+json\" class=\"yoast-schema-graph\">{\"@context\":\"https:\/\/schema.org\",\"@graph\":[{\"@type\":\"WebPage\",\"@id\":\"https:\/\/reladyne.com\/es\/grandprix\/\",\"url\":\"https:\/\/reladyne.com\/es\/grandprix\/\",\"name\":\"Gran Premio DuraMAX : RelaDyne\",\"isPartOf\":{\"@id\":\"https:\/\/reladyne.com\/es\/#website\"},\"datePublished\":\"2026-02-08T17:57:19+00:00\",\"dateModified\":\"2026-02-16T15:41:09+00:00\",\"breadcrumb\":{\"@id\":\"https:\/\/reladyne.com\/es\/grandprix\/#breadcrumb\"},\"inLanguage\":\"es\",\"potentialAction\":[{\"@type\":\"ReadAction\",\"target\":[\"https:\/\/reladyne.com\/es\/grandprix\/\"]}]},{\"@type\":\"BreadcrumbList\",\"@id\":\"https:\/\/reladyne.com\/es\/grandprix\/#breadcrumb\",\"itemListElement\":[{\"@type\":\"ListItem\",\"position\":1,\"name\":\"Home\",\"item\":\"https:\/\/reladyne.com\/es\/\"},{\"@type\":\"ListItem\",\"position\":2,\"name\":\"Gran Premio DuraMAX\"}]},{\"@type\":\"WebSite\",\"@id\":\"https:\/\/reladyne.com\/es\/#website\",\"url\":\"https:\/\/reladyne.com\/es\/\",\"name\":\"RelaDyne\",\"description\":\"RelaDyne | Bulk Oil, Fuel &amp; Lubricants Distributor\",\"publisher\":{\"@id\":\"https:\/\/reladyne.com\/es\/#organization\"},\"potentialAction\":[{\"@type\":\"SearchAction\",\"target\":{\"@type\":\"EntryPoint\",\"urlTemplate\":\"https:\/\/reladyne.com\/es\/?s={search_term_string}\"},\"query-input\":{\"@type\":\"PropertyValueSpecification\",\"valueRequired\":true,\"valueName\":\"search_term_string\"}}],\"inLanguage\":\"es\"},{\"@type\":\"Organization\",\"@id\":\"https:\/\/reladyne.com\/es\/#organization\",\"name\":\"RelaDyne\",\"url\":\"https:\/\/reladyne.com\/es\/\",\"logo\":{\"@type\":\"ImageObject\",\"inLanguage\":\"es\",\"@id\":\"https:\/\/reladyne.com\/es\/#\/schema\/logo\/image\/\",\"url\":\"https:\/\/reladyne.com\/wp-content\/uploads\/2020\/07\/RelaDyne-square-logo.jpg\",\"contentUrl\":\"https:\/\/reladyne.com\/wp-content\/uploads\/2020\/07\/RelaDyne-square-logo.jpg\",\"width\":1500,\"height\":1500,\"caption\":\"RelaDyne\"},\"image\":{\"@id\":\"https:\/\/reladyne.com\/es\/#\/schema\/logo\/image\/\"},\"sameAs\":[\"https:\/\/www.facebook.com\/RelaDyne\/\",\"https:\/\/x.com\/RelaDyne\"]}]}<\/script>\n<!-- \/ Yoast SEO Premium plugin. -->","yoast_head_json":{"title":"Gran Premio DuraMAX : RelaDyne","robots":{"index":"index","follow":"follow","max-snippet":"max-snippet:-1","max-image-preview":"max-image-preview:large","max-video-preview":"max-video-preview:-1"},"canonical":"https:\/\/reladyne.com\/es\/grandprix\/","og_locale":"es_ES","og_type":"article","og_title":"Gran Premio DuraMAX","og_description":"[vc_row full_width=\u00bbstretch_row_content_no_spaces\u00bb content_placement=\u00bbtop\u00bb css=\u00bb.vc_custom_1770996218325{margin-top: -85px !important;background-image: url(https:\/\/reladyne.com\/wp-content\/uploads\/2026\/02\/cota-bkg-v7-scaled.jpg?id=16395) !important;background-position: center !important;background-repeat: no-repeat !important;background-size: cover !important;}\u00bb min_height=\u00bb92vh\u00bb row_title=\u00bbTest\u00bb el_class=\u00bbgrandPrix\u00bb][vc_column][vc_single_image image=\u00bb16406&#8243; img_size=\u00bblarge\u00bb alignment=\u00bbcenter\u00bb css=\u00bb\u00bb el_class=\u00bbgrandPrixLogo\u00bb][vc_custom_heading text=\u00bbPotencia el rendimiento. [&hellip;]","og_url":"https:\/\/reladyne.com\/es\/grandprix\/","og_site_name":"RelaDyne","article_publisher":"https:\/\/www.facebook.com\/RelaDyne\/","article_modified_time":"2026-02-16T15:41:09+00:00","twitter_card":"summary_large_image","twitter_site":"@RelaDyne","twitter_misc":{"Tiempo de lectura":"5 minutos"},"schema":{"@context":"https:\/\/schema.org","@graph":[{"@type":"WebPage","@id":"https:\/\/reladyne.com\/es\/grandprix\/","url":"https:\/\/reladyne.com\/es\/grandprix\/","name":"Gran Premio DuraMAX : RelaDyne","isPartOf":{"@id":"https:\/\/reladyne.com\/es\/#website"},"datePublished":"2026-02-08T17:57:19+00:00","dateModified":"2026-02-16T15:41:09+00:00","breadcrumb":{"@id":"https:\/\/reladyne.com\/es\/grandprix\/#breadcrumb"},"inLanguage":"es","potentialAction":[{"@type":"ReadAction","target":["https:\/\/reladyne.com\/es\/grandprix\/"]}]},{"@type":"BreadcrumbList","@id":"https:\/\/reladyne.com\/es\/grandprix\/#breadcrumb","itemListElement":[{"@type":"ListItem","position":1,"name":"Home","item":"https:\/\/reladyne.com\/es\/"},{"@type":"ListItem","position":2,"name":"Gran Premio DuraMAX"}]},{"@type":"WebSite","@id":"https:\/\/reladyne.com\/es\/#website","url":"https:\/\/reladyne.com\/es\/","name":"RelaDyne","description":"RelaDyne | Bulk Oil, Fuel &amp; Lubricants Distributor","publisher":{"@id":"https:\/\/reladyne.com\/es\/#organization"},"potentialAction":[{"@type":"SearchAction","target":{"@type":"EntryPoint","urlTemplate":"https:\/\/reladyne.com\/es\/?s={search_term_string}"},"query-input":{"@type":"PropertyValueSpecification","valueRequired":true,"valueName":"search_term_string"}}],"inLanguage":"es"},{"@type":"Organization","@id":"https:\/\/reladyne.com\/es\/#organization","name":"RelaDyne","url":"https:\/\/reladyne.com\/es\/","logo":{"@type":"ImageObject","inLanguage":"es","@id":"https:\/\/reladyne.com\/es\/#\/schema\/logo\/image\/","url":"https:\/\/reladyne.com\/wp-content\/uploads\/2020\/07\/RelaDyne-square-logo.jpg","contentUrl":"https:\/\/reladyne.com\/wp-content\/uploads\/2020\/07\/RelaDyne-square-logo.jpg","width":1500,"height":1500,"caption":"RelaDyne"},"image":{"@id":"https:\/\/reladyne.com\/es\/#\/schema\/logo\/image\/"},"sameAs":["https:\/\/www.facebook.com\/RelaDyne\/","https:\/\/x.com\/RelaDyne"]}]}},"_links":{"self":[{"href":"https:\/\/reladyne.com\/es\/wp-json\/wp\/v2\/pages\/16077","targetHints":{"allow":["GET"]}}],"collection":[{"href":"https:\/\/reladyne.com\/es\/wp-json\/wp\/v2\/pages"}],"about":[{"href":"https:\/\/reladyne.com\/es\/wp-json\/wp\/v2\/types\/page"}],"author":[{"embeddable":true,"href":"https:\/\/reladyne.com\/es\/wp-json\/wp\/v2\/users\/1"}],"replies":[{"embeddable":true,"href":"https:\/\/reladyne.com\/es\/wp-json\/wp\/v2\/comments?post=16077"}],"version-history":[{"count":240,"href":"https:\/\/reladyne.com\/es\/wp-json\/wp\/v2\/pages\/16077\/revisions"}],"predecessor-version":[{"id":16410,"href":"https:\/\/reladyne.com\/es\/wp-json\/wp\/v2\/pages\/16077\/revisions\/16410"}],"wp:attachment":[{"href":"https:\/\/reladyne.com\/es\/wp-json\/wp\/v2\/media?parent=16077"}],"wp:term":[{"taxonomy":"folder","embeddable":true,"href":"https:\/\/reladyne.com\/es\/wp-json\/wp\/v2\/folder?post=16077"}],"curies":[{"name":"wp","href":"https:\/\/api.w.org\/{rel}","templated":true}]}}